{"id":28560,"date":"2020-03-22T12:24:01","date_gmt":"2020-03-22T14:24:01","guid":{"rendered":"https:\/\/www.gintaresgeles.lt\/?post_type=product&#038;p=28560"},"modified":"2025-05-29T02:00:45","modified_gmt":"2025-05-29T00:00:45","slug":"box-of-violet-and-white-tulips","status":"publish","type":"product","link":"https:\/\/www.gintaresgeles.lt\/en\/puokste\/box-of-violet-and-white-tulips\/","title":{"rendered":"Box of violet and white tulips"},"content":{"rendered":"","protected":false},"excerpt":{"rendered":"<p style=\"text-align: justify\">If you are looking for a delicate and tasteful gift for Women&#8217;s day, or any other special occasion, box of violet and white tulips will be the most memorable gift for a lady. Order online by choosing the right amount of tulips!<\/p>\n<p style=\"text-align: right\">\n","protected":false},"featured_media":28572,"template":"","meta":[],"product_brand":[],"product_cat":[260,259,252,266,265,256,253,257,428,262,263,264,267,239],"product_tag":[],"class_list":{"0":"post-28560","1":"product","2":"type-product","3":"status-publish","4":"has-post-thumbnail","6":"product_cat-birthday-flowers","7":"product_cat-flowers-by-occasion","8":"product_cat-flowers-by-recipient","9":"product_cat-flowers-by-style","10":"product_cat-flowers-by-type","11":"product_cat-flowers-for-girlfriend","12":"product_cat-flowers-for-mom","13":"product_cat-flowers-for-women","14":"product_cat-jubilee-flowers","15":"product_cat-march8th-flowers","16":"product_cat-mothers-day-flowers","17":"product_cat-valentines-day-flowers","18":"product_cat-flower-boxes","19":"product_cat-tulips","20":"tm-no-options","22":"first","23":"instock","24":"taxable","25":"shipping-taxable","26":"purchasable","27":"product-type-variable","28":"has-default-attributes"},"yoast_head":"<!-- This site is optimized with the Yoast SEO plugin v25.3 - https:\/\/yoast.com\/wordpress\/plugins\/seo\/ -->\n<title>Box of violet and white tulips | Flower delivery in Vilnius | Gintar\u0117sG\u0117l\u0117s<\/title>\n<meta name=\"description\" content=\"The box of violet and white tulips is a unique gift for women. This box will truly become unforgettable surprise for the lady.\" \/>\n<meta name=\"robots\" content=\"index, follow, max-snippet:-1, max-image-preview:large, max-video-preview:-1\" \/>\n<link rel=\"canonical\" href=\"https:\/\/www.gintaresgeles.lt\/en\/puokste\/box-of-violet-and-white-tulips\/\" \/>\n<meta property=\"og:locale\" content=\"en_US\" \/>\n<meta property=\"og:type\" content=\"article\" \/>\n<meta property=\"og:title\" content=\"Box of violet and white tulips | Flower delivery in Vilnius | Gintar\u0117sG\u0117l\u0117s\" \/>\n<meta property=\"og:description\" content=\"The box of violet and white tulips is a unique gift for women. This box will truly become unforgettable surprise for the lady.\" \/>\n<meta property=\"og:url\" content=\"https:\/\/www.gintaresgeles.lt\/en\/puokste\/box-of-violet-and-white-tulips\/\" \/>\n<meta property=\"og:site_name\" content=\"gintaresgeles.lt\" \/>\n<meta property=\"article:modified_time\" content=\"2025-05-29T00:00:45+00:00\" \/>\n<meta property=\"og:image\" content=\"https:\/\/www.gintaresgeles.lt\/wp-content\/uploads\/2020\/03\/tulpes-dezuteje-violetines-ir-baltos.jpg\" \/>\n\t<meta property=\"og:image:width\" content=\"4000\" \/>\n\t<meta property=\"og:image:height\" content=\"4000\" \/>\n\t<meta property=\"og:image:type\" content=\"image\/jpeg\" \/>\n<meta name=\"twitter:card\" content=\"summary_large_image\" \/>\n<script type=\"application\/ld+json\" class=\"yoast-schema-graph\">{\"@context\":\"https:\/\/schema.org\",\"@graph\":[{\"@type\":\"WebPage\",\"@id\":\"https:\/\/www.gintaresgeles.lt\/en\/puokste\/box-of-violet-and-white-tulips\/\",\"url\":\"https:\/\/www.gintaresgeles.lt\/en\/puokste\/box-of-violet-and-white-tulips\/\",\"name\":\"Box of violet and white tulips | Flower delivery in Vilnius | Gintar\u0117sG\u0117l\u0117s\",\"isPartOf\":{\"@id\":\"https:\/\/www.gintaresgeles.lt\/en\/#website\"},\"primaryImageOfPage\":{\"@id\":\"https:\/\/www.gintaresgeles.lt\/en\/puokste\/box-of-violet-and-white-tulips\/#primaryimage\"},\"image\":{\"@id\":\"https:\/\/www.gintaresgeles.lt\/en\/puokste\/box-of-violet-and-white-tulips\/#primaryimage\"},\"thumbnailUrl\":\"https:\/\/www.gintaresgeles.lt\/wp-content\/uploads\/2020\/03\/tulpes-dezuteje-violetines-ir-baltos.jpg\",\"datePublished\":\"2020-03-22T14:24:01+00:00\",\"dateModified\":\"2025-05-29T00:00:45+00:00\",\"description\":\"The box of violet and white tulips is a unique gift for women. This box will truly become unforgettable surprise for the lady.\",\"breadcrumb\":{\"@id\":\"https:\/\/www.gintaresgeles.lt\/en\/puokste\/box-of-violet-and-white-tulips\/#breadcrumb\"},\"inLanguage\":\"en-US\",\"potentialAction\":[{\"@type\":\"ReadAction\",\"target\":[\"https:\/\/www.gintaresgeles.lt\/en\/puokste\/box-of-violet-and-white-tulips\/\"]}]},{\"@type\":\"ImageObject\",\"inLanguage\":\"en-US\",\"@id\":\"https:\/\/www.gintaresgeles.lt\/en\/puokste\/box-of-violet-and-white-tulips\/#primaryimage\",\"url\":\"https:\/\/www.gintaresgeles.lt\/wp-content\/uploads\/2020\/03\/tulpes-dezuteje-violetines-ir-baltos.jpg\",\"contentUrl\":\"https:\/\/www.gintaresgeles.lt\/wp-content\/uploads\/2020\/03\/tulpes-dezuteje-violetines-ir-baltos.jpg\",\"width\":4000,\"height\":4000,\"caption\":\"Tulpi\u0173 d\u0117\u017eut\u0117s gimtadienio proga\"},{\"@type\":\"BreadcrumbList\",\"@id\":\"https:\/\/www.gintaresgeles.lt\/en\/puokste\/box-of-violet-and-white-tulips\/#breadcrumb\",\"itemListElement\":[{\"@type\":\"ListItem\",\"position\":1,\"name\":\"Prad\u017eia\",\"item\":\"https:\/\/www.gintaresgeles.lt\/en\/\"},{\"@type\":\"ListItem\",\"position\":2,\"name\":\"All flowers and other products\",\"item\":\"https:\/\/www.gintaresgeles.lt\/en\/all-flowers-and-other-products\/\"},{\"@type\":\"ListItem\",\"position\":3,\"name\":\"Box of violet and white tulips\"}]},{\"@type\":\"WebSite\",\"@id\":\"https:\/\/www.gintaresgeles.lt\/en\/#website\",\"url\":\"https:\/\/www.gintaresgeles.lt\/en\/\",\"name\":\"gintaresgeles.lt\",\"description\":\"G\u0117li\u0173 parduotuv\u0117 internete\",\"potentialAction\":[{\"@type\":\"SearchAction\",\"target\":{\"@type\":\"EntryPoint\",\"urlTemplate\":\"https:\/\/www.gintaresgeles.lt\/en\/?s={search_term_string}\"},\"query-input\":{\"@type\":\"PropertyValueSpecification\",\"valueRequired\":true,\"valueName\":\"search_term_string\"}}],\"inLanguage\":\"en-US\"}]}<\/script>\n<!-- \/ Yoast SEO plugin. -->","yoast_head_json":{"title":"Box of violet and white tulips | Flower delivery in Vilnius | Gintar\u0117sG\u0117l\u0117s","description":"The box of violet and white tulips is a unique gift for women. This box will truly become unforgettable surprise for the lady.","robots":{"index":"index","follow":"follow","max-snippet":"max-snippet:-1","max-image-preview":"max-image-preview:large","max-video-preview":"max-video-preview:-1"},"canonical":"https:\/\/www.gintaresgeles.lt\/en\/puokste\/box-of-violet-and-white-tulips\/","og_locale":"en_US","og_type":"article","og_title":"Box of violet and white tulips | Flower delivery in Vilnius | Gintar\u0117sG\u0117l\u0117s","og_description":"The box of violet and white tulips is a unique gift for women. This box will truly become unforgettable surprise for the lady.","og_url":"https:\/\/www.gintaresgeles.lt\/en\/puokste\/box-of-violet-and-white-tulips\/","og_site_name":"gintaresgeles.lt","article_modified_time":"2025-05-29T00:00:45+00:00","og_image":[{"width":4000,"height":4000,"url":"https:\/\/www.gintaresgeles.lt\/wp-content\/uploads\/2020\/03\/tulpes-dezuteje-violetines-ir-baltos.jpg","type":"image\/jpeg"}],"twitter_card":"summary_large_image","schema":{"@context":"https:\/\/schema.org","@graph":[{"@type":"WebPage","@id":"https:\/\/www.gintaresgeles.lt\/en\/puokste\/box-of-violet-and-white-tulips\/","url":"https:\/\/www.gintaresgeles.lt\/en\/puokste\/box-of-violet-and-white-tulips\/","name":"Box of violet and white tulips | Flower delivery in Vilnius | Gintar\u0117sG\u0117l\u0117s","isPartOf":{"@id":"https:\/\/www.gintaresgeles.lt\/en\/#website"},"primaryImageOfPage":{"@id":"https:\/\/www.gintaresgeles.lt\/en\/puokste\/box-of-violet-and-white-tulips\/#primaryimage"},"image":{"@id":"https:\/\/www.gintaresgeles.lt\/en\/puokste\/box-of-violet-and-white-tulips\/#primaryimage"},"thumbnailUrl":"https:\/\/www.gintaresgeles.lt\/wp-content\/uploads\/2020\/03\/tulpes-dezuteje-violetines-ir-baltos.jpg","datePublished":"2020-03-22T14:24:01+00:00","dateModified":"2025-05-29T00:00:45+00:00","description":"The box of violet and white tulips is a unique gift for women. This box will truly become unforgettable surprise for the lady.","breadcrumb":{"@id":"https:\/\/www.gintaresgeles.lt\/en\/puokste\/box-of-violet-and-white-tulips\/#breadcrumb"},"inLanguage":"en-US","potentialAction":[{"@type":"ReadAction","target":["https:\/\/www.gintaresgeles.lt\/en\/puokste\/box-of-violet-and-white-tulips\/"]}]},{"@type":"ImageObject","inLanguage":"en-US","@id":"https:\/\/www.gintaresgeles.lt\/en\/puokste\/box-of-violet-and-white-tulips\/#primaryimage","url":"https:\/\/www.gintaresgeles.lt\/wp-content\/uploads\/2020\/03\/tulpes-dezuteje-violetines-ir-baltos.jpg","contentUrl":"https:\/\/www.gintaresgeles.lt\/wp-content\/uploads\/2020\/03\/tulpes-dezuteje-violetines-ir-baltos.jpg","width":4000,"height":4000,"caption":"Tulpi\u0173 d\u0117\u017eut\u0117s gimtadienio proga"},{"@type":"BreadcrumbList","@id":"https:\/\/www.gintaresgeles.lt\/en\/puokste\/box-of-violet-and-white-tulips\/#breadcrumb","itemListElement":[{"@type":"ListItem","position":1,"name":"Prad\u017eia","item":"https:\/\/www.gintaresgeles.lt\/en\/"},{"@type":"ListItem","position":2,"name":"All flowers and other products","item":"https:\/\/www.gintaresgeles.lt\/en\/all-flowers-and-other-products\/"},{"@type":"ListItem","position":3,"name":"Box of violet and white tulips"}]},{"@type":"WebSite","@id":"https:\/\/www.gintaresgeles.lt\/en\/#website","url":"https:\/\/www.gintaresgeles.lt\/en\/","name":"gintaresgeles.lt","description":"G\u0117li\u0173 parduotuv\u0117 internete","potentialAction":[{"@type":"SearchAction","target":{"@type":"EntryPoint","urlTemplate":"https:\/\/www.gintaresgeles.lt\/en\/?s={search_term_string}"},"query-input":{"@type":"PropertyValueSpecification","valueRequired":true,"valueName":"search_term_string"}}],"inLanguage":"en-US"}]}},"_links":{"self":[{"href":"https:\/\/www.gintaresgeles.lt\/en\/wp-json\/wp\/v2\/product\/28560","targetHints":{"allow":["GET"]}}],"collection":[{"href":"https:\/\/www.gintaresgeles.lt\/en\/wp-json\/wp\/v2\/product"}],"about":[{"href":"https:\/\/www.gintaresgeles.lt\/en\/wp-json\/wp\/v2\/types\/product"}],"wp:featuredmedia":[{"embeddable":true,"href":"https:\/\/www.gintaresgeles.lt\/en\/wp-json\/wp\/v2\/media\/28572"}],"wp:attachment":[{"href":"https:\/\/www.gintaresgeles.lt\/en\/wp-json\/wp\/v2\/media?parent=28560"}],"wp:term":[{"taxonomy":"product_brand","embeddable":true,"href":"https:\/\/www.gintaresgeles.lt\/en\/wp-json\/wp\/v2\/product_brand?post=28560"},{"taxonomy":"product_cat","embeddable":true,"href":"https:\/\/www.gintaresgeles.lt\/en\/wp-json\/wp\/v2\/product_cat?post=28560"},{"taxonomy":"product_tag","embeddable":true,"href":"https:\/\/www.gintaresgeles.lt\/en\/wp-json\/wp\/v2\/product_tag?post=28560"}],"curies":[{"name":"wp","href":"https:\/\/api.w.org\/{rel}","templated":true}]}}