{"id":33276,"date":"2021-01-15T06:56:23","date_gmt":"2021-01-15T08:56:24","guid":{"rendered":"https:\/\/www.gintaresgeles.lt\/?post_type=product&#038;p=33276"},"modified":"2025-05-29T02:00:42","modified_gmt":"2025-05-29T00:00:42","slug":"medium-orange-sleeping-rose","status":"publish","type":"product","link":"https:\/\/www.gintaresgeles.lt\/en\/puokste\/medium-orange-sleeping-rose\/","title":{"rendered":"Medium orange sleeping rose"},"content":{"rendered":"","protected":false},"excerpt":{"rendered":"<p style=\"text-align: justify\">Orange color, medium-sized (~ 23 cm height) sleeping roses under a glass dome can become one of the most beautiful details of the home interior, and sometimes one of the most beautiful gifts on any beautiful occasion. Since the rose is stabilized, it will not wither for years. A sleeping rose is a nice and practical gift.<\/p>\n","protected":false},"featured_media":44805,"template":"","meta":[],"product_brand":[],"product_cat":[260,259,252,256,253,257,428,262,892,264],"product_tag":[],"class_list":{"0":"post-33276","1":"product","2":"type-product","3":"status-publish","4":"has-post-thumbnail","6":"product_cat-birthday-flowers","7":"product_cat-flowers-by-occasion","8":"product_cat-flowers-by-recipient","9":"product_cat-flowers-for-girlfriend","10":"product_cat-flowers-for-mom","11":"product_cat-flowers-for-women","12":"product_cat-jubilee-flowers","13":"product_cat-march8th-flowers","14":"product_cat-sleeping-roses-en-flowers-by-type","15":"product_cat-valentines-day-flowers","16":"tm-has-options","18":"first","19":"instock","20":"taxable","21":"shipping-taxable","22":"purchasable","23":"product-type-simple"},"yoast_head":"<!-- This site is optimized with the Yoast SEO plugin v25.3 - https:\/\/yoast.com\/wordpress\/plugins\/seo\/ -->\n<title>Medium orange sleeping rose under a dome | Gintar\u0117s g\u0117l\u0117s<\/title>\n<meta name=\"description\" content=\"For those who are looking for unique and elegant gifts, this orange medium-sized sleeping rose is the perfect choice.\" \/>\n<meta name=\"robots\" content=\"index, follow, max-snippet:-1, max-image-preview:large, max-video-preview:-1\" \/>\n<link rel=\"canonical\" href=\"https:\/\/www.gintaresgeles.lt\/en\/puokste\/medium-orange-sleeping-rose\/\" \/>\n<meta property=\"og:locale\" content=\"en_US\" \/>\n<meta property=\"og:type\" content=\"article\" \/>\n<meta property=\"og:title\" content=\"Medium orange sleeping rose under a dome | Gintar\u0117s g\u0117l\u0117s\" \/>\n<meta property=\"og:description\" content=\"For those who are looking for unique and elegant gifts, this orange medium-sized sleeping rose is the perfect choice.\" \/>\n<meta property=\"og:url\" content=\"https:\/\/www.gintaresgeles.lt\/en\/puokste\/medium-orange-sleeping-rose\/\" \/>\n<meta property=\"og:site_name\" content=\"gintaresgeles.lt\" \/>\n<meta property=\"article:modified_time\" content=\"2025-05-29T00:00:42+00:00\" \/>\n<meta property=\"og:image\" content=\"https:\/\/www.gintaresgeles.lt\/wp-content\/uploads\/2021\/01\/oranzines-spalvos-stabilizuota-roze-po-stiklu-vidutinio-dydzio.jpg\" \/>\n\t<meta property=\"og:image:width\" content=\"1200\" \/>\n\t<meta property=\"og:image:height\" content=\"1200\" \/>\n\t<meta property=\"og:image:type\" content=\"image\/jpeg\" \/>\n<meta name=\"twitter:card\" content=\"summary_large_image\" \/>\n<script type=\"application\/ld+json\" class=\"yoast-schema-graph\">{\"@context\":\"https:\/\/schema.org\",\"@graph\":[{\"@type\":\"WebPage\",\"@id\":\"https:\/\/www.gintaresgeles.lt\/en\/puokste\/medium-orange-sleeping-rose\/\",\"url\":\"https:\/\/www.gintaresgeles.lt\/en\/puokste\/medium-orange-sleeping-rose\/\",\"name\":\"Medium orange sleeping rose under a dome | Gintar\u0117s g\u0117l\u0117s\",\"isPartOf\":{\"@id\":\"https:\/\/www.gintaresgeles.lt\/en\/#website\"},\"primaryImageOfPage\":{\"@id\":\"https:\/\/www.gintaresgeles.lt\/en\/puokste\/medium-orange-sleeping-rose\/#primaryimage\"},\"image\":{\"@id\":\"https:\/\/www.gintaresgeles.lt\/en\/puokste\/medium-orange-sleeping-rose\/#primaryimage\"},\"thumbnailUrl\":\"https:\/\/www.gintaresgeles.lt\/wp-content\/uploads\/2021\/01\/oranzines-spalvos-stabilizuota-roze-po-stiklu-vidutinio-dydzio.jpg\",\"datePublished\":\"2021-01-15T08:56:24+00:00\",\"dateModified\":\"2025-05-29T00:00:42+00:00\",\"description\":\"For those who are looking for unique and elegant gifts, this orange medium-sized sleeping rose is the perfect choice.\",\"breadcrumb\":{\"@id\":\"https:\/\/www.gintaresgeles.lt\/en\/puokste\/medium-orange-sleeping-rose\/#breadcrumb\"},\"inLanguage\":\"en-US\",\"potentialAction\":[{\"@type\":\"ReadAction\",\"target\":[\"https:\/\/www.gintaresgeles.lt\/en\/puokste\/medium-orange-sleeping-rose\/\"]}]},{\"@type\":\"ImageObject\",\"inLanguage\":\"en-US\",\"@id\":\"https:\/\/www.gintaresgeles.lt\/en\/puokste\/medium-orange-sleeping-rose\/#primaryimage\",\"url\":\"https:\/\/www.gintaresgeles.lt\/wp-content\/uploads\/2021\/01\/oranzines-spalvos-stabilizuota-roze-po-stiklu-vidutinio-dydzio.jpg\",\"contentUrl\":\"https:\/\/www.gintaresgeles.lt\/wp-content\/uploads\/2021\/01\/oranzines-spalvos-stabilizuota-roze-po-stiklu-vidutinio-dydzio.jpg\",\"width\":1200,\"height\":1200,\"caption\":\"Vidutin\u0117 mieganti ro\u017e\u0117 po stiklu oran\u017ein\u0117 dovana draugei\"},{\"@type\":\"BreadcrumbList\",\"@id\":\"https:\/\/www.gintaresgeles.lt\/en\/puokste\/medium-orange-sleeping-rose\/#breadcrumb\",\"itemListElement\":[{\"@type\":\"ListItem\",\"position\":1,\"name\":\"Prad\u017eia\",\"item\":\"https:\/\/www.gintaresgeles.lt\/en\/\"},{\"@type\":\"ListItem\",\"position\":2,\"name\":\"All flowers and other products\",\"item\":\"https:\/\/www.gintaresgeles.lt\/en\/all-flowers-and-other-products\/\"},{\"@type\":\"ListItem\",\"position\":3,\"name\":\"Medium orange sleeping rose\"}]},{\"@type\":\"WebSite\",\"@id\":\"https:\/\/www.gintaresgeles.lt\/en\/#website\",\"url\":\"https:\/\/www.gintaresgeles.lt\/en\/\",\"name\":\"gintaresgeles.lt\",\"description\":\"G\u0117li\u0173 parduotuv\u0117 internete\",\"potentialAction\":[{\"@type\":\"SearchAction\",\"target\":{\"@type\":\"EntryPoint\",\"urlTemplate\":\"https:\/\/www.gintaresgeles.lt\/en\/?s={search_term_string}\"},\"query-input\":{\"@type\":\"PropertyValueSpecification\",\"valueRequired\":true,\"valueName\":\"search_term_string\"}}],\"inLanguage\":\"en-US\"}]}<\/script>\n<!-- \/ Yoast SEO plugin. -->","yoast_head_json":{"title":"Medium orange sleeping rose under a dome | Gintar\u0117s g\u0117l\u0117s","description":"For those who are looking for unique and elegant gifts, this orange medium-sized sleeping rose is the perfect choice.","robots":{"index":"index","follow":"follow","max-snippet":"max-snippet:-1","max-image-preview":"max-image-preview:large","max-video-preview":"max-video-preview:-1"},"canonical":"https:\/\/www.gintaresgeles.lt\/en\/puokste\/medium-orange-sleeping-rose\/","og_locale":"en_US","og_type":"article","og_title":"Medium orange sleeping rose under a dome | Gintar\u0117s g\u0117l\u0117s","og_description":"For those who are looking for unique and elegant gifts, this orange medium-sized sleeping rose is the perfect choice.","og_url":"https:\/\/www.gintaresgeles.lt\/en\/puokste\/medium-orange-sleeping-rose\/","og_site_name":"gintaresgeles.lt","article_modified_time":"2025-05-29T00:00:42+00:00","og_image":[{"width":1200,"height":1200,"url":"https:\/\/www.gintaresgeles.lt\/wp-content\/uploads\/2021\/01\/oranzines-spalvos-stabilizuota-roze-po-stiklu-vidutinio-dydzio.jpg","type":"image\/jpeg"}],"twitter_card":"summary_large_image","schema":{"@context":"https:\/\/schema.org","@graph":[{"@type":"WebPage","@id":"https:\/\/www.gintaresgeles.lt\/en\/puokste\/medium-orange-sleeping-rose\/","url":"https:\/\/www.gintaresgeles.lt\/en\/puokste\/medium-orange-sleeping-rose\/","name":"Medium orange sleeping rose under a dome | Gintar\u0117s g\u0117l\u0117s","isPartOf":{"@id":"https:\/\/www.gintaresgeles.lt\/en\/#website"},"primaryImageOfPage":{"@id":"https:\/\/www.gintaresgeles.lt\/en\/puokste\/medium-orange-sleeping-rose\/#primaryimage"},"image":{"@id":"https:\/\/www.gintaresgeles.lt\/en\/puokste\/medium-orange-sleeping-rose\/#primaryimage"},"thumbnailUrl":"https:\/\/www.gintaresgeles.lt\/wp-content\/uploads\/2021\/01\/oranzines-spalvos-stabilizuota-roze-po-stiklu-vidutinio-dydzio.jpg","datePublished":"2021-01-15T08:56:24+00:00","dateModified":"2025-05-29T00:00:42+00:00","description":"For those who are looking for unique and elegant gifts, this orange medium-sized sleeping rose is the perfect choice.","breadcrumb":{"@id":"https:\/\/www.gintaresgeles.lt\/en\/puokste\/medium-orange-sleeping-rose\/#breadcrumb"},"inLanguage":"en-US","potentialAction":[{"@type":"ReadAction","target":["https:\/\/www.gintaresgeles.lt\/en\/puokste\/medium-orange-sleeping-rose\/"]}]},{"@type":"ImageObject","inLanguage":"en-US","@id":"https:\/\/www.gintaresgeles.lt\/en\/puokste\/medium-orange-sleeping-rose\/#primaryimage","url":"https:\/\/www.gintaresgeles.lt\/wp-content\/uploads\/2021\/01\/oranzines-spalvos-stabilizuota-roze-po-stiklu-vidutinio-dydzio.jpg","contentUrl":"https:\/\/www.gintaresgeles.lt\/wp-content\/uploads\/2021\/01\/oranzines-spalvos-stabilizuota-roze-po-stiklu-vidutinio-dydzio.jpg","width":1200,"height":1200,"caption":"Vidutin\u0117 mieganti ro\u017e\u0117 po stiklu oran\u017ein\u0117 dovana draugei"},{"@type":"BreadcrumbList","@id":"https:\/\/www.gintaresgeles.lt\/en\/puokste\/medium-orange-sleeping-rose\/#breadcrumb","itemListElement":[{"@type":"ListItem","position":1,"name":"Prad\u017eia","item":"https:\/\/www.gintaresgeles.lt\/en\/"},{"@type":"ListItem","position":2,"name":"All flowers and other products","item":"https:\/\/www.gintaresgeles.lt\/en\/all-flowers-and-other-products\/"},{"@type":"ListItem","position":3,"name":"Medium orange sleeping rose"}]},{"@type":"WebSite","@id":"https:\/\/www.gintaresgeles.lt\/en\/#website","url":"https:\/\/www.gintaresgeles.lt\/en\/","name":"gintaresgeles.lt","description":"G\u0117li\u0173 parduotuv\u0117 internete","potentialAction":[{"@type":"SearchAction","target":{"@type":"EntryPoint","urlTemplate":"https:\/\/www.gintaresgeles.lt\/en\/?s={search_term_string}"},"query-input":{"@type":"PropertyValueSpecification","valueRequired":true,"valueName":"search_term_string"}}],"inLanguage":"en-US"}]}},"_links":{"self":[{"href":"https:\/\/www.gintaresgeles.lt\/en\/wp-json\/wp\/v2\/product\/33276","targetHints":{"allow":["GET"]}}],"collection":[{"href":"https:\/\/www.gintaresgeles.lt\/en\/wp-json\/wp\/v2\/product"}],"about":[{"href":"https:\/\/www.gintaresgeles.lt\/en\/wp-json\/wp\/v2\/types\/product"}],"wp:featuredmedia":[{"embeddable":true,"href":"https:\/\/www.gintaresgeles.lt\/en\/wp-json\/wp\/v2\/media\/44805"}],"wp:attachment":[{"href":"https:\/\/www.gintaresgeles.lt\/en\/wp-json\/wp\/v2\/media?parent=33276"}],"wp:term":[{"taxonomy":"product_brand","embeddable":true,"href":"https:\/\/www.gintaresgeles.lt\/en\/wp-json\/wp\/v2\/product_brand?post=33276"},{"taxonomy":"product_cat","embeddable":true,"href":"https:\/\/www.gintaresgeles.lt\/en\/wp-json\/wp\/v2\/product_cat?post=33276"},{"taxonomy":"product_tag","embeddable":true,"href":"https:\/\/www.gintaresgeles.lt\/en\/wp-json\/wp\/v2\/product_tag?post=33276"}],"curies":[{"name":"wp","href":"https:\/\/api.w.org\/{rel}","templated":true}]}}