{"id":34774,"date":"2021-02-02T14:27:13","date_gmt":"2021-02-02T16:27:13","guid":{"rendered":"https:\/\/www.gintaresgeles.lt\/puokste\/big-pink-rose-bear-in-the-box\/"},"modified":"2024-03-05T17:59:28","modified_gmt":"2024-03-05T15:59:28","slug":"big-pink-rose-bear-in-the-box","status":"publish","type":"product","link":"https:\/\/www.gintaresgeles.lt\/en\/puokste\/big-pink-rose-bear-in-the-box\/","title":{"rendered":"Big pink rose bear in the box"},"content":{"rendered":"","protected":false},"excerpt":{"rendered":"<p>The rose bear is the perfect gift for your special woman. This subtle gift will remind to your significant other of your precious feelings . Surprise and congratulate women for various occasions &#8211; Valentine&#8217;s Day, Women&#8217;s Day, birthdays. And remember &#8211; the most important thing is the given attention!<\/p>\n<p>The bear is packed in the transparent plastic box which is wrapped with a ribbon.<\/p>\n<p>The size of a bear is 40 cm.\u00a0<\/p>\n","protected":false},"featured_media":33741,"template":"","meta":[],"product_brand":[],"product_cat":[237,1540],"product_tag":[],"class_list":{"0":"post-34774","1":"product","2":"type-product","3":"status-publish","4":"has-post-thumbnail","6":"product_cat-gifts","7":"product_cat-rose-bears","8":"tm-has-options","10":"first","11":"outofstock","12":"taxable","13":"shipping-taxable","14":"purchasable","15":"product-type-simple"},"yoast_head":"<!-- This site is optimized with the Yoast SEO plugin v25.3 - https:\/\/yoast.com\/wordpress\/plugins\/seo\/ -->\n<title>Big pink rose bear in the box | Gintar\u0117s G\u0117l\u0117s<\/title>\n<meta name=\"description\" content=\"Show your beloved woman with attention by gifting this exclusive, luxurious, pink rose bear which will decorate your home.\" \/>\n<meta name=\"robots\" content=\"index, follow, max-snippet:-1, max-image-preview:large, max-video-preview:-1\" \/>\n<link rel=\"canonical\" href=\"https:\/\/www.gintaresgeles.lt\/en\/puokste\/big-pink-rose-bear-in-the-box\/\" \/>\n<meta property=\"og:locale\" content=\"en_US\" \/>\n<meta property=\"og:type\" content=\"article\" \/>\n<meta property=\"og:title\" content=\"Big pink rose bear in the box | Gintar\u0117s G\u0117l\u0117s\" \/>\n<meta property=\"og:description\" content=\"Show your beloved woman with attention by gifting this exclusive, luxurious, pink rose bear which will decorate your home.\" \/>\n<meta property=\"og:url\" content=\"https:\/\/www.gintaresgeles.lt\/en\/puokste\/big-pink-rose-bear-in-the-box\/\" \/>\n<meta property=\"og:site_name\" content=\"gintaresgeles.lt\" \/>\n<meta property=\"article:modified_time\" content=\"2024-03-05T15:59:28+00:00\" \/>\n<meta property=\"og:image\" content=\"https:\/\/www.gintaresgeles.lt\/wp-content\/uploads\/2021\/02\/rozinis-didelis-roziu-meskinas-dovana-draugei-1.jpg\" \/>\n\t<meta property=\"og:image:width\" content=\"600\" \/>\n\t<meta property=\"og:image:height\" content=\"600\" \/>\n\t<meta property=\"og:image:type\" content=\"image\/jpeg\" \/>\n<meta name=\"twitter:card\" content=\"summary_large_image\" \/>\n<script type=\"application\/ld+json\" class=\"yoast-schema-graph\">{\"@context\":\"https:\/\/schema.org\",\"@graph\":[{\"@type\":\"WebPage\",\"@id\":\"https:\/\/www.gintaresgeles.lt\/en\/puokste\/big-pink-rose-bear-in-the-box\/\",\"url\":\"https:\/\/www.gintaresgeles.lt\/en\/puokste\/big-pink-rose-bear-in-the-box\/\",\"name\":\"Big pink rose bear in the box | Gintar\u0117s G\u0117l\u0117s\",\"isPartOf\":{\"@id\":\"https:\/\/www.gintaresgeles.lt\/en\/#website\"},\"primaryImageOfPage\":{\"@id\":\"https:\/\/www.gintaresgeles.lt\/en\/puokste\/big-pink-rose-bear-in-the-box\/#primaryimage\"},\"image\":{\"@id\":\"https:\/\/www.gintaresgeles.lt\/en\/puokste\/big-pink-rose-bear-in-the-box\/#primaryimage\"},\"thumbnailUrl\":\"https:\/\/www.gintaresgeles.lt\/wp-content\/uploads\/2021\/02\/rozinis-didelis-roziu-meskinas-dovana-draugei-1.jpg\",\"datePublished\":\"2021-02-02T16:27:13+00:00\",\"dateModified\":\"2024-03-05T15:59:28+00:00\",\"description\":\"Show your beloved woman with attention by gifting this exclusive, luxurious, pink rose bear which will decorate your home.\",\"breadcrumb\":{\"@id\":\"https:\/\/www.gintaresgeles.lt\/en\/puokste\/big-pink-rose-bear-in-the-box\/#breadcrumb\"},\"inLanguage\":\"en-US\",\"potentialAction\":[{\"@type\":\"ReadAction\",\"target\":[\"https:\/\/www.gintaresgeles.lt\/en\/puokste\/big-pink-rose-bear-in-the-box\/\"]}]},{\"@type\":\"ImageObject\",\"inLanguage\":\"en-US\",\"@id\":\"https:\/\/www.gintaresgeles.lt\/en\/puokste\/big-pink-rose-bear-in-the-box\/#primaryimage\",\"url\":\"https:\/\/www.gintaresgeles.lt\/wp-content\/uploads\/2021\/02\/rozinis-didelis-roziu-meskinas-dovana-draugei-1.jpg\",\"contentUrl\":\"https:\/\/www.gintaresgeles.lt\/wp-content\/uploads\/2021\/02\/rozinis-didelis-roziu-meskinas-dovana-draugei-1.jpg\",\"width\":600,\"height\":600,\"caption\":\"Didelis ro\u017ei\u0173 me\u0161kiukas ro\u017ein\u0117s spalvos d\u0117\u017eut\u0117je\"},{\"@type\":\"BreadcrumbList\",\"@id\":\"https:\/\/www.gintaresgeles.lt\/en\/puokste\/big-pink-rose-bear-in-the-box\/#breadcrumb\",\"itemListElement\":[{\"@type\":\"ListItem\",\"position\":1,\"name\":\"Prad\u017eia\",\"item\":\"https:\/\/www.gintaresgeles.lt\/en\/\"},{\"@type\":\"ListItem\",\"position\":2,\"name\":\"All flowers and other products\",\"item\":\"https:\/\/www.gintaresgeles.lt\/en\/all-flowers-and-other-products\/\"},{\"@type\":\"ListItem\",\"position\":3,\"name\":\"Big pink rose bear in the box\"}]},{\"@type\":\"WebSite\",\"@id\":\"https:\/\/www.gintaresgeles.lt\/en\/#website\",\"url\":\"https:\/\/www.gintaresgeles.lt\/en\/\",\"name\":\"gintaresgeles.lt\",\"description\":\"G\u0117li\u0173 parduotuv\u0117 internete\",\"potentialAction\":[{\"@type\":\"SearchAction\",\"target\":{\"@type\":\"EntryPoint\",\"urlTemplate\":\"https:\/\/www.gintaresgeles.lt\/en\/?s={search_term_string}\"},\"query-input\":{\"@type\":\"PropertyValueSpecification\",\"valueRequired\":true,\"valueName\":\"search_term_string\"}}],\"inLanguage\":\"en-US\"}]}<\/script>\n<!-- \/ Yoast SEO plugin. -->","yoast_head_json":{"title":"Big pink rose bear in the box | Gintar\u0117s G\u0117l\u0117s","description":"Show your beloved woman with attention by gifting this exclusive, luxurious, pink rose bear which will decorate your home.","robots":{"index":"index","follow":"follow","max-snippet":"max-snippet:-1","max-image-preview":"max-image-preview:large","max-video-preview":"max-video-preview:-1"},"canonical":"https:\/\/www.gintaresgeles.lt\/en\/puokste\/big-pink-rose-bear-in-the-box\/","og_locale":"en_US","og_type":"article","og_title":"Big pink rose bear in the box | Gintar\u0117s G\u0117l\u0117s","og_description":"Show your beloved woman with attention by gifting this exclusive, luxurious, pink rose bear which will decorate your home.","og_url":"https:\/\/www.gintaresgeles.lt\/en\/puokste\/big-pink-rose-bear-in-the-box\/","og_site_name":"gintaresgeles.lt","article_modified_time":"2024-03-05T15:59:28+00:00","og_image":[{"width":600,"height":600,"url":"https:\/\/www.gintaresgeles.lt\/wp-content\/uploads\/2021\/02\/rozinis-didelis-roziu-meskinas-dovana-draugei-1.jpg","type":"image\/jpeg"}],"twitter_card":"summary_large_image","schema":{"@context":"https:\/\/schema.org","@graph":[{"@type":"WebPage","@id":"https:\/\/www.gintaresgeles.lt\/en\/puokste\/big-pink-rose-bear-in-the-box\/","url":"https:\/\/www.gintaresgeles.lt\/en\/puokste\/big-pink-rose-bear-in-the-box\/","name":"Big pink rose bear in the box | Gintar\u0117s G\u0117l\u0117s","isPartOf":{"@id":"https:\/\/www.gintaresgeles.lt\/en\/#website"},"primaryImageOfPage":{"@id":"https:\/\/www.gintaresgeles.lt\/en\/puokste\/big-pink-rose-bear-in-the-box\/#primaryimage"},"image":{"@id":"https:\/\/www.gintaresgeles.lt\/en\/puokste\/big-pink-rose-bear-in-the-box\/#primaryimage"},"thumbnailUrl":"https:\/\/www.gintaresgeles.lt\/wp-content\/uploads\/2021\/02\/rozinis-didelis-roziu-meskinas-dovana-draugei-1.jpg","datePublished":"2021-02-02T16:27:13+00:00","dateModified":"2024-03-05T15:59:28+00:00","description":"Show your beloved woman with attention by gifting this exclusive, luxurious, pink rose bear which will decorate your home.","breadcrumb":{"@id":"https:\/\/www.gintaresgeles.lt\/en\/puokste\/big-pink-rose-bear-in-the-box\/#breadcrumb"},"inLanguage":"en-US","potentialAction":[{"@type":"ReadAction","target":["https:\/\/www.gintaresgeles.lt\/en\/puokste\/big-pink-rose-bear-in-the-box\/"]}]},{"@type":"ImageObject","inLanguage":"en-US","@id":"https:\/\/www.gintaresgeles.lt\/en\/puokste\/big-pink-rose-bear-in-the-box\/#primaryimage","url":"https:\/\/www.gintaresgeles.lt\/wp-content\/uploads\/2021\/02\/rozinis-didelis-roziu-meskinas-dovana-draugei-1.jpg","contentUrl":"https:\/\/www.gintaresgeles.lt\/wp-content\/uploads\/2021\/02\/rozinis-didelis-roziu-meskinas-dovana-draugei-1.jpg","width":600,"height":600,"caption":"Didelis ro\u017ei\u0173 me\u0161kiukas ro\u017ein\u0117s spalvos d\u0117\u017eut\u0117je"},{"@type":"BreadcrumbList","@id":"https:\/\/www.gintaresgeles.lt\/en\/puokste\/big-pink-rose-bear-in-the-box\/#breadcrumb","itemListElement":[{"@type":"ListItem","position":1,"name":"Prad\u017eia","item":"https:\/\/www.gintaresgeles.lt\/en\/"},{"@type":"ListItem","position":2,"name":"All flowers and other products","item":"https:\/\/www.gintaresgeles.lt\/en\/all-flowers-and-other-products\/"},{"@type":"ListItem","position":3,"name":"Big pink rose bear in the box"}]},{"@type":"WebSite","@id":"https:\/\/www.gintaresgeles.lt\/en\/#website","url":"https:\/\/www.gintaresgeles.lt\/en\/","name":"gintaresgeles.lt","description":"G\u0117li\u0173 parduotuv\u0117 internete","potentialAction":[{"@type":"SearchAction","target":{"@type":"EntryPoint","urlTemplate":"https:\/\/www.gintaresgeles.lt\/en\/?s={search_term_string}"},"query-input":{"@type":"PropertyValueSpecification","valueRequired":true,"valueName":"search_term_string"}}],"inLanguage":"en-US"}]}},"_links":{"self":[{"href":"https:\/\/www.gintaresgeles.lt\/en\/wp-json\/wp\/v2\/product\/34774","targetHints":{"allow":["GET"]}}],"collection":[{"href":"https:\/\/www.gintaresgeles.lt\/en\/wp-json\/wp\/v2\/product"}],"about":[{"href":"https:\/\/www.gintaresgeles.lt\/en\/wp-json\/wp\/v2\/types\/product"}],"wp:featuredmedia":[{"embeddable":true,"href":"https:\/\/www.gintaresgeles.lt\/en\/wp-json\/wp\/v2\/media\/33741"}],"wp:attachment":[{"href":"https:\/\/www.gintaresgeles.lt\/en\/wp-json\/wp\/v2\/media?parent=34774"}],"wp:term":[{"taxonomy":"product_brand","embeddable":true,"href":"https:\/\/www.gintaresgeles.lt\/en\/wp-json\/wp\/v2\/product_brand?post=34774"},{"taxonomy":"product_cat","embeddable":true,"href":"https:\/\/www.gintaresgeles.lt\/en\/wp-json\/wp\/v2\/product_cat?post=34774"},{"taxonomy":"product_tag","embeddable":true,"href":"https:\/\/www.gintaresgeles.lt\/en\/wp-json\/wp\/v2\/product_tag?post=34774"}],"curies":[{"name":"wp","href":"https:\/\/api.w.org\/{rel}","templated":true}]}}