{"id":34775,"date":"2021-02-02T14:21:13","date_gmt":"2021-02-02T16:21:13","guid":{"rendered":"https:\/\/www.gintaresgeles.lt\/puokste\/big-white-rose-unicorn\/"},"modified":"2025-12-04T19:09:00","modified_gmt":"2025-12-04T17:09:00","slug":"big-white-rose-unicorn","status":"publish","type":"product","link":"https:\/\/www.gintaresgeles.lt\/en\/puokste\/big-white-rose-unicorn\/","title":{"rendered":"Big white rose unicorn"},"content":{"rendered":"","protected":false},"excerpt":{"rendered":"<p>The rose unicorn is the perfect gift for your special woman. This subtle gift will remind to your significant other of your precious feelings. Surprise and congratulate women for various occasions &#8211; Valentine&#8217;s Day, Women&#8217;s Day, birthdays. And remember &#8211; the most important thing is the given attention!<\/p>\n<p>The size of a unicorn is 40 cm.<\/p>\n","protected":false},"featured_media":51487,"template":"","meta":[],"product_brand":[],"product_cat":[237,1540],"product_tag":[],"class_list":{"0":"post-34775","1":"product","2":"type-product","3":"status-publish","4":"has-post-thumbnail","6":"product_cat-gifts","7":"product_cat-rose-bears","8":"tm-has-options","10":"first","11":"instock","12":"taxable","13":"shipping-taxable","14":"purchasable","15":"product-type-simple"},"yoast_head":"<!-- This site is optimized with the Yoast SEO plugin v25.3 - https:\/\/yoast.com\/wordpress\/plugins\/seo\/ -->\n<title>Big white rose unicorn | Lovely gifts | Gintar\u0117s G\u0117l\u0117s<\/title>\n<meta name=\"description\" content=\"Show your beloved woman with attention by gifting this exclusive, luxurious, white rose unicorn which will decorate your home.\" \/>\n<meta name=\"robots\" content=\"index, follow, max-snippet:-1, max-image-preview:large, max-video-preview:-1\" \/>\n<link rel=\"canonical\" href=\"https:\/\/www.gintaresgeles.lt\/en\/puokste\/big-white-rose-unicorn\/\" \/>\n<meta property=\"og:locale\" content=\"en_US\" \/>\n<meta property=\"og:type\" content=\"article\" \/>\n<meta property=\"og:title\" content=\"Big white rose unicorn | Lovely gifts | Gintar\u0117s G\u0117l\u0117s\" \/>\n<meta property=\"og:description\" content=\"Show your beloved woman with attention by gifting this exclusive, luxurious, white rose unicorn which will decorate your home.\" \/>\n<meta property=\"og:url\" content=\"https:\/\/www.gintaresgeles.lt\/en\/puokste\/big-white-rose-unicorn\/\" \/>\n<meta property=\"og:site_name\" content=\"gintaresgeles.lt\" \/>\n<meta property=\"article:modified_time\" content=\"2025-12-04T17:09:00+00:00\" \/>\n<meta property=\"og:image\" content=\"https:\/\/www.gintaresgeles.lt\/wp-content\/uploads\/2021\/02\/vienaragis-is-dekoratyviniu-roziu-dovana-draugei.jpg\" \/>\n\t<meta property=\"og:image:width\" content=\"800\" \/>\n\t<meta property=\"og:image:height\" content=\"800\" \/>\n\t<meta property=\"og:image:type\" content=\"image\/jpeg\" \/>\n<meta name=\"twitter:card\" content=\"summary_large_image\" \/>\n<script type=\"application\/ld+json\" class=\"yoast-schema-graph\">{\"@context\":\"https:\/\/schema.org\",\"@graph\":[{\"@type\":\"WebPage\",\"@id\":\"https:\/\/www.gintaresgeles.lt\/en\/puokste\/big-white-rose-unicorn\/\",\"url\":\"https:\/\/www.gintaresgeles.lt\/en\/puokste\/big-white-rose-unicorn\/\",\"name\":\"Big white rose unicorn | Lovely gifts | Gintar\u0117s G\u0117l\u0117s\",\"isPartOf\":{\"@id\":\"https:\/\/www.gintaresgeles.lt\/en\/#website\"},\"primaryImageOfPage\":{\"@id\":\"https:\/\/www.gintaresgeles.lt\/en\/puokste\/big-white-rose-unicorn\/#primaryimage\"},\"image\":{\"@id\":\"https:\/\/www.gintaresgeles.lt\/en\/puokste\/big-white-rose-unicorn\/#primaryimage\"},\"thumbnailUrl\":\"https:\/\/www.gintaresgeles.lt\/wp-content\/uploads\/2021\/02\/vienaragis-is-dekoratyviniu-roziu-dovana-draugei.jpg\",\"datePublished\":\"2021-02-02T16:21:13+00:00\",\"dateModified\":\"2025-12-04T17:09:00+00:00\",\"description\":\"Show your beloved woman with attention by gifting this exclusive, luxurious, white rose unicorn which will decorate your home.\",\"breadcrumb\":{\"@id\":\"https:\/\/www.gintaresgeles.lt\/en\/puokste\/big-white-rose-unicorn\/#breadcrumb\"},\"inLanguage\":\"en-US\",\"potentialAction\":[{\"@type\":\"ReadAction\",\"target\":[\"https:\/\/www.gintaresgeles.lt\/en\/puokste\/big-white-rose-unicorn\/\"]}]},{\"@type\":\"ImageObject\",\"inLanguage\":\"en-US\",\"@id\":\"https:\/\/www.gintaresgeles.lt\/en\/puokste\/big-white-rose-unicorn\/#primaryimage\",\"url\":\"https:\/\/www.gintaresgeles.lt\/wp-content\/uploads\/2021\/02\/vienaragis-is-dekoratyviniu-roziu-dovana-draugei.jpg\",\"contentUrl\":\"https:\/\/www.gintaresgeles.lt\/wp-content\/uploads\/2021\/02\/vienaragis-is-dekoratyviniu-roziu-dovana-draugei.jpg\",\"width\":800,\"height\":800,\"caption\":\"Baltos spalvos ro\u017ey\u010di\u0173 vienaragis dovana merginai\"},{\"@type\":\"BreadcrumbList\",\"@id\":\"https:\/\/www.gintaresgeles.lt\/en\/puokste\/big-white-rose-unicorn\/#breadcrumb\",\"itemListElement\":[{\"@type\":\"ListItem\",\"position\":1,\"name\":\"Prad\u017eia\",\"item\":\"https:\/\/www.gintaresgeles.lt\/en\/\"},{\"@type\":\"ListItem\",\"position\":2,\"name\":\"All flowers and other products\",\"item\":\"https:\/\/www.gintaresgeles.lt\/en\/all-flowers-and-other-products\/\"},{\"@type\":\"ListItem\",\"position\":3,\"name\":\"Big white rose unicorn\"}]},{\"@type\":\"WebSite\",\"@id\":\"https:\/\/www.gintaresgeles.lt\/en\/#website\",\"url\":\"https:\/\/www.gintaresgeles.lt\/en\/\",\"name\":\"gintaresgeles.lt\",\"description\":\"G\u0117li\u0173 parduotuv\u0117 internete\",\"potentialAction\":[{\"@type\":\"SearchAction\",\"target\":{\"@type\":\"EntryPoint\",\"urlTemplate\":\"https:\/\/www.gintaresgeles.lt\/en\/?s={search_term_string}\"},\"query-input\":{\"@type\":\"PropertyValueSpecification\",\"valueRequired\":true,\"valueName\":\"search_term_string\"}}],\"inLanguage\":\"en-US\"}]}<\/script>\n<!-- \/ Yoast SEO plugin. -->","yoast_head_json":{"title":"Big white rose unicorn | Lovely gifts | Gintar\u0117s G\u0117l\u0117s","description":"Show your beloved woman with attention by gifting this exclusive, luxurious, white rose unicorn which will decorate your home.","robots":{"index":"index","follow":"follow","max-snippet":"max-snippet:-1","max-image-preview":"max-image-preview:large","max-video-preview":"max-video-preview:-1"},"canonical":"https:\/\/www.gintaresgeles.lt\/en\/puokste\/big-white-rose-unicorn\/","og_locale":"en_US","og_type":"article","og_title":"Big white rose unicorn | Lovely gifts | Gintar\u0117s G\u0117l\u0117s","og_description":"Show your beloved woman with attention by gifting this exclusive, luxurious, white rose unicorn which will decorate your home.","og_url":"https:\/\/www.gintaresgeles.lt\/en\/puokste\/big-white-rose-unicorn\/","og_site_name":"gintaresgeles.lt","article_modified_time":"2025-12-04T17:09:00+00:00","og_image":[{"width":800,"height":800,"url":"https:\/\/www.gintaresgeles.lt\/wp-content\/uploads\/2021\/02\/vienaragis-is-dekoratyviniu-roziu-dovana-draugei.jpg","type":"image\/jpeg"}],"twitter_card":"summary_large_image","schema":{"@context":"https:\/\/schema.org","@graph":[{"@type":"WebPage","@id":"https:\/\/www.gintaresgeles.lt\/en\/puokste\/big-white-rose-unicorn\/","url":"https:\/\/www.gintaresgeles.lt\/en\/puokste\/big-white-rose-unicorn\/","name":"Big white rose unicorn | Lovely gifts | Gintar\u0117s G\u0117l\u0117s","isPartOf":{"@id":"https:\/\/www.gintaresgeles.lt\/en\/#website"},"primaryImageOfPage":{"@id":"https:\/\/www.gintaresgeles.lt\/en\/puokste\/big-white-rose-unicorn\/#primaryimage"},"image":{"@id":"https:\/\/www.gintaresgeles.lt\/en\/puokste\/big-white-rose-unicorn\/#primaryimage"},"thumbnailUrl":"https:\/\/www.gintaresgeles.lt\/wp-content\/uploads\/2021\/02\/vienaragis-is-dekoratyviniu-roziu-dovana-draugei.jpg","datePublished":"2021-02-02T16:21:13+00:00","dateModified":"2025-12-04T17:09:00+00:00","description":"Show your beloved woman with attention by gifting this exclusive, luxurious, white rose unicorn which will decorate your home.","breadcrumb":{"@id":"https:\/\/www.gintaresgeles.lt\/en\/puokste\/big-white-rose-unicorn\/#breadcrumb"},"inLanguage":"en-US","potentialAction":[{"@type":"ReadAction","target":["https:\/\/www.gintaresgeles.lt\/en\/puokste\/big-white-rose-unicorn\/"]}]},{"@type":"ImageObject","inLanguage":"en-US","@id":"https:\/\/www.gintaresgeles.lt\/en\/puokste\/big-white-rose-unicorn\/#primaryimage","url":"https:\/\/www.gintaresgeles.lt\/wp-content\/uploads\/2021\/02\/vienaragis-is-dekoratyviniu-roziu-dovana-draugei.jpg","contentUrl":"https:\/\/www.gintaresgeles.lt\/wp-content\/uploads\/2021\/02\/vienaragis-is-dekoratyviniu-roziu-dovana-draugei.jpg","width":800,"height":800,"caption":"Baltos spalvos ro\u017ey\u010di\u0173 vienaragis dovana merginai"},{"@type":"BreadcrumbList","@id":"https:\/\/www.gintaresgeles.lt\/en\/puokste\/big-white-rose-unicorn\/#breadcrumb","itemListElement":[{"@type":"ListItem","position":1,"name":"Prad\u017eia","item":"https:\/\/www.gintaresgeles.lt\/en\/"},{"@type":"ListItem","position":2,"name":"All flowers and other products","item":"https:\/\/www.gintaresgeles.lt\/en\/all-flowers-and-other-products\/"},{"@type":"ListItem","position":3,"name":"Big white rose unicorn"}]},{"@type":"WebSite","@id":"https:\/\/www.gintaresgeles.lt\/en\/#website","url":"https:\/\/www.gintaresgeles.lt\/en\/","name":"gintaresgeles.lt","description":"G\u0117li\u0173 parduotuv\u0117 internete","potentialAction":[{"@type":"SearchAction","target":{"@type":"EntryPoint","urlTemplate":"https:\/\/www.gintaresgeles.lt\/en\/?s={search_term_string}"},"query-input":{"@type":"PropertyValueSpecification","valueRequired":true,"valueName":"search_term_string"}}],"inLanguage":"en-US"}]}},"_links":{"self":[{"href":"https:\/\/www.gintaresgeles.lt\/en\/wp-json\/wp\/v2\/product\/34775","targetHints":{"allow":["GET"]}}],"collection":[{"href":"https:\/\/www.gintaresgeles.lt\/en\/wp-json\/wp\/v2\/product"}],"about":[{"href":"https:\/\/www.gintaresgeles.lt\/en\/wp-json\/wp\/v2\/types\/product"}],"wp:featuredmedia":[{"embeddable":true,"href":"https:\/\/www.gintaresgeles.lt\/en\/wp-json\/wp\/v2\/media\/51487"}],"wp:attachment":[{"href":"https:\/\/www.gintaresgeles.lt\/en\/wp-json\/wp\/v2\/media?parent=34775"}],"wp:term":[{"taxonomy":"product_brand","embeddable":true,"href":"https:\/\/www.gintaresgeles.lt\/en\/wp-json\/wp\/v2\/product_brand?post=34775"},{"taxonomy":"product_cat","embeddable":true,"href":"https:\/\/www.gintaresgeles.lt\/en\/wp-json\/wp\/v2\/product_cat?post=34775"},{"taxonomy":"product_tag","embeddable":true,"href":"https:\/\/www.gintaresgeles.lt\/en\/wp-json\/wp\/v2\/product_tag?post=34775"}],"curies":[{"name":"wp","href":"https:\/\/api.w.org\/{rel}","templated":true}]}}