{"id":35471,"date":"2016-09-28T13:27:46","date_gmt":"2016-09-28T13:27:46","guid":{"rendered":"https:\/\/www.gintaresgeles.lt\/puokste\/box-of-red-roses-and-eustomas\/"},"modified":"2026-02-01T17:25:32","modified_gmt":"2026-02-01T15:25:32","slug":"box-of-red-roses-and-eustomas","status":"publish","type":"product","link":"https:\/\/www.gintaresgeles.lt\/en\/puokste\/box-of-red-roses-and-eustomas\/","title":{"rendered":"Box of red roses and eustomas"},"content":{"rendered":"<p>This box is composed of red roses and eustomas (the color of flowers is chosen according to the ones we have at the shop, unless the bouquet is ordered in advance). Eustomas are convivial flowers that radiate joyous emotions only. These flowers will make everyone delighted: the young, the older, the women, and the men. With its small blossoms and beautiful colors, eustomas create the rich-looking effect for the bouquet. The ribbon is matched with the flowers to highlight their color.<\/p>\n","protected":false},"excerpt":{"rendered":"<p style=\"text-align: justify;\">In the vibrant color of roses lies joy-inspiring emotions and eustomas create the freshness. These flowers symbolize honest happiness and modesty.<\/p>\n<p><strong>The size of boxes is optional:<\/strong><\/p>\n<p>The medium box &#8211; 11 roses and 4 eustoms;<\/p>\n<p>The large box &#8211; 19 roses and 7 eustomas.<\/p>\n<p><em><strong><span class=\"HwtZe\" lang=\"en\"><span class=\"jCAhz ChMk0b C1N51c\"><span class=\"ryNqvb\">Eustoma<\/span><\/span><\/span> colors are chosen from those we have on sale at the time, if you want a specific color contact us.<\/strong><\/em><\/p>\n","protected":false},"featured_media":46491,"template":"","meta":[],"product_brand":[],"product_cat":[260,259,252,266,265,256,258,253,257,428,262,263,891,264,242,267,238],"product_tag":[],"class_list":{"0":"post-35471","1":"product","2":"type-product","3":"status-publish","4":"has-post-thumbnail","6":"product_cat-birthday-flowers","7":"product_cat-flowers-by-occasion","8":"product_cat-flowers-by-recipient","9":"product_cat-flowers-by-style","10":"product_cat-flowers-by-type","11":"product_cat-flowers-for-girlfriend","12":"product_cat-flowers-for-men","13":"product_cat-flowers-for-mom","14":"product_cat-flowers-for-women","15":"product_cat-jubilee-flowers","16":"product_cat-march8th-flowers","17":"product_cat-mothers-day-flowers","18":"product_cat-red-roses","19":"product_cat-valentines-day-flowers","20":"product_cat-eustomas","21":"product_cat-flower-boxes","22":"product_cat-roses","23":"tm-no-options","25":"first","26":"instock","27":"taxable","28":"shipping-taxable","29":"purchasable","30":"product-type-variable"},"yoast_head":"<!-- This site is optimized with the Yoast SEO plugin v25.3 - https:\/\/yoast.com\/wordpress\/plugins\/seo\/ -->\n<title>Box of red roses and eustomas | Flowers for all occasions | Gintar\u0117sG\u0117l\u0117s<\/title>\n<meta name=\"description\" content=\"The box of red roses and eustomas will brighten up even the gloomiest day. Order this bouquet on the Internet with the delivery in Vilnius or Vilnius district.\" \/>\n<meta name=\"robots\" content=\"index, follow, max-snippet:-1, max-image-preview:large, max-video-preview:-1\" \/>\n<link rel=\"canonical\" href=\"https:\/\/www.gintaresgeles.lt\/en\/puokste\/box-of-red-roses-and-eustomas\/\" \/>\n<meta property=\"og:locale\" content=\"en_US\" \/>\n<meta property=\"og:type\" content=\"article\" \/>\n<meta property=\"og:title\" content=\"Box of red roses and eustomas | Flowers for all occasions | Gintar\u0117sG\u0117l\u0117s\" \/>\n<meta property=\"og:description\" content=\"The box of red roses and eustomas will brighten up even the gloomiest day. Order this bouquet on the Internet with the delivery in Vilnius or Vilnius district.\" \/>\n<meta property=\"og:url\" content=\"https:\/\/www.gintaresgeles.lt\/en\/puokste\/box-of-red-roses-and-eustomas\/\" \/>\n<meta property=\"og:site_name\" content=\"gintaresgeles.lt\" \/>\n<meta property=\"article:modified_time\" content=\"2026-02-01T15:25:32+00:00\" \/>\n<meta property=\"og:image\" content=\"https:\/\/www.gintaresgeles.lt\/wp-content\/uploads\/2016\/09\/raudonos-rozes-ir-eustomos-dezuteje-geles-moteriai.jpg\" \/>\n\t<meta property=\"og:image:width\" content=\"1200\" \/>\n\t<meta property=\"og:image:height\" content=\"1200\" \/>\n\t<meta property=\"og:image:type\" content=\"image\/jpeg\" \/>\n<meta name=\"twitter:card\" content=\"summary_large_image\" \/>\n<script type=\"application\/ld+json\" class=\"yoast-schema-graph\">{\"@context\":\"https:\/\/schema.org\",\"@graph\":[{\"@type\":\"WebPage\",\"@id\":\"https:\/\/www.gintaresgeles.lt\/en\/puokste\/box-of-red-roses-and-eustomas\/\",\"url\":\"https:\/\/www.gintaresgeles.lt\/en\/puokste\/box-of-red-roses-and-eustomas\/\",\"name\":\"Box of red roses and eustomas | Flowers for all occasions | Gintar\u0117sG\u0117l\u0117s\",\"isPartOf\":{\"@id\":\"https:\/\/www.gintaresgeles.lt\/en\/#website\"},\"primaryImageOfPage\":{\"@id\":\"https:\/\/www.gintaresgeles.lt\/en\/puokste\/box-of-red-roses-and-eustomas\/#primaryimage\"},\"image\":{\"@id\":\"https:\/\/www.gintaresgeles.lt\/en\/puokste\/box-of-red-roses-and-eustomas\/#primaryimage\"},\"thumbnailUrl\":\"https:\/\/www.gintaresgeles.lt\/wp-content\/uploads\/2016\/09\/raudonos-rozes-ir-eustomos-dezuteje-geles-moteriai.jpg\",\"datePublished\":\"2016-09-28T13:27:46+00:00\",\"dateModified\":\"2026-02-01T15:25:32+00:00\",\"description\":\"The box of red roses and eustomas will brighten up even the gloomiest day. Order this bouquet on the Internet with the delivery in Vilnius or Vilnius district.\",\"breadcrumb\":{\"@id\":\"https:\/\/www.gintaresgeles.lt\/en\/puokste\/box-of-red-roses-and-eustomas\/#breadcrumb\"},\"inLanguage\":\"en-US\",\"potentialAction\":[{\"@type\":\"ReadAction\",\"target\":[\"https:\/\/www.gintaresgeles.lt\/en\/puokste\/box-of-red-roses-and-eustomas\/\"]}]},{\"@type\":\"ImageObject\",\"inLanguage\":\"en-US\",\"@id\":\"https:\/\/www.gintaresgeles.lt\/en\/puokste\/box-of-red-roses-and-eustomas\/#primaryimage\",\"url\":\"https:\/\/www.gintaresgeles.lt\/wp-content\/uploads\/2016\/09\/raudonos-rozes-ir-eustomos-dezuteje-geles-moteriai.jpg\",\"contentUrl\":\"https:\/\/www.gintaresgeles.lt\/wp-content\/uploads\/2016\/09\/raudonos-rozes-ir-eustomos-dezuteje-geles-moteriai.jpg\",\"width\":1200,\"height\":1200,\"caption\":\"Raudon\u0173 ro\u017ei\u0173 ir balt\u0173 eustom\u0173 d\u0117\u017eut\u0117\"},{\"@type\":\"BreadcrumbList\",\"@id\":\"https:\/\/www.gintaresgeles.lt\/en\/puokste\/box-of-red-roses-and-eustomas\/#breadcrumb\",\"itemListElement\":[{\"@type\":\"ListItem\",\"position\":1,\"name\":\"Prad\u017eia\",\"item\":\"https:\/\/www.gintaresgeles.lt\/en\/\"},{\"@type\":\"ListItem\",\"position\":2,\"name\":\"All flowers and other products\",\"item\":\"https:\/\/www.gintaresgeles.lt\/en\/all-flowers-and-other-products\/\"},{\"@type\":\"ListItem\",\"position\":3,\"name\":\"Box of red roses and eustomas\"}]},{\"@type\":\"WebSite\",\"@id\":\"https:\/\/www.gintaresgeles.lt\/en\/#website\",\"url\":\"https:\/\/www.gintaresgeles.lt\/en\/\",\"name\":\"Gintares Geles\",\"description\":\"Flower delivery in Vilnius | Same-day delivery | Gintares geles\",\"potentialAction\":[{\"@type\":\"SearchAction\",\"target\":{\"@type\":\"EntryPoint\",\"urlTemplate\":\"https:\/\/www.gintaresgeles.lt\/en\/?s={search_term_string}\"},\"query-input\":{\"@type\":\"PropertyValueSpecification\",\"valueRequired\":true,\"valueName\":\"search_term_string\"}}],\"inLanguage\":\"en-US\"}]}<\/script>\n<!-- \/ Yoast SEO plugin. -->","yoast_head_json":{"title":"Box of red roses and eustomas | Flowers for all occasions | Gintar\u0117sG\u0117l\u0117s","description":"The box of red roses and eustomas will brighten up even the gloomiest day. Order this bouquet on the Internet with the delivery in Vilnius or Vilnius district.","robots":{"index":"index","follow":"follow","max-snippet":"max-snippet:-1","max-image-preview":"max-image-preview:large","max-video-preview":"max-video-preview:-1"},"canonical":"https:\/\/www.gintaresgeles.lt\/en\/puokste\/box-of-red-roses-and-eustomas\/","og_locale":"en_US","og_type":"article","og_title":"Box of red roses and eustomas | Flowers for all occasions | Gintar\u0117sG\u0117l\u0117s","og_description":"The box of red roses and eustomas will brighten up even the gloomiest day. Order this bouquet on the Internet with the delivery in Vilnius or Vilnius district.","og_url":"https:\/\/www.gintaresgeles.lt\/en\/puokste\/box-of-red-roses-and-eustomas\/","og_site_name":"gintaresgeles.lt","article_modified_time":"2026-02-01T15:25:32+00:00","og_image":[{"width":1200,"height":1200,"url":"https:\/\/www.gintaresgeles.lt\/wp-content\/uploads\/2016\/09\/raudonos-rozes-ir-eustomos-dezuteje-geles-moteriai.jpg","type":"image\/jpeg"}],"twitter_card":"summary_large_image","schema":{"@context":"https:\/\/schema.org","@graph":[{"@type":"WebPage","@id":"https:\/\/www.gintaresgeles.lt\/en\/puokste\/box-of-red-roses-and-eustomas\/","url":"https:\/\/www.gintaresgeles.lt\/en\/puokste\/box-of-red-roses-and-eustomas\/","name":"Box of red roses and eustomas | Flowers for all occasions | Gintar\u0117sG\u0117l\u0117s","isPartOf":{"@id":"https:\/\/www.gintaresgeles.lt\/en\/#website"},"primaryImageOfPage":{"@id":"https:\/\/www.gintaresgeles.lt\/en\/puokste\/box-of-red-roses-and-eustomas\/#primaryimage"},"image":{"@id":"https:\/\/www.gintaresgeles.lt\/en\/puokste\/box-of-red-roses-and-eustomas\/#primaryimage"},"thumbnailUrl":"https:\/\/www.gintaresgeles.lt\/wp-content\/uploads\/2016\/09\/raudonos-rozes-ir-eustomos-dezuteje-geles-moteriai.jpg","datePublished":"2016-09-28T13:27:46+00:00","dateModified":"2026-02-01T15:25:32+00:00","description":"The box of red roses and eustomas will brighten up even the gloomiest day. Order this bouquet on the Internet with the delivery in Vilnius or Vilnius district.","breadcrumb":{"@id":"https:\/\/www.gintaresgeles.lt\/en\/puokste\/box-of-red-roses-and-eustomas\/#breadcrumb"},"inLanguage":"en-US","potentialAction":[{"@type":"ReadAction","target":["https:\/\/www.gintaresgeles.lt\/en\/puokste\/box-of-red-roses-and-eustomas\/"]}]},{"@type":"ImageObject","inLanguage":"en-US","@id":"https:\/\/www.gintaresgeles.lt\/en\/puokste\/box-of-red-roses-and-eustomas\/#primaryimage","url":"https:\/\/www.gintaresgeles.lt\/wp-content\/uploads\/2016\/09\/raudonos-rozes-ir-eustomos-dezuteje-geles-moteriai.jpg","contentUrl":"https:\/\/www.gintaresgeles.lt\/wp-content\/uploads\/2016\/09\/raudonos-rozes-ir-eustomos-dezuteje-geles-moteriai.jpg","width":1200,"height":1200,"caption":"Raudon\u0173 ro\u017ei\u0173 ir balt\u0173 eustom\u0173 d\u0117\u017eut\u0117"},{"@type":"BreadcrumbList","@id":"https:\/\/www.gintaresgeles.lt\/en\/puokste\/box-of-red-roses-and-eustomas\/#breadcrumb","itemListElement":[{"@type":"ListItem","position":1,"name":"Prad\u017eia","item":"https:\/\/www.gintaresgeles.lt\/en\/"},{"@type":"ListItem","position":2,"name":"All flowers and other products","item":"https:\/\/www.gintaresgeles.lt\/en\/all-flowers-and-other-products\/"},{"@type":"ListItem","position":3,"name":"Box of red roses and eustomas"}]},{"@type":"WebSite","@id":"https:\/\/www.gintaresgeles.lt\/en\/#website","url":"https:\/\/www.gintaresgeles.lt\/en\/","name":"Gintares Geles","description":"Flower delivery in Vilnius | Same-day delivery | Gintares geles","potentialAction":[{"@type":"SearchAction","target":{"@type":"EntryPoint","urlTemplate":"https:\/\/www.gintaresgeles.lt\/en\/?s={search_term_string}"},"query-input":{"@type":"PropertyValueSpecification","valueRequired":true,"valueName":"search_term_string"}}],"inLanguage":"en-US"}]}},"_links":{"self":[{"href":"https:\/\/www.gintaresgeles.lt\/en\/wp-json\/wp\/v2\/product\/35471","targetHints":{"allow":["GET"]}}],"collection":[{"href":"https:\/\/www.gintaresgeles.lt\/en\/wp-json\/wp\/v2\/product"}],"about":[{"href":"https:\/\/www.gintaresgeles.lt\/en\/wp-json\/wp\/v2\/types\/product"}],"wp:featuredmedia":[{"embeddable":true,"href":"https:\/\/www.gintaresgeles.lt\/en\/wp-json\/wp\/v2\/media\/46491"}],"wp:attachment":[{"href":"https:\/\/www.gintaresgeles.lt\/en\/wp-json\/wp\/v2\/media?parent=35471"}],"wp:term":[{"taxonomy":"product_brand","embeddable":true,"href":"https:\/\/www.gintaresgeles.lt\/en\/wp-json\/wp\/v2\/product_brand?post=35471"},{"taxonomy":"product_cat","embeddable":true,"href":"https:\/\/www.gintaresgeles.lt\/en\/wp-json\/wp\/v2\/product_cat?post=35471"},{"taxonomy":"product_tag","embeddable":true,"href":"https:\/\/www.gintaresgeles.lt\/en\/wp-json\/wp\/v2\/product_tag?post=35471"}],"curies":[{"name":"wp","href":"https:\/\/api.w.org\/{rel}","templated":true}]}}