{"id":36808,"date":"2021-05-26T11:35:31","date_gmt":"2021-05-26T09:35:31","guid":{"rendered":"https:\/\/www.gintaresgeles.lt\/?post_type=product&#038;p=36808"},"modified":"2025-05-29T02:00:35","modified_gmt":"2025-05-29T00:00:35","slug":"greeting-card-colorful-balloons","status":"publish","type":"product","link":"https:\/\/www.gintaresgeles.lt\/en\/puokste\/greeting-card-colorful-balloons\/","title":{"rendered":"Greeting card \u201eColorful balloons\u201c"},"content":{"rendered":"","protected":false},"excerpt":{"rendered":"","protected":false},"featured_media":58389,"template":"","meta":[],"product_brand":[],"product_cat":[251],"product_tag":[],"class_list":{"0":"post-36808","1":"product","2":"type-product","3":"status-publish","4":"has-post-thumbnail","6":"product_cat-greeting-cards","7":"tm-has-options","9":"first","10":"instock","11":"taxable","12":"shipping-taxable","13":"purchasable","14":"product-type-simple"},"yoast_head":"<!-- This site is optimized with the Yoast SEO plugin v25.3 - https:\/\/yoast.com\/wordpress\/plugins\/seo\/ -->\n<title>Greeting card \u201eColorful balloons\u201c | Flowers delivery | Gintar\u0117sG\u0117l\u0117s<\/title>\n<meta name=\"description\" content=\"Postcard &quot;Colorful balloons&quot; is a great addition to flowers. You can write the most beautiful words and wishes in this card.\" \/>\n<meta name=\"robots\" content=\"index, nofollow, max-snippet:-1, max-image-preview:large, max-video-preview:-1\" \/>\n<link rel=\"canonical\" href=\"https:\/\/www.gintaresgeles.lt\/en\/puokste\/greeting-card-colorful-balloons\/\" \/>\n<meta property=\"og:locale\" content=\"en_US\" \/>\n<meta property=\"og:type\" content=\"article\" \/>\n<meta property=\"og:title\" content=\"Greeting card \u201eColorful balloons\u201c | Flowers delivery | Gintar\u0117sG\u0117l\u0117s\" \/>\n<meta property=\"og:description\" content=\"Postcard &quot;Colorful balloons&quot; is a great addition to flowers. You can write the most beautiful words and wishes in this card.\" \/>\n<meta property=\"og:url\" content=\"https:\/\/www.gintaresgeles.lt\/en\/puokste\/greeting-card-colorful-balloons\/\" \/>\n<meta property=\"og:site_name\" content=\"gintaresgeles.lt\" \/>\n<meta property=\"article:modified_time\" content=\"2025-05-29T00:00:35+00:00\" \/>\n<meta property=\"og:image\" content=\"https:\/\/www.gintaresgeles.lt\/wp-content\/uploads\/2021\/05\/atvirukai-balionai.jpg\" \/>\n\t<meta property=\"og:image:width\" content=\"600\" \/>\n\t<meta property=\"og:image:height\" content=\"600\" \/>\n\t<meta property=\"og:image:type\" content=\"image\/jpeg\" \/>\n<meta name=\"twitter:card\" content=\"summary_large_image\" \/>\n<script type=\"application\/ld+json\" class=\"yoast-schema-graph\">{\"@context\":\"https:\/\/schema.org\",\"@graph\":[{\"@type\":\"WebPage\",\"@id\":\"https:\/\/www.gintaresgeles.lt\/en\/puokste\/greeting-card-colorful-balloons\/\",\"url\":\"https:\/\/www.gintaresgeles.lt\/en\/puokste\/greeting-card-colorful-balloons\/\",\"name\":\"Greeting card \u201eColorful balloons\u201c | Flowers delivery | Gintar\u0117sG\u0117l\u0117s\",\"isPartOf\":{\"@id\":\"https:\/\/www.gintaresgeles.lt\/en\/#website\"},\"primaryImageOfPage\":{\"@id\":\"https:\/\/www.gintaresgeles.lt\/en\/puokste\/greeting-card-colorful-balloons\/#primaryimage\"},\"image\":{\"@id\":\"https:\/\/www.gintaresgeles.lt\/en\/puokste\/greeting-card-colorful-balloons\/#primaryimage\"},\"thumbnailUrl\":\"https:\/\/www.gintaresgeles.lt\/wp-content\/uploads\/2021\/05\/atvirukas-su-balionais-1.jpg\",\"datePublished\":\"2021-05-26T09:35:31+00:00\",\"dateModified\":\"2025-05-29T00:00:35+00:00\",\"description\":\"Postcard \\\"Colorful balloons\\\" is a great addition to flowers. You can write the most beautiful words and wishes in this card.\",\"breadcrumb\":{\"@id\":\"https:\/\/www.gintaresgeles.lt\/en\/puokste\/greeting-card-colorful-balloons\/#breadcrumb\"},\"inLanguage\":\"en-US\",\"potentialAction\":[{\"@type\":\"ReadAction\",\"target\":[\"https:\/\/www.gintaresgeles.lt\/en\/puokste\/greeting-card-colorful-balloons\/\"]}]},{\"@type\":\"ImageObject\",\"inLanguage\":\"en-US\",\"@id\":\"https:\/\/www.gintaresgeles.lt\/en\/puokste\/greeting-card-colorful-balloons\/#primaryimage\",\"url\":\"https:\/\/www.gintaresgeles.lt\/wp-content\/uploads\/2021\/05\/atvirukas-su-balionais-1.jpg\",\"contentUrl\":\"https:\/\/www.gintaresgeles.lt\/wp-content\/uploads\/2021\/05\/atvirukas-su-balionais-1.jpg\",\"width\":957,\"height\":957,\"caption\":\"Atvirukas prie g\u0117li\u0173 spalvingi balionai\"},{\"@type\":\"BreadcrumbList\",\"@id\":\"https:\/\/www.gintaresgeles.lt\/en\/puokste\/greeting-card-colorful-balloons\/#breadcrumb\",\"itemListElement\":[{\"@type\":\"ListItem\",\"position\":1,\"name\":\"Prad\u017eia\",\"item\":\"https:\/\/www.gintaresgeles.lt\/en\/\"},{\"@type\":\"ListItem\",\"position\":2,\"name\":\"All flowers and other products\",\"item\":\"https:\/\/www.gintaresgeles.lt\/en\/all-flowers-and-other-products\/\"},{\"@type\":\"ListItem\",\"position\":3,\"name\":\"Greeting card \u201eColorful balloons\u201c\"}]},{\"@type\":\"WebSite\",\"@id\":\"https:\/\/www.gintaresgeles.lt\/en\/#website\",\"url\":\"https:\/\/www.gintaresgeles.lt\/en\/\",\"name\":\"Gintares Geles\",\"description\":\"Flower delivery in Vilnius | Same-day delivery | Gintares geles\",\"potentialAction\":[{\"@type\":\"SearchAction\",\"target\":{\"@type\":\"EntryPoint\",\"urlTemplate\":\"https:\/\/www.gintaresgeles.lt\/en\/?s={search_term_string}\"},\"query-input\":{\"@type\":\"PropertyValueSpecification\",\"valueRequired\":true,\"valueName\":\"search_term_string\"}}],\"inLanguage\":\"en-US\"}]}<\/script>\n<!-- \/ Yoast SEO plugin. -->","yoast_head_json":{"title":"Greeting card \u201eColorful balloons\u201c | Flowers delivery | Gintar\u0117sG\u0117l\u0117s","description":"Postcard \"Colorful balloons\" is a great addition to flowers. You can write the most beautiful words and wishes in this card.","robots":{"index":"index","follow":"nofollow","max-snippet":"max-snippet:-1","max-image-preview":"max-image-preview:large","max-video-preview":"max-video-preview:-1"},"canonical":"https:\/\/www.gintaresgeles.lt\/en\/puokste\/greeting-card-colorful-balloons\/","og_locale":"en_US","og_type":"article","og_title":"Greeting card \u201eColorful balloons\u201c | Flowers delivery | Gintar\u0117sG\u0117l\u0117s","og_description":"Postcard \"Colorful balloons\" is a great addition to flowers. You can write the most beautiful words and wishes in this card.","og_url":"https:\/\/www.gintaresgeles.lt\/en\/puokste\/greeting-card-colorful-balloons\/","og_site_name":"gintaresgeles.lt","article_modified_time":"2025-05-29T00:00:35+00:00","og_image":[{"width":600,"height":600,"url":"https:\/\/www.gintaresgeles.lt\/wp-content\/uploads\/2021\/05\/atvirukai-balionai.jpg","type":"image\/jpeg"}],"twitter_card":"summary_large_image","schema":{"@context":"https:\/\/schema.org","@graph":[{"@type":"WebPage","@id":"https:\/\/www.gintaresgeles.lt\/en\/puokste\/greeting-card-colorful-balloons\/","url":"https:\/\/www.gintaresgeles.lt\/en\/puokste\/greeting-card-colorful-balloons\/","name":"Greeting card \u201eColorful balloons\u201c | Flowers delivery | Gintar\u0117sG\u0117l\u0117s","isPartOf":{"@id":"https:\/\/www.gintaresgeles.lt\/en\/#website"},"primaryImageOfPage":{"@id":"https:\/\/www.gintaresgeles.lt\/en\/puokste\/greeting-card-colorful-balloons\/#primaryimage"},"image":{"@id":"https:\/\/www.gintaresgeles.lt\/en\/puokste\/greeting-card-colorful-balloons\/#primaryimage"},"thumbnailUrl":"https:\/\/www.gintaresgeles.lt\/wp-content\/uploads\/2021\/05\/atvirukas-su-balionais-1.jpg","datePublished":"2021-05-26T09:35:31+00:00","dateModified":"2025-05-29T00:00:35+00:00","description":"Postcard \"Colorful balloons\" is a great addition to flowers. You can write the most beautiful words and wishes in this card.","breadcrumb":{"@id":"https:\/\/www.gintaresgeles.lt\/en\/puokste\/greeting-card-colorful-balloons\/#breadcrumb"},"inLanguage":"en-US","potentialAction":[{"@type":"ReadAction","target":["https:\/\/www.gintaresgeles.lt\/en\/puokste\/greeting-card-colorful-balloons\/"]}]},{"@type":"ImageObject","inLanguage":"en-US","@id":"https:\/\/www.gintaresgeles.lt\/en\/puokste\/greeting-card-colorful-balloons\/#primaryimage","url":"https:\/\/www.gintaresgeles.lt\/wp-content\/uploads\/2021\/05\/atvirukas-su-balionais-1.jpg","contentUrl":"https:\/\/www.gintaresgeles.lt\/wp-content\/uploads\/2021\/05\/atvirukas-su-balionais-1.jpg","width":957,"height":957,"caption":"Atvirukas prie g\u0117li\u0173 spalvingi balionai"},{"@type":"BreadcrumbList","@id":"https:\/\/www.gintaresgeles.lt\/en\/puokste\/greeting-card-colorful-balloons\/#breadcrumb","itemListElement":[{"@type":"ListItem","position":1,"name":"Prad\u017eia","item":"https:\/\/www.gintaresgeles.lt\/en\/"},{"@type":"ListItem","position":2,"name":"All flowers and other products","item":"https:\/\/www.gintaresgeles.lt\/en\/all-flowers-and-other-products\/"},{"@type":"ListItem","position":3,"name":"Greeting card \u201eColorful balloons\u201c"}]},{"@type":"WebSite","@id":"https:\/\/www.gintaresgeles.lt\/en\/#website","url":"https:\/\/www.gintaresgeles.lt\/en\/","name":"Gintares Geles","description":"Flower delivery in Vilnius | Same-day delivery | Gintares geles","potentialAction":[{"@type":"SearchAction","target":{"@type":"EntryPoint","urlTemplate":"https:\/\/www.gintaresgeles.lt\/en\/?s={search_term_string}"},"query-input":{"@type":"PropertyValueSpecification","valueRequired":true,"valueName":"search_term_string"}}],"inLanguage":"en-US"}]}},"_links":{"self":[{"href":"https:\/\/www.gintaresgeles.lt\/en\/wp-json\/wp\/v2\/product\/36808","targetHints":{"allow":["GET"]}}],"collection":[{"href":"https:\/\/www.gintaresgeles.lt\/en\/wp-json\/wp\/v2\/product"}],"about":[{"href":"https:\/\/www.gintaresgeles.lt\/en\/wp-json\/wp\/v2\/types\/product"}],"wp:featuredmedia":[{"embeddable":true,"href":"https:\/\/www.gintaresgeles.lt\/en\/wp-json\/wp\/v2\/media\/58389"}],"wp:attachment":[{"href":"https:\/\/www.gintaresgeles.lt\/en\/wp-json\/wp\/v2\/media?parent=36808"}],"wp:term":[{"taxonomy":"product_brand","embeddable":true,"href":"https:\/\/www.gintaresgeles.lt\/en\/wp-json\/wp\/v2\/product_brand?post=36808"},{"taxonomy":"product_cat","embeddable":true,"href":"https:\/\/www.gintaresgeles.lt\/en\/wp-json\/wp\/v2\/product_cat?post=36808"},{"taxonomy":"product_tag","embeddable":true,"href":"https:\/\/www.gintaresgeles.lt\/en\/wp-json\/wp\/v2\/product_tag?post=36808"}],"curies":[{"name":"wp","href":"https:\/\/api.w.org\/{rel}","templated":true}]}}