{"id":36925,"date":"2021-05-28T13:45:14","date_gmt":"2021-05-28T11:45:15","guid":{"rendered":"https:\/\/www.gintaresgeles.lt\/?post_type=product&#038;p=36925"},"modified":"2022-11-17T13:35:04","modified_gmt":"2022-11-17T10:35:04","slug":"small-pink-rose-bear-with-heart-in-the-box","status":"publish","type":"product","link":"https:\/\/www.gintaresgeles.lt\/en\/puokste\/small-pink-rose-bear-with-heart-in-the-box\/","title":{"rendered":"Small pink rose bear with heart in the box"},"content":{"rendered":"","protected":false},"excerpt":{"rendered":"<p>A rose bear is a great gift for your special woman. Give this delicate gift that will remind you of your beautiful feelings for a long time. Surprise and congratulate on the most diverse occasions: Valentine&#8217;s Day, Women&#8217;s Day or birthday. After all, the most important thing is attention!<\/p>\n<p>The bear is packed in a transparent box and tied with a ribbon. The size of the teddy bear is 25 cm.<\/p>\n","protected":false},"featured_media":36927,"template":"","meta":[],"product_brand":[],"product_cat":[237,1540],"product_tag":[],"class_list":{"0":"post-36925","1":"product","2":"type-product","3":"status-publish","4":"has-post-thumbnail","6":"product_cat-gifts","7":"product_cat-rose-bears","8":"tm-has-options","10":"first","11":"outofstock","12":"taxable","13":"shipping-taxable","14":"purchasable","15":"product-type-simple"},"yoast_head":"<!-- This site is optimized with the Yoast SEO plugin v25.3 - https:\/\/yoast.com\/wordpress\/plugins\/seo\/ -->\n<title>Small pink rose bear with heart in the box | Gintar\u0117sG\u0117l\u0117s.lt<\/title>\n<meta name=\"description\" content=\"Surprise your beloved woman by gifting this exclusive and luxurious pink rose teddy bear with a heart, which will decorate your home with its beauty.\" \/>\n<meta name=\"robots\" content=\"index, follow, max-snippet:-1, max-image-preview:large, max-video-preview:-1\" \/>\n<link rel=\"canonical\" href=\"https:\/\/www.gintaresgeles.lt\/en\/puokste\/small-pink-rose-bear-with-heart-in-the-box\/\" \/>\n<meta property=\"og:locale\" content=\"en_US\" \/>\n<meta property=\"og:type\" content=\"article\" \/>\n<meta property=\"og:title\" content=\"Small pink rose bear with heart in the box | Gintar\u0117sG\u0117l\u0117s.lt\" \/>\n<meta property=\"og:description\" content=\"Surprise your beloved woman by gifting this exclusive and luxurious pink rose teddy bear with a heart, which will decorate your home with its beauty.\" \/>\n<meta property=\"og:url\" content=\"https:\/\/www.gintaresgeles.lt\/en\/puokste\/small-pink-rose-bear-with-heart-in-the-box\/\" \/>\n<meta property=\"og:site_name\" content=\"gintaresgeles.lt\" \/>\n<meta property=\"article:modified_time\" content=\"2022-11-17T10:35:04+00:00\" \/>\n<meta property=\"og:image\" content=\"https:\/\/www.gintaresgeles.lt\/wp-content\/uploads\/2021\/05\/roziu-meskiukai-roziniai-su-sirdele.jpg\" \/>\n\t<meta property=\"og:image:width\" content=\"600\" \/>\n\t<meta property=\"og:image:height\" content=\"600\" \/>\n\t<meta property=\"og:image:type\" content=\"image\/jpeg\" \/>\n<meta name=\"twitter:card\" content=\"summary_large_image\" \/>\n<script type=\"application\/ld+json\" class=\"yoast-schema-graph\">{\"@context\":\"https:\/\/schema.org\",\"@graph\":[{\"@type\":\"WebPage\",\"@id\":\"https:\/\/www.gintaresgeles.lt\/en\/puokste\/small-pink-rose-bear-with-heart-in-the-box\/\",\"url\":\"https:\/\/www.gintaresgeles.lt\/en\/puokste\/small-pink-rose-bear-with-heart-in-the-box\/\",\"name\":\"Small pink rose bear with heart in the box | Gintar\u0117sG\u0117l\u0117s.lt\",\"isPartOf\":{\"@id\":\"https:\/\/www.gintaresgeles.lt\/en\/#website\"},\"primaryImageOfPage\":{\"@id\":\"https:\/\/www.gintaresgeles.lt\/en\/puokste\/small-pink-rose-bear-with-heart-in-the-box\/#primaryimage\"},\"image\":{\"@id\":\"https:\/\/www.gintaresgeles.lt\/en\/puokste\/small-pink-rose-bear-with-heart-in-the-box\/#primaryimage\"},\"thumbnailUrl\":\"https:\/\/www.gintaresgeles.lt\/wp-content\/uploads\/2021\/05\/roziu-meskiukai-roziniai-su-sirdele.jpg\",\"datePublished\":\"2021-05-28T11:45:15+00:00\",\"dateModified\":\"2022-11-17T10:35:04+00:00\",\"description\":\"Surprise your beloved woman by gifting this exclusive and luxurious pink rose teddy bear with a heart, which will decorate your home with its beauty.\",\"breadcrumb\":{\"@id\":\"https:\/\/www.gintaresgeles.lt\/en\/puokste\/small-pink-rose-bear-with-heart-in-the-box\/#breadcrumb\"},\"inLanguage\":\"en-US\",\"potentialAction\":[{\"@type\":\"ReadAction\",\"target\":[\"https:\/\/www.gintaresgeles.lt\/en\/puokste\/small-pink-rose-bear-with-heart-in-the-box\/\"]}]},{\"@type\":\"ImageObject\",\"inLanguage\":\"en-US\",\"@id\":\"https:\/\/www.gintaresgeles.lt\/en\/puokste\/small-pink-rose-bear-with-heart-in-the-box\/#primaryimage\",\"url\":\"https:\/\/www.gintaresgeles.lt\/wp-content\/uploads\/2021\/05\/roziu-meskiukai-roziniai-su-sirdele.jpg\",\"contentUrl\":\"https:\/\/www.gintaresgeles.lt\/wp-content\/uploads\/2021\/05\/roziu-meskiukai-roziniai-su-sirdele.jpg\",\"width\":600,\"height\":600,\"caption\":\"Ma\u017eas ro\u017einis ro\u017ei\u0173 me\u0161kiukas su \u0161irdele d\u0117\u017eut\u0117je\"},{\"@type\":\"BreadcrumbList\",\"@id\":\"https:\/\/www.gintaresgeles.lt\/en\/puokste\/small-pink-rose-bear-with-heart-in-the-box\/#breadcrumb\",\"itemListElement\":[{\"@type\":\"ListItem\",\"position\":1,\"name\":\"Prad\u017eia\",\"item\":\"https:\/\/www.gintaresgeles.lt\/en\/\"},{\"@type\":\"ListItem\",\"position\":2,\"name\":\"All flowers and other products\",\"item\":\"https:\/\/www.gintaresgeles.lt\/en\/all-flowers-and-other-products\/\"},{\"@type\":\"ListItem\",\"position\":3,\"name\":\"Small pink rose bear with heart in the box\"}]},{\"@type\":\"WebSite\",\"@id\":\"https:\/\/www.gintaresgeles.lt\/en\/#website\",\"url\":\"https:\/\/www.gintaresgeles.lt\/en\/\",\"name\":\"gintaresgeles.lt\",\"description\":\"G\u0117li\u0173 parduotuv\u0117 internete\",\"potentialAction\":[{\"@type\":\"SearchAction\",\"target\":{\"@type\":\"EntryPoint\",\"urlTemplate\":\"https:\/\/www.gintaresgeles.lt\/en\/?s={search_term_string}\"},\"query-input\":{\"@type\":\"PropertyValueSpecification\",\"valueRequired\":true,\"valueName\":\"search_term_string\"}}],\"inLanguage\":\"en-US\"}]}<\/script>\n<!-- \/ Yoast SEO plugin. -->","yoast_head_json":{"title":"Small pink rose bear with heart in the box | Gintar\u0117sG\u0117l\u0117s.lt","description":"Surprise your beloved woman by gifting this exclusive and luxurious pink rose teddy bear with a heart, which will decorate your home with its beauty.","robots":{"index":"index","follow":"follow","max-snippet":"max-snippet:-1","max-image-preview":"max-image-preview:large","max-video-preview":"max-video-preview:-1"},"canonical":"https:\/\/www.gintaresgeles.lt\/en\/puokste\/small-pink-rose-bear-with-heart-in-the-box\/","og_locale":"en_US","og_type":"article","og_title":"Small pink rose bear with heart in the box | Gintar\u0117sG\u0117l\u0117s.lt","og_description":"Surprise your beloved woman by gifting this exclusive and luxurious pink rose teddy bear with a heart, which will decorate your home with its beauty.","og_url":"https:\/\/www.gintaresgeles.lt\/en\/puokste\/small-pink-rose-bear-with-heart-in-the-box\/","og_site_name":"gintaresgeles.lt","article_modified_time":"2022-11-17T10:35:04+00:00","og_image":[{"width":600,"height":600,"url":"https:\/\/www.gintaresgeles.lt\/wp-content\/uploads\/2021\/05\/roziu-meskiukai-roziniai-su-sirdele.jpg","type":"image\/jpeg"}],"twitter_card":"summary_large_image","schema":{"@context":"https:\/\/schema.org","@graph":[{"@type":"WebPage","@id":"https:\/\/www.gintaresgeles.lt\/en\/puokste\/small-pink-rose-bear-with-heart-in-the-box\/","url":"https:\/\/www.gintaresgeles.lt\/en\/puokste\/small-pink-rose-bear-with-heart-in-the-box\/","name":"Small pink rose bear with heart in the box | Gintar\u0117sG\u0117l\u0117s.lt","isPartOf":{"@id":"https:\/\/www.gintaresgeles.lt\/en\/#website"},"primaryImageOfPage":{"@id":"https:\/\/www.gintaresgeles.lt\/en\/puokste\/small-pink-rose-bear-with-heart-in-the-box\/#primaryimage"},"image":{"@id":"https:\/\/www.gintaresgeles.lt\/en\/puokste\/small-pink-rose-bear-with-heart-in-the-box\/#primaryimage"},"thumbnailUrl":"https:\/\/www.gintaresgeles.lt\/wp-content\/uploads\/2021\/05\/roziu-meskiukai-roziniai-su-sirdele.jpg","datePublished":"2021-05-28T11:45:15+00:00","dateModified":"2022-11-17T10:35:04+00:00","description":"Surprise your beloved woman by gifting this exclusive and luxurious pink rose teddy bear with a heart, which will decorate your home with its beauty.","breadcrumb":{"@id":"https:\/\/www.gintaresgeles.lt\/en\/puokste\/small-pink-rose-bear-with-heart-in-the-box\/#breadcrumb"},"inLanguage":"en-US","potentialAction":[{"@type":"ReadAction","target":["https:\/\/www.gintaresgeles.lt\/en\/puokste\/small-pink-rose-bear-with-heart-in-the-box\/"]}]},{"@type":"ImageObject","inLanguage":"en-US","@id":"https:\/\/www.gintaresgeles.lt\/en\/puokste\/small-pink-rose-bear-with-heart-in-the-box\/#primaryimage","url":"https:\/\/www.gintaresgeles.lt\/wp-content\/uploads\/2021\/05\/roziu-meskiukai-roziniai-su-sirdele.jpg","contentUrl":"https:\/\/www.gintaresgeles.lt\/wp-content\/uploads\/2021\/05\/roziu-meskiukai-roziniai-su-sirdele.jpg","width":600,"height":600,"caption":"Ma\u017eas ro\u017einis ro\u017ei\u0173 me\u0161kiukas su \u0161irdele d\u0117\u017eut\u0117je"},{"@type":"BreadcrumbList","@id":"https:\/\/www.gintaresgeles.lt\/en\/puokste\/small-pink-rose-bear-with-heart-in-the-box\/#breadcrumb","itemListElement":[{"@type":"ListItem","position":1,"name":"Prad\u017eia","item":"https:\/\/www.gintaresgeles.lt\/en\/"},{"@type":"ListItem","position":2,"name":"All flowers and other products","item":"https:\/\/www.gintaresgeles.lt\/en\/all-flowers-and-other-products\/"},{"@type":"ListItem","position":3,"name":"Small pink rose bear with heart in the box"}]},{"@type":"WebSite","@id":"https:\/\/www.gintaresgeles.lt\/en\/#website","url":"https:\/\/www.gintaresgeles.lt\/en\/","name":"gintaresgeles.lt","description":"G\u0117li\u0173 parduotuv\u0117 internete","potentialAction":[{"@type":"SearchAction","target":{"@type":"EntryPoint","urlTemplate":"https:\/\/www.gintaresgeles.lt\/en\/?s={search_term_string}"},"query-input":{"@type":"PropertyValueSpecification","valueRequired":true,"valueName":"search_term_string"}}],"inLanguage":"en-US"}]}},"_links":{"self":[{"href":"https:\/\/www.gintaresgeles.lt\/en\/wp-json\/wp\/v2\/product\/36925","targetHints":{"allow":["GET"]}}],"collection":[{"href":"https:\/\/www.gintaresgeles.lt\/en\/wp-json\/wp\/v2\/product"}],"about":[{"href":"https:\/\/www.gintaresgeles.lt\/en\/wp-json\/wp\/v2\/types\/product"}],"wp:featuredmedia":[{"embeddable":true,"href":"https:\/\/www.gintaresgeles.lt\/en\/wp-json\/wp\/v2\/media\/36927"}],"wp:attachment":[{"href":"https:\/\/www.gintaresgeles.lt\/en\/wp-json\/wp\/v2\/media?parent=36925"}],"wp:term":[{"taxonomy":"product_brand","embeddable":true,"href":"https:\/\/www.gintaresgeles.lt\/en\/wp-json\/wp\/v2\/product_brand?post=36925"},{"taxonomy":"product_cat","embeddable":true,"href":"https:\/\/www.gintaresgeles.lt\/en\/wp-json\/wp\/v2\/product_cat?post=36925"},{"taxonomy":"product_tag","embeddable":true,"href":"https:\/\/www.gintaresgeles.lt\/en\/wp-json\/wp\/v2\/product_tag?post=36925"}],"curies":[{"name":"wp","href":"https:\/\/api.w.org\/{rel}","templated":true}]}}