{"id":37437,"date":"2021-07-01T16:36:19","date_gmt":"2021-07-01T14:36:19","guid":{"rendered":"https:\/\/www.gintaresgeles.lt\/?post_type=product&#038;p=37437"},"modified":"2025-05-29T02:00:30","modified_gmt":"2025-05-29T00:00:30","slug":"mega-box-of-red-roses-surprise","status":"publish","type":"product","link":"https:\/\/www.gintaresgeles.lt\/en\/puokste\/mega-box-of-red-roses-surprise\/","title":{"rendered":"MEGA box of red roses \u201eSurprise\u201c"},"content":{"rendered":"<p>Quantity of flowers in a box 33-35 pcs. The box also includes 4 regular size &#8220;Raffaello&#8221; boxes &#8211; 150 g each. Depending on the size of the rose blooms, there may be a few more or fewer roses to keep the overall look from being overcrowded or missing roses.<\/p>\n<p>Box dimensions: 50 x 48 cm.<\/p>\n","protected":false},"excerpt":{"rendered":"<p>Special flowers for a special woman. Evoke the most beautiful feelings by gifting your loved one this sweetly impressive looking box of red roses. It&#8217;s a great gift for a birthday, Valentine&#8217;s Day, or even an anniversary.<\/p>\n","protected":false},"featured_media":37443,"template":"","meta":[],"product_brand":[],"product_cat":[260,259,252,266,265,256,257,262,263,891,650,264,267,238],"product_tag":[],"class_list":{"0":"post-37437","1":"product","2":"type-product","3":"status-publish","4":"has-post-thumbnail","6":"product_cat-birthday-flowers","7":"product_cat-flowers-by-occasion","8":"product_cat-flowers-by-recipient","9":"product_cat-flowers-by-style","10":"product_cat-flowers-by-type","11":"product_cat-flowers-for-girlfriend","12":"product_cat-flowers-for-women","13":"product_cat-march8th-flowers","14":"product_cat-mothers-day-flowers","15":"product_cat-red-roses","16":"product_cat-roses-in-a-box","17":"product_cat-valentines-day-flowers","18":"product_cat-flower-boxes","19":"product_cat-roses","20":"tm-no-options","22":"first","23":"instock","24":"taxable","25":"shipping-taxable","26":"purchasable","27":"product-type-simple"},"yoast_head":"<!-- This site is optimized with the Yoast SEO plugin v25.3 - https:\/\/yoast.com\/wordpress\/plugins\/seo\/ -->\n<title>MEGA box of red roses \u201eSurprise\u201c | Flower delivery in Vilnius | Gintar\u0117s g\u0117l\u0117s<\/title>\n<meta name=\"description\" content=\"Looking for a sweet gift and a unique flower box? This MEGA rose box is sure to surprise every recipient with its size and uniqueness.\" \/>\n<meta name=\"robots\" content=\"index, follow, max-snippet:-1, max-image-preview:large, max-video-preview:-1\" \/>\n<link rel=\"canonical\" href=\"https:\/\/www.gintaresgeles.lt\/en\/puokste\/mega-box-of-red-roses-surprise\/\" \/>\n<meta property=\"og:locale\" content=\"en_US\" \/>\n<meta property=\"og:type\" content=\"article\" \/>\n<meta property=\"og:title\" content=\"MEGA box of red roses \u201eSurprise\u201c | Flower delivery in Vilnius | Gintar\u0117s g\u0117l\u0117s\" \/>\n<meta property=\"og:description\" content=\"Looking for a sweet gift and a unique flower box? This MEGA rose box is sure to surprise every recipient with its size and uniqueness.\" \/>\n<meta property=\"og:url\" content=\"https:\/\/www.gintaresgeles.lt\/en\/puokste\/mega-box-of-red-roses-surprise\/\" \/>\n<meta property=\"og:site_name\" content=\"gintaresgeles.lt\" \/>\n<meta property=\"article:modified_time\" content=\"2025-05-29T00:00:30+00:00\" \/>\n<meta property=\"og:image\" content=\"https:\/\/www.gintaresgeles.lt\/wp-content\/uploads\/2021\/07\/raudonu-roziu-mega-dezute-su-raffaello-scaled.jpg\" \/>\n\t<meta property=\"og:image:width\" content=\"2560\" \/>\n\t<meta property=\"og:image:height\" content=\"2560\" \/>\n\t<meta property=\"og:image:type\" content=\"image\/jpeg\" \/>\n<meta name=\"twitter:card\" content=\"summary_large_image\" \/>\n<script type=\"application\/ld+json\" class=\"yoast-schema-graph\">{\"@context\":\"https:\/\/schema.org\",\"@graph\":[{\"@type\":\"WebPage\",\"@id\":\"https:\/\/www.gintaresgeles.lt\/en\/puokste\/mega-box-of-red-roses-surprise\/\",\"url\":\"https:\/\/www.gintaresgeles.lt\/en\/puokste\/mega-box-of-red-roses-surprise\/\",\"name\":\"MEGA box of red roses \u201eSurprise\u201c | Flower delivery in Vilnius | Gintar\u0117s g\u0117l\u0117s\",\"isPartOf\":{\"@id\":\"https:\/\/www.gintaresgeles.lt\/en\/#website\"},\"primaryImageOfPage\":{\"@id\":\"https:\/\/www.gintaresgeles.lt\/en\/puokste\/mega-box-of-red-roses-surprise\/#primaryimage\"},\"image\":{\"@id\":\"https:\/\/www.gintaresgeles.lt\/en\/puokste\/mega-box-of-red-roses-surprise\/#primaryimage\"},\"thumbnailUrl\":\"https:\/\/www.gintaresgeles.lt\/wp-content\/uploads\/2021\/07\/raudonu-roziu-mega-dezute-su-raffaello-scaled.jpg\",\"datePublished\":\"2021-07-01T14:36:19+00:00\",\"dateModified\":\"2025-05-29T00:00:30+00:00\",\"description\":\"Looking for a sweet gift and a unique flower box? This MEGA rose box is sure to surprise every recipient with its size and uniqueness.\",\"breadcrumb\":{\"@id\":\"https:\/\/www.gintaresgeles.lt\/en\/puokste\/mega-box-of-red-roses-surprise\/#breadcrumb\"},\"inLanguage\":\"en-US\",\"potentialAction\":[{\"@type\":\"ReadAction\",\"target\":[\"https:\/\/www.gintaresgeles.lt\/en\/puokste\/mega-box-of-red-roses-surprise\/\"]}]},{\"@type\":\"ImageObject\",\"inLanguage\":\"en-US\",\"@id\":\"https:\/\/www.gintaresgeles.lt\/en\/puokste\/mega-box-of-red-roses-surprise\/#primaryimage\",\"url\":\"https:\/\/www.gintaresgeles.lt\/wp-content\/uploads\/2021\/07\/raudonu-roziu-mega-dezute-su-raffaello-scaled.jpg\",\"contentUrl\":\"https:\/\/www.gintaresgeles.lt\/wp-content\/uploads\/2021\/07\/raudonu-roziu-mega-dezute-su-raffaello-scaled.jpg\",\"width\":2560,\"height\":2560,\"caption\":\"Raudonos ro\u017e\u0117s mega d\u0117\u017eut\u0117je su saldainiais g\u0117l\u0117s merginai\"},{\"@type\":\"BreadcrumbList\",\"@id\":\"https:\/\/www.gintaresgeles.lt\/en\/puokste\/mega-box-of-red-roses-surprise\/#breadcrumb\",\"itemListElement\":[{\"@type\":\"ListItem\",\"position\":1,\"name\":\"Prad\u017eia\",\"item\":\"https:\/\/www.gintaresgeles.lt\/en\/\"},{\"@type\":\"ListItem\",\"position\":2,\"name\":\"All flowers and other products\",\"item\":\"https:\/\/www.gintaresgeles.lt\/en\/all-flowers-and-other-products\/\"},{\"@type\":\"ListItem\",\"position\":3,\"name\":\"MEGA box of red roses \u201eSurprise\u201c\"}]},{\"@type\":\"WebSite\",\"@id\":\"https:\/\/www.gintaresgeles.lt\/en\/#website\",\"url\":\"https:\/\/www.gintaresgeles.lt\/en\/\",\"name\":\"Gintares Geles\",\"description\":\"Flower delivery in Vilnius | Same-day delivery | Gintares geles\",\"potentialAction\":[{\"@type\":\"SearchAction\",\"target\":{\"@type\":\"EntryPoint\",\"urlTemplate\":\"https:\/\/www.gintaresgeles.lt\/en\/?s={search_term_string}\"},\"query-input\":{\"@type\":\"PropertyValueSpecification\",\"valueRequired\":true,\"valueName\":\"search_term_string\"}}],\"inLanguage\":\"en-US\"}]}<\/script>\n<!-- \/ Yoast SEO plugin. -->","yoast_head_json":{"title":"MEGA box of red roses \u201eSurprise\u201c | Flower delivery in Vilnius | Gintar\u0117s g\u0117l\u0117s","description":"Looking for a sweet gift and a unique flower box? This MEGA rose box is sure to surprise every recipient with its size and uniqueness.","robots":{"index":"index","follow":"follow","max-snippet":"max-snippet:-1","max-image-preview":"max-image-preview:large","max-video-preview":"max-video-preview:-1"},"canonical":"https:\/\/www.gintaresgeles.lt\/en\/puokste\/mega-box-of-red-roses-surprise\/","og_locale":"en_US","og_type":"article","og_title":"MEGA box of red roses \u201eSurprise\u201c | Flower delivery in Vilnius | Gintar\u0117s g\u0117l\u0117s","og_description":"Looking for a sweet gift and a unique flower box? This MEGA rose box is sure to surprise every recipient with its size and uniqueness.","og_url":"https:\/\/www.gintaresgeles.lt\/en\/puokste\/mega-box-of-red-roses-surprise\/","og_site_name":"gintaresgeles.lt","article_modified_time":"2025-05-29T00:00:30+00:00","og_image":[{"width":2560,"height":2560,"url":"https:\/\/www.gintaresgeles.lt\/wp-content\/uploads\/2021\/07\/raudonu-roziu-mega-dezute-su-raffaello-scaled.jpg","type":"image\/jpeg"}],"twitter_card":"summary_large_image","schema":{"@context":"https:\/\/schema.org","@graph":[{"@type":"WebPage","@id":"https:\/\/www.gintaresgeles.lt\/en\/puokste\/mega-box-of-red-roses-surprise\/","url":"https:\/\/www.gintaresgeles.lt\/en\/puokste\/mega-box-of-red-roses-surprise\/","name":"MEGA box of red roses \u201eSurprise\u201c | Flower delivery in Vilnius | Gintar\u0117s g\u0117l\u0117s","isPartOf":{"@id":"https:\/\/www.gintaresgeles.lt\/en\/#website"},"primaryImageOfPage":{"@id":"https:\/\/www.gintaresgeles.lt\/en\/puokste\/mega-box-of-red-roses-surprise\/#primaryimage"},"image":{"@id":"https:\/\/www.gintaresgeles.lt\/en\/puokste\/mega-box-of-red-roses-surprise\/#primaryimage"},"thumbnailUrl":"https:\/\/www.gintaresgeles.lt\/wp-content\/uploads\/2021\/07\/raudonu-roziu-mega-dezute-su-raffaello-scaled.jpg","datePublished":"2021-07-01T14:36:19+00:00","dateModified":"2025-05-29T00:00:30+00:00","description":"Looking for a sweet gift and a unique flower box? This MEGA rose box is sure to surprise every recipient with its size and uniqueness.","breadcrumb":{"@id":"https:\/\/www.gintaresgeles.lt\/en\/puokste\/mega-box-of-red-roses-surprise\/#breadcrumb"},"inLanguage":"en-US","potentialAction":[{"@type":"ReadAction","target":["https:\/\/www.gintaresgeles.lt\/en\/puokste\/mega-box-of-red-roses-surprise\/"]}]},{"@type":"ImageObject","inLanguage":"en-US","@id":"https:\/\/www.gintaresgeles.lt\/en\/puokste\/mega-box-of-red-roses-surprise\/#primaryimage","url":"https:\/\/www.gintaresgeles.lt\/wp-content\/uploads\/2021\/07\/raudonu-roziu-mega-dezute-su-raffaello-scaled.jpg","contentUrl":"https:\/\/www.gintaresgeles.lt\/wp-content\/uploads\/2021\/07\/raudonu-roziu-mega-dezute-su-raffaello-scaled.jpg","width":2560,"height":2560,"caption":"Raudonos ro\u017e\u0117s mega d\u0117\u017eut\u0117je su saldainiais g\u0117l\u0117s merginai"},{"@type":"BreadcrumbList","@id":"https:\/\/www.gintaresgeles.lt\/en\/puokste\/mega-box-of-red-roses-surprise\/#breadcrumb","itemListElement":[{"@type":"ListItem","position":1,"name":"Prad\u017eia","item":"https:\/\/www.gintaresgeles.lt\/en\/"},{"@type":"ListItem","position":2,"name":"All flowers and other products","item":"https:\/\/www.gintaresgeles.lt\/en\/all-flowers-and-other-products\/"},{"@type":"ListItem","position":3,"name":"MEGA box of red roses \u201eSurprise\u201c"}]},{"@type":"WebSite","@id":"https:\/\/www.gintaresgeles.lt\/en\/#website","url":"https:\/\/www.gintaresgeles.lt\/en\/","name":"Gintares Geles","description":"Flower delivery in Vilnius | Same-day delivery | Gintares geles","potentialAction":[{"@type":"SearchAction","target":{"@type":"EntryPoint","urlTemplate":"https:\/\/www.gintaresgeles.lt\/en\/?s={search_term_string}"},"query-input":{"@type":"PropertyValueSpecification","valueRequired":true,"valueName":"search_term_string"}}],"inLanguage":"en-US"}]}},"_links":{"self":[{"href":"https:\/\/www.gintaresgeles.lt\/en\/wp-json\/wp\/v2\/product\/37437","targetHints":{"allow":["GET"]}}],"collection":[{"href":"https:\/\/www.gintaresgeles.lt\/en\/wp-json\/wp\/v2\/product"}],"about":[{"href":"https:\/\/www.gintaresgeles.lt\/en\/wp-json\/wp\/v2\/types\/product"}],"wp:featuredmedia":[{"embeddable":true,"href":"https:\/\/www.gintaresgeles.lt\/en\/wp-json\/wp\/v2\/media\/37443"}],"wp:attachment":[{"href":"https:\/\/www.gintaresgeles.lt\/en\/wp-json\/wp\/v2\/media?parent=37437"}],"wp:term":[{"taxonomy":"product_brand","embeddable":true,"href":"https:\/\/www.gintaresgeles.lt\/en\/wp-json\/wp\/v2\/product_brand?post=37437"},{"taxonomy":"product_cat","embeddable":true,"href":"https:\/\/www.gintaresgeles.lt\/en\/wp-json\/wp\/v2\/product_cat?post=37437"},{"taxonomy":"product_tag","embeddable":true,"href":"https:\/\/www.gintaresgeles.lt\/en\/wp-json\/wp\/v2\/product_tag?post=37437"}],"curies":[{"name":"wp","href":"https:\/\/api.w.org\/{rel}","templated":true}]}}