{"id":39880,"date":"2022-03-17T14:51:14","date_gmt":"2022-03-17T12:51:14","guid":{"rendered":"https:\/\/www.gintaresgeles.lt\/?post_type=product&#038;p=39880"},"modified":"2022-11-08T13:15:08","modified_gmt":"2022-11-08T10:15:08","slug":"hand-casting-kit-with-silver-paint","status":"publish","type":"product","link":"https:\/\/www.gintaresgeles.lt\/en\/puokste\/hand-casting-kit-with-silver-paint\/","title":{"rendered":"Hand casting kit with silver paint"},"content":{"rendered":"<p style=\"text-align: left\">The hand casting kit includes:<br \/>\n530 g. alginate powder;<br \/>\n1000 gr. gypsum powder;<br \/>\n3l capacity bucket;<br \/>\nTools (mixing stick, disposable gloves, cleaning stick);<br \/>\nWooden base for placing the finished product;<br \/>\nPaint brush;<br \/>\nSilver paint;<br \/>\nInstruction.<br \/>\nUsers manual<br \/>\n1. Pour 1860 ml into the bucket of water (the water should be around 25\u00b0C) and add the alginate powder (package marked STEP 1) a little at a time, stirring constantly. Mix until you get a smooth mass.<\/p>\n<p style=\"text-align: left\">2. Carefully lower your hands into the middle of the mixture and hold it still for 3-5 minutes. (carefully move your finger after the time to check if the mixture has set). Once the mixture has set, very carefully slowly remove your hands from the mixture.<\/p>\n<p style=\"text-align: left\">3. In a separate container, pour 500 ml of water (the water should be around 25\u00b0C) and add gypsum powder (package marked STEP 2) little by little, stirring constantly until you get a homogeneous mass. This step should be done as soon as possible because the plaster hardens quickly.<\/p>\n<p style=\"text-align: left\">4. Pour the obtained mass into the bucket with the obtained alginate mass (you got it in step 1). Pour until the bucket is full.<\/p>\n<p style=\"text-align: left\">5. Leave the resulting mass to harden for about 2.5 &#8211; 3 hours.<\/p>\n<p style=\"text-align: left\">6. After this time, gently tap the bucket with your fingers so that the mass peels away from its edges as easily as possible. Then very carefully turn the bucket over on a flat surface and peel off the hardened mold down to the handprints. Use the included cleaning stick.<\/p>\n<p style=\"text-align: left\">7. Leave the cleaned handprint until it is completely dry. After complete drying, the product can be painted with added paints.<\/p>\n","protected":false},"excerpt":{"rendered":"<p>This hand casting kit is a modern gift that will allow you to collect precious memories.<\/p>\n<p>The gift is suitable for everyone, so you can give it on any occasion!<\/p>\n","protected":false},"featured_media":39874,"template":"","meta":[],"product_brand":[],"product_cat":[237,1987],"product_tag":[],"class_list":{"0":"post-39880","1":"product","2":"type-product","3":"status-publish","4":"has-post-thumbnail","6":"product_cat-gifts","7":"product_cat-hand-casting-kits","8":"tm-has-options","10":"first","11":"instock","12":"taxable","13":"shipping-taxable","14":"purchasable","15":"product-type-simple"},"yoast_head":"<!-- This site is optimized with the Yoast SEO plugin v25.3 - https:\/\/yoast.com\/wordpress\/plugins\/seo\/ -->\n<title>Hand casting kit with silver paint | Gintar\u0117sG\u0117l\u0117s.lt<\/title>\n<meta name=\"description\" content=\"A sweet memory that will last a long time! Surprise loved ones by gifting this hand casting kit and delight your loved ones.\" \/>\n<meta name=\"robots\" content=\"index, follow, max-snippet:-1, max-image-preview:large, max-video-preview:-1\" \/>\n<link rel=\"canonical\" href=\"https:\/\/www.gintaresgeles.lt\/en\/puokste\/hand-casting-kit-with-silver-paint\/\" \/>\n<meta property=\"og:locale\" content=\"en_US\" \/>\n<meta property=\"og:type\" content=\"article\" \/>\n<meta property=\"og:title\" content=\"Hand casting kit with silver paint | Gintar\u0117sG\u0117l\u0117s.lt\" \/>\n<meta property=\"og:description\" content=\"A sweet memory that will last a long time! Surprise loved ones by gifting this hand casting kit and delight your loved ones.\" \/>\n<meta property=\"og:url\" content=\"https:\/\/www.gintaresgeles.lt\/en\/puokste\/hand-casting-kit-with-silver-paint\/\" \/>\n<meta property=\"og:site_name\" content=\"gintaresgeles.lt\" \/>\n<meta property=\"article:modified_time\" content=\"2022-11-08T10:15:08+00:00\" \/>\n<meta property=\"og:image\" content=\"https:\/\/www.gintaresgeles.lt\/wp-content\/uploads\/2022\/03\/ranku-liejimo-rinkinys-baltas.jpeg\" \/>\n\t<meta property=\"og:image:width\" content=\"600\" \/>\n\t<meta property=\"og:image:height\" content=\"600\" \/>\n\t<meta property=\"og:image:type\" content=\"image\/jpeg\" \/>\n<meta name=\"twitter:card\" content=\"summary_large_image\" \/>\n<meta name=\"twitter:label1\" content=\"Est. reading time\" \/>\n\t<meta name=\"twitter:data1\" content=\"1 minute\" \/>\n<script type=\"application\/ld+json\" class=\"yoast-schema-graph\">{\"@context\":\"https:\/\/schema.org\",\"@graph\":[{\"@type\":\"WebPage\",\"@id\":\"https:\/\/www.gintaresgeles.lt\/en\/puokste\/hand-casting-kit-with-silver-paint\/\",\"url\":\"https:\/\/www.gintaresgeles.lt\/en\/puokste\/hand-casting-kit-with-silver-paint\/\",\"name\":\"Hand casting kit with silver paint | Gintar\u0117sG\u0117l\u0117s.lt\",\"isPartOf\":{\"@id\":\"https:\/\/www.gintaresgeles.lt\/en\/#website\"},\"primaryImageOfPage\":{\"@id\":\"https:\/\/www.gintaresgeles.lt\/en\/puokste\/hand-casting-kit-with-silver-paint\/#primaryimage\"},\"image\":{\"@id\":\"https:\/\/www.gintaresgeles.lt\/en\/puokste\/hand-casting-kit-with-silver-paint\/#primaryimage\"},\"thumbnailUrl\":\"https:\/\/www.gintaresgeles.lt\/wp-content\/uploads\/2022\/03\/ranku-liejimo-rinkinys-baltas.jpeg\",\"datePublished\":\"2022-03-17T12:51:14+00:00\",\"dateModified\":\"2022-11-08T10:15:08+00:00\",\"description\":\"A sweet memory that will last a long time! Surprise loved ones by gifting this hand casting kit and delight your loved ones.\",\"breadcrumb\":{\"@id\":\"https:\/\/www.gintaresgeles.lt\/en\/puokste\/hand-casting-kit-with-silver-paint\/#breadcrumb\"},\"inLanguage\":\"en-US\",\"potentialAction\":[{\"@type\":\"ReadAction\",\"target\":[\"https:\/\/www.gintaresgeles.lt\/en\/puokste\/hand-casting-kit-with-silver-paint\/\"]}]},{\"@type\":\"ImageObject\",\"inLanguage\":\"en-US\",\"@id\":\"https:\/\/www.gintaresgeles.lt\/en\/puokste\/hand-casting-kit-with-silver-paint\/#primaryimage\",\"url\":\"https:\/\/www.gintaresgeles.lt\/wp-content\/uploads\/2022\/03\/ranku-liejimo-rinkinys-baltas.jpeg\",\"contentUrl\":\"https:\/\/www.gintaresgeles.lt\/wp-content\/uploads\/2022\/03\/ranku-liejimo-rinkinys-baltas.jpeg\",\"width\":600,\"height\":600,\"caption\":\"Rank\u0173 liejimo rinkinys\"},{\"@type\":\"BreadcrumbList\",\"@id\":\"https:\/\/www.gintaresgeles.lt\/en\/puokste\/hand-casting-kit-with-silver-paint\/#breadcrumb\",\"itemListElement\":[{\"@type\":\"ListItem\",\"position\":1,\"name\":\"Prad\u017eia\",\"item\":\"https:\/\/www.gintaresgeles.lt\/en\/\"},{\"@type\":\"ListItem\",\"position\":2,\"name\":\"All flowers and other products\",\"item\":\"https:\/\/www.gintaresgeles.lt\/en\/all-flowers-and-other-products\/\"},{\"@type\":\"ListItem\",\"position\":3,\"name\":\"Hand casting kit with silver paint\"}]},{\"@type\":\"WebSite\",\"@id\":\"https:\/\/www.gintaresgeles.lt\/en\/#website\",\"url\":\"https:\/\/www.gintaresgeles.lt\/en\/\",\"name\":\"gintaresgeles.lt\",\"description\":\"G\u0117li\u0173 parduotuv\u0117 internete\",\"potentialAction\":[{\"@type\":\"SearchAction\",\"target\":{\"@type\":\"EntryPoint\",\"urlTemplate\":\"https:\/\/www.gintaresgeles.lt\/en\/?s={search_term_string}\"},\"query-input\":{\"@type\":\"PropertyValueSpecification\",\"valueRequired\":true,\"valueName\":\"search_term_string\"}}],\"inLanguage\":\"en-US\"}]}<\/script>\n<!-- \/ Yoast SEO plugin. -->","yoast_head_json":{"title":"Hand casting kit with silver paint | Gintar\u0117sG\u0117l\u0117s.lt","description":"A sweet memory that will last a long time! Surprise loved ones by gifting this hand casting kit and delight your loved ones.","robots":{"index":"index","follow":"follow","max-snippet":"max-snippet:-1","max-image-preview":"max-image-preview:large","max-video-preview":"max-video-preview:-1"},"canonical":"https:\/\/www.gintaresgeles.lt\/en\/puokste\/hand-casting-kit-with-silver-paint\/","og_locale":"en_US","og_type":"article","og_title":"Hand casting kit with silver paint | Gintar\u0117sG\u0117l\u0117s.lt","og_description":"A sweet memory that will last a long time! Surprise loved ones by gifting this hand casting kit and delight your loved ones.","og_url":"https:\/\/www.gintaresgeles.lt\/en\/puokste\/hand-casting-kit-with-silver-paint\/","og_site_name":"gintaresgeles.lt","article_modified_time":"2022-11-08T10:15:08+00:00","og_image":[{"width":600,"height":600,"url":"https:\/\/www.gintaresgeles.lt\/wp-content\/uploads\/2022\/03\/ranku-liejimo-rinkinys-baltas.jpeg","type":"image\/jpeg"}],"twitter_card":"summary_large_image","twitter_misc":{"Est. reading time":"1 minute"},"schema":{"@context":"https:\/\/schema.org","@graph":[{"@type":"WebPage","@id":"https:\/\/www.gintaresgeles.lt\/en\/puokste\/hand-casting-kit-with-silver-paint\/","url":"https:\/\/www.gintaresgeles.lt\/en\/puokste\/hand-casting-kit-with-silver-paint\/","name":"Hand casting kit with silver paint | Gintar\u0117sG\u0117l\u0117s.lt","isPartOf":{"@id":"https:\/\/www.gintaresgeles.lt\/en\/#website"},"primaryImageOfPage":{"@id":"https:\/\/www.gintaresgeles.lt\/en\/puokste\/hand-casting-kit-with-silver-paint\/#primaryimage"},"image":{"@id":"https:\/\/www.gintaresgeles.lt\/en\/puokste\/hand-casting-kit-with-silver-paint\/#primaryimage"},"thumbnailUrl":"https:\/\/www.gintaresgeles.lt\/wp-content\/uploads\/2022\/03\/ranku-liejimo-rinkinys-baltas.jpeg","datePublished":"2022-03-17T12:51:14+00:00","dateModified":"2022-11-08T10:15:08+00:00","description":"A sweet memory that will last a long time! Surprise loved ones by gifting this hand casting kit and delight your loved ones.","breadcrumb":{"@id":"https:\/\/www.gintaresgeles.lt\/en\/puokste\/hand-casting-kit-with-silver-paint\/#breadcrumb"},"inLanguage":"en-US","potentialAction":[{"@type":"ReadAction","target":["https:\/\/www.gintaresgeles.lt\/en\/puokste\/hand-casting-kit-with-silver-paint\/"]}]},{"@type":"ImageObject","inLanguage":"en-US","@id":"https:\/\/www.gintaresgeles.lt\/en\/puokste\/hand-casting-kit-with-silver-paint\/#primaryimage","url":"https:\/\/www.gintaresgeles.lt\/wp-content\/uploads\/2022\/03\/ranku-liejimo-rinkinys-baltas.jpeg","contentUrl":"https:\/\/www.gintaresgeles.lt\/wp-content\/uploads\/2022\/03\/ranku-liejimo-rinkinys-baltas.jpeg","width":600,"height":600,"caption":"Rank\u0173 liejimo rinkinys"},{"@type":"BreadcrumbList","@id":"https:\/\/www.gintaresgeles.lt\/en\/puokste\/hand-casting-kit-with-silver-paint\/#breadcrumb","itemListElement":[{"@type":"ListItem","position":1,"name":"Prad\u017eia","item":"https:\/\/www.gintaresgeles.lt\/en\/"},{"@type":"ListItem","position":2,"name":"All flowers and other products","item":"https:\/\/www.gintaresgeles.lt\/en\/all-flowers-and-other-products\/"},{"@type":"ListItem","position":3,"name":"Hand casting kit with silver paint"}]},{"@type":"WebSite","@id":"https:\/\/www.gintaresgeles.lt\/en\/#website","url":"https:\/\/www.gintaresgeles.lt\/en\/","name":"gintaresgeles.lt","description":"G\u0117li\u0173 parduotuv\u0117 internete","potentialAction":[{"@type":"SearchAction","target":{"@type":"EntryPoint","urlTemplate":"https:\/\/www.gintaresgeles.lt\/en\/?s={search_term_string}"},"query-input":{"@type":"PropertyValueSpecification","valueRequired":true,"valueName":"search_term_string"}}],"inLanguage":"en-US"}]}},"_links":{"self":[{"href":"https:\/\/www.gintaresgeles.lt\/en\/wp-json\/wp\/v2\/product\/39880","targetHints":{"allow":["GET"]}}],"collection":[{"href":"https:\/\/www.gintaresgeles.lt\/en\/wp-json\/wp\/v2\/product"}],"about":[{"href":"https:\/\/www.gintaresgeles.lt\/en\/wp-json\/wp\/v2\/types\/product"}],"wp:featuredmedia":[{"embeddable":true,"href":"https:\/\/www.gintaresgeles.lt\/en\/wp-json\/wp\/v2\/media\/39874"}],"wp:attachment":[{"href":"https:\/\/www.gintaresgeles.lt\/en\/wp-json\/wp\/v2\/media?parent=39880"}],"wp:term":[{"taxonomy":"product_brand","embeddable":true,"href":"https:\/\/www.gintaresgeles.lt\/en\/wp-json\/wp\/v2\/product_brand?post=39880"},{"taxonomy":"product_cat","embeddable":true,"href":"https:\/\/www.gintaresgeles.lt\/en\/wp-json\/wp\/v2\/product_cat?post=39880"},{"taxonomy":"product_tag","embeddable":true,"href":"https:\/\/www.gintaresgeles.lt\/en\/wp-json\/wp\/v2\/product_tag?post=39880"}],"curies":[{"name":"wp","href":"https:\/\/api.w.org\/{rel}","templated":true}]}}