{"id":40529,"date":"2022-04-14T14:31:00","date_gmt":"2022-04-14T12:31:01","guid":{"rendered":"https:\/\/www.gintaresgeles.lt\/?post_type=product&#038;p=40529"},"modified":"2025-05-29T02:00:18","modified_gmt":"2025-05-29T00:00:18","slug":"foil-helium-balloon-white-star","status":"publish","type":"product","link":"https:\/\/www.gintaresgeles.lt\/en\/puokste\/foil-helium-balloon-white-star\/","title":{"rendered":"Foil helium balloon \u201eWhite star\u201c"},"content":{"rendered":"","protected":false},"excerpt":{"rendered":"<p>We will deliver a white shiny star-shaped balloon to your special someone already filled with helium, so it will have fun hanging in the air and will look great with any flowers you send.<\/p>\n<p>The diameter of the inflated balloon is 46 cm.<\/p>\n<p><em>The color of the balloon may differ slightly from the one shown in the photo.<\/em><\/p>\n","protected":false},"featured_media":40532,"template":"","meta":[],"product_brand":[],"product_cat":[270,1956,1960,893,915,894,916,1955,1951],"product_tag":[],"class_list":{"0":"post-40529","1":"product","2":"type-product","3":"status-publish","4":"has-post-thumbnail","6":"product_cat-helium-balloons","7":"product_cat-foil-helium-balloons","8":"product_cat-helium-balloons-for-a-hen-party","9":"product_cat-helium-balloons-for-birthday","10":"product_cat-helium-balloons-for-childbirth","11":"product_cat-helium-balloons-for-kids","12":"product_cat-helium-balloons-for-mom","13":"product_cat-helium-balloons-for-the-christenings","14":"product_cat-helium-balloons-for-the-wedding","15":"tm-has-options","17":"first","18":"instock","19":"taxable","20":"shipping-taxable","21":"purchasable","22":"product-type-simple"},"yoast_head":"<!-- This site is optimized with the Yoast SEO plugin v25.3 - https:\/\/yoast.com\/wordpress\/plugins\/seo\/ -->\n<title>Foil helium balloon \u201eWhite star\u201c | Balloons | Gintar\u0117sG\u0117l\u0117s<\/title>\n<meta name=\"description\" content=\"The white shiny helium balloon &quot;Star&quot; will become a beautiful accent when delivering flowers to a loved one, a loved one or just a special person.\" \/>\n<meta name=\"robots\" content=\"index, follow, max-snippet:-1, max-image-preview:large, max-video-preview:-1\" \/>\n<link rel=\"canonical\" href=\"https:\/\/www.gintaresgeles.lt\/en\/puokste\/foil-helium-balloon-white-star\/\" \/>\n<meta property=\"og:locale\" content=\"en_US\" \/>\n<meta property=\"og:type\" content=\"article\" \/>\n<meta property=\"og:title\" content=\"Foil helium balloon \u201eWhite star\u201c | Balloons | Gintar\u0117sG\u0117l\u0117s\" \/>\n<meta property=\"og:description\" content=\"The white shiny helium balloon &quot;Star&quot; will become a beautiful accent when delivering flowers to a loved one, a loved one or just a special person.\" \/>\n<meta property=\"og:url\" content=\"https:\/\/www.gintaresgeles.lt\/en\/puokste\/foil-helium-balloon-white-star\/\" \/>\n<meta property=\"og:site_name\" content=\"gintaresgeles.lt\" \/>\n<meta property=\"article:modified_time\" content=\"2025-05-29T00:00:18+00:00\" \/>\n<meta property=\"og:image\" content=\"https:\/\/www.gintaresgeles.lt\/wp-content\/uploads\/2022\/04\/foliniai-balionai-balta-zvaigzdute.png\" \/>\n\t<meta property=\"og:image:width\" content=\"600\" \/>\n\t<meta property=\"og:image:height\" content=\"600\" \/>\n\t<meta property=\"og:image:type\" content=\"image\/png\" \/>\n<meta name=\"twitter:card\" content=\"summary_large_image\" \/>\n<script type=\"application\/ld+json\" class=\"yoast-schema-graph\">{\"@context\":\"https:\/\/schema.org\",\"@graph\":[{\"@type\":\"WebPage\",\"@id\":\"https:\/\/www.gintaresgeles.lt\/en\/puokste\/foil-helium-balloon-white-star\/\",\"url\":\"https:\/\/www.gintaresgeles.lt\/en\/puokste\/foil-helium-balloon-white-star\/\",\"name\":\"Foil helium balloon \u201eWhite star\u201c | Balloons | Gintar\u0117sG\u0117l\u0117s\",\"isPartOf\":{\"@id\":\"https:\/\/www.gintaresgeles.lt\/en\/#website\"},\"primaryImageOfPage\":{\"@id\":\"https:\/\/www.gintaresgeles.lt\/en\/puokste\/foil-helium-balloon-white-star\/#primaryimage\"},\"image\":{\"@id\":\"https:\/\/www.gintaresgeles.lt\/en\/puokste\/foil-helium-balloon-white-star\/#primaryimage\"},\"thumbnailUrl\":\"https:\/\/www.gintaresgeles.lt\/wp-content\/uploads\/2022\/04\/foliniai-balionai-balta-zvaigzdute.png\",\"datePublished\":\"2022-04-14T12:31:01+00:00\",\"dateModified\":\"2025-05-29T00:00:18+00:00\",\"description\":\"The white shiny helium balloon \\\"Star\\\" will become a beautiful accent when delivering flowers to a loved one, a loved one or just a special person.\",\"breadcrumb\":{\"@id\":\"https:\/\/www.gintaresgeles.lt\/en\/puokste\/foil-helium-balloon-white-star\/#breadcrumb\"},\"inLanguage\":\"en-US\",\"potentialAction\":[{\"@type\":\"ReadAction\",\"target\":[\"https:\/\/www.gintaresgeles.lt\/en\/puokste\/foil-helium-balloon-white-star\/\"]}]},{\"@type\":\"ImageObject\",\"inLanguage\":\"en-US\",\"@id\":\"https:\/\/www.gintaresgeles.lt\/en\/puokste\/foil-helium-balloon-white-star\/#primaryimage\",\"url\":\"https:\/\/www.gintaresgeles.lt\/wp-content\/uploads\/2022\/04\/foliniai-balionai-balta-zvaigzdute.png\",\"contentUrl\":\"https:\/\/www.gintaresgeles.lt\/wp-content\/uploads\/2022\/04\/foliniai-balionai-balta-zvaigzdute.png\",\"width\":600,\"height\":600,\"caption\":\"\u017dvaig\u017eut\u0117s formos Baltas folinis balionas\"},{\"@type\":\"BreadcrumbList\",\"@id\":\"https:\/\/www.gintaresgeles.lt\/en\/puokste\/foil-helium-balloon-white-star\/#breadcrumb\",\"itemListElement\":[{\"@type\":\"ListItem\",\"position\":1,\"name\":\"Prad\u017eia\",\"item\":\"https:\/\/www.gintaresgeles.lt\/en\/\"},{\"@type\":\"ListItem\",\"position\":2,\"name\":\"All flowers and other products\",\"item\":\"https:\/\/www.gintaresgeles.lt\/en\/all-flowers-and-other-products\/\"},{\"@type\":\"ListItem\",\"position\":3,\"name\":\"Foil helium balloon \u201eWhite star\u201c\"}]},{\"@type\":\"WebSite\",\"@id\":\"https:\/\/www.gintaresgeles.lt\/en\/#website\",\"url\":\"https:\/\/www.gintaresgeles.lt\/en\/\",\"name\":\"gintaresgeles.lt\",\"description\":\"G\u0117li\u0173 parduotuv\u0117 internete\",\"potentialAction\":[{\"@type\":\"SearchAction\",\"target\":{\"@type\":\"EntryPoint\",\"urlTemplate\":\"https:\/\/www.gintaresgeles.lt\/en\/?s={search_term_string}\"},\"query-input\":{\"@type\":\"PropertyValueSpecification\",\"valueRequired\":true,\"valueName\":\"search_term_string\"}}],\"inLanguage\":\"en-US\"}]}<\/script>\n<!-- \/ Yoast SEO plugin. -->","yoast_head_json":{"title":"Foil helium balloon \u201eWhite star\u201c | Balloons | Gintar\u0117sG\u0117l\u0117s","description":"The white shiny helium balloon \"Star\" will become a beautiful accent when delivering flowers to a loved one, a loved one or just a special person.","robots":{"index":"index","follow":"follow","max-snippet":"max-snippet:-1","max-image-preview":"max-image-preview:large","max-video-preview":"max-video-preview:-1"},"canonical":"https:\/\/www.gintaresgeles.lt\/en\/puokste\/foil-helium-balloon-white-star\/","og_locale":"en_US","og_type":"article","og_title":"Foil helium balloon \u201eWhite star\u201c | Balloons | Gintar\u0117sG\u0117l\u0117s","og_description":"The white shiny helium balloon \"Star\" will become a beautiful accent when delivering flowers to a loved one, a loved one or just a special person.","og_url":"https:\/\/www.gintaresgeles.lt\/en\/puokste\/foil-helium-balloon-white-star\/","og_site_name":"gintaresgeles.lt","article_modified_time":"2025-05-29T00:00:18+00:00","og_image":[{"width":600,"height":600,"url":"https:\/\/www.gintaresgeles.lt\/wp-content\/uploads\/2022\/04\/foliniai-balionai-balta-zvaigzdute.png","type":"image\/png"}],"twitter_card":"summary_large_image","schema":{"@context":"https:\/\/schema.org","@graph":[{"@type":"WebPage","@id":"https:\/\/www.gintaresgeles.lt\/en\/puokste\/foil-helium-balloon-white-star\/","url":"https:\/\/www.gintaresgeles.lt\/en\/puokste\/foil-helium-balloon-white-star\/","name":"Foil helium balloon \u201eWhite star\u201c | Balloons | Gintar\u0117sG\u0117l\u0117s","isPartOf":{"@id":"https:\/\/www.gintaresgeles.lt\/en\/#website"},"primaryImageOfPage":{"@id":"https:\/\/www.gintaresgeles.lt\/en\/puokste\/foil-helium-balloon-white-star\/#primaryimage"},"image":{"@id":"https:\/\/www.gintaresgeles.lt\/en\/puokste\/foil-helium-balloon-white-star\/#primaryimage"},"thumbnailUrl":"https:\/\/www.gintaresgeles.lt\/wp-content\/uploads\/2022\/04\/foliniai-balionai-balta-zvaigzdute.png","datePublished":"2022-04-14T12:31:01+00:00","dateModified":"2025-05-29T00:00:18+00:00","description":"The white shiny helium balloon \"Star\" will become a beautiful accent when delivering flowers to a loved one, a loved one or just a special person.","breadcrumb":{"@id":"https:\/\/www.gintaresgeles.lt\/en\/puokste\/foil-helium-balloon-white-star\/#breadcrumb"},"inLanguage":"en-US","potentialAction":[{"@type":"ReadAction","target":["https:\/\/www.gintaresgeles.lt\/en\/puokste\/foil-helium-balloon-white-star\/"]}]},{"@type":"ImageObject","inLanguage":"en-US","@id":"https:\/\/www.gintaresgeles.lt\/en\/puokste\/foil-helium-balloon-white-star\/#primaryimage","url":"https:\/\/www.gintaresgeles.lt\/wp-content\/uploads\/2022\/04\/foliniai-balionai-balta-zvaigzdute.png","contentUrl":"https:\/\/www.gintaresgeles.lt\/wp-content\/uploads\/2022\/04\/foliniai-balionai-balta-zvaigzdute.png","width":600,"height":600,"caption":"\u017dvaig\u017eut\u0117s formos Baltas folinis balionas"},{"@type":"BreadcrumbList","@id":"https:\/\/www.gintaresgeles.lt\/en\/puokste\/foil-helium-balloon-white-star\/#breadcrumb","itemListElement":[{"@type":"ListItem","position":1,"name":"Prad\u017eia","item":"https:\/\/www.gintaresgeles.lt\/en\/"},{"@type":"ListItem","position":2,"name":"All flowers and other products","item":"https:\/\/www.gintaresgeles.lt\/en\/all-flowers-and-other-products\/"},{"@type":"ListItem","position":3,"name":"Foil helium balloon \u201eWhite star\u201c"}]},{"@type":"WebSite","@id":"https:\/\/www.gintaresgeles.lt\/en\/#website","url":"https:\/\/www.gintaresgeles.lt\/en\/","name":"gintaresgeles.lt","description":"G\u0117li\u0173 parduotuv\u0117 internete","potentialAction":[{"@type":"SearchAction","target":{"@type":"EntryPoint","urlTemplate":"https:\/\/www.gintaresgeles.lt\/en\/?s={search_term_string}"},"query-input":{"@type":"PropertyValueSpecification","valueRequired":true,"valueName":"search_term_string"}}],"inLanguage":"en-US"}]}},"_links":{"self":[{"href":"https:\/\/www.gintaresgeles.lt\/en\/wp-json\/wp\/v2\/product\/40529","targetHints":{"allow":["GET"]}}],"collection":[{"href":"https:\/\/www.gintaresgeles.lt\/en\/wp-json\/wp\/v2\/product"}],"about":[{"href":"https:\/\/www.gintaresgeles.lt\/en\/wp-json\/wp\/v2\/types\/product"}],"wp:featuredmedia":[{"embeddable":true,"href":"https:\/\/www.gintaresgeles.lt\/en\/wp-json\/wp\/v2\/media\/40532"}],"wp:attachment":[{"href":"https:\/\/www.gintaresgeles.lt\/en\/wp-json\/wp\/v2\/media?parent=40529"}],"wp:term":[{"taxonomy":"product_brand","embeddable":true,"href":"https:\/\/www.gintaresgeles.lt\/en\/wp-json\/wp\/v2\/product_brand?post=40529"},{"taxonomy":"product_cat","embeddable":true,"href":"https:\/\/www.gintaresgeles.lt\/en\/wp-json\/wp\/v2\/product_cat?post=40529"},{"taxonomy":"product_tag","embeddable":true,"href":"https:\/\/www.gintaresgeles.lt\/en\/wp-json\/wp\/v2\/product_tag?post=40529"}],"curies":[{"name":"wp","href":"https:\/\/api.w.org\/{rel}","templated":true}]}}