{"id":40689,"date":"2022-04-19T17:39:23","date_gmt":"2022-04-19T15:39:23","guid":{"rendered":"https:\/\/www.gintaresgeles.lt\/?post_type=product&#038;p=40689"},"modified":"2025-05-29T02:00:10","modified_gmt":"2025-05-29T00:00:10","slug":"clear-helium-balloon-with-pink-confetti","status":"publish","type":"product","link":"https:\/\/www.gintaresgeles.lt\/en\/puokste\/clear-helium-balloon-with-pink-confetti\/","title":{"rendered":"Clear helium balloon with pink confetti"},"content":{"rendered":"","protected":false},"excerpt":{"rendered":"<p>Transparent helium balloons with pink confetti are the most appropriate choice if you want to please both children and adults.<\/p>\n","protected":false},"featured_media":53743,"template":"","meta":[],"product_brand":[],"product_cat":[270,1960,893,915,894,916,1955,1958,1203],"product_tag":[],"class_list":{"0":"post-40689","1":"product","2":"type-product","3":"status-publish","4":"has-post-thumbnail","6":"product_cat-helium-balloons","7":"product_cat-helium-balloons-for-a-hen-party","8":"product_cat-helium-balloons-for-birthday","9":"product_cat-helium-balloons-for-childbirth","10":"product_cat-helium-balloons-for-kids","11":"product_cat-helium-balloons-for-mom","12":"product_cat-helium-balloons-for-the-christenings","13":"product_cat-helium-balloons-with-confetti","14":"product_cat-helium-rubber-balloons","15":"tm-no-options","17":"first","18":"instock","19":"taxable","20":"shipping-taxable","21":"purchasable","22":"product-type-simple"},"yoast_head":"<!-- This site is optimized with the Yoast SEO plugin v25.3 - https:\/\/yoast.com\/wordpress\/plugins\/seo\/ -->\n<title>Clear helium balloon with pink confetti | Delivery in Vilnius | Gintar\u0117sG\u0117l\u0117s<\/title>\n<meta name=\"description\" content=\"Transparent helium balloons with pink confetti are an ideal gift for flowers. Balloons will not only enhance the surprise effect, but also lift the mood of the anniversary.\" \/>\n<meta name=\"robots\" content=\"index, follow, max-snippet:-1, max-image-preview:large, max-video-preview:-1\" \/>\n<link rel=\"canonical\" href=\"https:\/\/www.gintaresgeles.lt\/en\/puokste\/clear-helium-balloon-with-pink-confetti\/\" \/>\n<meta property=\"og:locale\" content=\"en_US\" \/>\n<meta property=\"og:type\" content=\"article\" \/>\n<meta property=\"og:title\" content=\"Clear helium balloon with pink confetti | Delivery in Vilnius | Gintar\u0117sG\u0117l\u0117s\" \/>\n<meta property=\"og:description\" content=\"Transparent helium balloons with pink confetti are an ideal gift for flowers. Balloons will not only enhance the surprise effect, but also lift the mood of the anniversary.\" \/>\n<meta property=\"og:url\" content=\"https:\/\/www.gintaresgeles.lt\/en\/puokste\/clear-helium-balloon-with-pink-confetti\/\" \/>\n<meta property=\"og:site_name\" content=\"gintaresgeles.lt\" \/>\n<meta property=\"article:modified_time\" content=\"2025-05-29T00:00:10+00:00\" \/>\n<meta property=\"og:image\" content=\"https:\/\/www.gintaresgeles.lt\/wp-content\/uploads\/2022\/04\/guminiai-balionai-su-roziniais-konfeti.jpg\" \/>\n\t<meta property=\"og:image:width\" content=\"720\" \/>\n\t<meta property=\"og:image:height\" content=\"720\" \/>\n\t<meta property=\"og:image:type\" content=\"image\/jpeg\" \/>\n<meta name=\"twitter:card\" content=\"summary_large_image\" \/>\n<script type=\"application\/ld+json\" class=\"yoast-schema-graph\">{\"@context\":\"https:\/\/schema.org\",\"@graph\":[{\"@type\":\"WebPage\",\"@id\":\"https:\/\/www.gintaresgeles.lt\/en\/puokste\/clear-helium-balloon-with-pink-confetti\/\",\"url\":\"https:\/\/www.gintaresgeles.lt\/en\/puokste\/clear-helium-balloon-with-pink-confetti\/\",\"name\":\"Clear helium balloon with pink confetti | Delivery in Vilnius | Gintar\u0117sG\u0117l\u0117s\",\"isPartOf\":{\"@id\":\"https:\/\/www.gintaresgeles.lt\/en\/#website\"},\"primaryImageOfPage\":{\"@id\":\"https:\/\/www.gintaresgeles.lt\/en\/puokste\/clear-helium-balloon-with-pink-confetti\/#primaryimage\"},\"image\":{\"@id\":\"https:\/\/www.gintaresgeles.lt\/en\/puokste\/clear-helium-balloon-with-pink-confetti\/#primaryimage\"},\"thumbnailUrl\":\"https:\/\/www.gintaresgeles.lt\/wp-content\/uploads\/2022\/04\/guminiai-balionai-su-roziniais-konfeti.jpg\",\"datePublished\":\"2022-04-19T15:39:23+00:00\",\"dateModified\":\"2025-05-29T00:00:10+00:00\",\"description\":\"Transparent helium balloons with pink confetti are an ideal gift for flowers. Balloons will not only enhance the surprise effect, but also lift the mood of the anniversary.\",\"breadcrumb\":{\"@id\":\"https:\/\/www.gintaresgeles.lt\/en\/puokste\/clear-helium-balloon-with-pink-confetti\/#breadcrumb\"},\"inLanguage\":\"en-US\",\"potentialAction\":[{\"@type\":\"ReadAction\",\"target\":[\"https:\/\/www.gintaresgeles.lt\/en\/puokste\/clear-helium-balloon-with-pink-confetti\/\"]}]},{\"@type\":\"ImageObject\",\"inLanguage\":\"en-US\",\"@id\":\"https:\/\/www.gintaresgeles.lt\/en\/puokste\/clear-helium-balloon-with-pink-confetti\/#primaryimage\",\"url\":\"https:\/\/www.gintaresgeles.lt\/wp-content\/uploads\/2022\/04\/guminiai-balionai-su-roziniais-konfeti.jpg\",\"contentUrl\":\"https:\/\/www.gintaresgeles.lt\/wp-content\/uploads\/2022\/04\/guminiai-balionai-su-roziniais-konfeti.jpg\",\"width\":720,\"height\":720,\"caption\":\"Guminiai balionais su ro\u017einiais konfeti gimtadienio balionai\"},{\"@type\":\"BreadcrumbList\",\"@id\":\"https:\/\/www.gintaresgeles.lt\/en\/puokste\/clear-helium-balloon-with-pink-confetti\/#breadcrumb\",\"itemListElement\":[{\"@type\":\"ListItem\",\"position\":1,\"name\":\"Prad\u017eia\",\"item\":\"https:\/\/www.gintaresgeles.lt\/en\/\"},{\"@type\":\"ListItem\",\"position\":2,\"name\":\"All flowers and other products\",\"item\":\"https:\/\/www.gintaresgeles.lt\/en\/all-flowers-and-other-products\/\"},{\"@type\":\"ListItem\",\"position\":3,\"name\":\"Clear helium balloon with pink confetti\"}]},{\"@type\":\"WebSite\",\"@id\":\"https:\/\/www.gintaresgeles.lt\/en\/#website\",\"url\":\"https:\/\/www.gintaresgeles.lt\/en\/\",\"name\":\"gintaresgeles.lt\",\"description\":\"G\u0117li\u0173 parduotuv\u0117 internete\",\"potentialAction\":[{\"@type\":\"SearchAction\",\"target\":{\"@type\":\"EntryPoint\",\"urlTemplate\":\"https:\/\/www.gintaresgeles.lt\/en\/?s={search_term_string}\"},\"query-input\":{\"@type\":\"PropertyValueSpecification\",\"valueRequired\":true,\"valueName\":\"search_term_string\"}}],\"inLanguage\":\"en-US\"}]}<\/script>\n<!-- \/ Yoast SEO plugin. -->","yoast_head_json":{"title":"Clear helium balloon with pink confetti | Delivery in Vilnius | Gintar\u0117sG\u0117l\u0117s","description":"Transparent helium balloons with pink confetti are an ideal gift for flowers. Balloons will not only enhance the surprise effect, but also lift the mood of the anniversary.","robots":{"index":"index","follow":"follow","max-snippet":"max-snippet:-1","max-image-preview":"max-image-preview:large","max-video-preview":"max-video-preview:-1"},"canonical":"https:\/\/www.gintaresgeles.lt\/en\/puokste\/clear-helium-balloon-with-pink-confetti\/","og_locale":"en_US","og_type":"article","og_title":"Clear helium balloon with pink confetti | Delivery in Vilnius | Gintar\u0117sG\u0117l\u0117s","og_description":"Transparent helium balloons with pink confetti are an ideal gift for flowers. Balloons will not only enhance the surprise effect, but also lift the mood of the anniversary.","og_url":"https:\/\/www.gintaresgeles.lt\/en\/puokste\/clear-helium-balloon-with-pink-confetti\/","og_site_name":"gintaresgeles.lt","article_modified_time":"2025-05-29T00:00:10+00:00","og_image":[{"width":720,"height":720,"url":"https:\/\/www.gintaresgeles.lt\/wp-content\/uploads\/2022\/04\/guminiai-balionai-su-roziniais-konfeti.jpg","type":"image\/jpeg"}],"twitter_card":"summary_large_image","schema":{"@context":"https:\/\/schema.org","@graph":[{"@type":"WebPage","@id":"https:\/\/www.gintaresgeles.lt\/en\/puokste\/clear-helium-balloon-with-pink-confetti\/","url":"https:\/\/www.gintaresgeles.lt\/en\/puokste\/clear-helium-balloon-with-pink-confetti\/","name":"Clear helium balloon with pink confetti | Delivery in Vilnius | Gintar\u0117sG\u0117l\u0117s","isPartOf":{"@id":"https:\/\/www.gintaresgeles.lt\/en\/#website"},"primaryImageOfPage":{"@id":"https:\/\/www.gintaresgeles.lt\/en\/puokste\/clear-helium-balloon-with-pink-confetti\/#primaryimage"},"image":{"@id":"https:\/\/www.gintaresgeles.lt\/en\/puokste\/clear-helium-balloon-with-pink-confetti\/#primaryimage"},"thumbnailUrl":"https:\/\/www.gintaresgeles.lt\/wp-content\/uploads\/2022\/04\/guminiai-balionai-su-roziniais-konfeti.jpg","datePublished":"2022-04-19T15:39:23+00:00","dateModified":"2025-05-29T00:00:10+00:00","description":"Transparent helium balloons with pink confetti are an ideal gift for flowers. Balloons will not only enhance the surprise effect, but also lift the mood of the anniversary.","breadcrumb":{"@id":"https:\/\/www.gintaresgeles.lt\/en\/puokste\/clear-helium-balloon-with-pink-confetti\/#breadcrumb"},"inLanguage":"en-US","potentialAction":[{"@type":"ReadAction","target":["https:\/\/www.gintaresgeles.lt\/en\/puokste\/clear-helium-balloon-with-pink-confetti\/"]}]},{"@type":"ImageObject","inLanguage":"en-US","@id":"https:\/\/www.gintaresgeles.lt\/en\/puokste\/clear-helium-balloon-with-pink-confetti\/#primaryimage","url":"https:\/\/www.gintaresgeles.lt\/wp-content\/uploads\/2022\/04\/guminiai-balionai-su-roziniais-konfeti.jpg","contentUrl":"https:\/\/www.gintaresgeles.lt\/wp-content\/uploads\/2022\/04\/guminiai-balionai-su-roziniais-konfeti.jpg","width":720,"height":720,"caption":"Guminiai balionais su ro\u017einiais konfeti gimtadienio balionai"},{"@type":"BreadcrumbList","@id":"https:\/\/www.gintaresgeles.lt\/en\/puokste\/clear-helium-balloon-with-pink-confetti\/#breadcrumb","itemListElement":[{"@type":"ListItem","position":1,"name":"Prad\u017eia","item":"https:\/\/www.gintaresgeles.lt\/en\/"},{"@type":"ListItem","position":2,"name":"All flowers and other products","item":"https:\/\/www.gintaresgeles.lt\/en\/all-flowers-and-other-products\/"},{"@type":"ListItem","position":3,"name":"Clear helium balloon with pink confetti"}]},{"@type":"WebSite","@id":"https:\/\/www.gintaresgeles.lt\/en\/#website","url":"https:\/\/www.gintaresgeles.lt\/en\/","name":"gintaresgeles.lt","description":"G\u0117li\u0173 parduotuv\u0117 internete","potentialAction":[{"@type":"SearchAction","target":{"@type":"EntryPoint","urlTemplate":"https:\/\/www.gintaresgeles.lt\/en\/?s={search_term_string}"},"query-input":{"@type":"PropertyValueSpecification","valueRequired":true,"valueName":"search_term_string"}}],"inLanguage":"en-US"}]}},"_links":{"self":[{"href":"https:\/\/www.gintaresgeles.lt\/en\/wp-json\/wp\/v2\/product\/40689","targetHints":{"allow":["GET"]}}],"collection":[{"href":"https:\/\/www.gintaresgeles.lt\/en\/wp-json\/wp\/v2\/product"}],"about":[{"href":"https:\/\/www.gintaresgeles.lt\/en\/wp-json\/wp\/v2\/types\/product"}],"wp:featuredmedia":[{"embeddable":true,"href":"https:\/\/www.gintaresgeles.lt\/en\/wp-json\/wp\/v2\/media\/53743"}],"wp:attachment":[{"href":"https:\/\/www.gintaresgeles.lt\/en\/wp-json\/wp\/v2\/media?parent=40689"}],"wp:term":[{"taxonomy":"product_brand","embeddable":true,"href":"https:\/\/www.gintaresgeles.lt\/en\/wp-json\/wp\/v2\/product_brand?post=40689"},{"taxonomy":"product_cat","embeddable":true,"href":"https:\/\/www.gintaresgeles.lt\/en\/wp-json\/wp\/v2\/product_cat?post=40689"},{"taxonomy":"product_tag","embeddable":true,"href":"https:\/\/www.gintaresgeles.lt\/en\/wp-json\/wp\/v2\/product_tag?post=40689"}],"curies":[{"name":"wp","href":"https:\/\/api.w.org\/{rel}","templated":true}]}}