{"id":40752,"date":"2022-04-20T14:39:46","date_gmt":"2022-04-20T12:39:47","guid":{"rendered":"https:\/\/www.gintaresgeles.lt\/?post_type=product&#038;p=40752"},"modified":"2025-05-29T02:00:08","modified_gmt":"2025-05-29T00:00:08","slug":"dotted-azure-helium-balloon","status":"publish","type":"product","link":"https:\/\/www.gintaresgeles.lt\/en\/puokste\/dotted-azure-helium-balloon\/","title":{"rendered":"Dotted azure helium balloon"},"content":{"rendered":"","protected":false},"excerpt":{"rendered":"<p>Purple dotted helium balloons will go well with any given flowers and will enhance the surprise effect. Such balloons will surprise and delight a person of any age, lifting the mood for the whole day.<\/p>\n","protected":false},"featured_media":40759,"template":"","meta":[],"product_brand":[],"product_cat":[270,893,915,894,916,1955,1203],"product_tag":[],"class_list":{"0":"post-40752","1":"product","2":"type-product","3":"status-publish","4":"has-post-thumbnail","6":"product_cat-helium-balloons","7":"product_cat-helium-balloons-for-birthday","8":"product_cat-helium-balloons-for-childbirth","9":"product_cat-helium-balloons-for-kids","10":"product_cat-helium-balloons-for-mom","11":"product_cat-helium-balloons-for-the-christenings","12":"product_cat-helium-rubber-balloons","13":"tm-no-options","15":"first","16":"instock","17":"taxable","18":"shipping-taxable","19":"purchasable","20":"product-type-simple"},"yoast_head":"<!-- This site is optimized with the Yoast SEO plugin v25.3 - https:\/\/yoast.com\/wordpress\/plugins\/seo\/ -->\n<title>Dotted azure helium balloon | Delivery in Vilnius | Gintar\u0117sG\u0117l\u0117s<\/title>\n<meta name=\"description\" content=\"A blue dotted helium balloon is a great gift for flowers. Helium balloons will make people of any age happy with their colors.\" \/>\n<meta name=\"robots\" content=\"index, follow, max-snippet:-1, max-image-preview:large, max-video-preview:-1\" \/>\n<link rel=\"canonical\" href=\"https:\/\/www.gintaresgeles.lt\/en\/puokste\/dotted-azure-helium-balloon\/\" \/>\n<meta property=\"og:locale\" content=\"en_US\" \/>\n<meta property=\"og:type\" content=\"article\" \/>\n<meta property=\"og:title\" content=\"Dotted azure helium balloon | Delivery in Vilnius | Gintar\u0117sG\u0117l\u0117s\" \/>\n<meta property=\"og:description\" content=\"A blue dotted helium balloon is a great gift for flowers. Helium balloons will make people of any age happy with their colors.\" \/>\n<meta property=\"og:url\" content=\"https:\/\/www.gintaresgeles.lt\/en\/puokste\/dotted-azure-helium-balloon\/\" \/>\n<meta property=\"og:site_name\" content=\"gintaresgeles.lt\" \/>\n<meta property=\"article:modified_time\" content=\"2025-05-29T00:00:08+00:00\" \/>\n<meta property=\"og:image\" content=\"https:\/\/www.gintaresgeles.lt\/wp-content\/uploads\/2022\/04\/zydri-taskuoti-guminiai-helio-balionai.jpg\" \/>\n\t<meta property=\"og:image:width\" content=\"1000\" \/>\n\t<meta property=\"og:image:height\" content=\"1000\" \/>\n\t<meta property=\"og:image:type\" content=\"image\/jpeg\" \/>\n<meta name=\"twitter:card\" content=\"summary_large_image\" \/>\n<script type=\"application\/ld+json\" class=\"yoast-schema-graph\">{\"@context\":\"https:\/\/schema.org\",\"@graph\":[{\"@type\":\"WebPage\",\"@id\":\"https:\/\/www.gintaresgeles.lt\/en\/puokste\/dotted-azure-helium-balloon\/\",\"url\":\"https:\/\/www.gintaresgeles.lt\/en\/puokste\/dotted-azure-helium-balloon\/\",\"name\":\"Dotted azure helium balloon | Delivery in Vilnius | Gintar\u0117sG\u0117l\u0117s\",\"isPartOf\":{\"@id\":\"https:\/\/www.gintaresgeles.lt\/en\/#website\"},\"primaryImageOfPage\":{\"@id\":\"https:\/\/www.gintaresgeles.lt\/en\/puokste\/dotted-azure-helium-balloon\/#primaryimage\"},\"image\":{\"@id\":\"https:\/\/www.gintaresgeles.lt\/en\/puokste\/dotted-azure-helium-balloon\/#primaryimage\"},\"thumbnailUrl\":\"https:\/\/www.gintaresgeles.lt\/wp-content\/uploads\/2022\/04\/zydri-taskuoti-guminiai-helio-balionai.jpg\",\"datePublished\":\"2022-04-20T12:39:47+00:00\",\"dateModified\":\"2025-05-29T00:00:08+00:00\",\"description\":\"A blue dotted helium balloon is a great gift for flowers. Helium balloons will make people of any age happy with their colors.\",\"breadcrumb\":{\"@id\":\"https:\/\/www.gintaresgeles.lt\/en\/puokste\/dotted-azure-helium-balloon\/#breadcrumb\"},\"inLanguage\":\"en-US\",\"potentialAction\":[{\"@type\":\"ReadAction\",\"target\":[\"https:\/\/www.gintaresgeles.lt\/en\/puokste\/dotted-azure-helium-balloon\/\"]}]},{\"@type\":\"ImageObject\",\"inLanguage\":\"en-US\",\"@id\":\"https:\/\/www.gintaresgeles.lt\/en\/puokste\/dotted-azure-helium-balloon\/#primaryimage\",\"url\":\"https:\/\/www.gintaresgeles.lt\/wp-content\/uploads\/2022\/04\/zydri-taskuoti-guminiai-helio-balionai.jpg\",\"contentUrl\":\"https:\/\/www.gintaresgeles.lt\/wp-content\/uploads\/2022\/04\/zydri-taskuoti-guminiai-helio-balionai.jpg\",\"width\":1000,\"height\":1000,\"caption\":\"\u017dydras helio balionas su baltais ta\u0161keliais\"},{\"@type\":\"BreadcrumbList\",\"@id\":\"https:\/\/www.gintaresgeles.lt\/en\/puokste\/dotted-azure-helium-balloon\/#breadcrumb\",\"itemListElement\":[{\"@type\":\"ListItem\",\"position\":1,\"name\":\"Prad\u017eia\",\"item\":\"https:\/\/www.gintaresgeles.lt\/en\/\"},{\"@type\":\"ListItem\",\"position\":2,\"name\":\"All flowers and other products\",\"item\":\"https:\/\/www.gintaresgeles.lt\/en\/all-flowers-and-other-products\/\"},{\"@type\":\"ListItem\",\"position\":3,\"name\":\"Dotted azure helium balloon\"}]},{\"@type\":\"WebSite\",\"@id\":\"https:\/\/www.gintaresgeles.lt\/en\/#website\",\"url\":\"https:\/\/www.gintaresgeles.lt\/en\/\",\"name\":\"Gintares Geles\",\"description\":\"Flower delivery in Vilnius | Same-day delivery | Gintares geles\",\"potentialAction\":[{\"@type\":\"SearchAction\",\"target\":{\"@type\":\"EntryPoint\",\"urlTemplate\":\"https:\/\/www.gintaresgeles.lt\/en\/?s={search_term_string}\"},\"query-input\":{\"@type\":\"PropertyValueSpecification\",\"valueRequired\":true,\"valueName\":\"search_term_string\"}}],\"inLanguage\":\"en-US\"}]}<\/script>\n<!-- \/ Yoast SEO plugin. -->","yoast_head_json":{"title":"Dotted azure helium balloon | Delivery in Vilnius | Gintar\u0117sG\u0117l\u0117s","description":"A blue dotted helium balloon is a great gift for flowers. Helium balloons will make people of any age happy with their colors.","robots":{"index":"index","follow":"follow","max-snippet":"max-snippet:-1","max-image-preview":"max-image-preview:large","max-video-preview":"max-video-preview:-1"},"canonical":"https:\/\/www.gintaresgeles.lt\/en\/puokste\/dotted-azure-helium-balloon\/","og_locale":"en_US","og_type":"article","og_title":"Dotted azure helium balloon | Delivery in Vilnius | Gintar\u0117sG\u0117l\u0117s","og_description":"A blue dotted helium balloon is a great gift for flowers. Helium balloons will make people of any age happy with their colors.","og_url":"https:\/\/www.gintaresgeles.lt\/en\/puokste\/dotted-azure-helium-balloon\/","og_site_name":"gintaresgeles.lt","article_modified_time":"2025-05-29T00:00:08+00:00","og_image":[{"width":1000,"height":1000,"url":"https:\/\/www.gintaresgeles.lt\/wp-content\/uploads\/2022\/04\/zydri-taskuoti-guminiai-helio-balionai.jpg","type":"image\/jpeg"}],"twitter_card":"summary_large_image","schema":{"@context":"https:\/\/schema.org","@graph":[{"@type":"WebPage","@id":"https:\/\/www.gintaresgeles.lt\/en\/puokste\/dotted-azure-helium-balloon\/","url":"https:\/\/www.gintaresgeles.lt\/en\/puokste\/dotted-azure-helium-balloon\/","name":"Dotted azure helium balloon | Delivery in Vilnius | Gintar\u0117sG\u0117l\u0117s","isPartOf":{"@id":"https:\/\/www.gintaresgeles.lt\/en\/#website"},"primaryImageOfPage":{"@id":"https:\/\/www.gintaresgeles.lt\/en\/puokste\/dotted-azure-helium-balloon\/#primaryimage"},"image":{"@id":"https:\/\/www.gintaresgeles.lt\/en\/puokste\/dotted-azure-helium-balloon\/#primaryimage"},"thumbnailUrl":"https:\/\/www.gintaresgeles.lt\/wp-content\/uploads\/2022\/04\/zydri-taskuoti-guminiai-helio-balionai.jpg","datePublished":"2022-04-20T12:39:47+00:00","dateModified":"2025-05-29T00:00:08+00:00","description":"A blue dotted helium balloon is a great gift for flowers. Helium balloons will make people of any age happy with their colors.","breadcrumb":{"@id":"https:\/\/www.gintaresgeles.lt\/en\/puokste\/dotted-azure-helium-balloon\/#breadcrumb"},"inLanguage":"en-US","potentialAction":[{"@type":"ReadAction","target":["https:\/\/www.gintaresgeles.lt\/en\/puokste\/dotted-azure-helium-balloon\/"]}]},{"@type":"ImageObject","inLanguage":"en-US","@id":"https:\/\/www.gintaresgeles.lt\/en\/puokste\/dotted-azure-helium-balloon\/#primaryimage","url":"https:\/\/www.gintaresgeles.lt\/wp-content\/uploads\/2022\/04\/zydri-taskuoti-guminiai-helio-balionai.jpg","contentUrl":"https:\/\/www.gintaresgeles.lt\/wp-content\/uploads\/2022\/04\/zydri-taskuoti-guminiai-helio-balionai.jpg","width":1000,"height":1000,"caption":"\u017dydras helio balionas su baltais ta\u0161keliais"},{"@type":"BreadcrumbList","@id":"https:\/\/www.gintaresgeles.lt\/en\/puokste\/dotted-azure-helium-balloon\/#breadcrumb","itemListElement":[{"@type":"ListItem","position":1,"name":"Prad\u017eia","item":"https:\/\/www.gintaresgeles.lt\/en\/"},{"@type":"ListItem","position":2,"name":"All flowers and other products","item":"https:\/\/www.gintaresgeles.lt\/en\/all-flowers-and-other-products\/"},{"@type":"ListItem","position":3,"name":"Dotted azure helium balloon"}]},{"@type":"WebSite","@id":"https:\/\/www.gintaresgeles.lt\/en\/#website","url":"https:\/\/www.gintaresgeles.lt\/en\/","name":"Gintares Geles","description":"Flower delivery in Vilnius | Same-day delivery | Gintares geles","potentialAction":[{"@type":"SearchAction","target":{"@type":"EntryPoint","urlTemplate":"https:\/\/www.gintaresgeles.lt\/en\/?s={search_term_string}"},"query-input":{"@type":"PropertyValueSpecification","valueRequired":true,"valueName":"search_term_string"}}],"inLanguage":"en-US"}]}},"_links":{"self":[{"href":"https:\/\/www.gintaresgeles.lt\/en\/wp-json\/wp\/v2\/product\/40752","targetHints":{"allow":["GET"]}}],"collection":[{"href":"https:\/\/www.gintaresgeles.lt\/en\/wp-json\/wp\/v2\/product"}],"about":[{"href":"https:\/\/www.gintaresgeles.lt\/en\/wp-json\/wp\/v2\/types\/product"}],"wp:featuredmedia":[{"embeddable":true,"href":"https:\/\/www.gintaresgeles.lt\/en\/wp-json\/wp\/v2\/media\/40759"}],"wp:attachment":[{"href":"https:\/\/www.gintaresgeles.lt\/en\/wp-json\/wp\/v2\/media?parent=40752"}],"wp:term":[{"taxonomy":"product_brand","embeddable":true,"href":"https:\/\/www.gintaresgeles.lt\/en\/wp-json\/wp\/v2\/product_brand?post=40752"},{"taxonomy":"product_cat","embeddable":true,"href":"https:\/\/www.gintaresgeles.lt\/en\/wp-json\/wp\/v2\/product_cat?post=40752"},{"taxonomy":"product_tag","embeddable":true,"href":"https:\/\/www.gintaresgeles.lt\/en\/wp-json\/wp\/v2\/product_tag?post=40752"}],"curies":[{"name":"wp","href":"https:\/\/api.w.org\/{rel}","templated":true}]}}