{"id":40825,"date":"2022-04-21T13:18:23","date_gmt":"2022-04-21T11:18:24","guid":{"rendered":"https:\/\/www.gintaresgeles.lt\/?post_type=product&#038;p=40825"},"modified":"2025-05-29T02:00:06","modified_gmt":"2025-05-29T00:00:06","slug":"chrome-blue-helium-balloon","status":"publish","type":"product","link":"https:\/\/www.gintaresgeles.lt\/en\/puokste\/chrome-blue-helium-balloon\/","title":{"rendered":"Chrome blue helium balloon"},"content":{"rendered":"","protected":false},"excerpt":{"rendered":"<p>Blue chrome helium balloons are the perfect choice to delight both children and adults.<\/p>\n<p><em>The color of the balloon may differ slightly from the one shown in the photo.<\/em><\/p>\n","protected":false},"featured_media":40828,"template":"","meta":[],"product_brand":[],"product_cat":[270,1957,893,915,894,916,1203],"product_tag":[],"class_list":{"0":"post-40825","1":"product","2":"type-product","3":"status-publish","4":"has-post-thumbnail","6":"product_cat-helium-balloons","7":"product_cat-chrome-helium-balloons","8":"product_cat-helium-balloons-for-birthday","9":"product_cat-helium-balloons-for-childbirth","10":"product_cat-helium-balloons-for-kids","11":"product_cat-helium-balloons-for-mom","12":"product_cat-helium-rubber-balloons","13":"tm-no-options","15":"first","16":"instock","17":"taxable","18":"shipping-taxable","19":"purchasable","20":"product-type-simple"},"yoast_head":"<!-- This site is optimized with the Yoast SEO plugin v25.3 - https:\/\/yoast.com\/wordpress\/plugins\/seo\/ -->\n<title>Chrome blue helium balloon | Delivery in Vilnius | Gintar\u0117sG\u0117l\u0117s<\/title>\n<meta name=\"description\" content=\"Blue chrome rubber helium balloons are not only a fun gift for flowers, but also a great holiday decoration.\" \/>\n<meta name=\"robots\" content=\"index, follow, max-snippet:-1, max-image-preview:large, max-video-preview:-1\" \/>\n<link rel=\"canonical\" href=\"https:\/\/www.gintaresgeles.lt\/en\/puokste\/chrome-blue-helium-balloon\/\" \/>\n<meta property=\"og:locale\" content=\"en_US\" \/>\n<meta property=\"og:type\" content=\"article\" \/>\n<meta property=\"og:title\" content=\"Chrome blue helium balloon | Delivery in Vilnius | Gintar\u0117sG\u0117l\u0117s\" \/>\n<meta property=\"og:description\" content=\"Blue chrome rubber helium balloons are not only a fun gift for flowers, but also a great holiday decoration.\" \/>\n<meta property=\"og:url\" content=\"https:\/\/www.gintaresgeles.lt\/en\/puokste\/chrome-blue-helium-balloon\/\" \/>\n<meta property=\"og:site_name\" content=\"gintaresgeles.lt\" \/>\n<meta property=\"article:modified_time\" content=\"2025-05-29T00:00:06+00:00\" \/>\n<meta property=\"og:image\" content=\"https:\/\/www.gintaresgeles.lt\/wp-content\/uploads\/2022\/04\/chrominiai-melyni-helio-balionai-gimtadienio-balionai.jpg\" \/>\n\t<meta property=\"og:image:width\" content=\"1000\" \/>\n\t<meta property=\"og:image:height\" content=\"1000\" \/>\n\t<meta property=\"og:image:type\" content=\"image\/jpeg\" \/>\n<meta name=\"twitter:card\" content=\"summary_large_image\" \/>\n<script type=\"application\/ld+json\" class=\"yoast-schema-graph\">{\"@context\":\"https:\/\/schema.org\",\"@graph\":[{\"@type\":\"WebPage\",\"@id\":\"https:\/\/www.gintaresgeles.lt\/en\/puokste\/chrome-blue-helium-balloon\/\",\"url\":\"https:\/\/www.gintaresgeles.lt\/en\/puokste\/chrome-blue-helium-balloon\/\",\"name\":\"Chrome blue helium balloon | Delivery in Vilnius | Gintar\u0117sG\u0117l\u0117s\",\"isPartOf\":{\"@id\":\"https:\/\/www.gintaresgeles.lt\/en\/#website\"},\"primaryImageOfPage\":{\"@id\":\"https:\/\/www.gintaresgeles.lt\/en\/puokste\/chrome-blue-helium-balloon\/#primaryimage\"},\"image\":{\"@id\":\"https:\/\/www.gintaresgeles.lt\/en\/puokste\/chrome-blue-helium-balloon\/#primaryimage\"},\"thumbnailUrl\":\"https:\/\/www.gintaresgeles.lt\/wp-content\/uploads\/2022\/04\/chrominiai-melyni-helio-balionai-gimtadienio-balionai.jpg\",\"datePublished\":\"2022-04-21T11:18:24+00:00\",\"dateModified\":\"2025-05-29T00:00:06+00:00\",\"description\":\"Blue chrome rubber helium balloons are not only a fun gift for flowers, but also a great holiday decoration.\",\"breadcrumb\":{\"@id\":\"https:\/\/www.gintaresgeles.lt\/en\/puokste\/chrome-blue-helium-balloon\/#breadcrumb\"},\"inLanguage\":\"en-US\",\"potentialAction\":[{\"@type\":\"ReadAction\",\"target\":[\"https:\/\/www.gintaresgeles.lt\/en\/puokste\/chrome-blue-helium-balloon\/\"]}]},{\"@type\":\"ImageObject\",\"inLanguage\":\"en-US\",\"@id\":\"https:\/\/www.gintaresgeles.lt\/en\/puokste\/chrome-blue-helium-balloon\/#primaryimage\",\"url\":\"https:\/\/www.gintaresgeles.lt\/wp-content\/uploads\/2022\/04\/chrominiai-melyni-helio-balionai-gimtadienio-balionai.jpg\",\"contentUrl\":\"https:\/\/www.gintaresgeles.lt\/wp-content\/uploads\/2022\/04\/chrominiai-melyni-helio-balionai-gimtadienio-balionai.jpg\",\"width\":1000,\"height\":1000,\"caption\":\"M\u0117lynas chrominis helio balionas gimtadienio \u0161ventei\"},{\"@type\":\"BreadcrumbList\",\"@id\":\"https:\/\/www.gintaresgeles.lt\/en\/puokste\/chrome-blue-helium-balloon\/#breadcrumb\",\"itemListElement\":[{\"@type\":\"ListItem\",\"position\":1,\"name\":\"Prad\u017eia\",\"item\":\"https:\/\/www.gintaresgeles.lt\/en\/\"},{\"@type\":\"ListItem\",\"position\":2,\"name\":\"All flowers and other products\",\"item\":\"https:\/\/www.gintaresgeles.lt\/en\/all-flowers-and-other-products\/\"},{\"@type\":\"ListItem\",\"position\":3,\"name\":\"Chrome blue helium balloon\"}]},{\"@type\":\"WebSite\",\"@id\":\"https:\/\/www.gintaresgeles.lt\/en\/#website\",\"url\":\"https:\/\/www.gintaresgeles.lt\/en\/\",\"name\":\"gintaresgeles.lt\",\"description\":\"G\u0117li\u0173 parduotuv\u0117 internete\",\"potentialAction\":[{\"@type\":\"SearchAction\",\"target\":{\"@type\":\"EntryPoint\",\"urlTemplate\":\"https:\/\/www.gintaresgeles.lt\/en\/?s={search_term_string}\"},\"query-input\":{\"@type\":\"PropertyValueSpecification\",\"valueRequired\":true,\"valueName\":\"search_term_string\"}}],\"inLanguage\":\"en-US\"}]}<\/script>\n<!-- \/ Yoast SEO plugin. -->","yoast_head_json":{"title":"Chrome blue helium balloon | Delivery in Vilnius | Gintar\u0117sG\u0117l\u0117s","description":"Blue chrome rubber helium balloons are not only a fun gift for flowers, but also a great holiday decoration.","robots":{"index":"index","follow":"follow","max-snippet":"max-snippet:-1","max-image-preview":"max-image-preview:large","max-video-preview":"max-video-preview:-1"},"canonical":"https:\/\/www.gintaresgeles.lt\/en\/puokste\/chrome-blue-helium-balloon\/","og_locale":"en_US","og_type":"article","og_title":"Chrome blue helium balloon | Delivery in Vilnius | Gintar\u0117sG\u0117l\u0117s","og_description":"Blue chrome rubber helium balloons are not only a fun gift for flowers, but also a great holiday decoration.","og_url":"https:\/\/www.gintaresgeles.lt\/en\/puokste\/chrome-blue-helium-balloon\/","og_site_name":"gintaresgeles.lt","article_modified_time":"2025-05-29T00:00:06+00:00","og_image":[{"width":1000,"height":1000,"url":"https:\/\/www.gintaresgeles.lt\/wp-content\/uploads\/2022\/04\/chrominiai-melyni-helio-balionai-gimtadienio-balionai.jpg","type":"image\/jpeg"}],"twitter_card":"summary_large_image","schema":{"@context":"https:\/\/schema.org","@graph":[{"@type":"WebPage","@id":"https:\/\/www.gintaresgeles.lt\/en\/puokste\/chrome-blue-helium-balloon\/","url":"https:\/\/www.gintaresgeles.lt\/en\/puokste\/chrome-blue-helium-balloon\/","name":"Chrome blue helium balloon | Delivery in Vilnius | Gintar\u0117sG\u0117l\u0117s","isPartOf":{"@id":"https:\/\/www.gintaresgeles.lt\/en\/#website"},"primaryImageOfPage":{"@id":"https:\/\/www.gintaresgeles.lt\/en\/puokste\/chrome-blue-helium-balloon\/#primaryimage"},"image":{"@id":"https:\/\/www.gintaresgeles.lt\/en\/puokste\/chrome-blue-helium-balloon\/#primaryimage"},"thumbnailUrl":"https:\/\/www.gintaresgeles.lt\/wp-content\/uploads\/2022\/04\/chrominiai-melyni-helio-balionai-gimtadienio-balionai.jpg","datePublished":"2022-04-21T11:18:24+00:00","dateModified":"2025-05-29T00:00:06+00:00","description":"Blue chrome rubber helium balloons are not only a fun gift for flowers, but also a great holiday decoration.","breadcrumb":{"@id":"https:\/\/www.gintaresgeles.lt\/en\/puokste\/chrome-blue-helium-balloon\/#breadcrumb"},"inLanguage":"en-US","potentialAction":[{"@type":"ReadAction","target":["https:\/\/www.gintaresgeles.lt\/en\/puokste\/chrome-blue-helium-balloon\/"]}]},{"@type":"ImageObject","inLanguage":"en-US","@id":"https:\/\/www.gintaresgeles.lt\/en\/puokste\/chrome-blue-helium-balloon\/#primaryimage","url":"https:\/\/www.gintaresgeles.lt\/wp-content\/uploads\/2022\/04\/chrominiai-melyni-helio-balionai-gimtadienio-balionai.jpg","contentUrl":"https:\/\/www.gintaresgeles.lt\/wp-content\/uploads\/2022\/04\/chrominiai-melyni-helio-balionai-gimtadienio-balionai.jpg","width":1000,"height":1000,"caption":"M\u0117lynas chrominis helio balionas gimtadienio \u0161ventei"},{"@type":"BreadcrumbList","@id":"https:\/\/www.gintaresgeles.lt\/en\/puokste\/chrome-blue-helium-balloon\/#breadcrumb","itemListElement":[{"@type":"ListItem","position":1,"name":"Prad\u017eia","item":"https:\/\/www.gintaresgeles.lt\/en\/"},{"@type":"ListItem","position":2,"name":"All flowers and other products","item":"https:\/\/www.gintaresgeles.lt\/en\/all-flowers-and-other-products\/"},{"@type":"ListItem","position":3,"name":"Chrome blue helium balloon"}]},{"@type":"WebSite","@id":"https:\/\/www.gintaresgeles.lt\/en\/#website","url":"https:\/\/www.gintaresgeles.lt\/en\/","name":"gintaresgeles.lt","description":"G\u0117li\u0173 parduotuv\u0117 internete","potentialAction":[{"@type":"SearchAction","target":{"@type":"EntryPoint","urlTemplate":"https:\/\/www.gintaresgeles.lt\/en\/?s={search_term_string}"},"query-input":{"@type":"PropertyValueSpecification","valueRequired":true,"valueName":"search_term_string"}}],"inLanguage":"en-US"}]}},"_links":{"self":[{"href":"https:\/\/www.gintaresgeles.lt\/en\/wp-json\/wp\/v2\/product\/40825","targetHints":{"allow":["GET"]}}],"collection":[{"href":"https:\/\/www.gintaresgeles.lt\/en\/wp-json\/wp\/v2\/product"}],"about":[{"href":"https:\/\/www.gintaresgeles.lt\/en\/wp-json\/wp\/v2\/types\/product"}],"wp:featuredmedia":[{"embeddable":true,"href":"https:\/\/www.gintaresgeles.lt\/en\/wp-json\/wp\/v2\/media\/40828"}],"wp:attachment":[{"href":"https:\/\/www.gintaresgeles.lt\/en\/wp-json\/wp\/v2\/media?parent=40825"}],"wp:term":[{"taxonomy":"product_brand","embeddable":true,"href":"https:\/\/www.gintaresgeles.lt\/en\/wp-json\/wp\/v2\/product_brand?post=40825"},{"taxonomy":"product_cat","embeddable":true,"href":"https:\/\/www.gintaresgeles.lt\/en\/wp-json\/wp\/v2\/product_cat?post=40825"},{"taxonomy":"product_tag","embeddable":true,"href":"https:\/\/www.gintaresgeles.lt\/en\/wp-json\/wp\/v2\/product_tag?post=40825"}],"curies":[{"name":"wp","href":"https:\/\/api.w.org\/{rel}","templated":true}]}}