{"id":41517,"date":"2022-05-23T21:58:43","date_gmt":"2022-05-23T19:58:43","guid":{"rendered":"https:\/\/www.gintaresgeles.lt\/?post_type=product&#038;p=41517"},"modified":"2026-02-10T19:49:54","modified_gmt":"2026-02-10T17:49:54","slug":"bouquet-of-one-colored-small-roses","status":"publish","type":"product","link":"https:\/\/www.gintaresgeles.lt\/en\/puokste\/bouquet-of-one-colored-small-roses\/","title":{"rendered":"Bouquet of one colored small roses"},"content":{"rendered":"<p>Roses radiate elegance and softness which is why they are so suitable to give to women. It is even more beautiful when you give them not several roses, but several sprigs with numerous clusters of small to medium-sized blossoms. Such gift is not only lovely and charming, but it also looks rich. Surprise your special woman with this enchanting bouquet of mini roses.<\/p>\n<p><em>The color of flowers may differ from the photo. If you want a different color, contact as by phone.<\/em><\/p>\n","protected":false},"excerpt":{"rendered":"<p>Light colors are traditionally considered feminine, so this bouquet of small roses is perfect for congratulating your special girl or woman, expressing warmth, respect, tenderness or love.<\/p>\n<p><em><strong>The colors are selected from those that we currently have for sale, if you want a specific color, please contact us.<\/strong><\/em><\/p>\n","protected":false},"featured_media":41541,"template":"","meta":[],"product_brand":[],"product_cat":[261,260,259,252,266,265,256,253,257,428,262,263,264,268,1966,238],"product_tag":[],"class_list":{"0":"post-41517","1":"product","2":"type-product","3":"status-publish","4":"has-post-thumbnail","6":"product_cat-birthday-bouquets","7":"product_cat-birthday-flowers","8":"product_cat-flowers-by-occasion","9":"product_cat-flowers-by-recipient","10":"product_cat-flowers-by-style","11":"product_cat-flowers-by-type","12":"product_cat-flowers-for-girlfriend","13":"product_cat-flowers-for-mom","14":"product_cat-flowers-for-women","15":"product_cat-jubilee-flowers","16":"product_cat-march8th-flowers","17":"product_cat-mothers-day-flowers","18":"product_cat-valentines-day-flowers","19":"product_cat-flower-bouquets","20":"product_cat-flowers-wrapped-in-paper","21":"product_cat-roses","22":"tm-has-options","24":"first","25":"instock","26":"taxable","27":"shipping-taxable","28":"purchasable","29":"product-type-variable","30":"has-default-attributes"},"yoast_head":"<!-- This site is optimized with the Yoast SEO plugin v25.3 - https:\/\/yoast.com\/wordpress\/plugins\/seo\/ -->\n<title>Bouquet of one colored small roses | Flowers | Gintar\u0117sG\u0117l\u0117s<\/title>\n<meta name=\"description\" content=\"An elegant and at the same time playful bouquet of small sprigs of single-colored roses. Perfect for greeting girls or women.\" \/>\n<meta name=\"robots\" content=\"index, follow, max-snippet:-1, max-image-preview:large, max-video-preview:-1\" \/>\n<link rel=\"canonical\" href=\"https:\/\/www.gintaresgeles.lt\/en\/puokste\/bouquet-of-one-colored-small-roses\/\" \/>\n<meta property=\"og:locale\" content=\"en_US\" \/>\n<meta property=\"og:type\" content=\"article\" \/>\n<meta property=\"og:title\" content=\"Bouquet of one colored small roses | Flowers | Gintar\u0117sG\u0117l\u0117s\" \/>\n<meta property=\"og:description\" content=\"An elegant and at the same time playful bouquet of small sprigs of single-colored roses. Perfect for greeting girls or women.\" \/>\n<meta property=\"og:url\" content=\"https:\/\/www.gintaresgeles.lt\/en\/puokste\/bouquet-of-one-colored-small-roses\/\" \/>\n<meta property=\"og:site_name\" content=\"gintaresgeles.lt\" \/>\n<meta property=\"article:modified_time\" content=\"2026-02-10T17:49:54+00:00\" \/>\n<meta property=\"og:image\" content=\"https:\/\/www.gintaresgeles.lt\/wp-content\/uploads\/2022\/05\/vienos-spalvos-rozyciu-puokste-geles-merginai.jpg\" \/>\n\t<meta property=\"og:image:width\" content=\"1200\" \/>\n\t<meta property=\"og:image:height\" content=\"1200\" \/>\n\t<meta property=\"og:image:type\" content=\"image\/jpeg\" \/>\n<meta name=\"twitter:card\" content=\"summary_large_image\" \/>\n<script type=\"application\/ld+json\" class=\"yoast-schema-graph\">{\"@context\":\"https:\/\/schema.org\",\"@graph\":[{\"@type\":\"WebPage\",\"@id\":\"https:\/\/www.gintaresgeles.lt\/en\/puokste\/bouquet-of-one-colored-small-roses\/\",\"url\":\"https:\/\/www.gintaresgeles.lt\/en\/puokste\/bouquet-of-one-colored-small-roses\/\",\"name\":\"Bouquet of one colored small roses | Flowers | Gintar\u0117sG\u0117l\u0117s\",\"isPartOf\":{\"@id\":\"https:\/\/www.gintaresgeles.lt\/en\/#website\"},\"primaryImageOfPage\":{\"@id\":\"https:\/\/www.gintaresgeles.lt\/en\/puokste\/bouquet-of-one-colored-small-roses\/#primaryimage\"},\"image\":{\"@id\":\"https:\/\/www.gintaresgeles.lt\/en\/puokste\/bouquet-of-one-colored-small-roses\/#primaryimage\"},\"thumbnailUrl\":\"https:\/\/www.gintaresgeles.lt\/wp-content\/uploads\/2022\/05\/vienos-spalvos-rozyciu-puokste-geles-merginai.jpg\",\"datePublished\":\"2022-05-23T19:58:43+00:00\",\"dateModified\":\"2026-02-10T17:49:54+00:00\",\"description\":\"An elegant and at the same time playful bouquet of small sprigs of single-colored roses. Perfect for greeting girls or women.\",\"breadcrumb\":{\"@id\":\"https:\/\/www.gintaresgeles.lt\/en\/puokste\/bouquet-of-one-colored-small-roses\/#breadcrumb\"},\"inLanguage\":\"en-US\",\"potentialAction\":[{\"@type\":\"ReadAction\",\"target\":[\"https:\/\/www.gintaresgeles.lt\/en\/puokste\/bouquet-of-one-colored-small-roses\/\"]}]},{\"@type\":\"ImageObject\",\"inLanguage\":\"en-US\",\"@id\":\"https:\/\/www.gintaresgeles.lt\/en\/puokste\/bouquet-of-one-colored-small-roses\/#primaryimage\",\"url\":\"https:\/\/www.gintaresgeles.lt\/wp-content\/uploads\/2022\/05\/vienos-spalvos-rozyciu-puokste-geles-merginai.jpg\",\"contentUrl\":\"https:\/\/www.gintaresgeles.lt\/wp-content\/uploads\/2022\/05\/vienos-spalvos-rozyciu-puokste-geles-merginai.jpg\",\"width\":1200,\"height\":1200,\"caption\":\"Ro\u017ein\u0117s spalvos smulki\u0173 ro\u017ei\u0173 puok\u0161t\u0117 g\u0117l\u0117s moterims\"},{\"@type\":\"BreadcrumbList\",\"@id\":\"https:\/\/www.gintaresgeles.lt\/en\/puokste\/bouquet-of-one-colored-small-roses\/#breadcrumb\",\"itemListElement\":[{\"@type\":\"ListItem\",\"position\":1,\"name\":\"Prad\u017eia\",\"item\":\"https:\/\/www.gintaresgeles.lt\/en\/\"},{\"@type\":\"ListItem\",\"position\":2,\"name\":\"All flowers and other products\",\"item\":\"https:\/\/www.gintaresgeles.lt\/en\/all-flowers-and-other-products\/\"},{\"@type\":\"ListItem\",\"position\":3,\"name\":\"Bouquet of one colored small roses\"}]},{\"@type\":\"WebSite\",\"@id\":\"https:\/\/www.gintaresgeles.lt\/en\/#website\",\"url\":\"https:\/\/www.gintaresgeles.lt\/en\/\",\"name\":\"gintaresgeles.lt\",\"description\":\"G\u0117li\u0173 parduotuv\u0117 internete\",\"potentialAction\":[{\"@type\":\"SearchAction\",\"target\":{\"@type\":\"EntryPoint\",\"urlTemplate\":\"https:\/\/www.gintaresgeles.lt\/en\/?s={search_term_string}\"},\"query-input\":{\"@type\":\"PropertyValueSpecification\",\"valueRequired\":true,\"valueName\":\"search_term_string\"}}],\"inLanguage\":\"en-US\"}]}<\/script>\n<!-- \/ Yoast SEO plugin. -->","yoast_head_json":{"title":"Bouquet of one colored small roses | Flowers | Gintar\u0117sG\u0117l\u0117s","description":"An elegant and at the same time playful bouquet of small sprigs of single-colored roses. Perfect for greeting girls or women.","robots":{"index":"index","follow":"follow","max-snippet":"max-snippet:-1","max-image-preview":"max-image-preview:large","max-video-preview":"max-video-preview:-1"},"canonical":"https:\/\/www.gintaresgeles.lt\/en\/puokste\/bouquet-of-one-colored-small-roses\/","og_locale":"en_US","og_type":"article","og_title":"Bouquet of one colored small roses | Flowers | Gintar\u0117sG\u0117l\u0117s","og_description":"An elegant and at the same time playful bouquet of small sprigs of single-colored roses. Perfect for greeting girls or women.","og_url":"https:\/\/www.gintaresgeles.lt\/en\/puokste\/bouquet-of-one-colored-small-roses\/","og_site_name":"gintaresgeles.lt","article_modified_time":"2026-02-10T17:49:54+00:00","og_image":[{"width":1200,"height":1200,"url":"https:\/\/www.gintaresgeles.lt\/wp-content\/uploads\/2022\/05\/vienos-spalvos-rozyciu-puokste-geles-merginai.jpg","type":"image\/jpeg"}],"twitter_card":"summary_large_image","schema":{"@context":"https:\/\/schema.org","@graph":[{"@type":"WebPage","@id":"https:\/\/www.gintaresgeles.lt\/en\/puokste\/bouquet-of-one-colored-small-roses\/","url":"https:\/\/www.gintaresgeles.lt\/en\/puokste\/bouquet-of-one-colored-small-roses\/","name":"Bouquet of one colored small roses | Flowers | Gintar\u0117sG\u0117l\u0117s","isPartOf":{"@id":"https:\/\/www.gintaresgeles.lt\/en\/#website"},"primaryImageOfPage":{"@id":"https:\/\/www.gintaresgeles.lt\/en\/puokste\/bouquet-of-one-colored-small-roses\/#primaryimage"},"image":{"@id":"https:\/\/www.gintaresgeles.lt\/en\/puokste\/bouquet-of-one-colored-small-roses\/#primaryimage"},"thumbnailUrl":"https:\/\/www.gintaresgeles.lt\/wp-content\/uploads\/2022\/05\/vienos-spalvos-rozyciu-puokste-geles-merginai.jpg","datePublished":"2022-05-23T19:58:43+00:00","dateModified":"2026-02-10T17:49:54+00:00","description":"An elegant and at the same time playful bouquet of small sprigs of single-colored roses. Perfect for greeting girls or women.","breadcrumb":{"@id":"https:\/\/www.gintaresgeles.lt\/en\/puokste\/bouquet-of-one-colored-small-roses\/#breadcrumb"},"inLanguage":"en-US","potentialAction":[{"@type":"ReadAction","target":["https:\/\/www.gintaresgeles.lt\/en\/puokste\/bouquet-of-one-colored-small-roses\/"]}]},{"@type":"ImageObject","inLanguage":"en-US","@id":"https:\/\/www.gintaresgeles.lt\/en\/puokste\/bouquet-of-one-colored-small-roses\/#primaryimage","url":"https:\/\/www.gintaresgeles.lt\/wp-content\/uploads\/2022\/05\/vienos-spalvos-rozyciu-puokste-geles-merginai.jpg","contentUrl":"https:\/\/www.gintaresgeles.lt\/wp-content\/uploads\/2022\/05\/vienos-spalvos-rozyciu-puokste-geles-merginai.jpg","width":1200,"height":1200,"caption":"Ro\u017ein\u0117s spalvos smulki\u0173 ro\u017ei\u0173 puok\u0161t\u0117 g\u0117l\u0117s moterims"},{"@type":"BreadcrumbList","@id":"https:\/\/www.gintaresgeles.lt\/en\/puokste\/bouquet-of-one-colored-small-roses\/#breadcrumb","itemListElement":[{"@type":"ListItem","position":1,"name":"Prad\u017eia","item":"https:\/\/www.gintaresgeles.lt\/en\/"},{"@type":"ListItem","position":2,"name":"All flowers and other products","item":"https:\/\/www.gintaresgeles.lt\/en\/all-flowers-and-other-products\/"},{"@type":"ListItem","position":3,"name":"Bouquet of one colored small roses"}]},{"@type":"WebSite","@id":"https:\/\/www.gintaresgeles.lt\/en\/#website","url":"https:\/\/www.gintaresgeles.lt\/en\/","name":"gintaresgeles.lt","description":"G\u0117li\u0173 parduotuv\u0117 internete","potentialAction":[{"@type":"SearchAction","target":{"@type":"EntryPoint","urlTemplate":"https:\/\/www.gintaresgeles.lt\/en\/?s={search_term_string}"},"query-input":{"@type":"PropertyValueSpecification","valueRequired":true,"valueName":"search_term_string"}}],"inLanguage":"en-US"}]}},"_links":{"self":[{"href":"https:\/\/www.gintaresgeles.lt\/en\/wp-json\/wp\/v2\/product\/41517","targetHints":{"allow":["GET"]}}],"collection":[{"href":"https:\/\/www.gintaresgeles.lt\/en\/wp-json\/wp\/v2\/product"}],"about":[{"href":"https:\/\/www.gintaresgeles.lt\/en\/wp-json\/wp\/v2\/types\/product"}],"wp:featuredmedia":[{"embeddable":true,"href":"https:\/\/www.gintaresgeles.lt\/en\/wp-json\/wp\/v2\/media\/41541"}],"wp:attachment":[{"href":"https:\/\/www.gintaresgeles.lt\/en\/wp-json\/wp\/v2\/media?parent=41517"}],"wp:term":[{"taxonomy":"product_brand","embeddable":true,"href":"https:\/\/www.gintaresgeles.lt\/en\/wp-json\/wp\/v2\/product_brand?post=41517"},{"taxonomy":"product_cat","embeddable":true,"href":"https:\/\/www.gintaresgeles.lt\/en\/wp-json\/wp\/v2\/product_cat?post=41517"},{"taxonomy":"product_tag","embeddable":true,"href":"https:\/\/www.gintaresgeles.lt\/en\/wp-json\/wp\/v2\/product_tag?post=41517"}],"curies":[{"name":"wp","href":"https:\/\/api.w.org\/{rel}","templated":true}]}}