{"id":41569,"date":"2022-05-24T11:00:18","date_gmt":"2022-05-24T09:00:19","guid":{"rendered":"https:\/\/www.gintaresgeles.lt\/?post_type=product&#038;p=41569"},"modified":"2025-05-29T01:59:56","modified_gmt":"2025-05-28T23:59:56","slug":"yellow-helium-balloon-happy-birthday","status":"publish","type":"product","link":"https:\/\/www.gintaresgeles.lt\/en\/puokste\/yellow-helium-balloon-happy-birthday\/","title":{"rendered":"Yellow helium balloon \u201eHappy Birthday!\u201c"},"content":{"rendered":"<p>Choose the right number of balloons, the color and create the most beautiful balloon bouquet for your precious person, friend, or acquaintance. We will deliver balloons together with flowers or without them in Vilnius or Vilnius district.<\/p>\n","protected":false},"excerpt":{"rendered":"<p>Colorful helium balloons bring a lot of joy and surprise not only to children but also to adults. It is even better if helium balloons not only make you happy, but also congratulate you on a special day &#8211; a birthday!<\/p>\n<p>Give someone a yellow helium balloon or a whole bunch of them for their birthday!<\/p>\n","protected":false},"featured_media":41572,"template":"","meta":[],"product_brand":[],"product_cat":[270,893,1203],"product_tag":[],"class_list":{"0":"post-41569","1":"product","2":"type-product","3":"status-publish","4":"has-post-thumbnail","6":"product_cat-helium-balloons","7":"product_cat-helium-balloons-for-birthday","8":"product_cat-helium-rubber-balloons","9":"tm-no-options","11":"first","12":"instock","13":"taxable","14":"shipping-taxable","15":"purchasable","16":"product-type-simple"},"yoast_head":"<!-- This site is optimized with the Yoast SEO plugin v25.3 - https:\/\/yoast.com\/wordpress\/plugins\/seo\/ -->\n<title>Yellow helium balloon \u201eHappy Birthday!\u201c | Balloon delivery | Gintar\u0117sG\u0117l\u0117s<\/title>\n<meta name=\"description\" content=\"Wish someone special a happy birthday with a happy birthday yellow helium balloon or a whole bunch of colorful balloons.\" \/>\n<meta name=\"robots\" content=\"index, follow, max-snippet:-1, max-image-preview:large, max-video-preview:-1\" \/>\n<link rel=\"canonical\" href=\"https:\/\/www.gintaresgeles.lt\/en\/puokste\/yellow-helium-balloon-happy-birthday\/\" \/>\n<meta property=\"og:locale\" content=\"en_US\" \/>\n<meta property=\"og:type\" content=\"article\" \/>\n<meta property=\"og:title\" content=\"Yellow helium balloon \u201eHappy Birthday!\u201c | Balloon delivery | Gintar\u0117sG\u0117l\u0117s\" \/>\n<meta property=\"og:description\" content=\"Wish someone special a happy birthday with a happy birthday yellow helium balloon or a whole bunch of colorful balloons.\" \/>\n<meta property=\"og:url\" content=\"https:\/\/www.gintaresgeles.lt\/en\/puokste\/yellow-helium-balloon-happy-birthday\/\" \/>\n<meta property=\"og:site_name\" content=\"gintaresgeles.lt\" \/>\n<meta property=\"article:modified_time\" content=\"2025-05-28T23:59:56+00:00\" \/>\n<meta property=\"og:image\" content=\"https:\/\/www.gintaresgeles.lt\/wp-content\/uploads\/2022\/05\/linksmo_tortadienio_geltonas_balionas.png\" \/>\n\t<meta property=\"og:image:width\" content=\"600\" \/>\n\t<meta property=\"og:image:height\" content=\"600\" \/>\n\t<meta property=\"og:image:type\" content=\"image\/png\" \/>\n<meta name=\"twitter:card\" content=\"summary_large_image\" \/>\n<script type=\"application\/ld+json\" class=\"yoast-schema-graph\">{\"@context\":\"https:\/\/schema.org\",\"@graph\":[{\"@type\":\"WebPage\",\"@id\":\"https:\/\/www.gintaresgeles.lt\/en\/puokste\/yellow-helium-balloon-happy-birthday\/\",\"url\":\"https:\/\/www.gintaresgeles.lt\/en\/puokste\/yellow-helium-balloon-happy-birthday\/\",\"name\":\"Yellow helium balloon \u201eHappy Birthday!\u201c | Balloon delivery | Gintar\u0117sG\u0117l\u0117s\",\"isPartOf\":{\"@id\":\"https:\/\/www.gintaresgeles.lt\/en\/#website\"},\"primaryImageOfPage\":{\"@id\":\"https:\/\/www.gintaresgeles.lt\/en\/puokste\/yellow-helium-balloon-happy-birthday\/#primaryimage\"},\"image\":{\"@id\":\"https:\/\/www.gintaresgeles.lt\/en\/puokste\/yellow-helium-balloon-happy-birthday\/#primaryimage\"},\"thumbnailUrl\":\"https:\/\/www.gintaresgeles.lt\/wp-content\/uploads\/2022\/05\/linksmo_tortadienio_geltonas_balionas.png\",\"datePublished\":\"2022-05-24T09:00:19+00:00\",\"dateModified\":\"2025-05-28T23:59:56+00:00\",\"description\":\"Wish someone special a happy birthday with a happy birthday yellow helium balloon or a whole bunch of colorful balloons.\",\"breadcrumb\":{\"@id\":\"https:\/\/www.gintaresgeles.lt\/en\/puokste\/yellow-helium-balloon-happy-birthday\/#breadcrumb\"},\"inLanguage\":\"en-US\",\"potentialAction\":[{\"@type\":\"ReadAction\",\"target\":[\"https:\/\/www.gintaresgeles.lt\/en\/puokste\/yellow-helium-balloon-happy-birthday\/\"]}]},{\"@type\":\"ImageObject\",\"inLanguage\":\"en-US\",\"@id\":\"https:\/\/www.gintaresgeles.lt\/en\/puokste\/yellow-helium-balloon-happy-birthday\/#primaryimage\",\"url\":\"https:\/\/www.gintaresgeles.lt\/wp-content\/uploads\/2022\/05\/linksmo_tortadienio_geltonas_balionas.png\",\"contentUrl\":\"https:\/\/www.gintaresgeles.lt\/wp-content\/uploads\/2022\/05\/linksmo_tortadienio_geltonas_balionas.png\",\"width\":600,\"height\":600,\"caption\":\"Geltonas guminis balionas \u201eLinksmo tortadienio\\\"\"},{\"@type\":\"BreadcrumbList\",\"@id\":\"https:\/\/www.gintaresgeles.lt\/en\/puokste\/yellow-helium-balloon-happy-birthday\/#breadcrumb\",\"itemListElement\":[{\"@type\":\"ListItem\",\"position\":1,\"name\":\"Prad\u017eia\",\"item\":\"https:\/\/www.gintaresgeles.lt\/en\/\"},{\"@type\":\"ListItem\",\"position\":2,\"name\":\"All flowers and other products\",\"item\":\"https:\/\/www.gintaresgeles.lt\/en\/all-flowers-and-other-products\/\"},{\"@type\":\"ListItem\",\"position\":3,\"name\":\"Yellow helium balloon \u201eHappy Birthday!\u201c\"}]},{\"@type\":\"WebSite\",\"@id\":\"https:\/\/www.gintaresgeles.lt\/en\/#website\",\"url\":\"https:\/\/www.gintaresgeles.lt\/en\/\",\"name\":\"Gintares Geles\",\"description\":\"Flower delivery in Vilnius | Same-day delivery | Gintares geles\",\"potentialAction\":[{\"@type\":\"SearchAction\",\"target\":{\"@type\":\"EntryPoint\",\"urlTemplate\":\"https:\/\/www.gintaresgeles.lt\/en\/?s={search_term_string}\"},\"query-input\":{\"@type\":\"PropertyValueSpecification\",\"valueRequired\":true,\"valueName\":\"search_term_string\"}}],\"inLanguage\":\"en-US\"}]}<\/script>\n<!-- \/ Yoast SEO plugin. -->","yoast_head_json":{"title":"Yellow helium balloon \u201eHappy Birthday!\u201c | Balloon delivery | Gintar\u0117sG\u0117l\u0117s","description":"Wish someone special a happy birthday with a happy birthday yellow helium balloon or a whole bunch of colorful balloons.","robots":{"index":"index","follow":"follow","max-snippet":"max-snippet:-1","max-image-preview":"max-image-preview:large","max-video-preview":"max-video-preview:-1"},"canonical":"https:\/\/www.gintaresgeles.lt\/en\/puokste\/yellow-helium-balloon-happy-birthday\/","og_locale":"en_US","og_type":"article","og_title":"Yellow helium balloon \u201eHappy Birthday!\u201c | Balloon delivery | Gintar\u0117sG\u0117l\u0117s","og_description":"Wish someone special a happy birthday with a happy birthday yellow helium balloon or a whole bunch of colorful balloons.","og_url":"https:\/\/www.gintaresgeles.lt\/en\/puokste\/yellow-helium-balloon-happy-birthday\/","og_site_name":"gintaresgeles.lt","article_modified_time":"2025-05-28T23:59:56+00:00","og_image":[{"width":600,"height":600,"url":"https:\/\/www.gintaresgeles.lt\/wp-content\/uploads\/2022\/05\/linksmo_tortadienio_geltonas_balionas.png","type":"image\/png"}],"twitter_card":"summary_large_image","schema":{"@context":"https:\/\/schema.org","@graph":[{"@type":"WebPage","@id":"https:\/\/www.gintaresgeles.lt\/en\/puokste\/yellow-helium-balloon-happy-birthday\/","url":"https:\/\/www.gintaresgeles.lt\/en\/puokste\/yellow-helium-balloon-happy-birthday\/","name":"Yellow helium balloon \u201eHappy Birthday!\u201c | Balloon delivery | Gintar\u0117sG\u0117l\u0117s","isPartOf":{"@id":"https:\/\/www.gintaresgeles.lt\/en\/#website"},"primaryImageOfPage":{"@id":"https:\/\/www.gintaresgeles.lt\/en\/puokste\/yellow-helium-balloon-happy-birthday\/#primaryimage"},"image":{"@id":"https:\/\/www.gintaresgeles.lt\/en\/puokste\/yellow-helium-balloon-happy-birthday\/#primaryimage"},"thumbnailUrl":"https:\/\/www.gintaresgeles.lt\/wp-content\/uploads\/2022\/05\/linksmo_tortadienio_geltonas_balionas.png","datePublished":"2022-05-24T09:00:19+00:00","dateModified":"2025-05-28T23:59:56+00:00","description":"Wish someone special a happy birthday with a happy birthday yellow helium balloon or a whole bunch of colorful balloons.","breadcrumb":{"@id":"https:\/\/www.gintaresgeles.lt\/en\/puokste\/yellow-helium-balloon-happy-birthday\/#breadcrumb"},"inLanguage":"en-US","potentialAction":[{"@type":"ReadAction","target":["https:\/\/www.gintaresgeles.lt\/en\/puokste\/yellow-helium-balloon-happy-birthday\/"]}]},{"@type":"ImageObject","inLanguage":"en-US","@id":"https:\/\/www.gintaresgeles.lt\/en\/puokste\/yellow-helium-balloon-happy-birthday\/#primaryimage","url":"https:\/\/www.gintaresgeles.lt\/wp-content\/uploads\/2022\/05\/linksmo_tortadienio_geltonas_balionas.png","contentUrl":"https:\/\/www.gintaresgeles.lt\/wp-content\/uploads\/2022\/05\/linksmo_tortadienio_geltonas_balionas.png","width":600,"height":600,"caption":"Geltonas guminis balionas \u201eLinksmo tortadienio\""},{"@type":"BreadcrumbList","@id":"https:\/\/www.gintaresgeles.lt\/en\/puokste\/yellow-helium-balloon-happy-birthday\/#breadcrumb","itemListElement":[{"@type":"ListItem","position":1,"name":"Prad\u017eia","item":"https:\/\/www.gintaresgeles.lt\/en\/"},{"@type":"ListItem","position":2,"name":"All flowers and other products","item":"https:\/\/www.gintaresgeles.lt\/en\/all-flowers-and-other-products\/"},{"@type":"ListItem","position":3,"name":"Yellow helium balloon \u201eHappy Birthday!\u201c"}]},{"@type":"WebSite","@id":"https:\/\/www.gintaresgeles.lt\/en\/#website","url":"https:\/\/www.gintaresgeles.lt\/en\/","name":"Gintares Geles","description":"Flower delivery in Vilnius | Same-day delivery | Gintares geles","potentialAction":[{"@type":"SearchAction","target":{"@type":"EntryPoint","urlTemplate":"https:\/\/www.gintaresgeles.lt\/en\/?s={search_term_string}"},"query-input":{"@type":"PropertyValueSpecification","valueRequired":true,"valueName":"search_term_string"}}],"inLanguage":"en-US"}]}},"_links":{"self":[{"href":"https:\/\/www.gintaresgeles.lt\/en\/wp-json\/wp\/v2\/product\/41569","targetHints":{"allow":["GET"]}}],"collection":[{"href":"https:\/\/www.gintaresgeles.lt\/en\/wp-json\/wp\/v2\/product"}],"about":[{"href":"https:\/\/www.gintaresgeles.lt\/en\/wp-json\/wp\/v2\/types\/product"}],"wp:featuredmedia":[{"embeddable":true,"href":"https:\/\/www.gintaresgeles.lt\/en\/wp-json\/wp\/v2\/media\/41572"}],"wp:attachment":[{"href":"https:\/\/www.gintaresgeles.lt\/en\/wp-json\/wp\/v2\/media?parent=41569"}],"wp:term":[{"taxonomy":"product_brand","embeddable":true,"href":"https:\/\/www.gintaresgeles.lt\/en\/wp-json\/wp\/v2\/product_brand?post=41569"},{"taxonomy":"product_cat","embeddable":true,"href":"https:\/\/www.gintaresgeles.lt\/en\/wp-json\/wp\/v2\/product_cat?post=41569"},{"taxonomy":"product_tag","embeddable":true,"href":"https:\/\/www.gintaresgeles.lt\/en\/wp-json\/wp\/v2\/product_tag?post=41569"}],"curies":[{"name":"wp","href":"https:\/\/api.w.org\/{rel}","templated":true}]}}