{"id":41594,"date":"2022-05-24T11:46:56","date_gmt":"2022-05-24T09:46:56","guid":{"rendered":"https:\/\/www.gintaresgeles.lt\/?post_type=product&#038;p=41594"},"modified":"2025-05-29T01:59:55","modified_gmt":"2025-05-28T23:59:55","slug":"azure-helium-balloon-boy","status":"publish","type":"product","link":"https:\/\/www.gintaresgeles.lt\/en\/puokste\/azure-helium-balloon-boy\/","title":{"rendered":"Azure helium balloon \u201eBoy!\u201c"},"content":{"rendered":"<p>Choose the right number of balloons, the color and create the most beautiful balloon bouquet for your precious person, friend, or acquaintance. We will deliver balloons together with flowers or without them in Vilnius or Vilnius district.<\/p>\n","protected":false},"excerpt":{"rendered":"<p>Colorful helium balloons bring a lot of joy and surprise not only to children but also to adults. This blue helium balloon with the inscription &#8220;Boy&#8221; will be perfect when you go to congratulate the new parents on the birth of a boy!<\/p>\n<p>Give a blue helium balloon or a whole bunch of them!<\/p>\n","protected":false},"featured_media":41597,"template":"","meta":[],"product_brand":[],"product_cat":[270,915,1203],"product_tag":[],"class_list":{"0":"post-41594","1":"product","2":"type-product","3":"status-publish","4":"has-post-thumbnail","6":"product_cat-helium-balloons","7":"product_cat-helium-balloons-for-childbirth","8":"product_cat-helium-rubber-balloons","9":"tm-no-options","11":"first","12":"instock","13":"taxable","14":"shipping-taxable","15":"purchasable","16":"product-type-simple"},"yoast_head":"<!-- This site is optimized with the Yoast SEO plugin v25.3 - https:\/\/yoast.com\/wordpress\/plugins\/seo\/ -->\n<title>Azure helium balloon \u201eBoy!\u201c | Balloon delivery | Gintar\u0117sG\u0117l\u0117s<\/title>\n<meta name=\"description\" content=\"This blue balloon is perfect for decorating a baby shower or to congratulate the parents of a baby boy!\" \/>\n<meta name=\"robots\" content=\"index, follow, max-snippet:-1, max-image-preview:large, max-video-preview:-1\" \/>\n<link rel=\"canonical\" href=\"https:\/\/www.gintaresgeles.lt\/en\/puokste\/azure-helium-balloon-boy\/\" \/>\n<meta property=\"og:locale\" content=\"en_US\" \/>\n<meta property=\"og:type\" content=\"article\" \/>\n<meta property=\"og:title\" content=\"Azure helium balloon \u201eBoy!\u201c | Balloon delivery | Gintar\u0117sG\u0117l\u0117s\" \/>\n<meta property=\"og:description\" content=\"This blue balloon is perfect for decorating a baby shower or to congratulate the parents of a baby boy!\" \/>\n<meta property=\"og:url\" content=\"https:\/\/www.gintaresgeles.lt\/en\/puokste\/azure-helium-balloon-boy\/\" \/>\n<meta property=\"og:site_name\" content=\"gintaresgeles.lt\" \/>\n<meta property=\"article:modified_time\" content=\"2025-05-28T23:59:55+00:00\" \/>\n<meta property=\"og:image\" content=\"https:\/\/www.gintaresgeles.lt\/wp-content\/uploads\/2022\/05\/berniukas_sviesiai_melynas_balionas.png\" \/>\n\t<meta property=\"og:image:width\" content=\"600\" \/>\n\t<meta property=\"og:image:height\" content=\"600\" \/>\n\t<meta property=\"og:image:type\" content=\"image\/png\" \/>\n<meta name=\"twitter:card\" content=\"summary_large_image\" \/>\n<script type=\"application\/ld+json\" class=\"yoast-schema-graph\">{\"@context\":\"https:\/\/schema.org\",\"@graph\":[{\"@type\":\"WebPage\",\"@id\":\"https:\/\/www.gintaresgeles.lt\/en\/puokste\/azure-helium-balloon-boy\/\",\"url\":\"https:\/\/www.gintaresgeles.lt\/en\/puokste\/azure-helium-balloon-boy\/\",\"name\":\"Azure helium balloon \u201eBoy!\u201c | Balloon delivery | Gintar\u0117sG\u0117l\u0117s\",\"isPartOf\":{\"@id\":\"https:\/\/www.gintaresgeles.lt\/en\/#website\"},\"primaryImageOfPage\":{\"@id\":\"https:\/\/www.gintaresgeles.lt\/en\/puokste\/azure-helium-balloon-boy\/#primaryimage\"},\"image\":{\"@id\":\"https:\/\/www.gintaresgeles.lt\/en\/puokste\/azure-helium-balloon-boy\/#primaryimage\"},\"thumbnailUrl\":\"https:\/\/www.gintaresgeles.lt\/wp-content\/uploads\/2022\/05\/berniukas_sviesiai_melynas_balionas.png\",\"datePublished\":\"2022-05-24T09:46:56+00:00\",\"dateModified\":\"2025-05-28T23:59:55+00:00\",\"description\":\"This blue balloon is perfect for decorating a baby shower or to congratulate the parents of a baby boy!\",\"breadcrumb\":{\"@id\":\"https:\/\/www.gintaresgeles.lt\/en\/puokste\/azure-helium-balloon-boy\/#breadcrumb\"},\"inLanguage\":\"en-US\",\"potentialAction\":[{\"@type\":\"ReadAction\",\"target\":[\"https:\/\/www.gintaresgeles.lt\/en\/puokste\/azure-helium-balloon-boy\/\"]}]},{\"@type\":\"ImageObject\",\"inLanguage\":\"en-US\",\"@id\":\"https:\/\/www.gintaresgeles.lt\/en\/puokste\/azure-helium-balloon-boy\/#primaryimage\",\"url\":\"https:\/\/www.gintaresgeles.lt\/wp-content\/uploads\/2022\/05\/berniukas_sviesiai_melynas_balionas.png\",\"contentUrl\":\"https:\/\/www.gintaresgeles.lt\/wp-content\/uploads\/2022\/05\/berniukas_sviesiai_melynas_balionas.png\",\"width\":600,\"height\":600,\"caption\":\"\u017dydras guminis helio balionas \u201eBerniukas\\\"\"},{\"@type\":\"BreadcrumbList\",\"@id\":\"https:\/\/www.gintaresgeles.lt\/en\/puokste\/azure-helium-balloon-boy\/#breadcrumb\",\"itemListElement\":[{\"@type\":\"ListItem\",\"position\":1,\"name\":\"Prad\u017eia\",\"item\":\"https:\/\/www.gintaresgeles.lt\/en\/\"},{\"@type\":\"ListItem\",\"position\":2,\"name\":\"All flowers and other products\",\"item\":\"https:\/\/www.gintaresgeles.lt\/en\/all-flowers-and-other-products\/\"},{\"@type\":\"ListItem\",\"position\":3,\"name\":\"Azure helium balloon \u201eBoy!\u201c\"}]},{\"@type\":\"WebSite\",\"@id\":\"https:\/\/www.gintaresgeles.lt\/en\/#website\",\"url\":\"https:\/\/www.gintaresgeles.lt\/en\/\",\"name\":\"gintaresgeles.lt\",\"description\":\"G\u0117li\u0173 parduotuv\u0117 internete\",\"potentialAction\":[{\"@type\":\"SearchAction\",\"target\":{\"@type\":\"EntryPoint\",\"urlTemplate\":\"https:\/\/www.gintaresgeles.lt\/en\/?s={search_term_string}\"},\"query-input\":{\"@type\":\"PropertyValueSpecification\",\"valueRequired\":true,\"valueName\":\"search_term_string\"}}],\"inLanguage\":\"en-US\"}]}<\/script>\n<!-- \/ Yoast SEO plugin. -->","yoast_head_json":{"title":"Azure helium balloon \u201eBoy!\u201c | Balloon delivery | Gintar\u0117sG\u0117l\u0117s","description":"This blue balloon is perfect for decorating a baby shower or to congratulate the parents of a baby boy!","robots":{"index":"index","follow":"follow","max-snippet":"max-snippet:-1","max-image-preview":"max-image-preview:large","max-video-preview":"max-video-preview:-1"},"canonical":"https:\/\/www.gintaresgeles.lt\/en\/puokste\/azure-helium-balloon-boy\/","og_locale":"en_US","og_type":"article","og_title":"Azure helium balloon \u201eBoy!\u201c | Balloon delivery | Gintar\u0117sG\u0117l\u0117s","og_description":"This blue balloon is perfect for decorating a baby shower or to congratulate the parents of a baby boy!","og_url":"https:\/\/www.gintaresgeles.lt\/en\/puokste\/azure-helium-balloon-boy\/","og_site_name":"gintaresgeles.lt","article_modified_time":"2025-05-28T23:59:55+00:00","og_image":[{"width":600,"height":600,"url":"https:\/\/www.gintaresgeles.lt\/wp-content\/uploads\/2022\/05\/berniukas_sviesiai_melynas_balionas.png","type":"image\/png"}],"twitter_card":"summary_large_image","schema":{"@context":"https:\/\/schema.org","@graph":[{"@type":"WebPage","@id":"https:\/\/www.gintaresgeles.lt\/en\/puokste\/azure-helium-balloon-boy\/","url":"https:\/\/www.gintaresgeles.lt\/en\/puokste\/azure-helium-balloon-boy\/","name":"Azure helium balloon \u201eBoy!\u201c | Balloon delivery | Gintar\u0117sG\u0117l\u0117s","isPartOf":{"@id":"https:\/\/www.gintaresgeles.lt\/en\/#website"},"primaryImageOfPage":{"@id":"https:\/\/www.gintaresgeles.lt\/en\/puokste\/azure-helium-balloon-boy\/#primaryimage"},"image":{"@id":"https:\/\/www.gintaresgeles.lt\/en\/puokste\/azure-helium-balloon-boy\/#primaryimage"},"thumbnailUrl":"https:\/\/www.gintaresgeles.lt\/wp-content\/uploads\/2022\/05\/berniukas_sviesiai_melynas_balionas.png","datePublished":"2022-05-24T09:46:56+00:00","dateModified":"2025-05-28T23:59:55+00:00","description":"This blue balloon is perfect for decorating a baby shower or to congratulate the parents of a baby boy!","breadcrumb":{"@id":"https:\/\/www.gintaresgeles.lt\/en\/puokste\/azure-helium-balloon-boy\/#breadcrumb"},"inLanguage":"en-US","potentialAction":[{"@type":"ReadAction","target":["https:\/\/www.gintaresgeles.lt\/en\/puokste\/azure-helium-balloon-boy\/"]}]},{"@type":"ImageObject","inLanguage":"en-US","@id":"https:\/\/www.gintaresgeles.lt\/en\/puokste\/azure-helium-balloon-boy\/#primaryimage","url":"https:\/\/www.gintaresgeles.lt\/wp-content\/uploads\/2022\/05\/berniukas_sviesiai_melynas_balionas.png","contentUrl":"https:\/\/www.gintaresgeles.lt\/wp-content\/uploads\/2022\/05\/berniukas_sviesiai_melynas_balionas.png","width":600,"height":600,"caption":"\u017dydras guminis helio balionas \u201eBerniukas\""},{"@type":"BreadcrumbList","@id":"https:\/\/www.gintaresgeles.lt\/en\/puokste\/azure-helium-balloon-boy\/#breadcrumb","itemListElement":[{"@type":"ListItem","position":1,"name":"Prad\u017eia","item":"https:\/\/www.gintaresgeles.lt\/en\/"},{"@type":"ListItem","position":2,"name":"All flowers and other products","item":"https:\/\/www.gintaresgeles.lt\/en\/all-flowers-and-other-products\/"},{"@type":"ListItem","position":3,"name":"Azure helium balloon \u201eBoy!\u201c"}]},{"@type":"WebSite","@id":"https:\/\/www.gintaresgeles.lt\/en\/#website","url":"https:\/\/www.gintaresgeles.lt\/en\/","name":"gintaresgeles.lt","description":"G\u0117li\u0173 parduotuv\u0117 internete","potentialAction":[{"@type":"SearchAction","target":{"@type":"EntryPoint","urlTemplate":"https:\/\/www.gintaresgeles.lt\/en\/?s={search_term_string}"},"query-input":{"@type":"PropertyValueSpecification","valueRequired":true,"valueName":"search_term_string"}}],"inLanguage":"en-US"}]}},"_links":{"self":[{"href":"https:\/\/www.gintaresgeles.lt\/en\/wp-json\/wp\/v2\/product\/41594","targetHints":{"allow":["GET"]}}],"collection":[{"href":"https:\/\/www.gintaresgeles.lt\/en\/wp-json\/wp\/v2\/product"}],"about":[{"href":"https:\/\/www.gintaresgeles.lt\/en\/wp-json\/wp\/v2\/types\/product"}],"wp:featuredmedia":[{"embeddable":true,"href":"https:\/\/www.gintaresgeles.lt\/en\/wp-json\/wp\/v2\/media\/41597"}],"wp:attachment":[{"href":"https:\/\/www.gintaresgeles.lt\/en\/wp-json\/wp\/v2\/media?parent=41594"}],"wp:term":[{"taxonomy":"product_brand","embeddable":true,"href":"https:\/\/www.gintaresgeles.lt\/en\/wp-json\/wp\/v2\/product_brand?post=41594"},{"taxonomy":"product_cat","embeddable":true,"href":"https:\/\/www.gintaresgeles.lt\/en\/wp-json\/wp\/v2\/product_cat?post=41594"},{"taxonomy":"product_tag","embeddable":true,"href":"https:\/\/www.gintaresgeles.lt\/en\/wp-json\/wp\/v2\/product_tag?post=41594"}],"curies":[{"name":"wp","href":"https:\/\/api.w.org\/{rel}","templated":true}]}}