{"id":42514,"date":"2022-06-10T09:49:44","date_gmt":"2022-06-10T07:49:51","guid":{"rendered":"https:\/\/www.gintaresgeles.lt\/?post_type=product&#038;p=42514"},"modified":"2025-05-29T01:59:42","modified_gmt":"2025-05-28T23:59:42","slug":"box-of-one-color-gypsophila","status":"publish","type":"product","link":"https:\/\/www.gintaresgeles.lt\/en\/puokste\/box-of-one-color-gypsophila\/","title":{"rendered":"Box of one color gypsophila"},"content":{"rendered":"","protected":false},"excerpt":{"rendered":"<p>A box of gypsophila ensures warm feelings, joy and a smile on a person&#8217;s face. This is an exceptionally bright and pleasant choice, charming with its colors reminiscent of summer.<\/p>\n<p><strong>You can choose from several box sizes:<\/strong><\/p>\n<p>Medium box &#8211; 7 g<span class=\"HwtZe\" lang=\"en\"><span class=\"jCAhz ChMk0b\"><span class=\"ryNqvb\">ypsophilia<\/span><\/span><\/span>,<\/p>\n<p>Large box &#8211; 11 g<span class=\"HwtZe\" lang=\"en\"><span class=\"jCAhz ChMk0b\"><span class=\"ryNqvb\">ypsophilia<\/span><\/span><\/span>.<\/p>\n<p><em><strong>The colors are selected from those that we currently have for sale, if you want a specific color, please contact us.<\/strong><\/em><\/p>\n","protected":false},"featured_media":42529,"template":"","meta":[],"product_brand":[],"product_cat":[261,260,259,252,266,265,256,253,257,428,262,263,264,267,1804],"product_tag":[],"class_list":{"0":"post-42514","1":"product","2":"type-product","3":"status-publish","4":"has-post-thumbnail","6":"product_cat-birthday-bouquets","7":"product_cat-birthday-flowers","8":"product_cat-flowers-by-occasion","9":"product_cat-flowers-by-recipient","10":"product_cat-flowers-by-style","11":"product_cat-flowers-by-type","12":"product_cat-flowers-for-girlfriend","13":"product_cat-flowers-for-mom","14":"product_cat-flowers-for-women","15":"product_cat-jubilee-flowers","16":"product_cat-march8th-flowers","17":"product_cat-mothers-day-flowers","18":"product_cat-valentines-day-flowers","19":"product_cat-flower-boxes","20":"product_cat-gypsophila","21":"tm-no-options","23":"first","24":"instock","25":"taxable","26":"shipping-taxable","27":"purchasable","28":"product-type-variable","29":"has-default-attributes"},"yoast_head":"<!-- This site is optimized with the Yoast SEO plugin v25.3 - https:\/\/yoast.com\/wordpress\/plugins\/seo\/ -->\n<title>Box of one color gypsophila | Flowers delivery | Gintar\u0117sG\u0117l\u0117s<\/title>\n<meta name=\"description\" content=\"A box of ultra-fine-flowered gypsophila - will put a big smile on the face of any recipient. Order flowers from Gintar\u0117s with delivery in Vilnius.\" \/>\n<meta name=\"robots\" content=\"index, follow, max-snippet:-1, max-image-preview:large, max-video-preview:-1\" \/>\n<link rel=\"canonical\" href=\"https:\/\/www.gintaresgeles.lt\/en\/puokste\/box-of-one-color-gypsophila\/\" \/>\n<meta property=\"og:locale\" content=\"en_US\" \/>\n<meta property=\"og:type\" content=\"article\" \/>\n<meta property=\"og:title\" content=\"Box of one color gypsophila | Flowers delivery | Gintar\u0117sG\u0117l\u0117s\" \/>\n<meta property=\"og:description\" content=\"A box of ultra-fine-flowered gypsophila - will put a big smile on the face of any recipient. Order flowers from Gintar\u0117s with delivery in Vilnius.\" \/>\n<meta property=\"og:url\" content=\"https:\/\/www.gintaresgeles.lt\/en\/puokste\/box-of-one-color-gypsophila\/\" \/>\n<meta property=\"og:site_name\" content=\"gintaresgeles.lt\" \/>\n<meta property=\"article:modified_time\" content=\"2025-05-28T23:59:42+00:00\" \/>\n<meta property=\"og:image\" content=\"https:\/\/www.gintaresgeles.lt\/wp-content\/uploads\/2022\/06\/gubojos-dezuteje-rozines-spalvos-geles-merginai.jpg\" \/>\n\t<meta property=\"og:image:width\" content=\"1200\" \/>\n\t<meta property=\"og:image:height\" content=\"1200\" \/>\n\t<meta property=\"og:image:type\" content=\"image\/jpeg\" \/>\n<meta name=\"twitter:card\" content=\"summary_large_image\" \/>\n<script type=\"application\/ld+json\" class=\"yoast-schema-graph\">{\"@context\":\"https:\/\/schema.org\",\"@graph\":[{\"@type\":\"WebPage\",\"@id\":\"https:\/\/www.gintaresgeles.lt\/en\/puokste\/box-of-one-color-gypsophila\/\",\"url\":\"https:\/\/www.gintaresgeles.lt\/en\/puokste\/box-of-one-color-gypsophila\/\",\"name\":\"Box of one color gypsophila | Flowers delivery | Gintar\u0117sG\u0117l\u0117s\",\"isPartOf\":{\"@id\":\"https:\/\/www.gintaresgeles.lt\/en\/#website\"},\"primaryImageOfPage\":{\"@id\":\"https:\/\/www.gintaresgeles.lt\/en\/puokste\/box-of-one-color-gypsophila\/#primaryimage\"},\"image\":{\"@id\":\"https:\/\/www.gintaresgeles.lt\/en\/puokste\/box-of-one-color-gypsophila\/#primaryimage\"},\"thumbnailUrl\":\"https:\/\/www.gintaresgeles.lt\/wp-content\/uploads\/2022\/06\/gubojos-dezuteje-rozines-spalvos-geles-merginai.jpg\",\"datePublished\":\"2022-06-10T07:49:51+00:00\",\"dateModified\":\"2025-05-28T23:59:42+00:00\",\"description\":\"A box of ultra-fine-flowered gypsophila - will put a big smile on the face of any recipient. Order flowers from Gintar\u0117s with delivery in Vilnius.\",\"breadcrumb\":{\"@id\":\"https:\/\/www.gintaresgeles.lt\/en\/puokste\/box-of-one-color-gypsophila\/#breadcrumb\"},\"inLanguage\":\"en-US\",\"potentialAction\":[{\"@type\":\"ReadAction\",\"target\":[\"https:\/\/www.gintaresgeles.lt\/en\/puokste\/box-of-one-color-gypsophila\/\"]}]},{\"@type\":\"ImageObject\",\"inLanguage\":\"en-US\",\"@id\":\"https:\/\/www.gintaresgeles.lt\/en\/puokste\/box-of-one-color-gypsophila\/#primaryimage\",\"url\":\"https:\/\/www.gintaresgeles.lt\/wp-content\/uploads\/2022\/06\/gubojos-dezuteje-rozines-spalvos-geles-merginai.jpg\",\"contentUrl\":\"https:\/\/www.gintaresgeles.lt\/wp-content\/uploads\/2022\/06\/gubojos-dezuteje-rozines-spalvos-geles-merginai.jpg\",\"width\":1200,\"height\":1200,\"caption\":\"Vieos spalvos gipsofilij\u0173 d\u0117\u017eut\u0117 puok\u0161t\u0117s moterims\"},{\"@type\":\"BreadcrumbList\",\"@id\":\"https:\/\/www.gintaresgeles.lt\/en\/puokste\/box-of-one-color-gypsophila\/#breadcrumb\",\"itemListElement\":[{\"@type\":\"ListItem\",\"position\":1,\"name\":\"Prad\u017eia\",\"item\":\"https:\/\/www.gintaresgeles.lt\/en\/\"},{\"@type\":\"ListItem\",\"position\":2,\"name\":\"All flowers and other products\",\"item\":\"https:\/\/www.gintaresgeles.lt\/en\/all-flowers-and-other-products\/\"},{\"@type\":\"ListItem\",\"position\":3,\"name\":\"Box of one color gypsophila\"}]},{\"@type\":\"WebSite\",\"@id\":\"https:\/\/www.gintaresgeles.lt\/en\/#website\",\"url\":\"https:\/\/www.gintaresgeles.lt\/en\/\",\"name\":\"gintaresgeles.lt\",\"description\":\"G\u0117li\u0173 parduotuv\u0117 internete\",\"potentialAction\":[{\"@type\":\"SearchAction\",\"target\":{\"@type\":\"EntryPoint\",\"urlTemplate\":\"https:\/\/www.gintaresgeles.lt\/en\/?s={search_term_string}\"},\"query-input\":{\"@type\":\"PropertyValueSpecification\",\"valueRequired\":true,\"valueName\":\"search_term_string\"}}],\"inLanguage\":\"en-US\"}]}<\/script>\n<!-- \/ Yoast SEO plugin. -->","yoast_head_json":{"title":"Box of one color gypsophila | Flowers delivery | Gintar\u0117sG\u0117l\u0117s","description":"A box of ultra-fine-flowered gypsophila - will put a big smile on the face of any recipient. Order flowers from Gintar\u0117s with delivery in Vilnius.","robots":{"index":"index","follow":"follow","max-snippet":"max-snippet:-1","max-image-preview":"max-image-preview:large","max-video-preview":"max-video-preview:-1"},"canonical":"https:\/\/www.gintaresgeles.lt\/en\/puokste\/box-of-one-color-gypsophila\/","og_locale":"en_US","og_type":"article","og_title":"Box of one color gypsophila | Flowers delivery | Gintar\u0117sG\u0117l\u0117s","og_description":"A box of ultra-fine-flowered gypsophila - will put a big smile on the face of any recipient. Order flowers from Gintar\u0117s with delivery in Vilnius.","og_url":"https:\/\/www.gintaresgeles.lt\/en\/puokste\/box-of-one-color-gypsophila\/","og_site_name":"gintaresgeles.lt","article_modified_time":"2025-05-28T23:59:42+00:00","og_image":[{"width":1200,"height":1200,"url":"https:\/\/www.gintaresgeles.lt\/wp-content\/uploads\/2022\/06\/gubojos-dezuteje-rozines-spalvos-geles-merginai.jpg","type":"image\/jpeg"}],"twitter_card":"summary_large_image","schema":{"@context":"https:\/\/schema.org","@graph":[{"@type":"WebPage","@id":"https:\/\/www.gintaresgeles.lt\/en\/puokste\/box-of-one-color-gypsophila\/","url":"https:\/\/www.gintaresgeles.lt\/en\/puokste\/box-of-one-color-gypsophila\/","name":"Box of one color gypsophila | Flowers delivery | Gintar\u0117sG\u0117l\u0117s","isPartOf":{"@id":"https:\/\/www.gintaresgeles.lt\/en\/#website"},"primaryImageOfPage":{"@id":"https:\/\/www.gintaresgeles.lt\/en\/puokste\/box-of-one-color-gypsophila\/#primaryimage"},"image":{"@id":"https:\/\/www.gintaresgeles.lt\/en\/puokste\/box-of-one-color-gypsophila\/#primaryimage"},"thumbnailUrl":"https:\/\/www.gintaresgeles.lt\/wp-content\/uploads\/2022\/06\/gubojos-dezuteje-rozines-spalvos-geles-merginai.jpg","datePublished":"2022-06-10T07:49:51+00:00","dateModified":"2025-05-28T23:59:42+00:00","description":"A box of ultra-fine-flowered gypsophila - will put a big smile on the face of any recipient. Order flowers from Gintar\u0117s with delivery in Vilnius.","breadcrumb":{"@id":"https:\/\/www.gintaresgeles.lt\/en\/puokste\/box-of-one-color-gypsophila\/#breadcrumb"},"inLanguage":"en-US","potentialAction":[{"@type":"ReadAction","target":["https:\/\/www.gintaresgeles.lt\/en\/puokste\/box-of-one-color-gypsophila\/"]}]},{"@type":"ImageObject","inLanguage":"en-US","@id":"https:\/\/www.gintaresgeles.lt\/en\/puokste\/box-of-one-color-gypsophila\/#primaryimage","url":"https:\/\/www.gintaresgeles.lt\/wp-content\/uploads\/2022\/06\/gubojos-dezuteje-rozines-spalvos-geles-merginai.jpg","contentUrl":"https:\/\/www.gintaresgeles.lt\/wp-content\/uploads\/2022\/06\/gubojos-dezuteje-rozines-spalvos-geles-merginai.jpg","width":1200,"height":1200,"caption":"Vieos spalvos gipsofilij\u0173 d\u0117\u017eut\u0117 puok\u0161t\u0117s moterims"},{"@type":"BreadcrumbList","@id":"https:\/\/www.gintaresgeles.lt\/en\/puokste\/box-of-one-color-gypsophila\/#breadcrumb","itemListElement":[{"@type":"ListItem","position":1,"name":"Prad\u017eia","item":"https:\/\/www.gintaresgeles.lt\/en\/"},{"@type":"ListItem","position":2,"name":"All flowers and other products","item":"https:\/\/www.gintaresgeles.lt\/en\/all-flowers-and-other-products\/"},{"@type":"ListItem","position":3,"name":"Box of one color gypsophila"}]},{"@type":"WebSite","@id":"https:\/\/www.gintaresgeles.lt\/en\/#website","url":"https:\/\/www.gintaresgeles.lt\/en\/","name":"gintaresgeles.lt","description":"G\u0117li\u0173 parduotuv\u0117 internete","potentialAction":[{"@type":"SearchAction","target":{"@type":"EntryPoint","urlTemplate":"https:\/\/www.gintaresgeles.lt\/en\/?s={search_term_string}"},"query-input":{"@type":"PropertyValueSpecification","valueRequired":true,"valueName":"search_term_string"}}],"inLanguage":"en-US"}]}},"_links":{"self":[{"href":"https:\/\/www.gintaresgeles.lt\/en\/wp-json\/wp\/v2\/product\/42514","targetHints":{"allow":["GET"]}}],"collection":[{"href":"https:\/\/www.gintaresgeles.lt\/en\/wp-json\/wp\/v2\/product"}],"about":[{"href":"https:\/\/www.gintaresgeles.lt\/en\/wp-json\/wp\/v2\/types\/product"}],"wp:featuredmedia":[{"embeddable":true,"href":"https:\/\/www.gintaresgeles.lt\/en\/wp-json\/wp\/v2\/media\/42529"}],"wp:attachment":[{"href":"https:\/\/www.gintaresgeles.lt\/en\/wp-json\/wp\/v2\/media?parent=42514"}],"wp:term":[{"taxonomy":"product_brand","embeddable":true,"href":"https:\/\/www.gintaresgeles.lt\/en\/wp-json\/wp\/v2\/product_brand?post=42514"},{"taxonomy":"product_cat","embeddable":true,"href":"https:\/\/www.gintaresgeles.lt\/en\/wp-json\/wp\/v2\/product_cat?post=42514"},{"taxonomy":"product_tag","embeddable":true,"href":"https:\/\/www.gintaresgeles.lt\/en\/wp-json\/wp\/v2\/product_tag?post=42514"}],"curies":[{"name":"wp","href":"https:\/\/api.w.org\/{rel}","templated":true}]}}