{"id":43231,"date":"2022-06-17T14:57:50","date_gmt":"2022-06-17T12:57:50","guid":{"rendered":"https:\/\/www.gintaresgeles.lt\/?post_type=product&#038;p=43231"},"modified":"2025-01-03T20:36:08","modified_gmt":"2025-01-03T18:36:08","slug":"jar-reasons-why-i-love-you","status":"publish","type":"product","link":"https:\/\/www.gintaresgeles.lt\/en\/puokste\/jar-reasons-why-i-love-you\/","title":{"rendered":"Jar \u201eReasons why I love you&#8221;"},"content":{"rendered":"<p>Dimensions: 12 x 7.5 cm.<\/p>\n<p>The set includes 50 small wooden hearts.<\/p>\n","protected":false},"excerpt":{"rendered":"<p>A jar with small wooden hearts full of the most beautiful words will be a very sweet surprise for your loved one!<\/p>\n","protected":false},"featured_media":43234,"template":"","meta":[],"product_brand":[],"product_cat":[237,1982,1983],"product_tag":[],"class_list":{"0":"post-43231","1":"product","2":"type-product","3":"status-publish","4":"has-post-thumbnail","6":"product_cat-gifts","7":"product_cat-cute-presents","8":"product_cat-little-things","9":"tm-has-options","11":"first","12":"instock","13":"taxable","14":"shipping-taxable","15":"purchasable","16":"product-type-simple"},"yoast_head":"<!-- This site is optimized with the Yoast SEO plugin v25.3 - https:\/\/yoast.com\/wordpress\/plugins\/seo\/ -->\n<title>Jar \u201eReasons why I love you&quot; | Gintar\u0117s G\u0117l\u0117s<\/title>\n<meta name=\"description\" content=\"If you want to surprise and delight your significant other - write down the reasons why you love and give a gift, it will definitely leave an impression!\" \/>\n<meta name=\"robots\" content=\"index, follow, max-snippet:-1, max-image-preview:large, max-video-preview:-1\" \/>\n<link rel=\"canonical\" href=\"https:\/\/www.gintaresgeles.lt\/en\/puokste\/jar-reasons-why-i-love-you\/\" \/>\n<meta property=\"og:locale\" content=\"en_US\" \/>\n<meta property=\"og:type\" content=\"article\" \/>\n<meta property=\"og:title\" content=\"Jar \u201eReasons why I love you&quot; | Gintar\u0117s G\u0117l\u0117s\" \/>\n<meta property=\"og:description\" content=\"If you want to surprise and delight your significant other - write down the reasons why you love and give a gift, it will definitely leave an impression!\" \/>\n<meta property=\"og:url\" content=\"https:\/\/www.gintaresgeles.lt\/en\/puokste\/jar-reasons-why-i-love-you\/\" \/>\n<meta property=\"og:site_name\" content=\"gintaresgeles.lt\" \/>\n<meta property=\"article:modified_time\" content=\"2025-01-03T18:36:08+00:00\" \/>\n<meta property=\"og:image\" content=\"https:\/\/www.gintaresgeles.lt\/wp-content\/uploads\/2022\/06\/stiklainelis-priezastys-kodel-tave-myliu.png\" \/>\n\t<meta property=\"og:image:width\" content=\"600\" \/>\n\t<meta property=\"og:image:height\" content=\"600\" \/>\n\t<meta property=\"og:image:type\" content=\"image\/png\" \/>\n<meta name=\"twitter:card\" content=\"summary_large_image\" \/>\n<script type=\"application\/ld+json\" class=\"yoast-schema-graph\">{\"@context\":\"https:\/\/schema.org\",\"@graph\":[{\"@type\":\"WebPage\",\"@id\":\"https:\/\/www.gintaresgeles.lt\/en\/puokste\/jar-reasons-why-i-love-you\/\",\"url\":\"https:\/\/www.gintaresgeles.lt\/en\/puokste\/jar-reasons-why-i-love-you\/\",\"name\":\"Jar \u201eReasons why I love you\\\" | Gintar\u0117s G\u0117l\u0117s\",\"isPartOf\":{\"@id\":\"https:\/\/www.gintaresgeles.lt\/en\/#website\"},\"primaryImageOfPage\":{\"@id\":\"https:\/\/www.gintaresgeles.lt\/en\/puokste\/jar-reasons-why-i-love-you\/#primaryimage\"},\"image\":{\"@id\":\"https:\/\/www.gintaresgeles.lt\/en\/puokste\/jar-reasons-why-i-love-you\/#primaryimage\"},\"thumbnailUrl\":\"https:\/\/www.gintaresgeles.lt\/wp-content\/uploads\/2022\/06\/stiklainelis-priezastys-kodel-tave-myliu.png\",\"datePublished\":\"2022-06-17T12:57:50+00:00\",\"dateModified\":\"2025-01-03T18:36:08+00:00\",\"description\":\"If you want to surprise and delight your significant other - write down the reasons why you love and give a gift, it will definitely leave an impression!\",\"breadcrumb\":{\"@id\":\"https:\/\/www.gintaresgeles.lt\/en\/puokste\/jar-reasons-why-i-love-you\/#breadcrumb\"},\"inLanguage\":\"en-US\",\"potentialAction\":[{\"@type\":\"ReadAction\",\"target\":[\"https:\/\/www.gintaresgeles.lt\/en\/puokste\/jar-reasons-why-i-love-you\/\"]}]},{\"@type\":\"ImageObject\",\"inLanguage\":\"en-US\",\"@id\":\"https:\/\/www.gintaresgeles.lt\/en\/puokste\/jar-reasons-why-i-love-you\/#primaryimage\",\"url\":\"https:\/\/www.gintaresgeles.lt\/wp-content\/uploads\/2022\/06\/stiklainelis-priezastys-kodel-tave-myliu.png\",\"contentUrl\":\"https:\/\/www.gintaresgeles.lt\/wp-content\/uploads\/2022\/06\/stiklainelis-priezastys-kodel-tave-myliu.png\",\"width\":600,\"height\":600,\"caption\":\"Stiklain\u0117lis \u201ePrie\u017eastys kod\u0117l tave myliu\\\"\"},{\"@type\":\"BreadcrumbList\",\"@id\":\"https:\/\/www.gintaresgeles.lt\/en\/puokste\/jar-reasons-why-i-love-you\/#breadcrumb\",\"itemListElement\":[{\"@type\":\"ListItem\",\"position\":1,\"name\":\"Prad\u017eia\",\"item\":\"https:\/\/www.gintaresgeles.lt\/en\/\"},{\"@type\":\"ListItem\",\"position\":2,\"name\":\"All flowers and other products\",\"item\":\"https:\/\/www.gintaresgeles.lt\/en\/all-flowers-and-other-products\/\"},{\"@type\":\"ListItem\",\"position\":3,\"name\":\"Jar \u201eReasons why I love you&#8221;\"}]},{\"@type\":\"WebSite\",\"@id\":\"https:\/\/www.gintaresgeles.lt\/en\/#website\",\"url\":\"https:\/\/www.gintaresgeles.lt\/en\/\",\"name\":\"gintaresgeles.lt\",\"description\":\"G\u0117li\u0173 parduotuv\u0117 internete\",\"potentialAction\":[{\"@type\":\"SearchAction\",\"target\":{\"@type\":\"EntryPoint\",\"urlTemplate\":\"https:\/\/www.gintaresgeles.lt\/en\/?s={search_term_string}\"},\"query-input\":{\"@type\":\"PropertyValueSpecification\",\"valueRequired\":true,\"valueName\":\"search_term_string\"}}],\"inLanguage\":\"en-US\"}]}<\/script>\n<!-- \/ Yoast SEO plugin. -->","yoast_head_json":{"title":"Jar \u201eReasons why I love you\" | Gintar\u0117s G\u0117l\u0117s","description":"If you want to surprise and delight your significant other - write down the reasons why you love and give a gift, it will definitely leave an impression!","robots":{"index":"index","follow":"follow","max-snippet":"max-snippet:-1","max-image-preview":"max-image-preview:large","max-video-preview":"max-video-preview:-1"},"canonical":"https:\/\/www.gintaresgeles.lt\/en\/puokste\/jar-reasons-why-i-love-you\/","og_locale":"en_US","og_type":"article","og_title":"Jar \u201eReasons why I love you\" | Gintar\u0117s G\u0117l\u0117s","og_description":"If you want to surprise and delight your significant other - write down the reasons why you love and give a gift, it will definitely leave an impression!","og_url":"https:\/\/www.gintaresgeles.lt\/en\/puokste\/jar-reasons-why-i-love-you\/","og_site_name":"gintaresgeles.lt","article_modified_time":"2025-01-03T18:36:08+00:00","og_image":[{"width":600,"height":600,"url":"https:\/\/www.gintaresgeles.lt\/wp-content\/uploads\/2022\/06\/stiklainelis-priezastys-kodel-tave-myliu.png","type":"image\/png"}],"twitter_card":"summary_large_image","schema":{"@context":"https:\/\/schema.org","@graph":[{"@type":"WebPage","@id":"https:\/\/www.gintaresgeles.lt\/en\/puokste\/jar-reasons-why-i-love-you\/","url":"https:\/\/www.gintaresgeles.lt\/en\/puokste\/jar-reasons-why-i-love-you\/","name":"Jar \u201eReasons why I love you\" | Gintar\u0117s G\u0117l\u0117s","isPartOf":{"@id":"https:\/\/www.gintaresgeles.lt\/en\/#website"},"primaryImageOfPage":{"@id":"https:\/\/www.gintaresgeles.lt\/en\/puokste\/jar-reasons-why-i-love-you\/#primaryimage"},"image":{"@id":"https:\/\/www.gintaresgeles.lt\/en\/puokste\/jar-reasons-why-i-love-you\/#primaryimage"},"thumbnailUrl":"https:\/\/www.gintaresgeles.lt\/wp-content\/uploads\/2022\/06\/stiklainelis-priezastys-kodel-tave-myliu.png","datePublished":"2022-06-17T12:57:50+00:00","dateModified":"2025-01-03T18:36:08+00:00","description":"If you want to surprise and delight your significant other - write down the reasons why you love and give a gift, it will definitely leave an impression!","breadcrumb":{"@id":"https:\/\/www.gintaresgeles.lt\/en\/puokste\/jar-reasons-why-i-love-you\/#breadcrumb"},"inLanguage":"en-US","potentialAction":[{"@type":"ReadAction","target":["https:\/\/www.gintaresgeles.lt\/en\/puokste\/jar-reasons-why-i-love-you\/"]}]},{"@type":"ImageObject","inLanguage":"en-US","@id":"https:\/\/www.gintaresgeles.lt\/en\/puokste\/jar-reasons-why-i-love-you\/#primaryimage","url":"https:\/\/www.gintaresgeles.lt\/wp-content\/uploads\/2022\/06\/stiklainelis-priezastys-kodel-tave-myliu.png","contentUrl":"https:\/\/www.gintaresgeles.lt\/wp-content\/uploads\/2022\/06\/stiklainelis-priezastys-kodel-tave-myliu.png","width":600,"height":600,"caption":"Stiklain\u0117lis \u201ePrie\u017eastys kod\u0117l tave myliu\""},{"@type":"BreadcrumbList","@id":"https:\/\/www.gintaresgeles.lt\/en\/puokste\/jar-reasons-why-i-love-you\/#breadcrumb","itemListElement":[{"@type":"ListItem","position":1,"name":"Prad\u017eia","item":"https:\/\/www.gintaresgeles.lt\/en\/"},{"@type":"ListItem","position":2,"name":"All flowers and other products","item":"https:\/\/www.gintaresgeles.lt\/en\/all-flowers-and-other-products\/"},{"@type":"ListItem","position":3,"name":"Jar \u201eReasons why I love you&#8221;"}]},{"@type":"WebSite","@id":"https:\/\/www.gintaresgeles.lt\/en\/#website","url":"https:\/\/www.gintaresgeles.lt\/en\/","name":"gintaresgeles.lt","description":"G\u0117li\u0173 parduotuv\u0117 internete","potentialAction":[{"@type":"SearchAction","target":{"@type":"EntryPoint","urlTemplate":"https:\/\/www.gintaresgeles.lt\/en\/?s={search_term_string}"},"query-input":{"@type":"PropertyValueSpecification","valueRequired":true,"valueName":"search_term_string"}}],"inLanguage":"en-US"}]}},"_links":{"self":[{"href":"https:\/\/www.gintaresgeles.lt\/en\/wp-json\/wp\/v2\/product\/43231","targetHints":{"allow":["GET"]}}],"collection":[{"href":"https:\/\/www.gintaresgeles.lt\/en\/wp-json\/wp\/v2\/product"}],"about":[{"href":"https:\/\/www.gintaresgeles.lt\/en\/wp-json\/wp\/v2\/types\/product"}],"wp:featuredmedia":[{"embeddable":true,"href":"https:\/\/www.gintaresgeles.lt\/en\/wp-json\/wp\/v2\/media\/43234"}],"wp:attachment":[{"href":"https:\/\/www.gintaresgeles.lt\/en\/wp-json\/wp\/v2\/media?parent=43231"}],"wp:term":[{"taxonomy":"product_brand","embeddable":true,"href":"https:\/\/www.gintaresgeles.lt\/en\/wp-json\/wp\/v2\/product_brand?post=43231"},{"taxonomy":"product_cat","embeddable":true,"href":"https:\/\/www.gintaresgeles.lt\/en\/wp-json\/wp\/v2\/product_cat?post=43231"},{"taxonomy":"product_tag","embeddable":true,"href":"https:\/\/www.gintaresgeles.lt\/en\/wp-json\/wp\/v2\/product_tag?post=43231"}],"curies":[{"name":"wp","href":"https:\/\/api.w.org\/{rel}","templated":true}]}}