{"id":43282,"date":"2022-06-20T11:27:32","date_gmt":"2022-06-20T09:27:32","guid":{"rendered":"https:\/\/www.gintaresgeles.lt\/?post_type=product&#038;p=43282"},"modified":"2025-05-29T01:59:34","modified_gmt":"2025-05-28T23:59:34","slug":"cute-mug-always-in-my-heart","status":"publish","type":"product","link":"https:\/\/www.gintaresgeles.lt\/en\/puokste\/cute-mug-always-in-my-heart\/","title":{"rendered":"Cute mug &#8220;Always in my heart&#8221;"},"content":{"rendered":"<p>Cup capacity &#8211; 300 ml.<\/p>\n<p>Approximate dimensions &#8211; 11.5 x 10 x 8 cm.<\/p>\n","protected":false},"excerpt":{"rendered":"<p>Surprise someone close to your heart with this practical and cute gift. The cups themselves are stylish &#8211; universal white color with black writing.<\/p>\n","protected":false},"featured_media":43285,"template":"","meta":[],"product_brand":[],"product_cat":[237,1985],"product_tag":[],"class_list":{"0":"post-43282","1":"product","2":"type-product","3":"status-publish","4":"has-post-thumbnail","6":"product_cat-gifts","7":"product_cat-cups-glasses","8":"tm-has-options","10":"first","11":"outofstock","12":"taxable","13":"shipping-taxable","14":"purchasable","15":"product-type-simple"},"yoast_head":"<!-- This site is optimized with the Yoast SEO plugin v25.3 - https:\/\/yoast.com\/wordpress\/plugins\/seo\/ -->\n<title>Cute mug &quot;Always in my heart&quot;| Gifts | Gintar\u0117s g\u0117l\u0117s<\/title>\n<meta name=\"description\" content=\"A small, but very cute looking white mug with the inscription &quot;Always in my heart&quot; will be a gift for a dear person on any occasion!\" \/>\n<meta name=\"robots\" content=\"index, follow, max-snippet:-1, max-image-preview:large, max-video-preview:-1\" \/>\n<link rel=\"canonical\" href=\"https:\/\/www.gintaresgeles.lt\/en\/puokste\/cute-mug-always-in-my-heart\/\" \/>\n<meta property=\"og:locale\" content=\"en_US\" \/>\n<meta property=\"og:type\" content=\"article\" \/>\n<meta property=\"og:title\" content=\"Cute mug &quot;Always in my heart&quot;| Gifts | Gintar\u0117s g\u0117l\u0117s\" \/>\n<meta property=\"og:description\" content=\"A small, but very cute looking white mug with the inscription &quot;Always in my heart&quot; will be a gift for a dear person on any occasion!\" \/>\n<meta property=\"og:url\" content=\"https:\/\/www.gintaresgeles.lt\/en\/puokste\/cute-mug-always-in-my-heart\/\" \/>\n<meta property=\"og:site_name\" content=\"gintaresgeles.lt\" \/>\n<meta property=\"article:modified_time\" content=\"2025-05-28T23:59:34+00:00\" \/>\n<meta property=\"og:image\" content=\"https:\/\/www.gintaresgeles.lt\/wp-content\/uploads\/2022\/06\/romantiska-dovana-puodelis.jpg\" \/>\n\t<meta property=\"og:image:width\" content=\"600\" \/>\n\t<meta property=\"og:image:height\" content=\"600\" \/>\n\t<meta property=\"og:image:type\" content=\"image\/jpeg\" \/>\n<meta name=\"twitter:card\" content=\"summary_large_image\" \/>\n<script type=\"application\/ld+json\" class=\"yoast-schema-graph\">{\"@context\":\"https:\/\/schema.org\",\"@graph\":[{\"@type\":\"WebPage\",\"@id\":\"https:\/\/www.gintaresgeles.lt\/en\/puokste\/cute-mug-always-in-my-heart\/\",\"url\":\"https:\/\/www.gintaresgeles.lt\/en\/puokste\/cute-mug-always-in-my-heart\/\",\"name\":\"Cute mug \\\"Always in my heart\\\"| Gifts | Gintar\u0117s g\u0117l\u0117s\",\"isPartOf\":{\"@id\":\"https:\/\/www.gintaresgeles.lt\/en\/#website\"},\"primaryImageOfPage\":{\"@id\":\"https:\/\/www.gintaresgeles.lt\/en\/puokste\/cute-mug-always-in-my-heart\/#primaryimage\"},\"image\":{\"@id\":\"https:\/\/www.gintaresgeles.lt\/en\/puokste\/cute-mug-always-in-my-heart\/#primaryimage\"},\"thumbnailUrl\":\"https:\/\/www.gintaresgeles.lt\/wp-content\/uploads\/2022\/06\/romantiska-dovana-puodelis.jpg\",\"datePublished\":\"2022-06-20T09:27:32+00:00\",\"dateModified\":\"2025-05-28T23:59:34+00:00\",\"description\":\"A small, but very cute looking white mug with the inscription \\\"Always in my heart\\\" will be a gift for a dear person on any occasion!\",\"breadcrumb\":{\"@id\":\"https:\/\/www.gintaresgeles.lt\/en\/puokste\/cute-mug-always-in-my-heart\/#breadcrumb\"},\"inLanguage\":\"en-US\",\"potentialAction\":[{\"@type\":\"ReadAction\",\"target\":[\"https:\/\/www.gintaresgeles.lt\/en\/puokste\/cute-mug-always-in-my-heart\/\"]}]},{\"@type\":\"ImageObject\",\"inLanguage\":\"en-US\",\"@id\":\"https:\/\/www.gintaresgeles.lt\/en\/puokste\/cute-mug-always-in-my-heart\/#primaryimage\",\"url\":\"https:\/\/www.gintaresgeles.lt\/wp-content\/uploads\/2022\/06\/romantiska-dovana-puodelis.jpg\",\"contentUrl\":\"https:\/\/www.gintaresgeles.lt\/wp-content\/uploads\/2022\/06\/romantiska-dovana-puodelis.jpg\",\"width\":600,\"height\":600,\"caption\":\"Mielas puodelis \u201eAlways in my heart\\\"\"},{\"@type\":\"BreadcrumbList\",\"@id\":\"https:\/\/www.gintaresgeles.lt\/en\/puokste\/cute-mug-always-in-my-heart\/#breadcrumb\",\"itemListElement\":[{\"@type\":\"ListItem\",\"position\":1,\"name\":\"Prad\u017eia\",\"item\":\"https:\/\/www.gintaresgeles.lt\/en\/\"},{\"@type\":\"ListItem\",\"position\":2,\"name\":\"All flowers and other products\",\"item\":\"https:\/\/www.gintaresgeles.lt\/en\/all-flowers-and-other-products\/\"},{\"@type\":\"ListItem\",\"position\":3,\"name\":\"Cute mug &#8222;Always in my heart&#8221;\"}]},{\"@type\":\"WebSite\",\"@id\":\"https:\/\/www.gintaresgeles.lt\/en\/#website\",\"url\":\"https:\/\/www.gintaresgeles.lt\/en\/\",\"name\":\"gintaresgeles.lt\",\"description\":\"G\u0117li\u0173 parduotuv\u0117 internete\",\"potentialAction\":[{\"@type\":\"SearchAction\",\"target\":{\"@type\":\"EntryPoint\",\"urlTemplate\":\"https:\/\/www.gintaresgeles.lt\/en\/?s={search_term_string}\"},\"query-input\":{\"@type\":\"PropertyValueSpecification\",\"valueRequired\":true,\"valueName\":\"search_term_string\"}}],\"inLanguage\":\"en-US\"}]}<\/script>\n<!-- \/ Yoast SEO plugin. -->","yoast_head_json":{"title":"Cute mug \"Always in my heart\"| Gifts | Gintar\u0117s g\u0117l\u0117s","description":"A small, but very cute looking white mug with the inscription \"Always in my heart\" will be a gift for a dear person on any occasion!","robots":{"index":"index","follow":"follow","max-snippet":"max-snippet:-1","max-image-preview":"max-image-preview:large","max-video-preview":"max-video-preview:-1"},"canonical":"https:\/\/www.gintaresgeles.lt\/en\/puokste\/cute-mug-always-in-my-heart\/","og_locale":"en_US","og_type":"article","og_title":"Cute mug \"Always in my heart\"| Gifts | Gintar\u0117s g\u0117l\u0117s","og_description":"A small, but very cute looking white mug with the inscription \"Always in my heart\" will be a gift for a dear person on any occasion!","og_url":"https:\/\/www.gintaresgeles.lt\/en\/puokste\/cute-mug-always-in-my-heart\/","og_site_name":"gintaresgeles.lt","article_modified_time":"2025-05-28T23:59:34+00:00","og_image":[{"width":600,"height":600,"url":"https:\/\/www.gintaresgeles.lt\/wp-content\/uploads\/2022\/06\/romantiska-dovana-puodelis.jpg","type":"image\/jpeg"}],"twitter_card":"summary_large_image","schema":{"@context":"https:\/\/schema.org","@graph":[{"@type":"WebPage","@id":"https:\/\/www.gintaresgeles.lt\/en\/puokste\/cute-mug-always-in-my-heart\/","url":"https:\/\/www.gintaresgeles.lt\/en\/puokste\/cute-mug-always-in-my-heart\/","name":"Cute mug \"Always in my heart\"| Gifts | Gintar\u0117s g\u0117l\u0117s","isPartOf":{"@id":"https:\/\/www.gintaresgeles.lt\/en\/#website"},"primaryImageOfPage":{"@id":"https:\/\/www.gintaresgeles.lt\/en\/puokste\/cute-mug-always-in-my-heart\/#primaryimage"},"image":{"@id":"https:\/\/www.gintaresgeles.lt\/en\/puokste\/cute-mug-always-in-my-heart\/#primaryimage"},"thumbnailUrl":"https:\/\/www.gintaresgeles.lt\/wp-content\/uploads\/2022\/06\/romantiska-dovana-puodelis.jpg","datePublished":"2022-06-20T09:27:32+00:00","dateModified":"2025-05-28T23:59:34+00:00","description":"A small, but very cute looking white mug with the inscription \"Always in my heart\" will be a gift for a dear person on any occasion!","breadcrumb":{"@id":"https:\/\/www.gintaresgeles.lt\/en\/puokste\/cute-mug-always-in-my-heart\/#breadcrumb"},"inLanguage":"en-US","potentialAction":[{"@type":"ReadAction","target":["https:\/\/www.gintaresgeles.lt\/en\/puokste\/cute-mug-always-in-my-heart\/"]}]},{"@type":"ImageObject","inLanguage":"en-US","@id":"https:\/\/www.gintaresgeles.lt\/en\/puokste\/cute-mug-always-in-my-heart\/#primaryimage","url":"https:\/\/www.gintaresgeles.lt\/wp-content\/uploads\/2022\/06\/romantiska-dovana-puodelis.jpg","contentUrl":"https:\/\/www.gintaresgeles.lt\/wp-content\/uploads\/2022\/06\/romantiska-dovana-puodelis.jpg","width":600,"height":600,"caption":"Mielas puodelis \u201eAlways in my heart\""},{"@type":"BreadcrumbList","@id":"https:\/\/www.gintaresgeles.lt\/en\/puokste\/cute-mug-always-in-my-heart\/#breadcrumb","itemListElement":[{"@type":"ListItem","position":1,"name":"Prad\u017eia","item":"https:\/\/www.gintaresgeles.lt\/en\/"},{"@type":"ListItem","position":2,"name":"All flowers and other products","item":"https:\/\/www.gintaresgeles.lt\/en\/all-flowers-and-other-products\/"},{"@type":"ListItem","position":3,"name":"Cute mug &#8222;Always in my heart&#8221;"}]},{"@type":"WebSite","@id":"https:\/\/www.gintaresgeles.lt\/en\/#website","url":"https:\/\/www.gintaresgeles.lt\/en\/","name":"gintaresgeles.lt","description":"G\u0117li\u0173 parduotuv\u0117 internete","potentialAction":[{"@type":"SearchAction","target":{"@type":"EntryPoint","urlTemplate":"https:\/\/www.gintaresgeles.lt\/en\/?s={search_term_string}"},"query-input":{"@type":"PropertyValueSpecification","valueRequired":true,"valueName":"search_term_string"}}],"inLanguage":"en-US"}]}},"_links":{"self":[{"href":"https:\/\/www.gintaresgeles.lt\/en\/wp-json\/wp\/v2\/product\/43282","targetHints":{"allow":["GET"]}}],"collection":[{"href":"https:\/\/www.gintaresgeles.lt\/en\/wp-json\/wp\/v2\/product"}],"about":[{"href":"https:\/\/www.gintaresgeles.lt\/en\/wp-json\/wp\/v2\/types\/product"}],"wp:featuredmedia":[{"embeddable":true,"href":"https:\/\/www.gintaresgeles.lt\/en\/wp-json\/wp\/v2\/media\/43285"}],"wp:attachment":[{"href":"https:\/\/www.gintaresgeles.lt\/en\/wp-json\/wp\/v2\/media?parent=43282"}],"wp:term":[{"taxonomy":"product_brand","embeddable":true,"href":"https:\/\/www.gintaresgeles.lt\/en\/wp-json\/wp\/v2\/product_brand?post=43282"},{"taxonomy":"product_cat","embeddable":true,"href":"https:\/\/www.gintaresgeles.lt\/en\/wp-json\/wp\/v2\/product_cat?post=43282"},{"taxonomy":"product_tag","embeddable":true,"href":"https:\/\/www.gintaresgeles.lt\/en\/wp-json\/wp\/v2\/product_tag?post=43282"}],"curies":[{"name":"wp","href":"https:\/\/api.w.org\/{rel}","templated":true}]}}