{"id":43316,"date":"2022-06-20T15:30:44","date_gmt":"2022-06-20T13:30:45","guid":{"rendered":"https:\/\/www.gintaresgeles.lt\/?post_type=product&#038;p=43316"},"modified":"2025-05-29T01:59:33","modified_gmt":"2025-05-28T23:59:33","slug":"funny-toilet-paper-happy-birthday","status":"publish","type":"product","link":"https:\/\/www.gintaresgeles.lt\/en\/puokste\/funny-toilet-paper-happy-birthday\/","title":{"rendered":"Funny toilet paper \u201eHappy Birthday\u201c"},"content":{"rendered":"","protected":false},"excerpt":{"rendered":"<p>If you have friends, relatives or acquaintances who do not lack a sense of humor, they will definitely love this birthday gift!<\/p>\n","protected":false},"featured_media":43319,"template":"","meta":[],"product_brand":[],"product_cat":[237,1982,1983],"product_tag":[],"class_list":{"0":"post-43316","1":"product","2":"type-product","3":"status-publish","4":"has-post-thumbnail","6":"product_cat-gifts","7":"product_cat-cute-presents","8":"product_cat-little-things","9":"tm-no-options","11":"first","12":"instock","13":"taxable","14":"shipping-taxable","15":"purchasable","16":"product-type-variable","17":"has-default-attributes"},"yoast_head":"<!-- This site is optimized with the Yoast SEO plugin v25.3 - https:\/\/yoast.com\/wordpress\/plugins\/seo\/ -->\n<title>Funny toilet paper \u201eHappy Birthday\u201c | Gintar\u0117sG\u0117l\u0117s<\/title>\n<meta name=\"description\" content=\"Toilet paper with a selected number can be a great addition to a gift for an anniversary! A smile after receiving this gift is guaranteed.\" \/>\n<meta name=\"robots\" content=\"index, follow, max-snippet:-1, max-image-preview:large, max-video-preview:-1\" \/>\n<link rel=\"canonical\" href=\"https:\/\/www.gintaresgeles.lt\/en\/puokste\/funny-toilet-paper-happy-birthday\/\" \/>\n<meta property=\"og:locale\" content=\"en_US\" \/>\n<meta property=\"og:type\" content=\"article\" \/>\n<meta property=\"og:title\" content=\"Funny toilet paper \u201eHappy Birthday\u201c | Gintar\u0117sG\u0117l\u0117s\" \/>\n<meta property=\"og:description\" content=\"Toilet paper with a selected number can be a great addition to a gift for an anniversary! A smile after receiving this gift is guaranteed.\" \/>\n<meta property=\"og:url\" content=\"https:\/\/www.gintaresgeles.lt\/en\/puokste\/funny-toilet-paper-happy-birthday\/\" \/>\n<meta property=\"og:site_name\" content=\"gintaresgeles.lt\" \/>\n<meta property=\"article:modified_time\" content=\"2025-05-28T23:59:33+00:00\" \/>\n<meta property=\"og:image\" content=\"https:\/\/www.gintaresgeles.lt\/wp-content\/uploads\/2022\/06\/tualetinis-gimtadienio-popierius.png\" \/>\n\t<meta property=\"og:image:width\" content=\"600\" \/>\n\t<meta property=\"og:image:height\" content=\"600\" \/>\n\t<meta property=\"og:image:type\" content=\"image\/png\" \/>\n<meta name=\"twitter:card\" content=\"summary_large_image\" \/>\n<script type=\"application\/ld+json\" class=\"yoast-schema-graph\">{\"@context\":\"https:\/\/schema.org\",\"@graph\":[{\"@type\":\"WebPage\",\"@id\":\"https:\/\/www.gintaresgeles.lt\/en\/puokste\/funny-toilet-paper-happy-birthday\/\",\"url\":\"https:\/\/www.gintaresgeles.lt\/en\/puokste\/funny-toilet-paper-happy-birthday\/\",\"name\":\"Funny toilet paper \u201eHappy Birthday\u201c | Gintar\u0117sG\u0117l\u0117s\",\"isPartOf\":{\"@id\":\"https:\/\/www.gintaresgeles.lt\/en\/#website\"},\"primaryImageOfPage\":{\"@id\":\"https:\/\/www.gintaresgeles.lt\/en\/puokste\/funny-toilet-paper-happy-birthday\/#primaryimage\"},\"image\":{\"@id\":\"https:\/\/www.gintaresgeles.lt\/en\/puokste\/funny-toilet-paper-happy-birthday\/#primaryimage\"},\"thumbnailUrl\":\"https:\/\/www.gintaresgeles.lt\/wp-content\/uploads\/2022\/06\/tualetinis-gimtadienio-popierius.png\",\"datePublished\":\"2022-06-20T13:30:45+00:00\",\"dateModified\":\"2025-05-28T23:59:33+00:00\",\"description\":\"Toilet paper with a selected number can be a great addition to a gift for an anniversary! A smile after receiving this gift is guaranteed.\",\"breadcrumb\":{\"@id\":\"https:\/\/www.gintaresgeles.lt\/en\/puokste\/funny-toilet-paper-happy-birthday\/#breadcrumb\"},\"inLanguage\":\"en-US\",\"potentialAction\":[{\"@type\":\"ReadAction\",\"target\":[\"https:\/\/www.gintaresgeles.lt\/en\/puokste\/funny-toilet-paper-happy-birthday\/\"]}]},{\"@type\":\"ImageObject\",\"inLanguage\":\"en-US\",\"@id\":\"https:\/\/www.gintaresgeles.lt\/en\/puokste\/funny-toilet-paper-happy-birthday\/#primaryimage\",\"url\":\"https:\/\/www.gintaresgeles.lt\/wp-content\/uploads\/2022\/06\/tualetinis-gimtadienio-popierius.png\",\"contentUrl\":\"https:\/\/www.gintaresgeles.lt\/wp-content\/uploads\/2022\/06\/tualetinis-gimtadienio-popierius.png\",\"width\":600,\"height\":600,\"caption\":\"Gimtadienio tualetinis popierius\"},{\"@type\":\"BreadcrumbList\",\"@id\":\"https:\/\/www.gintaresgeles.lt\/en\/puokste\/funny-toilet-paper-happy-birthday\/#breadcrumb\",\"itemListElement\":[{\"@type\":\"ListItem\",\"position\":1,\"name\":\"Prad\u017eia\",\"item\":\"https:\/\/www.gintaresgeles.lt\/en\/\"},{\"@type\":\"ListItem\",\"position\":2,\"name\":\"All flowers and other products\",\"item\":\"https:\/\/www.gintaresgeles.lt\/en\/all-flowers-and-other-products\/\"},{\"@type\":\"ListItem\",\"position\":3,\"name\":\"Funny toilet paper \u201eHappy Birthday\u201c\"}]},{\"@type\":\"WebSite\",\"@id\":\"https:\/\/www.gintaresgeles.lt\/en\/#website\",\"url\":\"https:\/\/www.gintaresgeles.lt\/en\/\",\"name\":\"Gintares Geles\",\"description\":\"Flower delivery in Vilnius | Same-day delivery | Gintares geles\",\"potentialAction\":[{\"@type\":\"SearchAction\",\"target\":{\"@type\":\"EntryPoint\",\"urlTemplate\":\"https:\/\/www.gintaresgeles.lt\/en\/?s={search_term_string}\"},\"query-input\":{\"@type\":\"PropertyValueSpecification\",\"valueRequired\":true,\"valueName\":\"search_term_string\"}}],\"inLanguage\":\"en-US\"}]}<\/script>\n<!-- \/ Yoast SEO plugin. -->","yoast_head_json":{"title":"Funny toilet paper \u201eHappy Birthday\u201c | Gintar\u0117sG\u0117l\u0117s","description":"Toilet paper with a selected number can be a great addition to a gift for an anniversary! A smile after receiving this gift is guaranteed.","robots":{"index":"index","follow":"follow","max-snippet":"max-snippet:-1","max-image-preview":"max-image-preview:large","max-video-preview":"max-video-preview:-1"},"canonical":"https:\/\/www.gintaresgeles.lt\/en\/puokste\/funny-toilet-paper-happy-birthday\/","og_locale":"en_US","og_type":"article","og_title":"Funny toilet paper \u201eHappy Birthday\u201c | Gintar\u0117sG\u0117l\u0117s","og_description":"Toilet paper with a selected number can be a great addition to a gift for an anniversary! A smile after receiving this gift is guaranteed.","og_url":"https:\/\/www.gintaresgeles.lt\/en\/puokste\/funny-toilet-paper-happy-birthday\/","og_site_name":"gintaresgeles.lt","article_modified_time":"2025-05-28T23:59:33+00:00","og_image":[{"width":600,"height":600,"url":"https:\/\/www.gintaresgeles.lt\/wp-content\/uploads\/2022\/06\/tualetinis-gimtadienio-popierius.png","type":"image\/png"}],"twitter_card":"summary_large_image","schema":{"@context":"https:\/\/schema.org","@graph":[{"@type":"WebPage","@id":"https:\/\/www.gintaresgeles.lt\/en\/puokste\/funny-toilet-paper-happy-birthday\/","url":"https:\/\/www.gintaresgeles.lt\/en\/puokste\/funny-toilet-paper-happy-birthday\/","name":"Funny toilet paper \u201eHappy Birthday\u201c | Gintar\u0117sG\u0117l\u0117s","isPartOf":{"@id":"https:\/\/www.gintaresgeles.lt\/en\/#website"},"primaryImageOfPage":{"@id":"https:\/\/www.gintaresgeles.lt\/en\/puokste\/funny-toilet-paper-happy-birthday\/#primaryimage"},"image":{"@id":"https:\/\/www.gintaresgeles.lt\/en\/puokste\/funny-toilet-paper-happy-birthday\/#primaryimage"},"thumbnailUrl":"https:\/\/www.gintaresgeles.lt\/wp-content\/uploads\/2022\/06\/tualetinis-gimtadienio-popierius.png","datePublished":"2022-06-20T13:30:45+00:00","dateModified":"2025-05-28T23:59:33+00:00","description":"Toilet paper with a selected number can be a great addition to a gift for an anniversary! A smile after receiving this gift is guaranteed.","breadcrumb":{"@id":"https:\/\/www.gintaresgeles.lt\/en\/puokste\/funny-toilet-paper-happy-birthday\/#breadcrumb"},"inLanguage":"en-US","potentialAction":[{"@type":"ReadAction","target":["https:\/\/www.gintaresgeles.lt\/en\/puokste\/funny-toilet-paper-happy-birthday\/"]}]},{"@type":"ImageObject","inLanguage":"en-US","@id":"https:\/\/www.gintaresgeles.lt\/en\/puokste\/funny-toilet-paper-happy-birthday\/#primaryimage","url":"https:\/\/www.gintaresgeles.lt\/wp-content\/uploads\/2022\/06\/tualetinis-gimtadienio-popierius.png","contentUrl":"https:\/\/www.gintaresgeles.lt\/wp-content\/uploads\/2022\/06\/tualetinis-gimtadienio-popierius.png","width":600,"height":600,"caption":"Gimtadienio tualetinis popierius"},{"@type":"BreadcrumbList","@id":"https:\/\/www.gintaresgeles.lt\/en\/puokste\/funny-toilet-paper-happy-birthday\/#breadcrumb","itemListElement":[{"@type":"ListItem","position":1,"name":"Prad\u017eia","item":"https:\/\/www.gintaresgeles.lt\/en\/"},{"@type":"ListItem","position":2,"name":"All flowers and other products","item":"https:\/\/www.gintaresgeles.lt\/en\/all-flowers-and-other-products\/"},{"@type":"ListItem","position":3,"name":"Funny toilet paper \u201eHappy Birthday\u201c"}]},{"@type":"WebSite","@id":"https:\/\/www.gintaresgeles.lt\/en\/#website","url":"https:\/\/www.gintaresgeles.lt\/en\/","name":"Gintares Geles","description":"Flower delivery in Vilnius | Same-day delivery | Gintares geles","potentialAction":[{"@type":"SearchAction","target":{"@type":"EntryPoint","urlTemplate":"https:\/\/www.gintaresgeles.lt\/en\/?s={search_term_string}"},"query-input":{"@type":"PropertyValueSpecification","valueRequired":true,"valueName":"search_term_string"}}],"inLanguage":"en-US"}]}},"_links":{"self":[{"href":"https:\/\/www.gintaresgeles.lt\/en\/wp-json\/wp\/v2\/product\/43316","targetHints":{"allow":["GET"]}}],"collection":[{"href":"https:\/\/www.gintaresgeles.lt\/en\/wp-json\/wp\/v2\/product"}],"about":[{"href":"https:\/\/www.gintaresgeles.lt\/en\/wp-json\/wp\/v2\/types\/product"}],"wp:featuredmedia":[{"embeddable":true,"href":"https:\/\/www.gintaresgeles.lt\/en\/wp-json\/wp\/v2\/media\/43319"}],"wp:attachment":[{"href":"https:\/\/www.gintaresgeles.lt\/en\/wp-json\/wp\/v2\/media?parent=43316"}],"wp:term":[{"taxonomy":"product_brand","embeddable":true,"href":"https:\/\/www.gintaresgeles.lt\/en\/wp-json\/wp\/v2\/product_brand?post=43316"},{"taxonomy":"product_cat","embeddable":true,"href":"https:\/\/www.gintaresgeles.lt\/en\/wp-json\/wp\/v2\/product_cat?post=43316"},{"taxonomy":"product_tag","embeddable":true,"href":"https:\/\/www.gintaresgeles.lt\/en\/wp-json\/wp\/v2\/product_tag?post=43316"}],"curies":[{"name":"wp","href":"https:\/\/api.w.org\/{rel}","templated":true}]}}