{"id":43335,"date":"2022-06-20T15:40:50","date_gmt":"2022-06-20T13:40:50","guid":{"rendered":"https:\/\/www.gintaresgeles.lt\/?post_type=product&#038;p=43335"},"modified":"2022-10-05T11:51:02","modified_gmt":"2022-10-05T08:51:02","slug":"wall-clock-face-with-hearts","status":"publish","type":"product","link":"https:\/\/www.gintaresgeles.lt\/en\/puokste\/wall-clock-face-with-hearts\/","title":{"rendered":"Wall clock &#8220;Face with hearts&#8221;"},"content":{"rendered":"<p>Clock measurements: 30 \u00d7 0.3 cm.<\/p>\n<p>Run with AA battery (available to buy separately).<\/p>\n","protected":false},"excerpt":{"rendered":"<p>The moody round clock will lift your mood every time you look at it. Hearts instead of eyes will be in a romantic and loving mood.<\/p>\n","protected":false},"featured_media":43339,"template":"","meta":[],"product_brand":[],"product_cat":[237,1983],"product_tag":[],"class_list":{"0":"post-43335","1":"product","2":"type-product","3":"status-publish","4":"has-post-thumbnail","6":"product_cat-gifts","7":"product_cat-little-things","8":"tm-has-options","10":"first","11":"instock","12":"taxable","13":"shipping-taxable","14":"purchasable","15":"product-type-simple"},"yoast_head":"<!-- This site is optimized with the Yoast SEO plugin v25.3 - https:\/\/yoast.com\/wordpress\/plugins\/seo\/ -->\n<title>Wall clock &quot;Face with hearts&quot; | Gintar\u0117s G\u0117l\u0117s<\/title>\n<meta name=\"description\" content=\"A stylish and cute wall clock will be a real decoration in your home! You can give it to your significant other or to another dear person.\" \/>\n<meta name=\"robots\" content=\"index, follow, max-snippet:-1, max-image-preview:large, max-video-preview:-1\" \/>\n<link rel=\"canonical\" href=\"https:\/\/www.gintaresgeles.lt\/en\/puokste\/wall-clock-face-with-hearts\/\" \/>\n<meta property=\"og:locale\" content=\"en_US\" \/>\n<meta property=\"og:type\" content=\"article\" \/>\n<meta property=\"og:title\" content=\"Wall clock &quot;Face with hearts&quot; | Gintar\u0117s G\u0117l\u0117s\" \/>\n<meta property=\"og:description\" content=\"A stylish and cute wall clock will be a real decoration in your home! You can give it to your significant other or to another dear person.\" \/>\n<meta property=\"og:url\" content=\"https:\/\/www.gintaresgeles.lt\/en\/puokste\/wall-clock-face-with-hearts\/\" \/>\n<meta property=\"og:site_name\" content=\"gintaresgeles.lt\" \/>\n<meta property=\"article:modified_time\" content=\"2022-10-05T08:51:02+00:00\" \/>\n<meta property=\"og:image\" content=\"https:\/\/www.gintaresgeles.lt\/wp-content\/uploads\/2022\/06\/isimylejes-veidelis-1.jpg\" \/>\n\t<meta property=\"og:image:width\" content=\"600\" \/>\n\t<meta property=\"og:image:height\" content=\"600\" \/>\n\t<meta property=\"og:image:type\" content=\"image\/jpeg\" \/>\n<meta name=\"twitter:card\" content=\"summary_large_image\" \/>\n<script type=\"application\/ld+json\" class=\"yoast-schema-graph\">{\"@context\":\"https:\/\/schema.org\",\"@graph\":[{\"@type\":\"WebPage\",\"@id\":\"https:\/\/www.gintaresgeles.lt\/en\/puokste\/wall-clock-face-with-hearts\/\",\"url\":\"https:\/\/www.gintaresgeles.lt\/en\/puokste\/wall-clock-face-with-hearts\/\",\"name\":\"Wall clock \\\"Face with hearts\\\" | Gintar\u0117s G\u0117l\u0117s\",\"isPartOf\":{\"@id\":\"https:\/\/www.gintaresgeles.lt\/en\/#website\"},\"primaryImageOfPage\":{\"@id\":\"https:\/\/www.gintaresgeles.lt\/en\/puokste\/wall-clock-face-with-hearts\/#primaryimage\"},\"image\":{\"@id\":\"https:\/\/www.gintaresgeles.lt\/en\/puokste\/wall-clock-face-with-hearts\/#primaryimage\"},\"thumbnailUrl\":\"https:\/\/www.gintaresgeles.lt\/wp-content\/uploads\/2022\/06\/isimylejes-veidelis-1.jpg\",\"datePublished\":\"2022-06-20T13:40:50+00:00\",\"dateModified\":\"2022-10-05T08:51:02+00:00\",\"description\":\"A stylish and cute wall clock will be a real decoration in your home! You can give it to your significant other or to another dear person.\",\"breadcrumb\":{\"@id\":\"https:\/\/www.gintaresgeles.lt\/en\/puokste\/wall-clock-face-with-hearts\/#breadcrumb\"},\"inLanguage\":\"en-US\",\"potentialAction\":[{\"@type\":\"ReadAction\",\"target\":[\"https:\/\/www.gintaresgeles.lt\/en\/puokste\/wall-clock-face-with-hearts\/\"]}]},{\"@type\":\"ImageObject\",\"inLanguage\":\"en-US\",\"@id\":\"https:\/\/www.gintaresgeles.lt\/en\/puokste\/wall-clock-face-with-hearts\/#primaryimage\",\"url\":\"https:\/\/www.gintaresgeles.lt\/wp-content\/uploads\/2022\/06\/isimylejes-veidelis-1.jpg\",\"contentUrl\":\"https:\/\/www.gintaresgeles.lt\/wp-content\/uploads\/2022\/06\/isimylejes-veidelis-1.jpg\",\"width\":600,\"height\":600,\"caption\":\"Sieninis laikrodis \u201e\u0160ypsen\u0117l\u0117\\\"\"},{\"@type\":\"BreadcrumbList\",\"@id\":\"https:\/\/www.gintaresgeles.lt\/en\/puokste\/wall-clock-face-with-hearts\/#breadcrumb\",\"itemListElement\":[{\"@type\":\"ListItem\",\"position\":1,\"name\":\"Prad\u017eia\",\"item\":\"https:\/\/www.gintaresgeles.lt\/en\/\"},{\"@type\":\"ListItem\",\"position\":2,\"name\":\"All flowers and other products\",\"item\":\"https:\/\/www.gintaresgeles.lt\/en\/all-flowers-and-other-products\/\"},{\"@type\":\"ListItem\",\"position\":3,\"name\":\"Wall clock &#8222;Face with hearts&#8221;\"}]},{\"@type\":\"WebSite\",\"@id\":\"https:\/\/www.gintaresgeles.lt\/en\/#website\",\"url\":\"https:\/\/www.gintaresgeles.lt\/en\/\",\"name\":\"Gintares Geles\",\"description\":\"Flower delivery in Vilnius | Same-day delivery | Gintares geles\",\"potentialAction\":[{\"@type\":\"SearchAction\",\"target\":{\"@type\":\"EntryPoint\",\"urlTemplate\":\"https:\/\/www.gintaresgeles.lt\/en\/?s={search_term_string}\"},\"query-input\":{\"@type\":\"PropertyValueSpecification\",\"valueRequired\":true,\"valueName\":\"search_term_string\"}}],\"inLanguage\":\"en-US\"}]}<\/script>\n<!-- \/ Yoast SEO plugin. -->","yoast_head_json":{"title":"Wall clock \"Face with hearts\" | Gintar\u0117s G\u0117l\u0117s","description":"A stylish and cute wall clock will be a real decoration in your home! You can give it to your significant other or to another dear person.","robots":{"index":"index","follow":"follow","max-snippet":"max-snippet:-1","max-image-preview":"max-image-preview:large","max-video-preview":"max-video-preview:-1"},"canonical":"https:\/\/www.gintaresgeles.lt\/en\/puokste\/wall-clock-face-with-hearts\/","og_locale":"en_US","og_type":"article","og_title":"Wall clock \"Face with hearts\" | Gintar\u0117s G\u0117l\u0117s","og_description":"A stylish and cute wall clock will be a real decoration in your home! You can give it to your significant other or to another dear person.","og_url":"https:\/\/www.gintaresgeles.lt\/en\/puokste\/wall-clock-face-with-hearts\/","og_site_name":"gintaresgeles.lt","article_modified_time":"2022-10-05T08:51:02+00:00","og_image":[{"width":600,"height":600,"url":"https:\/\/www.gintaresgeles.lt\/wp-content\/uploads\/2022\/06\/isimylejes-veidelis-1.jpg","type":"image\/jpeg"}],"twitter_card":"summary_large_image","schema":{"@context":"https:\/\/schema.org","@graph":[{"@type":"WebPage","@id":"https:\/\/www.gintaresgeles.lt\/en\/puokste\/wall-clock-face-with-hearts\/","url":"https:\/\/www.gintaresgeles.lt\/en\/puokste\/wall-clock-face-with-hearts\/","name":"Wall clock \"Face with hearts\" | Gintar\u0117s G\u0117l\u0117s","isPartOf":{"@id":"https:\/\/www.gintaresgeles.lt\/en\/#website"},"primaryImageOfPage":{"@id":"https:\/\/www.gintaresgeles.lt\/en\/puokste\/wall-clock-face-with-hearts\/#primaryimage"},"image":{"@id":"https:\/\/www.gintaresgeles.lt\/en\/puokste\/wall-clock-face-with-hearts\/#primaryimage"},"thumbnailUrl":"https:\/\/www.gintaresgeles.lt\/wp-content\/uploads\/2022\/06\/isimylejes-veidelis-1.jpg","datePublished":"2022-06-20T13:40:50+00:00","dateModified":"2022-10-05T08:51:02+00:00","description":"A stylish and cute wall clock will be a real decoration in your home! You can give it to your significant other or to another dear person.","breadcrumb":{"@id":"https:\/\/www.gintaresgeles.lt\/en\/puokste\/wall-clock-face-with-hearts\/#breadcrumb"},"inLanguage":"en-US","potentialAction":[{"@type":"ReadAction","target":["https:\/\/www.gintaresgeles.lt\/en\/puokste\/wall-clock-face-with-hearts\/"]}]},{"@type":"ImageObject","inLanguage":"en-US","@id":"https:\/\/www.gintaresgeles.lt\/en\/puokste\/wall-clock-face-with-hearts\/#primaryimage","url":"https:\/\/www.gintaresgeles.lt\/wp-content\/uploads\/2022\/06\/isimylejes-veidelis-1.jpg","contentUrl":"https:\/\/www.gintaresgeles.lt\/wp-content\/uploads\/2022\/06\/isimylejes-veidelis-1.jpg","width":600,"height":600,"caption":"Sieninis laikrodis \u201e\u0160ypsen\u0117l\u0117\""},{"@type":"BreadcrumbList","@id":"https:\/\/www.gintaresgeles.lt\/en\/puokste\/wall-clock-face-with-hearts\/#breadcrumb","itemListElement":[{"@type":"ListItem","position":1,"name":"Prad\u017eia","item":"https:\/\/www.gintaresgeles.lt\/en\/"},{"@type":"ListItem","position":2,"name":"All flowers and other products","item":"https:\/\/www.gintaresgeles.lt\/en\/all-flowers-and-other-products\/"},{"@type":"ListItem","position":3,"name":"Wall clock &#8222;Face with hearts&#8221;"}]},{"@type":"WebSite","@id":"https:\/\/www.gintaresgeles.lt\/en\/#website","url":"https:\/\/www.gintaresgeles.lt\/en\/","name":"Gintares Geles","description":"Flower delivery in Vilnius | Same-day delivery | Gintares geles","potentialAction":[{"@type":"SearchAction","target":{"@type":"EntryPoint","urlTemplate":"https:\/\/www.gintaresgeles.lt\/en\/?s={search_term_string}"},"query-input":{"@type":"PropertyValueSpecification","valueRequired":true,"valueName":"search_term_string"}}],"inLanguage":"en-US"}]}},"_links":{"self":[{"href":"https:\/\/www.gintaresgeles.lt\/en\/wp-json\/wp\/v2\/product\/43335","targetHints":{"allow":["GET"]}}],"collection":[{"href":"https:\/\/www.gintaresgeles.lt\/en\/wp-json\/wp\/v2\/product"}],"about":[{"href":"https:\/\/www.gintaresgeles.lt\/en\/wp-json\/wp\/v2\/types\/product"}],"wp:featuredmedia":[{"embeddable":true,"href":"https:\/\/www.gintaresgeles.lt\/en\/wp-json\/wp\/v2\/media\/43339"}],"wp:attachment":[{"href":"https:\/\/www.gintaresgeles.lt\/en\/wp-json\/wp\/v2\/media?parent=43335"}],"wp:term":[{"taxonomy":"product_brand","embeddable":true,"href":"https:\/\/www.gintaresgeles.lt\/en\/wp-json\/wp\/v2\/product_brand?post=43335"},{"taxonomy":"product_cat","embeddable":true,"href":"https:\/\/www.gintaresgeles.lt\/en\/wp-json\/wp\/v2\/product_cat?post=43335"},{"taxonomy":"product_tag","embeddable":true,"href":"https:\/\/www.gintaresgeles.lt\/en\/wp-json\/wp\/v2\/product_tag?post=43335"}],"curies":[{"name":"wp","href":"https:\/\/api.w.org\/{rel}","templated":true}]}}