{"id":43366,"date":"2022-06-21T13:46:27","date_gmt":"2022-06-21T11:46:28","guid":{"rendered":"https:\/\/www.gintaresgeles.lt\/?post_type=product&#038;p=43366"},"modified":"2025-05-29T01:59:33","modified_gmt":"2025-05-28T23:59:33","slug":"frames-for-baby-hand-or-foot-prints","status":"publish","type":"product","link":"https:\/\/www.gintaresgeles.lt\/en\/puokste\/frames-for-baby-hand-or-foot-prints\/","title":{"rendered":"Frames for baby hand or foot prints"},"content":{"rendered":"<p>Kit includes: molding compound and wooden frames without glass.<\/p>\n<p>Approximate dimensions of the frame: 21.5 x 21.5 x 2 cm<\/p>\n","protected":false},"excerpt":{"rendered":"<p>All materials in the set are harmless, so they will not harm children. This set is also perfect as a gift for parents who just had a baby or just for a child&#8217;s birthday.<\/p>\n","protected":false},"featured_media":43369,"template":"","meta":[],"product_brand":[],"product_cat":[237],"product_tag":[],"class_list":{"0":"post-43366","1":"product","2":"type-product","3":"status-publish","4":"has-post-thumbnail","6":"product_cat-gifts","7":"tm-has-options","9":"first","10":"outofstock","11":"taxable","12":"shipping-taxable","13":"purchasable","14":"product-type-simple"},"yoast_head":"<!-- This site is optimized with the Yoast SEO plugin v25.3 - https:\/\/yoast.com\/wordpress\/plugins\/seo\/ -->\n<title>Frames for baby hand or foot prints | Gifts | Gintar\u0117s g\u0117l\u0117s<\/title>\n<meta name=\"description\" content=\"If you want to have a heartwarming memory, you can do it quite easily with this set. The stamp in the frame will please you for a long time.\" \/>\n<meta name=\"robots\" content=\"index, follow, max-snippet:-1, max-image-preview:large, max-video-preview:-1\" \/>\n<link rel=\"canonical\" href=\"https:\/\/www.gintaresgeles.lt\/en\/puokste\/frames-for-baby-hand-or-foot-prints\/\" \/>\n<meta property=\"og:locale\" content=\"en_US\" \/>\n<meta property=\"og:type\" content=\"article\" \/>\n<meta property=\"og:title\" content=\"Frames for baby hand or foot prints | Gifts | Gintar\u0117s g\u0117l\u0117s\" \/>\n<meta property=\"og:description\" content=\"If you want to have a heartwarming memory, you can do it quite easily with this set. The stamp in the frame will please you for a long time.\" \/>\n<meta property=\"og:url\" content=\"https:\/\/www.gintaresgeles.lt\/en\/puokste\/frames-for-baby-hand-or-foot-prints\/\" \/>\n<meta property=\"og:site_name\" content=\"gintaresgeles.lt\" \/>\n<meta property=\"article:modified_time\" content=\"2025-05-28T23:59:33+00:00\" \/>\n<meta property=\"og:image\" content=\"https:\/\/www.gintaresgeles.lt\/wp-content\/uploads\/2022\/06\/remelis-kudykio-gipso-atspaudams.jpg\" \/>\n\t<meta property=\"og:image:width\" content=\"600\" \/>\n\t<meta property=\"og:image:height\" content=\"600\" \/>\n\t<meta property=\"og:image:type\" content=\"image\/jpeg\" \/>\n<meta name=\"twitter:card\" content=\"summary_large_image\" \/>\n<script type=\"application\/ld+json\" class=\"yoast-schema-graph\">{\"@context\":\"https:\/\/schema.org\",\"@graph\":[{\"@type\":\"WebPage\",\"@id\":\"https:\/\/www.gintaresgeles.lt\/en\/puokste\/frames-for-baby-hand-or-foot-prints\/\",\"url\":\"https:\/\/www.gintaresgeles.lt\/en\/puokste\/frames-for-baby-hand-or-foot-prints\/\",\"name\":\"Frames for baby hand or foot prints | Gifts | Gintar\u0117s g\u0117l\u0117s\",\"isPartOf\":{\"@id\":\"https:\/\/www.gintaresgeles.lt\/en\/#website\"},\"primaryImageOfPage\":{\"@id\":\"https:\/\/www.gintaresgeles.lt\/en\/puokste\/frames-for-baby-hand-or-foot-prints\/#primaryimage\"},\"image\":{\"@id\":\"https:\/\/www.gintaresgeles.lt\/en\/puokste\/frames-for-baby-hand-or-foot-prints\/#primaryimage\"},\"thumbnailUrl\":\"https:\/\/www.gintaresgeles.lt\/wp-content\/uploads\/2022\/06\/remelis-kudykio-gipso-atspaudams.jpg\",\"datePublished\":\"2022-06-21T11:46:28+00:00\",\"dateModified\":\"2025-05-28T23:59:33+00:00\",\"description\":\"If you want to have a heartwarming memory, you can do it quite easily with this set. The stamp in the frame will please you for a long time.\",\"breadcrumb\":{\"@id\":\"https:\/\/www.gintaresgeles.lt\/en\/puokste\/frames-for-baby-hand-or-foot-prints\/#breadcrumb\"},\"inLanguage\":\"en-US\",\"potentialAction\":[{\"@type\":\"ReadAction\",\"target\":[\"https:\/\/www.gintaresgeles.lt\/en\/puokste\/frames-for-baby-hand-or-foot-prints\/\"]}]},{\"@type\":\"ImageObject\",\"inLanguage\":\"en-US\",\"@id\":\"https:\/\/www.gintaresgeles.lt\/en\/puokste\/frames-for-baby-hand-or-foot-prints\/#primaryimage\",\"url\":\"https:\/\/www.gintaresgeles.lt\/wp-content\/uploads\/2022\/06\/remelis-kudykio-gipso-atspaudams.jpg\",\"contentUrl\":\"https:\/\/www.gintaresgeles.lt\/wp-content\/uploads\/2022\/06\/remelis-kudykio-gipso-atspaudams.jpg\",\"width\":600,\"height\":600,\"caption\":\"R\u0117melis k\u016bdikio rank\u0173 antspaudams\"},{\"@type\":\"BreadcrumbList\",\"@id\":\"https:\/\/www.gintaresgeles.lt\/en\/puokste\/frames-for-baby-hand-or-foot-prints\/#breadcrumb\",\"itemListElement\":[{\"@type\":\"ListItem\",\"position\":1,\"name\":\"Prad\u017eia\",\"item\":\"https:\/\/www.gintaresgeles.lt\/en\/\"},{\"@type\":\"ListItem\",\"position\":2,\"name\":\"All flowers and other products\",\"item\":\"https:\/\/www.gintaresgeles.lt\/en\/all-flowers-and-other-products\/\"},{\"@type\":\"ListItem\",\"position\":3,\"name\":\"Frames for baby hand or foot prints\"}]},{\"@type\":\"WebSite\",\"@id\":\"https:\/\/www.gintaresgeles.lt\/en\/#website\",\"url\":\"https:\/\/www.gintaresgeles.lt\/en\/\",\"name\":\"gintaresgeles.lt\",\"description\":\"G\u0117li\u0173 parduotuv\u0117 internete\",\"potentialAction\":[{\"@type\":\"SearchAction\",\"target\":{\"@type\":\"EntryPoint\",\"urlTemplate\":\"https:\/\/www.gintaresgeles.lt\/en\/?s={search_term_string}\"},\"query-input\":{\"@type\":\"PropertyValueSpecification\",\"valueRequired\":true,\"valueName\":\"search_term_string\"}}],\"inLanguage\":\"en-US\"}]}<\/script>\n<!-- \/ Yoast SEO plugin. -->","yoast_head_json":{"title":"Frames for baby hand or foot prints | Gifts | Gintar\u0117s g\u0117l\u0117s","description":"If you want to have a heartwarming memory, you can do it quite easily with this set. The stamp in the frame will please you for a long time.","robots":{"index":"index","follow":"follow","max-snippet":"max-snippet:-1","max-image-preview":"max-image-preview:large","max-video-preview":"max-video-preview:-1"},"canonical":"https:\/\/www.gintaresgeles.lt\/en\/puokste\/frames-for-baby-hand-or-foot-prints\/","og_locale":"en_US","og_type":"article","og_title":"Frames for baby hand or foot prints | Gifts | Gintar\u0117s g\u0117l\u0117s","og_description":"If you want to have a heartwarming memory, you can do it quite easily with this set. The stamp in the frame will please you for a long time.","og_url":"https:\/\/www.gintaresgeles.lt\/en\/puokste\/frames-for-baby-hand-or-foot-prints\/","og_site_name":"gintaresgeles.lt","article_modified_time":"2025-05-28T23:59:33+00:00","og_image":[{"width":600,"height":600,"url":"https:\/\/www.gintaresgeles.lt\/wp-content\/uploads\/2022\/06\/remelis-kudykio-gipso-atspaudams.jpg","type":"image\/jpeg"}],"twitter_card":"summary_large_image","schema":{"@context":"https:\/\/schema.org","@graph":[{"@type":"WebPage","@id":"https:\/\/www.gintaresgeles.lt\/en\/puokste\/frames-for-baby-hand-or-foot-prints\/","url":"https:\/\/www.gintaresgeles.lt\/en\/puokste\/frames-for-baby-hand-or-foot-prints\/","name":"Frames for baby hand or foot prints | Gifts | Gintar\u0117s g\u0117l\u0117s","isPartOf":{"@id":"https:\/\/www.gintaresgeles.lt\/en\/#website"},"primaryImageOfPage":{"@id":"https:\/\/www.gintaresgeles.lt\/en\/puokste\/frames-for-baby-hand-or-foot-prints\/#primaryimage"},"image":{"@id":"https:\/\/www.gintaresgeles.lt\/en\/puokste\/frames-for-baby-hand-or-foot-prints\/#primaryimage"},"thumbnailUrl":"https:\/\/www.gintaresgeles.lt\/wp-content\/uploads\/2022\/06\/remelis-kudykio-gipso-atspaudams.jpg","datePublished":"2022-06-21T11:46:28+00:00","dateModified":"2025-05-28T23:59:33+00:00","description":"If you want to have a heartwarming memory, you can do it quite easily with this set. The stamp in the frame will please you for a long time.","breadcrumb":{"@id":"https:\/\/www.gintaresgeles.lt\/en\/puokste\/frames-for-baby-hand-or-foot-prints\/#breadcrumb"},"inLanguage":"en-US","potentialAction":[{"@type":"ReadAction","target":["https:\/\/www.gintaresgeles.lt\/en\/puokste\/frames-for-baby-hand-or-foot-prints\/"]}]},{"@type":"ImageObject","inLanguage":"en-US","@id":"https:\/\/www.gintaresgeles.lt\/en\/puokste\/frames-for-baby-hand-or-foot-prints\/#primaryimage","url":"https:\/\/www.gintaresgeles.lt\/wp-content\/uploads\/2022\/06\/remelis-kudykio-gipso-atspaudams.jpg","contentUrl":"https:\/\/www.gintaresgeles.lt\/wp-content\/uploads\/2022\/06\/remelis-kudykio-gipso-atspaudams.jpg","width":600,"height":600,"caption":"R\u0117melis k\u016bdikio rank\u0173 antspaudams"},{"@type":"BreadcrumbList","@id":"https:\/\/www.gintaresgeles.lt\/en\/puokste\/frames-for-baby-hand-or-foot-prints\/#breadcrumb","itemListElement":[{"@type":"ListItem","position":1,"name":"Prad\u017eia","item":"https:\/\/www.gintaresgeles.lt\/en\/"},{"@type":"ListItem","position":2,"name":"All flowers and other products","item":"https:\/\/www.gintaresgeles.lt\/en\/all-flowers-and-other-products\/"},{"@type":"ListItem","position":3,"name":"Frames for baby hand or foot prints"}]},{"@type":"WebSite","@id":"https:\/\/www.gintaresgeles.lt\/en\/#website","url":"https:\/\/www.gintaresgeles.lt\/en\/","name":"gintaresgeles.lt","description":"G\u0117li\u0173 parduotuv\u0117 internete","potentialAction":[{"@type":"SearchAction","target":{"@type":"EntryPoint","urlTemplate":"https:\/\/www.gintaresgeles.lt\/en\/?s={search_term_string}"},"query-input":{"@type":"PropertyValueSpecification","valueRequired":true,"valueName":"search_term_string"}}],"inLanguage":"en-US"}]}},"_links":{"self":[{"href":"https:\/\/www.gintaresgeles.lt\/en\/wp-json\/wp\/v2\/product\/43366","targetHints":{"allow":["GET"]}}],"collection":[{"href":"https:\/\/www.gintaresgeles.lt\/en\/wp-json\/wp\/v2\/product"}],"about":[{"href":"https:\/\/www.gintaresgeles.lt\/en\/wp-json\/wp\/v2\/types\/product"}],"wp:featuredmedia":[{"embeddable":true,"href":"https:\/\/www.gintaresgeles.lt\/en\/wp-json\/wp\/v2\/media\/43369"}],"wp:attachment":[{"href":"https:\/\/www.gintaresgeles.lt\/en\/wp-json\/wp\/v2\/media?parent=43366"}],"wp:term":[{"taxonomy":"product_brand","embeddable":true,"href":"https:\/\/www.gintaresgeles.lt\/en\/wp-json\/wp\/v2\/product_brand?post=43366"},{"taxonomy":"product_cat","embeddable":true,"href":"https:\/\/www.gintaresgeles.lt\/en\/wp-json\/wp\/v2\/product_cat?post=43366"},{"taxonomy":"product_tag","embeddable":true,"href":"https:\/\/www.gintaresgeles.lt\/en\/wp-json\/wp\/v2\/product_tag?post=43366"}],"curies":[{"name":"wp","href":"https:\/\/api.w.org\/{rel}","templated":true}]}}