{"id":43383,"date":"2022-06-21T15:22:49","date_gmt":"2022-06-21T13:22:50","guid":{"rendered":"https:\/\/www.gintaresgeles.lt\/?post_type=product&#038;p=43383"},"modified":"2025-05-29T01:59:33","modified_gmt":"2025-05-28T23:59:33","slug":"lucky-plant-clover","status":"publish","type":"product","link":"https:\/\/www.gintaresgeles.lt\/en\/puokste\/lucky-plant-clover\/","title":{"rendered":"Lucky plant &#8220;Clover&#8221;"},"content":{"rendered":"<p>Approximate dimensions of the can: 6.5 x 9 cm.<\/p>\n","protected":false},"excerpt":{"rendered":"<p>There are several clover seeds in the can, but what kind of clover will grow &#8211; three-leaf or four-leaf &#8211; is a matter of luck.<\/p>\n","protected":false},"featured_media":43386,"template":"","meta":[],"product_brand":[],"product_cat":[237,1982,1983],"product_tag":[],"class_list":{"0":"post-43383","1":"product","2":"type-product","3":"status-publish","4":"has-post-thumbnail","6":"product_cat-gifts","7":"product_cat-cute-presents","8":"product_cat-little-things","9":"tm-has-options","11":"first","12":"outofstock","13":"taxable","14":"shipping-taxable","15":"purchasable","16":"product-type-simple"},"yoast_head":"<!-- This site is optimized with the Yoast SEO plugin v25.3 - https:\/\/yoast.com\/wordpress\/plugins\/seo\/ -->\n<title>Lucky plant &quot;Clover&quot;| Gifts | Gintar\u0117s g\u0117l\u0117s<\/title>\n<meta name=\"description\" content=\"A tin to grow your clovers can be a great gift for any occasion and a great test of luck!\" \/>\n<meta name=\"robots\" content=\"index, follow, max-snippet:-1, max-image-preview:large, max-video-preview:-1\" \/>\n<link rel=\"canonical\" href=\"https:\/\/www.gintaresgeles.lt\/en\/puokste\/lucky-plant-clover\/\" \/>\n<meta property=\"og:locale\" content=\"en_US\" \/>\n<meta property=\"og:type\" content=\"article\" \/>\n<meta property=\"og:title\" content=\"Lucky plant &quot;Clover&quot;| Gifts | Gintar\u0117s g\u0117l\u0117s\" \/>\n<meta property=\"og:description\" content=\"A tin to grow your clovers can be a great gift for any occasion and a great test of luck!\" \/>\n<meta property=\"og:url\" content=\"https:\/\/www.gintaresgeles.lt\/en\/puokste\/lucky-plant-clover\/\" \/>\n<meta property=\"og:site_name\" content=\"gintaresgeles.lt\" \/>\n<meta property=\"article:modified_time\" content=\"2025-05-28T23:59:33+00:00\" \/>\n<meta property=\"og:image\" content=\"https:\/\/www.gintaresgeles.lt\/wp-content\/uploads\/2022\/06\/augalas-vazonelyje-dobilas.jpg\" \/>\n\t<meta property=\"og:image:width\" content=\"600\" \/>\n\t<meta property=\"og:image:height\" content=\"600\" \/>\n\t<meta property=\"og:image:type\" content=\"image\/jpeg\" \/>\n<meta name=\"twitter:card\" content=\"summary_large_image\" \/>\n<script type=\"application\/ld+json\" class=\"yoast-schema-graph\">{\"@context\":\"https:\/\/schema.org\",\"@graph\":[{\"@type\":\"WebPage\",\"@id\":\"https:\/\/www.gintaresgeles.lt\/en\/puokste\/lucky-plant-clover\/\",\"url\":\"https:\/\/www.gintaresgeles.lt\/en\/puokste\/lucky-plant-clover\/\",\"name\":\"Lucky plant \\\"Clover\\\"| Gifts | Gintar\u0117s g\u0117l\u0117s\",\"isPartOf\":{\"@id\":\"https:\/\/www.gintaresgeles.lt\/en\/#website\"},\"primaryImageOfPage\":{\"@id\":\"https:\/\/www.gintaresgeles.lt\/en\/puokste\/lucky-plant-clover\/#primaryimage\"},\"image\":{\"@id\":\"https:\/\/www.gintaresgeles.lt\/en\/puokste\/lucky-plant-clover\/#primaryimage\"},\"thumbnailUrl\":\"https:\/\/www.gintaresgeles.lt\/wp-content\/uploads\/2022\/06\/augalas-vazonelyje-dobilas.jpg\",\"datePublished\":\"2022-06-21T13:22:50+00:00\",\"dateModified\":\"2025-05-28T23:59:33+00:00\",\"description\":\"A tin to grow your clovers can be a great gift for any occasion and a great test of luck!\",\"breadcrumb\":{\"@id\":\"https:\/\/www.gintaresgeles.lt\/en\/puokste\/lucky-plant-clover\/#breadcrumb\"},\"inLanguage\":\"en-US\",\"potentialAction\":[{\"@type\":\"ReadAction\",\"target\":[\"https:\/\/www.gintaresgeles.lt\/en\/puokste\/lucky-plant-clover\/\"]}]},{\"@type\":\"ImageObject\",\"inLanguage\":\"en-US\",\"@id\":\"https:\/\/www.gintaresgeles.lt\/en\/puokste\/lucky-plant-clover\/#primaryimage\",\"url\":\"https:\/\/www.gintaresgeles.lt\/wp-content\/uploads\/2022\/06\/augalas-vazonelyje-dobilas.jpg\",\"contentUrl\":\"https:\/\/www.gintaresgeles.lt\/wp-content\/uploads\/2022\/06\/augalas-vazonelyje-dobilas.jpg\",\"width\":600,\"height\":600,\"caption\":\"Augalas \u201eKeturlapiai dobiliukai\\\"\"},{\"@type\":\"BreadcrumbList\",\"@id\":\"https:\/\/www.gintaresgeles.lt\/en\/puokste\/lucky-plant-clover\/#breadcrumb\",\"itemListElement\":[{\"@type\":\"ListItem\",\"position\":1,\"name\":\"Prad\u017eia\",\"item\":\"https:\/\/www.gintaresgeles.lt\/en\/\"},{\"@type\":\"ListItem\",\"position\":2,\"name\":\"All flowers and other products\",\"item\":\"https:\/\/www.gintaresgeles.lt\/en\/all-flowers-and-other-products\/\"},{\"@type\":\"ListItem\",\"position\":3,\"name\":\"Lucky plant &#8222;Clover&#8221;\"}]},{\"@type\":\"WebSite\",\"@id\":\"https:\/\/www.gintaresgeles.lt\/en\/#website\",\"url\":\"https:\/\/www.gintaresgeles.lt\/en\/\",\"name\":\"gintaresgeles.lt\",\"description\":\"G\u0117li\u0173 parduotuv\u0117 internete\",\"potentialAction\":[{\"@type\":\"SearchAction\",\"target\":{\"@type\":\"EntryPoint\",\"urlTemplate\":\"https:\/\/www.gintaresgeles.lt\/en\/?s={search_term_string}\"},\"query-input\":{\"@type\":\"PropertyValueSpecification\",\"valueRequired\":true,\"valueName\":\"search_term_string\"}}],\"inLanguage\":\"en-US\"}]}<\/script>\n<!-- \/ Yoast SEO plugin. -->","yoast_head_json":{"title":"Lucky plant \"Clover\"| Gifts | Gintar\u0117s g\u0117l\u0117s","description":"A tin to grow your clovers can be a great gift for any occasion and a great test of luck!","robots":{"index":"index","follow":"follow","max-snippet":"max-snippet:-1","max-image-preview":"max-image-preview:large","max-video-preview":"max-video-preview:-1"},"canonical":"https:\/\/www.gintaresgeles.lt\/en\/puokste\/lucky-plant-clover\/","og_locale":"en_US","og_type":"article","og_title":"Lucky plant \"Clover\"| Gifts | Gintar\u0117s g\u0117l\u0117s","og_description":"A tin to grow your clovers can be a great gift for any occasion and a great test of luck!","og_url":"https:\/\/www.gintaresgeles.lt\/en\/puokste\/lucky-plant-clover\/","og_site_name":"gintaresgeles.lt","article_modified_time":"2025-05-28T23:59:33+00:00","og_image":[{"width":600,"height":600,"url":"https:\/\/www.gintaresgeles.lt\/wp-content\/uploads\/2022\/06\/augalas-vazonelyje-dobilas.jpg","type":"image\/jpeg"}],"twitter_card":"summary_large_image","schema":{"@context":"https:\/\/schema.org","@graph":[{"@type":"WebPage","@id":"https:\/\/www.gintaresgeles.lt\/en\/puokste\/lucky-plant-clover\/","url":"https:\/\/www.gintaresgeles.lt\/en\/puokste\/lucky-plant-clover\/","name":"Lucky plant \"Clover\"| Gifts | Gintar\u0117s g\u0117l\u0117s","isPartOf":{"@id":"https:\/\/www.gintaresgeles.lt\/en\/#website"},"primaryImageOfPage":{"@id":"https:\/\/www.gintaresgeles.lt\/en\/puokste\/lucky-plant-clover\/#primaryimage"},"image":{"@id":"https:\/\/www.gintaresgeles.lt\/en\/puokste\/lucky-plant-clover\/#primaryimage"},"thumbnailUrl":"https:\/\/www.gintaresgeles.lt\/wp-content\/uploads\/2022\/06\/augalas-vazonelyje-dobilas.jpg","datePublished":"2022-06-21T13:22:50+00:00","dateModified":"2025-05-28T23:59:33+00:00","description":"A tin to grow your clovers can be a great gift for any occasion and a great test of luck!","breadcrumb":{"@id":"https:\/\/www.gintaresgeles.lt\/en\/puokste\/lucky-plant-clover\/#breadcrumb"},"inLanguage":"en-US","potentialAction":[{"@type":"ReadAction","target":["https:\/\/www.gintaresgeles.lt\/en\/puokste\/lucky-plant-clover\/"]}]},{"@type":"ImageObject","inLanguage":"en-US","@id":"https:\/\/www.gintaresgeles.lt\/en\/puokste\/lucky-plant-clover\/#primaryimage","url":"https:\/\/www.gintaresgeles.lt\/wp-content\/uploads\/2022\/06\/augalas-vazonelyje-dobilas.jpg","contentUrl":"https:\/\/www.gintaresgeles.lt\/wp-content\/uploads\/2022\/06\/augalas-vazonelyje-dobilas.jpg","width":600,"height":600,"caption":"Augalas \u201eKeturlapiai dobiliukai\""},{"@type":"BreadcrumbList","@id":"https:\/\/www.gintaresgeles.lt\/en\/puokste\/lucky-plant-clover\/#breadcrumb","itemListElement":[{"@type":"ListItem","position":1,"name":"Prad\u017eia","item":"https:\/\/www.gintaresgeles.lt\/en\/"},{"@type":"ListItem","position":2,"name":"All flowers and other products","item":"https:\/\/www.gintaresgeles.lt\/en\/all-flowers-and-other-products\/"},{"@type":"ListItem","position":3,"name":"Lucky plant &#8222;Clover&#8221;"}]},{"@type":"WebSite","@id":"https:\/\/www.gintaresgeles.lt\/en\/#website","url":"https:\/\/www.gintaresgeles.lt\/en\/","name":"gintaresgeles.lt","description":"G\u0117li\u0173 parduotuv\u0117 internete","potentialAction":[{"@type":"SearchAction","target":{"@type":"EntryPoint","urlTemplate":"https:\/\/www.gintaresgeles.lt\/en\/?s={search_term_string}"},"query-input":{"@type":"PropertyValueSpecification","valueRequired":true,"valueName":"search_term_string"}}],"inLanguage":"en-US"}]}},"_links":{"self":[{"href":"https:\/\/www.gintaresgeles.lt\/en\/wp-json\/wp\/v2\/product\/43383","targetHints":{"allow":["GET"]}}],"collection":[{"href":"https:\/\/www.gintaresgeles.lt\/en\/wp-json\/wp\/v2\/product"}],"about":[{"href":"https:\/\/www.gintaresgeles.lt\/en\/wp-json\/wp\/v2\/types\/product"}],"wp:featuredmedia":[{"embeddable":true,"href":"https:\/\/www.gintaresgeles.lt\/en\/wp-json\/wp\/v2\/media\/43386"}],"wp:attachment":[{"href":"https:\/\/www.gintaresgeles.lt\/en\/wp-json\/wp\/v2\/media?parent=43383"}],"wp:term":[{"taxonomy":"product_brand","embeddable":true,"href":"https:\/\/www.gintaresgeles.lt\/en\/wp-json\/wp\/v2\/product_brand?post=43383"},{"taxonomy":"product_cat","embeddable":true,"href":"https:\/\/www.gintaresgeles.lt\/en\/wp-json\/wp\/v2\/product_cat?post=43383"},{"taxonomy":"product_tag","embeddable":true,"href":"https:\/\/www.gintaresgeles.lt\/en\/wp-json\/wp\/v2\/product_tag?post=43383"}],"curies":[{"name":"wp","href":"https:\/\/api.w.org\/{rel}","templated":true}]}}