{"id":43392,"date":"2022-06-21T15:36:39","date_gmt":"2022-06-21T13:36:39","guid":{"rendered":"https:\/\/www.gintaresgeles.lt\/?post_type=product&#038;p=43392"},"modified":"2025-05-29T01:59:32","modified_gmt":"2025-05-28T23:59:32","slug":"plant-in-a-can-spring-flowers","status":"publish","type":"product","link":"https:\/\/www.gintaresgeles.lt\/en\/puokste\/plant-in-a-can-spring-flowers\/","title":{"rendered":"Plant in a can &#8220;Spring flowers&#8221;"},"content":{"rendered":"","protected":false},"excerpt":{"rendered":"<p>Cultivation instructions:<\/p>\n<p>You have to peel off the sticker on the bottom of the can and there you will find the flower seeds. Then open the top of the can and sprinkle the seeds into the soil in the can, water it. The can should stand in a bright, warm place, at a temperature of 20-25 degrees. Moisture is important for flowers, so you must ensure that the soil is always moist. Seedlings begin to sprout after about 3-5 days.<\/p>\n","protected":false},"featured_media":43396,"template":"","meta":[],"product_brand":[],"product_cat":[237,1983],"product_tag":[],"class_list":{"0":"post-43392","1":"product","2":"type-product","3":"status-publish","4":"has-post-thumbnail","6":"product_cat-gifts","7":"product_cat-little-things","8":"tm-has-options","10":"first","11":"outofstock","12":"taxable","13":"shipping-taxable","14":"purchasable","15":"product-type-simple"},"yoast_head":"<!-- This site is optimized with the Yoast SEO plugin v25.3 - https:\/\/yoast.com\/wordpress\/plugins\/seo\/ -->\n<title>Plant in a can &quot;Spring flowers&quot; | Gifts | Gintar\u0117s g\u0117l\u0117s<\/title>\n<meta name=\"description\" content=\"A can that can grow colorful flowers can be a great gift for relatives or friends on any occasion!\" \/>\n<meta name=\"robots\" content=\"index, follow, max-snippet:-1, max-image-preview:large, max-video-preview:-1\" \/>\n<link rel=\"canonical\" href=\"https:\/\/www.gintaresgeles.lt\/en\/puokste\/plant-in-a-can-spring-flowers\/\" \/>\n<meta property=\"og:locale\" content=\"en_US\" \/>\n<meta property=\"og:type\" content=\"article\" \/>\n<meta property=\"og:title\" content=\"Plant in a can &quot;Spring flowers&quot; | Gifts | Gintar\u0117s g\u0117l\u0117s\" \/>\n<meta property=\"og:description\" content=\"A can that can grow colorful flowers can be a great gift for relatives or friends on any occasion!\" \/>\n<meta property=\"og:url\" content=\"https:\/\/www.gintaresgeles.lt\/en\/puokste\/plant-in-a-can-spring-flowers\/\" \/>\n<meta property=\"og:site_name\" content=\"gintaresgeles.lt\" \/>\n<meta property=\"article:modified_time\" content=\"2025-05-28T23:59:32+00:00\" \/>\n<meta property=\"og:image\" content=\"https:\/\/www.gintaresgeles.lt\/wp-content\/uploads\/2022\/06\/geles-skardineje-uzaugink-pats-dovanos-draugams.png\" \/>\n\t<meta property=\"og:image:width\" content=\"600\" \/>\n\t<meta property=\"og:image:height\" content=\"600\" \/>\n\t<meta property=\"og:image:type\" content=\"image\/png\" \/>\n<meta name=\"twitter:card\" content=\"summary_large_image\" \/>\n<script type=\"application\/ld+json\" class=\"yoast-schema-graph\">{\"@context\":\"https:\/\/schema.org\",\"@graph\":[{\"@type\":\"WebPage\",\"@id\":\"https:\/\/www.gintaresgeles.lt\/en\/puokste\/plant-in-a-can-spring-flowers\/\",\"url\":\"https:\/\/www.gintaresgeles.lt\/en\/puokste\/plant-in-a-can-spring-flowers\/\",\"name\":\"Plant in a can \\\"Spring flowers\\\" | Gifts | Gintar\u0117s g\u0117l\u0117s\",\"isPartOf\":{\"@id\":\"https:\/\/www.gintaresgeles.lt\/en\/#website\"},\"primaryImageOfPage\":{\"@id\":\"https:\/\/www.gintaresgeles.lt\/en\/puokste\/plant-in-a-can-spring-flowers\/#primaryimage\"},\"image\":{\"@id\":\"https:\/\/www.gintaresgeles.lt\/en\/puokste\/plant-in-a-can-spring-flowers\/#primaryimage\"},\"thumbnailUrl\":\"https:\/\/www.gintaresgeles.lt\/wp-content\/uploads\/2022\/06\/geles-skardineje-uzaugink-pats-dovanos-draugams.png\",\"datePublished\":\"2022-06-21T13:36:39+00:00\",\"dateModified\":\"2025-05-28T23:59:32+00:00\",\"description\":\"A can that can grow colorful flowers can be a great gift for relatives or friends on any occasion!\",\"breadcrumb\":{\"@id\":\"https:\/\/www.gintaresgeles.lt\/en\/puokste\/plant-in-a-can-spring-flowers\/#breadcrumb\"},\"inLanguage\":\"en-US\",\"potentialAction\":[{\"@type\":\"ReadAction\",\"target\":[\"https:\/\/www.gintaresgeles.lt\/en\/puokste\/plant-in-a-can-spring-flowers\/\"]}]},{\"@type\":\"ImageObject\",\"inLanguage\":\"en-US\",\"@id\":\"https:\/\/www.gintaresgeles.lt\/en\/puokste\/plant-in-a-can-spring-flowers\/#primaryimage\",\"url\":\"https:\/\/www.gintaresgeles.lt\/wp-content\/uploads\/2022\/06\/geles-skardineje-uzaugink-pats-dovanos-draugams.png\",\"contentUrl\":\"https:\/\/www.gintaresgeles.lt\/wp-content\/uploads\/2022\/06\/geles-skardineje-uzaugink-pats-dovanos-draugams.png\",\"width\":600,\"height\":600,\"caption\":\"G\u0117l\u0117s skardin\u0117je\"},{\"@type\":\"BreadcrumbList\",\"@id\":\"https:\/\/www.gintaresgeles.lt\/en\/puokste\/plant-in-a-can-spring-flowers\/#breadcrumb\",\"itemListElement\":[{\"@type\":\"ListItem\",\"position\":1,\"name\":\"Prad\u017eia\",\"item\":\"https:\/\/www.gintaresgeles.lt\/en\/\"},{\"@type\":\"ListItem\",\"position\":2,\"name\":\"All flowers and other products\",\"item\":\"https:\/\/www.gintaresgeles.lt\/en\/all-flowers-and-other-products\/\"},{\"@type\":\"ListItem\",\"position\":3,\"name\":\"Plant in a can &#8222;Spring flowers&#8221;\"}]},{\"@type\":\"WebSite\",\"@id\":\"https:\/\/www.gintaresgeles.lt\/en\/#website\",\"url\":\"https:\/\/www.gintaresgeles.lt\/en\/\",\"name\":\"gintaresgeles.lt\",\"description\":\"G\u0117li\u0173 parduotuv\u0117 internete\",\"potentialAction\":[{\"@type\":\"SearchAction\",\"target\":{\"@type\":\"EntryPoint\",\"urlTemplate\":\"https:\/\/www.gintaresgeles.lt\/en\/?s={search_term_string}\"},\"query-input\":{\"@type\":\"PropertyValueSpecification\",\"valueRequired\":true,\"valueName\":\"search_term_string\"}}],\"inLanguage\":\"en-US\"}]}<\/script>\n<!-- \/ Yoast SEO plugin. -->","yoast_head_json":{"title":"Plant in a can \"Spring flowers\" | Gifts | Gintar\u0117s g\u0117l\u0117s","description":"A can that can grow colorful flowers can be a great gift for relatives or friends on any occasion!","robots":{"index":"index","follow":"follow","max-snippet":"max-snippet:-1","max-image-preview":"max-image-preview:large","max-video-preview":"max-video-preview:-1"},"canonical":"https:\/\/www.gintaresgeles.lt\/en\/puokste\/plant-in-a-can-spring-flowers\/","og_locale":"en_US","og_type":"article","og_title":"Plant in a can \"Spring flowers\" | Gifts | Gintar\u0117s g\u0117l\u0117s","og_description":"A can that can grow colorful flowers can be a great gift for relatives or friends on any occasion!","og_url":"https:\/\/www.gintaresgeles.lt\/en\/puokste\/plant-in-a-can-spring-flowers\/","og_site_name":"gintaresgeles.lt","article_modified_time":"2025-05-28T23:59:32+00:00","og_image":[{"width":600,"height":600,"url":"https:\/\/www.gintaresgeles.lt\/wp-content\/uploads\/2022\/06\/geles-skardineje-uzaugink-pats-dovanos-draugams.png","type":"image\/png"}],"twitter_card":"summary_large_image","schema":{"@context":"https:\/\/schema.org","@graph":[{"@type":"WebPage","@id":"https:\/\/www.gintaresgeles.lt\/en\/puokste\/plant-in-a-can-spring-flowers\/","url":"https:\/\/www.gintaresgeles.lt\/en\/puokste\/plant-in-a-can-spring-flowers\/","name":"Plant in a can \"Spring flowers\" | Gifts | Gintar\u0117s g\u0117l\u0117s","isPartOf":{"@id":"https:\/\/www.gintaresgeles.lt\/en\/#website"},"primaryImageOfPage":{"@id":"https:\/\/www.gintaresgeles.lt\/en\/puokste\/plant-in-a-can-spring-flowers\/#primaryimage"},"image":{"@id":"https:\/\/www.gintaresgeles.lt\/en\/puokste\/plant-in-a-can-spring-flowers\/#primaryimage"},"thumbnailUrl":"https:\/\/www.gintaresgeles.lt\/wp-content\/uploads\/2022\/06\/geles-skardineje-uzaugink-pats-dovanos-draugams.png","datePublished":"2022-06-21T13:36:39+00:00","dateModified":"2025-05-28T23:59:32+00:00","description":"A can that can grow colorful flowers can be a great gift for relatives or friends on any occasion!","breadcrumb":{"@id":"https:\/\/www.gintaresgeles.lt\/en\/puokste\/plant-in-a-can-spring-flowers\/#breadcrumb"},"inLanguage":"en-US","potentialAction":[{"@type":"ReadAction","target":["https:\/\/www.gintaresgeles.lt\/en\/puokste\/plant-in-a-can-spring-flowers\/"]}]},{"@type":"ImageObject","inLanguage":"en-US","@id":"https:\/\/www.gintaresgeles.lt\/en\/puokste\/plant-in-a-can-spring-flowers\/#primaryimage","url":"https:\/\/www.gintaresgeles.lt\/wp-content\/uploads\/2022\/06\/geles-skardineje-uzaugink-pats-dovanos-draugams.png","contentUrl":"https:\/\/www.gintaresgeles.lt\/wp-content\/uploads\/2022\/06\/geles-skardineje-uzaugink-pats-dovanos-draugams.png","width":600,"height":600,"caption":"G\u0117l\u0117s skardin\u0117je"},{"@type":"BreadcrumbList","@id":"https:\/\/www.gintaresgeles.lt\/en\/puokste\/plant-in-a-can-spring-flowers\/#breadcrumb","itemListElement":[{"@type":"ListItem","position":1,"name":"Prad\u017eia","item":"https:\/\/www.gintaresgeles.lt\/en\/"},{"@type":"ListItem","position":2,"name":"All flowers and other products","item":"https:\/\/www.gintaresgeles.lt\/en\/all-flowers-and-other-products\/"},{"@type":"ListItem","position":3,"name":"Plant in a can &#8222;Spring flowers&#8221;"}]},{"@type":"WebSite","@id":"https:\/\/www.gintaresgeles.lt\/en\/#website","url":"https:\/\/www.gintaresgeles.lt\/en\/","name":"gintaresgeles.lt","description":"G\u0117li\u0173 parduotuv\u0117 internete","potentialAction":[{"@type":"SearchAction","target":{"@type":"EntryPoint","urlTemplate":"https:\/\/www.gintaresgeles.lt\/en\/?s={search_term_string}"},"query-input":{"@type":"PropertyValueSpecification","valueRequired":true,"valueName":"search_term_string"}}],"inLanguage":"en-US"}]}},"_links":{"self":[{"href":"https:\/\/www.gintaresgeles.lt\/en\/wp-json\/wp\/v2\/product\/43392","targetHints":{"allow":["GET"]}}],"collection":[{"href":"https:\/\/www.gintaresgeles.lt\/en\/wp-json\/wp\/v2\/product"}],"about":[{"href":"https:\/\/www.gintaresgeles.lt\/en\/wp-json\/wp\/v2\/types\/product"}],"wp:featuredmedia":[{"embeddable":true,"href":"https:\/\/www.gintaresgeles.lt\/en\/wp-json\/wp\/v2\/media\/43396"}],"wp:attachment":[{"href":"https:\/\/www.gintaresgeles.lt\/en\/wp-json\/wp\/v2\/media?parent=43392"}],"wp:term":[{"taxonomy":"product_brand","embeddable":true,"href":"https:\/\/www.gintaresgeles.lt\/en\/wp-json\/wp\/v2\/product_brand?post=43392"},{"taxonomy":"product_cat","embeddable":true,"href":"https:\/\/www.gintaresgeles.lt\/en\/wp-json\/wp\/v2\/product_cat?post=43392"},{"taxonomy":"product_tag","embeddable":true,"href":"https:\/\/www.gintaresgeles.lt\/en\/wp-json\/wp\/v2\/product_tag?post=43392"}],"curies":[{"name":"wp","href":"https:\/\/api.w.org\/{rel}","templated":true}]}}