{"id":43615,"date":"2022-06-30T13:39:38","date_gmt":"2022-06-30T11:39:38","guid":{"rendered":"https:\/\/www.gintaresgeles.lt\/?post_type=product&#038;p=43615"},"modified":"2026-02-11T20:19:07","modified_gmt":"2026-02-11T18:19:07","slug":"a-bouquet-of-multi-colored-alstroemeria-and-freesia","status":"publish","type":"product","link":"https:\/\/www.gintaresgeles.lt\/en\/puokste\/a-bouquet-of-multi-colored-alstroemeria-and-freesia\/","title":{"rendered":"A bouquet of multi-colored alstroemeria and freesia"},"content":{"rendered":"","protected":false},"excerpt":{"rendered":"<p>A bouquet of freesias and alstroemerias will delight your special someone with its colors both in the warm season and perfectly remind you of summer and warmth in the cold season. Although these flowers shine with playfulness, they are suitable as a gift for both a child and an adult to brighten the recipient&#8217;s mood.<\/p>\n<p><strong>You can choose the bouquet from several sizes:<\/strong><\/p>\n<p>small bouquet &#8211; 7 alstroemeria, 9 freesia;<\/p>\n<p>medium bouquet &#8211; 11 alstroemeria, 15 freesia;<\/p>\n<p>large bouquet &#8211; 15 alstroemeria, 30 freesia.<\/p>\n<p><strong>The colors are selected from those that we currently have for sale, if you want a specific color, please contact us.<\/strong><\/p>\n","protected":false},"featured_media":43618,"template":"","meta":[],"product_brand":[],"product_cat":[261,260,259,252,266,265,256,258,253,257,428,262,263,240,268,1966,426],"product_tag":[],"class_list":{"0":"post-43615","1":"product","2":"type-product","3":"status-publish","4":"has-post-thumbnail","6":"product_cat-birthday-bouquets","7":"product_cat-birthday-flowers","8":"product_cat-flowers-by-occasion","9":"product_cat-flowers-by-recipient","10":"product_cat-flowers-by-style","11":"product_cat-flowers-by-type","12":"product_cat-flowers-for-girlfriend","13":"product_cat-flowers-for-men","14":"product_cat-flowers-for-mom","15":"product_cat-flowers-for-women","16":"product_cat-jubilee-flowers","17":"product_cat-march8th-flowers","18":"product_cat-mothers-day-flowers","19":"product_cat-alstroemerias","20":"product_cat-flower-bouquets","21":"product_cat-flowers-wrapped-in-paper","22":"product_cat-freesias","23":"tm-has-options","25":"first","26":"instock","27":"taxable","28":"shipping-taxable","29":"purchasable","30":"product-type-variable","31":"has-default-attributes"},"yoast_head":"<!-- This site is optimized with the Yoast SEO plugin v25.3 - https:\/\/yoast.com\/wordpress\/plugins\/seo\/ -->\n<title>A bouquet of multi-colored alstroemeria and freesia | Gintar\u0117sG\u0117l\u0117s<\/title>\n<meta name=\"description\" content=\"Colorful alstroemerias and freesias in one bouquet form a summery and warm colorful flower composition.\" \/>\n<meta name=\"robots\" content=\"index, follow, max-snippet:-1, max-image-preview:large, max-video-preview:-1\" \/>\n<link rel=\"canonical\" href=\"https:\/\/www.gintaresgeles.lt\/en\/puokste\/a-bouquet-of-multi-colored-alstroemeria-and-freesia\/\" \/>\n<meta property=\"og:locale\" content=\"en_US\" \/>\n<meta property=\"og:type\" content=\"article\" \/>\n<meta property=\"og:title\" content=\"A bouquet of multi-colored alstroemeria and freesia | Gintar\u0117sG\u0117l\u0117s\" \/>\n<meta property=\"og:description\" content=\"Colorful alstroemerias and freesias in one bouquet form a summery and warm colorful flower composition.\" \/>\n<meta property=\"og:url\" content=\"https:\/\/www.gintaresgeles.lt\/en\/puokste\/a-bouquet-of-multi-colored-alstroemeria-and-freesia\/\" \/>\n<meta property=\"og:site_name\" content=\"gintaresgeles.lt\" \/>\n<meta property=\"article:modified_time\" content=\"2026-02-11T18:19:07+00:00\" \/>\n<meta property=\"og:image\" content=\"https:\/\/www.gintaresgeles.lt\/wp-content\/uploads\/2022\/06\/spalvinga-alstromeriju-ir-freziju-puokste-geles-merginai.jpg\" \/>\n\t<meta property=\"og:image:width\" content=\"1200\" \/>\n\t<meta property=\"og:image:height\" content=\"1200\" \/>\n\t<meta property=\"og:image:type\" content=\"image\/jpeg\" \/>\n<meta name=\"twitter:card\" content=\"summary_large_image\" \/>\n<script type=\"application\/ld+json\" class=\"yoast-schema-graph\">{\"@context\":\"https:\/\/schema.org\",\"@graph\":[{\"@type\":\"WebPage\",\"@id\":\"https:\/\/www.gintaresgeles.lt\/en\/puokste\/a-bouquet-of-multi-colored-alstroemeria-and-freesia\/\",\"url\":\"https:\/\/www.gintaresgeles.lt\/en\/puokste\/a-bouquet-of-multi-colored-alstroemeria-and-freesia\/\",\"name\":\"A bouquet of multi-colored alstroemeria and freesia | Gintar\u0117sG\u0117l\u0117s\",\"isPartOf\":{\"@id\":\"https:\/\/www.gintaresgeles.lt\/en\/#website\"},\"primaryImageOfPage\":{\"@id\":\"https:\/\/www.gintaresgeles.lt\/en\/puokste\/a-bouquet-of-multi-colored-alstroemeria-and-freesia\/#primaryimage\"},\"image\":{\"@id\":\"https:\/\/www.gintaresgeles.lt\/en\/puokste\/a-bouquet-of-multi-colored-alstroemeria-and-freesia\/#primaryimage\"},\"thumbnailUrl\":\"https:\/\/www.gintaresgeles.lt\/wp-content\/uploads\/2022\/06\/spalvinga-alstromeriju-ir-freziju-puokste-geles-merginai.jpg\",\"datePublished\":\"2022-06-30T11:39:38+00:00\",\"dateModified\":\"2026-02-11T18:19:07+00:00\",\"description\":\"Colorful alstroemerias and freesias in one bouquet form a summery and warm colorful flower composition.\",\"breadcrumb\":{\"@id\":\"https:\/\/www.gintaresgeles.lt\/en\/puokste\/a-bouquet-of-multi-colored-alstroemeria-and-freesia\/#breadcrumb\"},\"inLanguage\":\"en-US\",\"potentialAction\":[{\"@type\":\"ReadAction\",\"target\":[\"https:\/\/www.gintaresgeles.lt\/en\/puokste\/a-bouquet-of-multi-colored-alstroemeria-and-freesia\/\"]}]},{\"@type\":\"ImageObject\",\"inLanguage\":\"en-US\",\"@id\":\"https:\/\/www.gintaresgeles.lt\/en\/puokste\/a-bouquet-of-multi-colored-alstroemeria-and-freesia\/#primaryimage\",\"url\":\"https:\/\/www.gintaresgeles.lt\/wp-content\/uploads\/2022\/06\/spalvinga-alstromeriju-ir-freziju-puokste-geles-merginai.jpg\",\"contentUrl\":\"https:\/\/www.gintaresgeles.lt\/wp-content\/uploads\/2022\/06\/spalvinga-alstromeriju-ir-freziju-puokste-geles-merginai.jpg\",\"width\":1200,\"height\":1200,\"caption\":\"\u012evairiaspalv\u0117s alstromerijos ir frezijos puok\u0161t\u0117je\"},{\"@type\":\"BreadcrumbList\",\"@id\":\"https:\/\/www.gintaresgeles.lt\/en\/puokste\/a-bouquet-of-multi-colored-alstroemeria-and-freesia\/#breadcrumb\",\"itemListElement\":[{\"@type\":\"ListItem\",\"position\":1,\"name\":\"Prad\u017eia\",\"item\":\"https:\/\/www.gintaresgeles.lt\/en\/\"},{\"@type\":\"ListItem\",\"position\":2,\"name\":\"All flowers and other products\",\"item\":\"https:\/\/www.gintaresgeles.lt\/en\/all-flowers-and-other-products\/\"},{\"@type\":\"ListItem\",\"position\":3,\"name\":\"A bouquet of multi-colored alstroemeria and freesia\"}]},{\"@type\":\"WebSite\",\"@id\":\"https:\/\/www.gintaresgeles.lt\/en\/#website\",\"url\":\"https:\/\/www.gintaresgeles.lt\/en\/\",\"name\":\"gintaresgeles.lt\",\"description\":\"G\u0117li\u0173 parduotuv\u0117 internete\",\"potentialAction\":[{\"@type\":\"SearchAction\",\"target\":{\"@type\":\"EntryPoint\",\"urlTemplate\":\"https:\/\/www.gintaresgeles.lt\/en\/?s={search_term_string}\"},\"query-input\":{\"@type\":\"PropertyValueSpecification\",\"valueRequired\":true,\"valueName\":\"search_term_string\"}}],\"inLanguage\":\"en-US\"}]}<\/script>\n<!-- \/ Yoast SEO plugin. -->","yoast_head_json":{"title":"A bouquet of multi-colored alstroemeria and freesia | Gintar\u0117sG\u0117l\u0117s","description":"Colorful alstroemerias and freesias in one bouquet form a summery and warm colorful flower composition.","robots":{"index":"index","follow":"follow","max-snippet":"max-snippet:-1","max-image-preview":"max-image-preview:large","max-video-preview":"max-video-preview:-1"},"canonical":"https:\/\/www.gintaresgeles.lt\/en\/puokste\/a-bouquet-of-multi-colored-alstroemeria-and-freesia\/","og_locale":"en_US","og_type":"article","og_title":"A bouquet of multi-colored alstroemeria and freesia | Gintar\u0117sG\u0117l\u0117s","og_description":"Colorful alstroemerias and freesias in one bouquet form a summery and warm colorful flower composition.","og_url":"https:\/\/www.gintaresgeles.lt\/en\/puokste\/a-bouquet-of-multi-colored-alstroemeria-and-freesia\/","og_site_name":"gintaresgeles.lt","article_modified_time":"2026-02-11T18:19:07+00:00","og_image":[{"width":1200,"height":1200,"url":"https:\/\/www.gintaresgeles.lt\/wp-content\/uploads\/2022\/06\/spalvinga-alstromeriju-ir-freziju-puokste-geles-merginai.jpg","type":"image\/jpeg"}],"twitter_card":"summary_large_image","schema":{"@context":"https:\/\/schema.org","@graph":[{"@type":"WebPage","@id":"https:\/\/www.gintaresgeles.lt\/en\/puokste\/a-bouquet-of-multi-colored-alstroemeria-and-freesia\/","url":"https:\/\/www.gintaresgeles.lt\/en\/puokste\/a-bouquet-of-multi-colored-alstroemeria-and-freesia\/","name":"A bouquet of multi-colored alstroemeria and freesia | Gintar\u0117sG\u0117l\u0117s","isPartOf":{"@id":"https:\/\/www.gintaresgeles.lt\/en\/#website"},"primaryImageOfPage":{"@id":"https:\/\/www.gintaresgeles.lt\/en\/puokste\/a-bouquet-of-multi-colored-alstroemeria-and-freesia\/#primaryimage"},"image":{"@id":"https:\/\/www.gintaresgeles.lt\/en\/puokste\/a-bouquet-of-multi-colored-alstroemeria-and-freesia\/#primaryimage"},"thumbnailUrl":"https:\/\/www.gintaresgeles.lt\/wp-content\/uploads\/2022\/06\/spalvinga-alstromeriju-ir-freziju-puokste-geles-merginai.jpg","datePublished":"2022-06-30T11:39:38+00:00","dateModified":"2026-02-11T18:19:07+00:00","description":"Colorful alstroemerias and freesias in one bouquet form a summery and warm colorful flower composition.","breadcrumb":{"@id":"https:\/\/www.gintaresgeles.lt\/en\/puokste\/a-bouquet-of-multi-colored-alstroemeria-and-freesia\/#breadcrumb"},"inLanguage":"en-US","potentialAction":[{"@type":"ReadAction","target":["https:\/\/www.gintaresgeles.lt\/en\/puokste\/a-bouquet-of-multi-colored-alstroemeria-and-freesia\/"]}]},{"@type":"ImageObject","inLanguage":"en-US","@id":"https:\/\/www.gintaresgeles.lt\/en\/puokste\/a-bouquet-of-multi-colored-alstroemeria-and-freesia\/#primaryimage","url":"https:\/\/www.gintaresgeles.lt\/wp-content\/uploads\/2022\/06\/spalvinga-alstromeriju-ir-freziju-puokste-geles-merginai.jpg","contentUrl":"https:\/\/www.gintaresgeles.lt\/wp-content\/uploads\/2022\/06\/spalvinga-alstromeriju-ir-freziju-puokste-geles-merginai.jpg","width":1200,"height":1200,"caption":"\u012evairiaspalv\u0117s alstromerijos ir frezijos puok\u0161t\u0117je"},{"@type":"BreadcrumbList","@id":"https:\/\/www.gintaresgeles.lt\/en\/puokste\/a-bouquet-of-multi-colored-alstroemeria-and-freesia\/#breadcrumb","itemListElement":[{"@type":"ListItem","position":1,"name":"Prad\u017eia","item":"https:\/\/www.gintaresgeles.lt\/en\/"},{"@type":"ListItem","position":2,"name":"All flowers and other products","item":"https:\/\/www.gintaresgeles.lt\/en\/all-flowers-and-other-products\/"},{"@type":"ListItem","position":3,"name":"A bouquet of multi-colored alstroemeria and freesia"}]},{"@type":"WebSite","@id":"https:\/\/www.gintaresgeles.lt\/en\/#website","url":"https:\/\/www.gintaresgeles.lt\/en\/","name":"gintaresgeles.lt","description":"G\u0117li\u0173 parduotuv\u0117 internete","potentialAction":[{"@type":"SearchAction","target":{"@type":"EntryPoint","urlTemplate":"https:\/\/www.gintaresgeles.lt\/en\/?s={search_term_string}"},"query-input":{"@type":"PropertyValueSpecification","valueRequired":true,"valueName":"search_term_string"}}],"inLanguage":"en-US"}]}},"_links":{"self":[{"href":"https:\/\/www.gintaresgeles.lt\/en\/wp-json\/wp\/v2\/product\/43615","targetHints":{"allow":["GET"]}}],"collection":[{"href":"https:\/\/www.gintaresgeles.lt\/en\/wp-json\/wp\/v2\/product"}],"about":[{"href":"https:\/\/www.gintaresgeles.lt\/en\/wp-json\/wp\/v2\/types\/product"}],"wp:featuredmedia":[{"embeddable":true,"href":"https:\/\/www.gintaresgeles.lt\/en\/wp-json\/wp\/v2\/media\/43618"}],"wp:attachment":[{"href":"https:\/\/www.gintaresgeles.lt\/en\/wp-json\/wp\/v2\/media?parent=43615"}],"wp:term":[{"taxonomy":"product_brand","embeddable":true,"href":"https:\/\/www.gintaresgeles.lt\/en\/wp-json\/wp\/v2\/product_brand?post=43615"},{"taxonomy":"product_cat","embeddable":true,"href":"https:\/\/www.gintaresgeles.lt\/en\/wp-json\/wp\/v2\/product_cat?post=43615"},{"taxonomy":"product_tag","embeddable":true,"href":"https:\/\/www.gintaresgeles.lt\/en\/wp-json\/wp\/v2\/product_tag?post=43615"}],"curies":[{"name":"wp","href":"https:\/\/api.w.org\/{rel}","templated":true}]}}