{"id":43645,"date":"2022-07-01T10:41:04","date_gmt":"2022-07-01T07:41:05","guid":{"rendered":"https:\/\/www.gintaresgeles.lt\/?post_type=product&#038;p=43645"},"modified":"2025-05-29T01:59:30","modified_gmt":"2025-05-28T23:59:30","slug":"a-box-of-flowers-in-pastel-colors","status":"publish","type":"product","link":"https:\/\/www.gintaresgeles.lt\/en\/puokste\/a-box-of-flowers-in-pastel-colors\/","title":{"rendered":"A box of flowers in pastel colors"},"content":{"rendered":"","protected":false},"excerpt":{"rendered":"<p>Sunny weather approaching, high spirits, are you looking for something similar in floral options? A must-have flower box in which the colors provide an indescribable long-lasting charm. A circle of friends, mother, sister, best friend will be perfect and will like it.<\/p>\n<p><strong><span class=\"HwtZe\" lang=\"en\"><span class=\"jCAhz ChMk0b\"><span class=\"ryNqvb\">The type of flowers is chosen randomly, based on what we have at the time.<\/span><\/span><\/span><\/strong><\/p>\n","protected":false},"featured_media":43673,"template":"","meta":[],"product_brand":[],"product_cat":[260,259,252,266,265,256,253,257,428,262,263,264,908,240,246,242,267,426,943,238],"product_tag":[],"class_list":{"0":"post-43645","1":"product","2":"type-product","3":"status-publish","4":"has-post-thumbnail","6":"product_cat-birthday-flowers","7":"product_cat-flowers-by-occasion","8":"product_cat-flowers-by-recipient","9":"product_cat-flowers-by-style","10":"product_cat-flowers-by-type","11":"product_cat-flowers-for-girlfriend","12":"product_cat-flowers-for-mom","13":"product_cat-flowers-for-women","14":"product_cat-jubilee-flowers","15":"product_cat-march8th-flowers","16":"product_cat-mothers-day-flowers","17":"product_cat-valentines-day-flowers","18":"product_cat-white-roses","19":"product_cat-alstroemerias","20":"product_cat-carnations","21":"product_cat-eustomas","22":"product_cat-flower-boxes","23":"product_cat-freesias","24":"product_cat-peonies","25":"product_cat-roses","26":"tm-no-options","28":"first","29":"instock","30":"taxable","31":"shipping-taxable","32":"purchasable","33":"product-type-variable","34":"has-default-attributes"},"yoast_head":"<!-- This site is optimized with the Yoast SEO plugin v25.3 - https:\/\/yoast.com\/wordpress\/plugins\/seo\/ -->\n<title>A box of flowers in pastel colors | Colorful box | Gintar\u0117s g\u0117l\u0117s<\/title>\n<meta name=\"description\" content=\"Do you want to give a unique flower box with a variety of pastel colored flowers? This flower box is a great choice!\" \/>\n<meta name=\"robots\" content=\"index, follow, max-snippet:-1, max-image-preview:large, max-video-preview:-1\" \/>\n<link rel=\"canonical\" href=\"https:\/\/www.gintaresgeles.lt\/en\/puokste\/a-box-of-flowers-in-pastel-colors\/\" \/>\n<meta property=\"og:locale\" content=\"en_US\" \/>\n<meta property=\"og:type\" content=\"article\" \/>\n<meta property=\"og:title\" content=\"A box of flowers in pastel colors | Colorful box | Gintar\u0117s g\u0117l\u0117s\" \/>\n<meta property=\"og:description\" content=\"Do you want to give a unique flower box with a variety of pastel colored flowers? This flower box is a great choice!\" \/>\n<meta property=\"og:url\" content=\"https:\/\/www.gintaresgeles.lt\/en\/puokste\/a-box-of-flowers-in-pastel-colors\/\" \/>\n<meta property=\"og:site_name\" content=\"gintaresgeles.lt\" \/>\n<meta property=\"article:modified_time\" content=\"2025-05-28T23:59:30+00:00\" \/>\n<meta property=\"og:image\" content=\"https:\/\/www.gintaresgeles.lt\/wp-content\/uploads\/2022\/07\/pasteliniu-splavu-geliu-dezute-geles-merginai.jpg\" \/>\n\t<meta property=\"og:image:width\" content=\"1200\" \/>\n\t<meta property=\"og:image:height\" content=\"1200\" \/>\n\t<meta property=\"og:image:type\" content=\"image\/jpeg\" \/>\n<meta name=\"twitter:card\" content=\"summary_large_image\" \/>\n<script type=\"application\/ld+json\" class=\"yoast-schema-graph\">{\"@context\":\"https:\/\/schema.org\",\"@graph\":[{\"@type\":\"WebPage\",\"@id\":\"https:\/\/www.gintaresgeles.lt\/en\/puokste\/a-box-of-flowers-in-pastel-colors\/\",\"url\":\"https:\/\/www.gintaresgeles.lt\/en\/puokste\/a-box-of-flowers-in-pastel-colors\/\",\"name\":\"A box of flowers in pastel colors | Colorful box | Gintar\u0117s g\u0117l\u0117s\",\"isPartOf\":{\"@id\":\"https:\/\/www.gintaresgeles.lt\/en\/#website\"},\"primaryImageOfPage\":{\"@id\":\"https:\/\/www.gintaresgeles.lt\/en\/puokste\/a-box-of-flowers-in-pastel-colors\/#primaryimage\"},\"image\":{\"@id\":\"https:\/\/www.gintaresgeles.lt\/en\/puokste\/a-box-of-flowers-in-pastel-colors\/#primaryimage\"},\"thumbnailUrl\":\"https:\/\/www.gintaresgeles.lt\/wp-content\/uploads\/2022\/07\/pasteliniu-splavu-geliu-dezute-geles-merginai.jpg\",\"datePublished\":\"2022-07-01T07:41:05+00:00\",\"dateModified\":\"2025-05-28T23:59:30+00:00\",\"description\":\"Do you want to give a unique flower box with a variety of pastel colored flowers? This flower box is a great choice!\",\"breadcrumb\":{\"@id\":\"https:\/\/www.gintaresgeles.lt\/en\/puokste\/a-box-of-flowers-in-pastel-colors\/#breadcrumb\"},\"inLanguage\":\"en-US\",\"potentialAction\":[{\"@type\":\"ReadAction\",\"target\":[\"https:\/\/www.gintaresgeles.lt\/en\/puokste\/a-box-of-flowers-in-pastel-colors\/\"]}]},{\"@type\":\"ImageObject\",\"inLanguage\":\"en-US\",\"@id\":\"https:\/\/www.gintaresgeles.lt\/en\/puokste\/a-box-of-flowers-in-pastel-colors\/#primaryimage\",\"url\":\"https:\/\/www.gintaresgeles.lt\/wp-content\/uploads\/2022\/07\/pasteliniu-splavu-geliu-dezute-geles-merginai.jpg\",\"contentUrl\":\"https:\/\/www.gintaresgeles.lt\/wp-content\/uploads\/2022\/07\/pasteliniu-splavu-geliu-dezute-geles-merginai.jpg\",\"width\":1200,\"height\":1200,\"caption\":\"\u0160viesi\u0173 spalv\u0173 g\u0117l\u0117s d\u0117\u017eut\u0117je\"},{\"@type\":\"BreadcrumbList\",\"@id\":\"https:\/\/www.gintaresgeles.lt\/en\/puokste\/a-box-of-flowers-in-pastel-colors\/#breadcrumb\",\"itemListElement\":[{\"@type\":\"ListItem\",\"position\":1,\"name\":\"Prad\u017eia\",\"item\":\"https:\/\/www.gintaresgeles.lt\/en\/\"},{\"@type\":\"ListItem\",\"position\":2,\"name\":\"All flowers and other products\",\"item\":\"https:\/\/www.gintaresgeles.lt\/en\/all-flowers-and-other-products\/\"},{\"@type\":\"ListItem\",\"position\":3,\"name\":\"A box of flowers in pastel colors\"}]},{\"@type\":\"WebSite\",\"@id\":\"https:\/\/www.gintaresgeles.lt\/en\/#website\",\"url\":\"https:\/\/www.gintaresgeles.lt\/en\/\",\"name\":\"gintaresgeles.lt\",\"description\":\"G\u0117li\u0173 parduotuv\u0117 internete\",\"potentialAction\":[{\"@type\":\"SearchAction\",\"target\":{\"@type\":\"EntryPoint\",\"urlTemplate\":\"https:\/\/www.gintaresgeles.lt\/en\/?s={search_term_string}\"},\"query-input\":{\"@type\":\"PropertyValueSpecification\",\"valueRequired\":true,\"valueName\":\"search_term_string\"}}],\"inLanguage\":\"en-US\"}]}<\/script>\n<!-- \/ Yoast SEO plugin. -->","yoast_head_json":{"title":"A box of flowers in pastel colors | Colorful box | Gintar\u0117s g\u0117l\u0117s","description":"Do you want to give a unique flower box with a variety of pastel colored flowers? This flower box is a great choice!","robots":{"index":"index","follow":"follow","max-snippet":"max-snippet:-1","max-image-preview":"max-image-preview:large","max-video-preview":"max-video-preview:-1"},"canonical":"https:\/\/www.gintaresgeles.lt\/en\/puokste\/a-box-of-flowers-in-pastel-colors\/","og_locale":"en_US","og_type":"article","og_title":"A box of flowers in pastel colors | Colorful box | Gintar\u0117s g\u0117l\u0117s","og_description":"Do you want to give a unique flower box with a variety of pastel colored flowers? This flower box is a great choice!","og_url":"https:\/\/www.gintaresgeles.lt\/en\/puokste\/a-box-of-flowers-in-pastel-colors\/","og_site_name":"gintaresgeles.lt","article_modified_time":"2025-05-28T23:59:30+00:00","og_image":[{"width":1200,"height":1200,"url":"https:\/\/www.gintaresgeles.lt\/wp-content\/uploads\/2022\/07\/pasteliniu-splavu-geliu-dezute-geles-merginai.jpg","type":"image\/jpeg"}],"twitter_card":"summary_large_image","schema":{"@context":"https:\/\/schema.org","@graph":[{"@type":"WebPage","@id":"https:\/\/www.gintaresgeles.lt\/en\/puokste\/a-box-of-flowers-in-pastel-colors\/","url":"https:\/\/www.gintaresgeles.lt\/en\/puokste\/a-box-of-flowers-in-pastel-colors\/","name":"A box of flowers in pastel colors | Colorful box | Gintar\u0117s g\u0117l\u0117s","isPartOf":{"@id":"https:\/\/www.gintaresgeles.lt\/en\/#website"},"primaryImageOfPage":{"@id":"https:\/\/www.gintaresgeles.lt\/en\/puokste\/a-box-of-flowers-in-pastel-colors\/#primaryimage"},"image":{"@id":"https:\/\/www.gintaresgeles.lt\/en\/puokste\/a-box-of-flowers-in-pastel-colors\/#primaryimage"},"thumbnailUrl":"https:\/\/www.gintaresgeles.lt\/wp-content\/uploads\/2022\/07\/pasteliniu-splavu-geliu-dezute-geles-merginai.jpg","datePublished":"2022-07-01T07:41:05+00:00","dateModified":"2025-05-28T23:59:30+00:00","description":"Do you want to give a unique flower box with a variety of pastel colored flowers? This flower box is a great choice!","breadcrumb":{"@id":"https:\/\/www.gintaresgeles.lt\/en\/puokste\/a-box-of-flowers-in-pastel-colors\/#breadcrumb"},"inLanguage":"en-US","potentialAction":[{"@type":"ReadAction","target":["https:\/\/www.gintaresgeles.lt\/en\/puokste\/a-box-of-flowers-in-pastel-colors\/"]}]},{"@type":"ImageObject","inLanguage":"en-US","@id":"https:\/\/www.gintaresgeles.lt\/en\/puokste\/a-box-of-flowers-in-pastel-colors\/#primaryimage","url":"https:\/\/www.gintaresgeles.lt\/wp-content\/uploads\/2022\/07\/pasteliniu-splavu-geliu-dezute-geles-merginai.jpg","contentUrl":"https:\/\/www.gintaresgeles.lt\/wp-content\/uploads\/2022\/07\/pasteliniu-splavu-geliu-dezute-geles-merginai.jpg","width":1200,"height":1200,"caption":"\u0160viesi\u0173 spalv\u0173 g\u0117l\u0117s d\u0117\u017eut\u0117je"},{"@type":"BreadcrumbList","@id":"https:\/\/www.gintaresgeles.lt\/en\/puokste\/a-box-of-flowers-in-pastel-colors\/#breadcrumb","itemListElement":[{"@type":"ListItem","position":1,"name":"Prad\u017eia","item":"https:\/\/www.gintaresgeles.lt\/en\/"},{"@type":"ListItem","position":2,"name":"All flowers and other products","item":"https:\/\/www.gintaresgeles.lt\/en\/all-flowers-and-other-products\/"},{"@type":"ListItem","position":3,"name":"A box of flowers in pastel colors"}]},{"@type":"WebSite","@id":"https:\/\/www.gintaresgeles.lt\/en\/#website","url":"https:\/\/www.gintaresgeles.lt\/en\/","name":"gintaresgeles.lt","description":"G\u0117li\u0173 parduotuv\u0117 internete","potentialAction":[{"@type":"SearchAction","target":{"@type":"EntryPoint","urlTemplate":"https:\/\/www.gintaresgeles.lt\/en\/?s={search_term_string}"},"query-input":{"@type":"PropertyValueSpecification","valueRequired":true,"valueName":"search_term_string"}}],"inLanguage":"en-US"}]}},"_links":{"self":[{"href":"https:\/\/www.gintaresgeles.lt\/en\/wp-json\/wp\/v2\/product\/43645","targetHints":{"allow":["GET"]}}],"collection":[{"href":"https:\/\/www.gintaresgeles.lt\/en\/wp-json\/wp\/v2\/product"}],"about":[{"href":"https:\/\/www.gintaresgeles.lt\/en\/wp-json\/wp\/v2\/types\/product"}],"wp:featuredmedia":[{"embeddable":true,"href":"https:\/\/www.gintaresgeles.lt\/en\/wp-json\/wp\/v2\/media\/43673"}],"wp:attachment":[{"href":"https:\/\/www.gintaresgeles.lt\/en\/wp-json\/wp\/v2\/media?parent=43645"}],"wp:term":[{"taxonomy":"product_brand","embeddable":true,"href":"https:\/\/www.gintaresgeles.lt\/en\/wp-json\/wp\/v2\/product_brand?post=43645"},{"taxonomy":"product_cat","embeddable":true,"href":"https:\/\/www.gintaresgeles.lt\/en\/wp-json\/wp\/v2\/product_cat?post=43645"},{"taxonomy":"product_tag","embeddable":true,"href":"https:\/\/www.gintaresgeles.lt\/en\/wp-json\/wp\/v2\/product_tag?post=43645"}],"curies":[{"name":"wp","href":"https:\/\/api.w.org\/{rel}","templated":true}]}}