{"id":43694,"date":"2022-07-01T13:43:00","date_gmt":"2022-07-01T10:43:06","guid":{"rendered":"https:\/\/www.gintaresgeles.lt\/?post_type=product&#038;p=43694"},"modified":"2025-07-09T16:11:18","modified_gmt":"2025-07-09T13:11:18","slug":"76-cm-light-purple-helium-balloon-number","status":"publish","type":"product","link":"https:\/\/www.gintaresgeles.lt\/en\/puokste\/76-cm-light-purple-helium-balloon-number\/","title":{"rendered":"76 cm light purple helium balloon &#8220;Number&#8221;"},"content":{"rendered":"<p>Light purple foil balloons &#8220;Numbers&#8221; are up to 76 centimeters in size when inflated, so if you want to make an unforgettable surprise and give an impressive gift, this is a great choice. Add the combination of numbers you need, which can be a birthday, wedding anniversary, year of the company&#8217;s existence or any other number that is worth celebrating or an anniversary that is worth congratulating! Huge figures will decorate every holiday in an original way.<\/p>\n","protected":false},"excerpt":{"rendered":"<p>76 cm &#8220;Numbers&#8221; helium balloons are perfect for congratulating on various occasions when you want to congratulate on a special anniversary. Choose the combination of numbers you need and make an unforgettable surprise!<\/p>\n","protected":false},"featured_media":43751,"template":"","meta":[],"product_brand":[],"product_cat":[270,1956,893,894,1278],"product_tag":[],"class_list":{"0":"post-43694","1":"product","2":"type-product","3":"status-publish","4":"has-post-thumbnail","6":"product_cat-helium-balloons","7":"product_cat-foil-helium-balloons","8":"product_cat-helium-balloons-for-birthday","9":"product_cat-helium-balloons-for-kids","10":"product_cat-helium-filled-balloons-numbers","11":"tm-no-options","13":"first","14":"instock","15":"taxable","16":"shipping-taxable","17":"purchasable","18":"product-type-variable","19":"has-default-attributes"},"yoast_head":"<!-- This site is optimized with the Yoast SEO plugin v25.3 - https:\/\/yoast.com\/wordpress\/plugins\/seo\/ -->\n<title>76 cm light purple helium balloon &quot;Number&quot; | Gintares Geles<\/title>\n<meta name=\"description\" content=\"Celebrate a special anniversary and send your loved one a huge combo of helium-filled numbers!\" \/>\n<meta name=\"robots\" content=\"index, follow, max-snippet:-1, max-image-preview:large, max-video-preview:-1\" \/>\n<link rel=\"canonical\" href=\"https:\/\/www.gintaresgeles.lt\/en\/puokste\/76-cm-light-purple-helium-balloon-number\/\" \/>\n<meta property=\"og:locale\" content=\"en_US\" \/>\n<meta property=\"og:type\" content=\"article\" \/>\n<meta property=\"og:title\" content=\"76 cm light purple helium balloon &quot;Number&quot; | Gintares Geles\" \/>\n<meta property=\"og:description\" content=\"Celebrate a special anniversary and send your loved one a huge combo of helium-filled numbers!\" \/>\n<meta property=\"og:url\" content=\"https:\/\/www.gintaresgeles.lt\/en\/puokste\/76-cm-light-purple-helium-balloon-number\/\" \/>\n<meta property=\"og:site_name\" content=\"gintaresgeles.lt\" \/>\n<meta property=\"article:modified_time\" content=\"2025-07-09T13:11:18+00:00\" \/>\n<meta property=\"og:image\" content=\"https:\/\/www.gintaresgeles.lt\/wp-content\/uploads\/2022\/07\/sviesiai-violetiniai-skaiciai-1.png\" \/>\n\t<meta property=\"og:image:width\" content=\"1200\" \/>\n\t<meta property=\"og:image:height\" content=\"1200\" \/>\n\t<meta property=\"og:image:type\" content=\"image\/png\" \/>\n<meta name=\"twitter:card\" content=\"summary_large_image\" \/>\n<script type=\"application\/ld+json\" class=\"yoast-schema-graph\">{\"@context\":\"https:\/\/schema.org\",\"@graph\":[{\"@type\":\"WebPage\",\"@id\":\"https:\/\/www.gintaresgeles.lt\/en\/puokste\/76-cm-light-purple-helium-balloon-number\/\",\"url\":\"https:\/\/www.gintaresgeles.lt\/en\/puokste\/76-cm-light-purple-helium-balloon-number\/\",\"name\":\"76 cm light purple helium balloon \\\"Number\\\" | Gintares Geles\",\"isPartOf\":{\"@id\":\"https:\/\/www.gintaresgeles.lt\/en\/#website\"},\"primaryImageOfPage\":{\"@id\":\"https:\/\/www.gintaresgeles.lt\/en\/puokste\/76-cm-light-purple-helium-balloon-number\/#primaryimage\"},\"image\":{\"@id\":\"https:\/\/www.gintaresgeles.lt\/en\/puokste\/76-cm-light-purple-helium-balloon-number\/#primaryimage\"},\"thumbnailUrl\":\"https:\/\/www.gintaresgeles.lt\/wp-content\/uploads\/2022\/07\/sviesiai-violetiniai-skaiciai-1.png\",\"datePublished\":\"2022-07-01T10:43:06+00:00\",\"dateModified\":\"2025-07-09T13:11:18+00:00\",\"description\":\"Celebrate a special anniversary and send your loved one a huge combo of helium-filled numbers!\",\"breadcrumb\":{\"@id\":\"https:\/\/www.gintaresgeles.lt\/en\/puokste\/76-cm-light-purple-helium-balloon-number\/#breadcrumb\"},\"inLanguage\":\"en-US\",\"potentialAction\":[{\"@type\":\"ReadAction\",\"target\":[\"https:\/\/www.gintaresgeles.lt\/en\/puokste\/76-cm-light-purple-helium-balloon-number\/\"]}]},{\"@type\":\"ImageObject\",\"inLanguage\":\"en-US\",\"@id\":\"https:\/\/www.gintaresgeles.lt\/en\/puokste\/76-cm-light-purple-helium-balloon-number\/#primaryimage\",\"url\":\"https:\/\/www.gintaresgeles.lt\/wp-content\/uploads\/2022\/07\/sviesiai-violetiniai-skaiciai-1.png\",\"contentUrl\":\"https:\/\/www.gintaresgeles.lt\/wp-content\/uploads\/2022\/07\/sviesiai-violetiniai-skaiciai-1.png\",\"width\":1200,\"height\":1200,\"caption\":\"\u0160viesiai violetin\u0117s spalvos foliniai skai\u010diai\"},{\"@type\":\"BreadcrumbList\",\"@id\":\"https:\/\/www.gintaresgeles.lt\/en\/puokste\/76-cm-light-purple-helium-balloon-number\/#breadcrumb\",\"itemListElement\":[{\"@type\":\"ListItem\",\"position\":1,\"name\":\"Prad\u017eia\",\"item\":\"https:\/\/www.gintaresgeles.lt\/en\/\"},{\"@type\":\"ListItem\",\"position\":2,\"name\":\"All flowers and other products\",\"item\":\"https:\/\/www.gintaresgeles.lt\/en\/all-flowers-and-other-products\/\"},{\"@type\":\"ListItem\",\"position\":3,\"name\":\"76 cm light purple helium balloon &#8222;Number&#8221;\"}]},{\"@type\":\"WebSite\",\"@id\":\"https:\/\/www.gintaresgeles.lt\/en\/#website\",\"url\":\"https:\/\/www.gintaresgeles.lt\/en\/\",\"name\":\"gintaresgeles.lt\",\"description\":\"G\u0117li\u0173 parduotuv\u0117 internete\",\"potentialAction\":[{\"@type\":\"SearchAction\",\"target\":{\"@type\":\"EntryPoint\",\"urlTemplate\":\"https:\/\/www.gintaresgeles.lt\/en\/?s={search_term_string}\"},\"query-input\":{\"@type\":\"PropertyValueSpecification\",\"valueRequired\":true,\"valueName\":\"search_term_string\"}}],\"inLanguage\":\"en-US\"}]}<\/script>\n<!-- \/ Yoast SEO plugin. -->","yoast_head_json":{"title":"76 cm light purple helium balloon \"Number\" | Gintares Geles","description":"Celebrate a special anniversary and send your loved one a huge combo of helium-filled numbers!","robots":{"index":"index","follow":"follow","max-snippet":"max-snippet:-1","max-image-preview":"max-image-preview:large","max-video-preview":"max-video-preview:-1"},"canonical":"https:\/\/www.gintaresgeles.lt\/en\/puokste\/76-cm-light-purple-helium-balloon-number\/","og_locale":"en_US","og_type":"article","og_title":"76 cm light purple helium balloon \"Number\" | Gintares Geles","og_description":"Celebrate a special anniversary and send your loved one a huge combo of helium-filled numbers!","og_url":"https:\/\/www.gintaresgeles.lt\/en\/puokste\/76-cm-light-purple-helium-balloon-number\/","og_site_name":"gintaresgeles.lt","article_modified_time":"2025-07-09T13:11:18+00:00","og_image":[{"width":1200,"height":1200,"url":"https:\/\/www.gintaresgeles.lt\/wp-content\/uploads\/2022\/07\/sviesiai-violetiniai-skaiciai-1.png","type":"image\/png"}],"twitter_card":"summary_large_image","schema":{"@context":"https:\/\/schema.org","@graph":[{"@type":"WebPage","@id":"https:\/\/www.gintaresgeles.lt\/en\/puokste\/76-cm-light-purple-helium-balloon-number\/","url":"https:\/\/www.gintaresgeles.lt\/en\/puokste\/76-cm-light-purple-helium-balloon-number\/","name":"76 cm light purple helium balloon \"Number\" | Gintares Geles","isPartOf":{"@id":"https:\/\/www.gintaresgeles.lt\/en\/#website"},"primaryImageOfPage":{"@id":"https:\/\/www.gintaresgeles.lt\/en\/puokste\/76-cm-light-purple-helium-balloon-number\/#primaryimage"},"image":{"@id":"https:\/\/www.gintaresgeles.lt\/en\/puokste\/76-cm-light-purple-helium-balloon-number\/#primaryimage"},"thumbnailUrl":"https:\/\/www.gintaresgeles.lt\/wp-content\/uploads\/2022\/07\/sviesiai-violetiniai-skaiciai-1.png","datePublished":"2022-07-01T10:43:06+00:00","dateModified":"2025-07-09T13:11:18+00:00","description":"Celebrate a special anniversary and send your loved one a huge combo of helium-filled numbers!","breadcrumb":{"@id":"https:\/\/www.gintaresgeles.lt\/en\/puokste\/76-cm-light-purple-helium-balloon-number\/#breadcrumb"},"inLanguage":"en-US","potentialAction":[{"@type":"ReadAction","target":["https:\/\/www.gintaresgeles.lt\/en\/puokste\/76-cm-light-purple-helium-balloon-number\/"]}]},{"@type":"ImageObject","inLanguage":"en-US","@id":"https:\/\/www.gintaresgeles.lt\/en\/puokste\/76-cm-light-purple-helium-balloon-number\/#primaryimage","url":"https:\/\/www.gintaresgeles.lt\/wp-content\/uploads\/2022\/07\/sviesiai-violetiniai-skaiciai-1.png","contentUrl":"https:\/\/www.gintaresgeles.lt\/wp-content\/uploads\/2022\/07\/sviesiai-violetiniai-skaiciai-1.png","width":1200,"height":1200,"caption":"\u0160viesiai violetin\u0117s spalvos foliniai skai\u010diai"},{"@type":"BreadcrumbList","@id":"https:\/\/www.gintaresgeles.lt\/en\/puokste\/76-cm-light-purple-helium-balloon-number\/#breadcrumb","itemListElement":[{"@type":"ListItem","position":1,"name":"Prad\u017eia","item":"https:\/\/www.gintaresgeles.lt\/en\/"},{"@type":"ListItem","position":2,"name":"All flowers and other products","item":"https:\/\/www.gintaresgeles.lt\/en\/all-flowers-and-other-products\/"},{"@type":"ListItem","position":3,"name":"76 cm light purple helium balloon &#8222;Number&#8221;"}]},{"@type":"WebSite","@id":"https:\/\/www.gintaresgeles.lt\/en\/#website","url":"https:\/\/www.gintaresgeles.lt\/en\/","name":"gintaresgeles.lt","description":"G\u0117li\u0173 parduotuv\u0117 internete","potentialAction":[{"@type":"SearchAction","target":{"@type":"EntryPoint","urlTemplate":"https:\/\/www.gintaresgeles.lt\/en\/?s={search_term_string}"},"query-input":{"@type":"PropertyValueSpecification","valueRequired":true,"valueName":"search_term_string"}}],"inLanguage":"en-US"}]}},"_links":{"self":[{"href":"https:\/\/www.gintaresgeles.lt\/en\/wp-json\/wp\/v2\/product\/43694","targetHints":{"allow":["GET"]}}],"collection":[{"href":"https:\/\/www.gintaresgeles.lt\/en\/wp-json\/wp\/v2\/product"}],"about":[{"href":"https:\/\/www.gintaresgeles.lt\/en\/wp-json\/wp\/v2\/types\/product"}],"wp:featuredmedia":[{"embeddable":true,"href":"https:\/\/www.gintaresgeles.lt\/en\/wp-json\/wp\/v2\/media\/43751"}],"wp:attachment":[{"href":"https:\/\/www.gintaresgeles.lt\/en\/wp-json\/wp\/v2\/media?parent=43694"}],"wp:term":[{"taxonomy":"product_brand","embeddable":true,"href":"https:\/\/www.gintaresgeles.lt\/en\/wp-json\/wp\/v2\/product_brand?post=43694"},{"taxonomy":"product_cat","embeddable":true,"href":"https:\/\/www.gintaresgeles.lt\/en\/wp-json\/wp\/v2\/product_cat?post=43694"},{"taxonomy":"product_tag","embeddable":true,"href":"https:\/\/www.gintaresgeles.lt\/en\/wp-json\/wp\/v2\/product_tag?post=43694"}],"curies":[{"name":"wp","href":"https:\/\/api.w.org\/{rel}","templated":true}]}}