{"id":44272,"date":"2019-02-04T05:13:36","date_gmt":"2019-02-04T02:13:36","guid":{"rendered":"https:\/\/www.gintaresgeles.lt\/puokste\/dark-pink-sleeping-rose-in-a-tube\/"},"modified":"2022-08-04T14:13:03","modified_gmt":"2022-08-04T11:13:03","slug":"dark-pink-sleeping-rose-in-a-tube","status":"publish","type":"product","link":"https:\/\/www.gintaresgeles.lt\/en\/puokste\/dark-pink-sleeping-rose-in-a-tube\/","title":{"rendered":"Dark pink sleeping rose in a tube"},"content":{"rendered":"<p>The pyramid-shaped box is an elegant way to present a dark pink sleeping rose. A sleeping rose is probably one of the warmest and most romantic expressions of love for your significant other. The flowers of sleeping roses are distinguished by the special richness of the color of the petals and the ability to maintain an impeccable appearance even after many months. These rose flowers are a 100% natural product that does not require sunlight, water or any other care. The box has a beautiful ribbon.<\/p>\n","protected":false},"excerpt":{"rendered":"<p>Give your significant other this bright pink rose in a beautiful oblong box. Their timeless beauty will envelop her with warm memories of the feelings you shared for a long time.<\/p>\n","protected":false},"featured_media":21768,"template":"","meta":[],"product_brand":[],"product_cat":[260,259,252,265,256,253,257,262,263,892,264],"product_tag":[],"class_list":{"0":"post-44272","1":"product","2":"type-product","3":"status-publish","4":"has-post-thumbnail","6":"product_cat-birthday-flowers","7":"product_cat-flowers-by-occasion","8":"product_cat-flowers-by-recipient","9":"product_cat-flowers-by-type","10":"product_cat-flowers-for-girlfriend","11":"product_cat-flowers-for-mom","12":"product_cat-flowers-for-women","13":"product_cat-march8th-flowers","14":"product_cat-mothers-day-flowers","15":"product_cat-sleeping-roses-en-flowers-by-type","16":"product_cat-valentines-day-flowers","17":"tm-no-options","19":"first","20":"outofstock","21":"taxable","22":"shipping-taxable","23":"purchasable","24":"product-type-variable","25":"has-default-attributes"},"yoast_head":"<!-- This site is optimized with the Yoast SEO plugin v25.3 - https:\/\/yoast.com\/wordpress\/plugins\/seo\/ -->\n<title>Dark pink sleeping rose in a tube | Romantic presents | Gintar\u0117sG\u0117l\u0117s<\/title>\n<meta name=\"description\" content=\"Stabilized sleeping rose flowers are dark pink embalmed flowers. The rose can be placed in a box of your choice of colour.\" \/>\n<meta name=\"robots\" content=\"index, follow, max-snippet:-1, max-image-preview:large, max-video-preview:-1\" \/>\n<link rel=\"canonical\" href=\"https:\/\/www.gintaresgeles.lt\/en\/puokste\/dark-pink-sleeping-rose-in-a-tube\/\" \/>\n<meta property=\"og:locale\" content=\"en_US\" \/>\n<meta property=\"og:type\" content=\"article\" \/>\n<meta property=\"og:title\" content=\"Dark pink sleeping rose in a tube | Romantic presents | Gintar\u0117sG\u0117l\u0117s\" \/>\n<meta property=\"og:description\" content=\"Stabilized sleeping rose flowers are dark pink embalmed flowers. The rose can be placed in a box of your choice of colour.\" \/>\n<meta property=\"og:url\" content=\"https:\/\/www.gintaresgeles.lt\/en\/puokste\/dark-pink-sleeping-rose-in-a-tube\/\" \/>\n<meta property=\"og:site_name\" content=\"gintaresgeles.lt\" \/>\n<meta property=\"article:modified_time\" content=\"2022-08-04T11:13:03+00:00\" \/>\n<meta property=\"og:image\" content=\"https:\/\/www.gintaresgeles.lt\/wp-content\/uploads\/2019\/02\/miegancios-rozes-ryskiai-rozines.jpg\" \/>\n\t<meta property=\"og:image:width\" content=\"600\" \/>\n\t<meta property=\"og:image:height\" content=\"600\" \/>\n\t<meta property=\"og:image:type\" content=\"image\/jpeg\" \/>\n<meta name=\"twitter:card\" content=\"summary_large_image\" \/>\n<script type=\"application\/ld+json\" class=\"yoast-schema-graph\">{\"@context\":\"https:\/\/schema.org\",\"@graph\":[{\"@type\":\"WebPage\",\"@id\":\"https:\/\/www.gintaresgeles.lt\/en\/puokste\/dark-pink-sleeping-rose-in-a-tube\/\",\"url\":\"https:\/\/www.gintaresgeles.lt\/en\/puokste\/dark-pink-sleeping-rose-in-a-tube\/\",\"name\":\"Dark pink sleeping rose in a tube | Romantic presents | Gintar\u0117sG\u0117l\u0117s\",\"isPartOf\":{\"@id\":\"https:\/\/www.gintaresgeles.lt\/en\/#website\"},\"primaryImageOfPage\":{\"@id\":\"https:\/\/www.gintaresgeles.lt\/en\/puokste\/dark-pink-sleeping-rose-in-a-tube\/#primaryimage\"},\"image\":{\"@id\":\"https:\/\/www.gintaresgeles.lt\/en\/puokste\/dark-pink-sleeping-rose-in-a-tube\/#primaryimage\"},\"thumbnailUrl\":\"https:\/\/www.gintaresgeles.lt\/wp-content\/uploads\/2019\/02\/miegancios-rozes-ryskiai-rozines.jpg\",\"datePublished\":\"2019-02-04T02:13:36+00:00\",\"dateModified\":\"2022-08-04T11:13:03+00:00\",\"description\":\"Stabilized sleeping rose flowers are dark pink embalmed flowers. The rose can be placed in a box of your choice of colour.\",\"breadcrumb\":{\"@id\":\"https:\/\/www.gintaresgeles.lt\/en\/puokste\/dark-pink-sleeping-rose-in-a-tube\/#breadcrumb\"},\"inLanguage\":\"en-US\",\"potentialAction\":[{\"@type\":\"ReadAction\",\"target\":[\"https:\/\/www.gintaresgeles.lt\/en\/puokste\/dark-pink-sleeping-rose-in-a-tube\/\"]}]},{\"@type\":\"ImageObject\",\"inLanguage\":\"en-US\",\"@id\":\"https:\/\/www.gintaresgeles.lt\/en\/puokste\/dark-pink-sleeping-rose-in-a-tube\/#primaryimage\",\"url\":\"https:\/\/www.gintaresgeles.lt\/wp-content\/uploads\/2019\/02\/miegancios-rozes-ryskiai-rozines.jpg\",\"contentUrl\":\"https:\/\/www.gintaresgeles.lt\/wp-content\/uploads\/2019\/02\/miegancios-rozes-ryskiai-rozines.jpg\",\"width\":600,\"height\":600,\"caption\":\"Ry\u0161kiai ro\u017ein\u0117 stabilizuota ro\u017e\u0117 t\u016bboje\"},{\"@type\":\"BreadcrumbList\",\"@id\":\"https:\/\/www.gintaresgeles.lt\/en\/puokste\/dark-pink-sleeping-rose-in-a-tube\/#breadcrumb\",\"itemListElement\":[{\"@type\":\"ListItem\",\"position\":1,\"name\":\"Prad\u017eia\",\"item\":\"https:\/\/www.gintaresgeles.lt\/en\/\"},{\"@type\":\"ListItem\",\"position\":2,\"name\":\"All flowers and other products\",\"item\":\"https:\/\/www.gintaresgeles.lt\/en\/all-flowers-and-other-products\/\"},{\"@type\":\"ListItem\",\"position\":3,\"name\":\"Dark pink sleeping rose in a tube\"}]},{\"@type\":\"WebSite\",\"@id\":\"https:\/\/www.gintaresgeles.lt\/en\/#website\",\"url\":\"https:\/\/www.gintaresgeles.lt\/en\/\",\"name\":\"gintaresgeles.lt\",\"description\":\"G\u0117li\u0173 parduotuv\u0117 internete\",\"potentialAction\":[{\"@type\":\"SearchAction\",\"target\":{\"@type\":\"EntryPoint\",\"urlTemplate\":\"https:\/\/www.gintaresgeles.lt\/en\/?s={search_term_string}\"},\"query-input\":{\"@type\":\"PropertyValueSpecification\",\"valueRequired\":true,\"valueName\":\"search_term_string\"}}],\"inLanguage\":\"en-US\"}]}<\/script>\n<!-- \/ Yoast SEO plugin. -->","yoast_head_json":{"title":"Dark pink sleeping rose in a tube | Romantic presents | Gintar\u0117sG\u0117l\u0117s","description":"Stabilized sleeping rose flowers are dark pink embalmed flowers. The rose can be placed in a box of your choice of colour.","robots":{"index":"index","follow":"follow","max-snippet":"max-snippet:-1","max-image-preview":"max-image-preview:large","max-video-preview":"max-video-preview:-1"},"canonical":"https:\/\/www.gintaresgeles.lt\/en\/puokste\/dark-pink-sleeping-rose-in-a-tube\/","og_locale":"en_US","og_type":"article","og_title":"Dark pink sleeping rose in a tube | Romantic presents | Gintar\u0117sG\u0117l\u0117s","og_description":"Stabilized sleeping rose flowers are dark pink embalmed flowers. The rose can be placed in a box of your choice of colour.","og_url":"https:\/\/www.gintaresgeles.lt\/en\/puokste\/dark-pink-sleeping-rose-in-a-tube\/","og_site_name":"gintaresgeles.lt","article_modified_time":"2022-08-04T11:13:03+00:00","og_image":[{"width":600,"height":600,"url":"https:\/\/www.gintaresgeles.lt\/wp-content\/uploads\/2019\/02\/miegancios-rozes-ryskiai-rozines.jpg","type":"image\/jpeg"}],"twitter_card":"summary_large_image","schema":{"@context":"https:\/\/schema.org","@graph":[{"@type":"WebPage","@id":"https:\/\/www.gintaresgeles.lt\/en\/puokste\/dark-pink-sleeping-rose-in-a-tube\/","url":"https:\/\/www.gintaresgeles.lt\/en\/puokste\/dark-pink-sleeping-rose-in-a-tube\/","name":"Dark pink sleeping rose in a tube | Romantic presents | Gintar\u0117sG\u0117l\u0117s","isPartOf":{"@id":"https:\/\/www.gintaresgeles.lt\/en\/#website"},"primaryImageOfPage":{"@id":"https:\/\/www.gintaresgeles.lt\/en\/puokste\/dark-pink-sleeping-rose-in-a-tube\/#primaryimage"},"image":{"@id":"https:\/\/www.gintaresgeles.lt\/en\/puokste\/dark-pink-sleeping-rose-in-a-tube\/#primaryimage"},"thumbnailUrl":"https:\/\/www.gintaresgeles.lt\/wp-content\/uploads\/2019\/02\/miegancios-rozes-ryskiai-rozines.jpg","datePublished":"2019-02-04T02:13:36+00:00","dateModified":"2022-08-04T11:13:03+00:00","description":"Stabilized sleeping rose flowers are dark pink embalmed flowers. The rose can be placed in a box of your choice of colour.","breadcrumb":{"@id":"https:\/\/www.gintaresgeles.lt\/en\/puokste\/dark-pink-sleeping-rose-in-a-tube\/#breadcrumb"},"inLanguage":"en-US","potentialAction":[{"@type":"ReadAction","target":["https:\/\/www.gintaresgeles.lt\/en\/puokste\/dark-pink-sleeping-rose-in-a-tube\/"]}]},{"@type":"ImageObject","inLanguage":"en-US","@id":"https:\/\/www.gintaresgeles.lt\/en\/puokste\/dark-pink-sleeping-rose-in-a-tube\/#primaryimage","url":"https:\/\/www.gintaresgeles.lt\/wp-content\/uploads\/2019\/02\/miegancios-rozes-ryskiai-rozines.jpg","contentUrl":"https:\/\/www.gintaresgeles.lt\/wp-content\/uploads\/2019\/02\/miegancios-rozes-ryskiai-rozines.jpg","width":600,"height":600,"caption":"Ry\u0161kiai ro\u017ein\u0117 stabilizuota ro\u017e\u0117 t\u016bboje"},{"@type":"BreadcrumbList","@id":"https:\/\/www.gintaresgeles.lt\/en\/puokste\/dark-pink-sleeping-rose-in-a-tube\/#breadcrumb","itemListElement":[{"@type":"ListItem","position":1,"name":"Prad\u017eia","item":"https:\/\/www.gintaresgeles.lt\/en\/"},{"@type":"ListItem","position":2,"name":"All flowers and other products","item":"https:\/\/www.gintaresgeles.lt\/en\/all-flowers-and-other-products\/"},{"@type":"ListItem","position":3,"name":"Dark pink sleeping rose in a tube"}]},{"@type":"WebSite","@id":"https:\/\/www.gintaresgeles.lt\/en\/#website","url":"https:\/\/www.gintaresgeles.lt\/en\/","name":"gintaresgeles.lt","description":"G\u0117li\u0173 parduotuv\u0117 internete","potentialAction":[{"@type":"SearchAction","target":{"@type":"EntryPoint","urlTemplate":"https:\/\/www.gintaresgeles.lt\/en\/?s={search_term_string}"},"query-input":{"@type":"PropertyValueSpecification","valueRequired":true,"valueName":"search_term_string"}}],"inLanguage":"en-US"}]}},"_links":{"self":[{"href":"https:\/\/www.gintaresgeles.lt\/en\/wp-json\/wp\/v2\/product\/44272","targetHints":{"allow":["GET"]}}],"collection":[{"href":"https:\/\/www.gintaresgeles.lt\/en\/wp-json\/wp\/v2\/product"}],"about":[{"href":"https:\/\/www.gintaresgeles.lt\/en\/wp-json\/wp\/v2\/types\/product"}],"wp:featuredmedia":[{"embeddable":true,"href":"https:\/\/www.gintaresgeles.lt\/en\/wp-json\/wp\/v2\/media\/21768"}],"wp:attachment":[{"href":"https:\/\/www.gintaresgeles.lt\/en\/wp-json\/wp\/v2\/media?parent=44272"}],"wp:term":[{"taxonomy":"product_brand","embeddable":true,"href":"https:\/\/www.gintaresgeles.lt\/en\/wp-json\/wp\/v2\/product_brand?post=44272"},{"taxonomy":"product_cat","embeddable":true,"href":"https:\/\/www.gintaresgeles.lt\/en\/wp-json\/wp\/v2\/product_cat?post=44272"},{"taxonomy":"product_tag","embeddable":true,"href":"https:\/\/www.gintaresgeles.lt\/en\/wp-json\/wp\/v2\/product_tag?post=44272"}],"curies":[{"name":"wp","href":"https:\/\/api.w.org\/{rel}","templated":true}]}}