{"id":44388,"date":"2022-08-04T16:39:26","date_gmt":"2022-08-04T13:39:26","guid":{"rendered":"https:\/\/www.gintaresgeles.lt\/puokste\/box-of-soap-flowers-hydrangea-and-pink-roses\/"},"modified":"2025-01-31T11:24:42","modified_gmt":"2025-01-31T09:24:42","slug":"box-of-soap-flowers-hydrangea-and-pink-roses","status":"publish","type":"product","link":"https:\/\/www.gintaresgeles.lt\/en\/puokste\/box-of-soap-flowers-hydrangea-and-pink-roses\/","title":{"rendered":"Box of soap flowers \u201eHydrangea and pink roses\u201c"},"content":{"rendered":"","protected":false},"excerpt":{"rendered":"<p>Delicate and harmoniously colored soap flower box &#8220;Hydrangea and pink roses&#8221; will be a great gift for your beloved women. Realistic looking soap flowers can also be a home decoration for many years.<\/p>\n<p>The box consists of 14 pieces. pink roses and 9 pcs. sprigs of hydrangeas.<\/p>\n","protected":false},"featured_media":44282,"template":"","meta":[],"product_brand":[],"product_cat":[260,259,252,266,256,258,253,257,428,262,263,264,1926],"product_tag":[],"class_list":{"0":"post-44388","1":"product","2":"type-product","3":"status-publish","4":"has-post-thumbnail","6":"product_cat-birthday-flowers","7":"product_cat-flowers-by-occasion","8":"product_cat-flowers-by-recipient","9":"product_cat-flowers-by-style","10":"product_cat-flowers-for-girlfriend","11":"product_cat-flowers-for-men","12":"product_cat-flowers-for-mom","13":"product_cat-flowers-for-women","14":"product_cat-jubilee-flowers","15":"product_cat-march8th-flowers","16":"product_cat-mothers-day-flowers","17":"product_cat-valentines-day-flowers","18":"product_cat-soap-flowers","19":"tm-has-options","21":"first","22":"instock","23":"taxable","24":"shipping-taxable","25":"purchasable","26":"product-type-simple"},"yoast_head":"<!-- This site is optimized with the Yoast SEO plugin v25.3 - https:\/\/yoast.com\/wordpress\/plugins\/seo\/ -->\n<title>Box of soap flowers \u201eHydrangea and pink roses\u201c | Gintar\u0117s G\u0117l\u0117s<\/title>\n<meta name=\"description\" content=\"Looking for a unique flower arrangement? These soap flowers in a box of Hydrangeas and Pink Roses will be a great choice!\" \/>\n<meta name=\"robots\" content=\"index, follow, max-snippet:-1, max-image-preview:large, max-video-preview:-1\" \/>\n<link rel=\"canonical\" href=\"https:\/\/www.gintaresgeles.lt\/en\/puokste\/box-of-soap-flowers-hydrangea-and-pink-roses\/\" \/>\n<meta property=\"og:locale\" content=\"en_US\" \/>\n<meta property=\"og:type\" content=\"article\" \/>\n<meta property=\"og:title\" content=\"Box of soap flowers \u201eHydrangea and pink roses\u201c | Gintar\u0117s G\u0117l\u0117s\" \/>\n<meta property=\"og:description\" content=\"Looking for a unique flower arrangement? These soap flowers in a box of Hydrangeas and Pink Roses will be a great choice!\" \/>\n<meta property=\"og:url\" content=\"https:\/\/www.gintaresgeles.lt\/en\/puokste\/box-of-soap-flowers-hydrangea-and-pink-roses\/\" \/>\n<meta property=\"og:site_name\" content=\"gintaresgeles.lt\" \/>\n<meta property=\"article:modified_time\" content=\"2025-01-31T09:24:42+00:00\" \/>\n<meta property=\"og:image\" content=\"https:\/\/www.gintaresgeles.lt\/wp-content\/uploads\/2022\/08\/muilo-geles-rozines-rozes-ir-hortenzijos-dezuteje-dovanos-moterims.jpg\" \/>\n\t<meta property=\"og:image:width\" content=\"600\" \/>\n\t<meta property=\"og:image:height\" content=\"600\" \/>\n\t<meta property=\"og:image:type\" content=\"image\/jpeg\" \/>\n<meta name=\"twitter:card\" content=\"summary_large_image\" \/>\n<script type=\"application\/ld+json\" class=\"yoast-schema-graph\">{\"@context\":\"https:\/\/schema.org\",\"@graph\":[{\"@type\":\"WebPage\",\"@id\":\"https:\/\/www.gintaresgeles.lt\/en\/puokste\/box-of-soap-flowers-hydrangea-and-pink-roses\/\",\"url\":\"https:\/\/www.gintaresgeles.lt\/en\/puokste\/box-of-soap-flowers-hydrangea-and-pink-roses\/\",\"name\":\"Box of soap flowers \u201eHydrangea and pink roses\u201c | Gintar\u0117s G\u0117l\u0117s\",\"isPartOf\":{\"@id\":\"https:\/\/www.gintaresgeles.lt\/en\/#website\"},\"primaryImageOfPage\":{\"@id\":\"https:\/\/www.gintaresgeles.lt\/en\/puokste\/box-of-soap-flowers-hydrangea-and-pink-roses\/#primaryimage\"},\"image\":{\"@id\":\"https:\/\/www.gintaresgeles.lt\/en\/puokste\/box-of-soap-flowers-hydrangea-and-pink-roses\/#primaryimage\"},\"thumbnailUrl\":\"https:\/\/www.gintaresgeles.lt\/wp-content\/uploads\/2022\/08\/muilo-geles-rozines-rozes-ir-hortenzijos-dezuteje-dovanos-moterims.jpg\",\"datePublished\":\"2022-08-04T13:39:26+00:00\",\"dateModified\":\"2025-01-31T09:24:42+00:00\",\"description\":\"Looking for a unique flower arrangement? These soap flowers in a box of Hydrangeas and Pink Roses will be a great choice!\",\"breadcrumb\":{\"@id\":\"https:\/\/www.gintaresgeles.lt\/en\/puokste\/box-of-soap-flowers-hydrangea-and-pink-roses\/#breadcrumb\"},\"inLanguage\":\"en-US\",\"potentialAction\":[{\"@type\":\"ReadAction\",\"target\":[\"https:\/\/www.gintaresgeles.lt\/en\/puokste\/box-of-soap-flowers-hydrangea-and-pink-roses\/\"]}]},{\"@type\":\"ImageObject\",\"inLanguage\":\"en-US\",\"@id\":\"https:\/\/www.gintaresgeles.lt\/en\/puokste\/box-of-soap-flowers-hydrangea-and-pink-roses\/#primaryimage\",\"url\":\"https:\/\/www.gintaresgeles.lt\/wp-content\/uploads\/2022\/08\/muilo-geles-rozines-rozes-ir-hortenzijos-dezuteje-dovanos-moterims.jpg\",\"contentUrl\":\"https:\/\/www.gintaresgeles.lt\/wp-content\/uploads\/2022\/08\/muilo-geles-rozines-rozes-ir-hortenzijos-dezuteje-dovanos-moterims.jpg\",\"width\":600,\"height\":600,\"caption\":\"Muilo g\u0117li\u0173 d\u0117\u017eut\u0117 \u201eHortenzijos ir ro\u017ein\u0117s ro\u017e\u0117s\u201c dovana draugei\"},{\"@type\":\"BreadcrumbList\",\"@id\":\"https:\/\/www.gintaresgeles.lt\/en\/puokste\/box-of-soap-flowers-hydrangea-and-pink-roses\/#breadcrumb\",\"itemListElement\":[{\"@type\":\"ListItem\",\"position\":1,\"name\":\"Prad\u017eia\",\"item\":\"https:\/\/www.gintaresgeles.lt\/en\/\"},{\"@type\":\"ListItem\",\"position\":2,\"name\":\"All flowers and other products\",\"item\":\"https:\/\/www.gintaresgeles.lt\/en\/all-flowers-and-other-products\/\"},{\"@type\":\"ListItem\",\"position\":3,\"name\":\"Box of soap flowers \u201eHydrangea and pink roses\u201c\"}]},{\"@type\":\"WebSite\",\"@id\":\"https:\/\/www.gintaresgeles.lt\/en\/#website\",\"url\":\"https:\/\/www.gintaresgeles.lt\/en\/\",\"name\":\"gintaresgeles.lt\",\"description\":\"G\u0117li\u0173 parduotuv\u0117 internete\",\"potentialAction\":[{\"@type\":\"SearchAction\",\"target\":{\"@type\":\"EntryPoint\",\"urlTemplate\":\"https:\/\/www.gintaresgeles.lt\/en\/?s={search_term_string}\"},\"query-input\":{\"@type\":\"PropertyValueSpecification\",\"valueRequired\":true,\"valueName\":\"search_term_string\"}}],\"inLanguage\":\"en-US\"}]}<\/script>\n<!-- \/ Yoast SEO plugin. -->","yoast_head_json":{"title":"Box of soap flowers \u201eHydrangea and pink roses\u201c | Gintar\u0117s G\u0117l\u0117s","description":"Looking for a unique flower arrangement? These soap flowers in a box of Hydrangeas and Pink Roses will be a great choice!","robots":{"index":"index","follow":"follow","max-snippet":"max-snippet:-1","max-image-preview":"max-image-preview:large","max-video-preview":"max-video-preview:-1"},"canonical":"https:\/\/www.gintaresgeles.lt\/en\/puokste\/box-of-soap-flowers-hydrangea-and-pink-roses\/","og_locale":"en_US","og_type":"article","og_title":"Box of soap flowers \u201eHydrangea and pink roses\u201c | Gintar\u0117s G\u0117l\u0117s","og_description":"Looking for a unique flower arrangement? These soap flowers in a box of Hydrangeas and Pink Roses will be a great choice!","og_url":"https:\/\/www.gintaresgeles.lt\/en\/puokste\/box-of-soap-flowers-hydrangea-and-pink-roses\/","og_site_name":"gintaresgeles.lt","article_modified_time":"2025-01-31T09:24:42+00:00","og_image":[{"width":600,"height":600,"url":"https:\/\/www.gintaresgeles.lt\/wp-content\/uploads\/2022\/08\/muilo-geles-rozines-rozes-ir-hortenzijos-dezuteje-dovanos-moterims.jpg","type":"image\/jpeg"}],"twitter_card":"summary_large_image","schema":{"@context":"https:\/\/schema.org","@graph":[{"@type":"WebPage","@id":"https:\/\/www.gintaresgeles.lt\/en\/puokste\/box-of-soap-flowers-hydrangea-and-pink-roses\/","url":"https:\/\/www.gintaresgeles.lt\/en\/puokste\/box-of-soap-flowers-hydrangea-and-pink-roses\/","name":"Box of soap flowers \u201eHydrangea and pink roses\u201c | Gintar\u0117s G\u0117l\u0117s","isPartOf":{"@id":"https:\/\/www.gintaresgeles.lt\/en\/#website"},"primaryImageOfPage":{"@id":"https:\/\/www.gintaresgeles.lt\/en\/puokste\/box-of-soap-flowers-hydrangea-and-pink-roses\/#primaryimage"},"image":{"@id":"https:\/\/www.gintaresgeles.lt\/en\/puokste\/box-of-soap-flowers-hydrangea-and-pink-roses\/#primaryimage"},"thumbnailUrl":"https:\/\/www.gintaresgeles.lt\/wp-content\/uploads\/2022\/08\/muilo-geles-rozines-rozes-ir-hortenzijos-dezuteje-dovanos-moterims.jpg","datePublished":"2022-08-04T13:39:26+00:00","dateModified":"2025-01-31T09:24:42+00:00","description":"Looking for a unique flower arrangement? These soap flowers in a box of Hydrangeas and Pink Roses will be a great choice!","breadcrumb":{"@id":"https:\/\/www.gintaresgeles.lt\/en\/puokste\/box-of-soap-flowers-hydrangea-and-pink-roses\/#breadcrumb"},"inLanguage":"en-US","potentialAction":[{"@type":"ReadAction","target":["https:\/\/www.gintaresgeles.lt\/en\/puokste\/box-of-soap-flowers-hydrangea-and-pink-roses\/"]}]},{"@type":"ImageObject","inLanguage":"en-US","@id":"https:\/\/www.gintaresgeles.lt\/en\/puokste\/box-of-soap-flowers-hydrangea-and-pink-roses\/#primaryimage","url":"https:\/\/www.gintaresgeles.lt\/wp-content\/uploads\/2022\/08\/muilo-geles-rozines-rozes-ir-hortenzijos-dezuteje-dovanos-moterims.jpg","contentUrl":"https:\/\/www.gintaresgeles.lt\/wp-content\/uploads\/2022\/08\/muilo-geles-rozines-rozes-ir-hortenzijos-dezuteje-dovanos-moterims.jpg","width":600,"height":600,"caption":"Muilo g\u0117li\u0173 d\u0117\u017eut\u0117 \u201eHortenzijos ir ro\u017ein\u0117s ro\u017e\u0117s\u201c dovana draugei"},{"@type":"BreadcrumbList","@id":"https:\/\/www.gintaresgeles.lt\/en\/puokste\/box-of-soap-flowers-hydrangea-and-pink-roses\/#breadcrumb","itemListElement":[{"@type":"ListItem","position":1,"name":"Prad\u017eia","item":"https:\/\/www.gintaresgeles.lt\/en\/"},{"@type":"ListItem","position":2,"name":"All flowers and other products","item":"https:\/\/www.gintaresgeles.lt\/en\/all-flowers-and-other-products\/"},{"@type":"ListItem","position":3,"name":"Box of soap flowers \u201eHydrangea and pink roses\u201c"}]},{"@type":"WebSite","@id":"https:\/\/www.gintaresgeles.lt\/en\/#website","url":"https:\/\/www.gintaresgeles.lt\/en\/","name":"gintaresgeles.lt","description":"G\u0117li\u0173 parduotuv\u0117 internete","potentialAction":[{"@type":"SearchAction","target":{"@type":"EntryPoint","urlTemplate":"https:\/\/www.gintaresgeles.lt\/en\/?s={search_term_string}"},"query-input":{"@type":"PropertyValueSpecification","valueRequired":true,"valueName":"search_term_string"}}],"inLanguage":"en-US"}]}},"_links":{"self":[{"href":"https:\/\/www.gintaresgeles.lt\/en\/wp-json\/wp\/v2\/product\/44388","targetHints":{"allow":["GET"]}}],"collection":[{"href":"https:\/\/www.gintaresgeles.lt\/en\/wp-json\/wp\/v2\/product"}],"about":[{"href":"https:\/\/www.gintaresgeles.lt\/en\/wp-json\/wp\/v2\/types\/product"}],"wp:featuredmedia":[{"embeddable":true,"href":"https:\/\/www.gintaresgeles.lt\/en\/wp-json\/wp\/v2\/media\/44282"}],"wp:attachment":[{"href":"https:\/\/www.gintaresgeles.lt\/en\/wp-json\/wp\/v2\/media?parent=44388"}],"wp:term":[{"taxonomy":"product_brand","embeddable":true,"href":"https:\/\/www.gintaresgeles.lt\/en\/wp-json\/wp\/v2\/product_brand?post=44388"},{"taxonomy":"product_cat","embeddable":true,"href":"https:\/\/www.gintaresgeles.lt\/en\/wp-json\/wp\/v2\/product_cat?post=44388"},{"taxonomy":"product_tag","embeddable":true,"href":"https:\/\/www.gintaresgeles.lt\/en\/wp-json\/wp\/v2\/product_tag?post=44388"}],"curies":[{"name":"wp","href":"https:\/\/api.w.org\/{rel}","templated":true}]}}