{"id":44390,"date":"2022-08-03T15:51:37","date_gmt":"2022-08-03T12:51:37","guid":{"rendered":"https:\/\/www.gintaresgeles.lt\/puokste\/a-bouquet-of-sweets-snickers\/"},"modified":"2025-01-31T11:18:14","modified_gmt":"2025-01-31T09:18:14","slug":"a-bouquet-of-sweets-snickers","status":"publish","type":"product","link":"https:\/\/www.gintaresgeles.lt\/en\/puokste\/a-bouquet-of-sweets-snickers\/","title":{"rendered":"A bouquet of sweets \u201eSnickers\u201c"},"content":{"rendered":"","protected":false},"excerpt":{"rendered":"<p>A bouquet of candies &#8220;Snickers&#8221; will be a great gift for both a girl and a boy. You can give it as a gift on various occasions &#8211; for birthdays, anniversaries or just to brighten the recipient&#8217;s day.<\/p>\n<p>The bouquet consists of:<\/p>\n<p>16 pcs. Snickers chocolate bars.<\/p>\n","protected":false},"featured_media":45958,"template":"","meta":[],"product_brand":[],"product_cat":[261,260,259,252,266,256,258,253,257,237,428,262,263,264,1967,1981],"product_tag":[],"class_list":{"0":"post-44390","1":"product","2":"type-product","3":"status-publish","4":"has-post-thumbnail","6":"product_cat-birthday-bouquets","7":"product_cat-birthday-flowers","8":"product_cat-flowers-by-occasion","9":"product_cat-flowers-by-recipient","10":"product_cat-flowers-by-style","11":"product_cat-flowers-for-girlfriend","12":"product_cat-flowers-for-men","13":"product_cat-flowers-for-mom","14":"product_cat-flowers-for-women","15":"product_cat-gifts","16":"product_cat-jubilee-flowers","17":"product_cat-march8th-flowers","18":"product_cat-mothers-day-flowers","19":"product_cat-valentines-day-flowers","20":"product_cat-edible-bouquets","21":"product_cat-sweets","22":"tm-has-options","24":"first","25":"instock","26":"taxable","27":"shipping-taxable","28":"purchasable","29":"product-type-simple"},"yoast_head":"<!-- This site is optimized with the Yoast SEO plugin v25.3 - https:\/\/yoast.com\/wordpress\/plugins\/seo\/ -->\n<title>A bouquet of sweets \u201eSnickers\u201c | Ginatr\u0117s G\u0117l\u0117s<\/title>\n<meta name=\"description\" content=\"This bouquet of Snickers chocolate bars is perfect for any occasion. It will be a unique gift and will surprise every recipient.\" \/>\n<meta name=\"robots\" content=\"index, follow, max-snippet:-1, max-image-preview:large, max-video-preview:-1\" \/>\n<link rel=\"canonical\" href=\"https:\/\/www.gintaresgeles.lt\/en\/puokste\/a-bouquet-of-sweets-snickers\/\" \/>\n<meta property=\"og:locale\" content=\"en_US\" \/>\n<meta property=\"og:type\" content=\"article\" \/>\n<meta property=\"og:title\" content=\"A bouquet of sweets \u201eSnickers\u201c | Ginatr\u0117s G\u0117l\u0117s\" \/>\n<meta property=\"og:description\" content=\"This bouquet of Snickers chocolate bars is perfect for any occasion. It will be a unique gift and will surprise every recipient.\" \/>\n<meta property=\"og:url\" content=\"https:\/\/www.gintaresgeles.lt\/en\/puokste\/a-bouquet-of-sweets-snickers\/\" \/>\n<meta property=\"og:site_name\" content=\"gintaresgeles.lt\" \/>\n<meta property=\"article:modified_time\" content=\"2025-01-31T09:18:14+00:00\" \/>\n<meta property=\"og:image\" content=\"https:\/\/www.gintaresgeles.lt\/wp-content\/uploads\/2022\/08\/valgomos-puokstes-snickers-batoneliai-dovana-draugei.jpg\" \/>\n\t<meta property=\"og:image:width\" content=\"1200\" \/>\n\t<meta property=\"og:image:height\" content=\"1200\" \/>\n\t<meta property=\"og:image:type\" content=\"image\/jpeg\" \/>\n<meta name=\"twitter:card\" content=\"summary_large_image\" \/>\n<script type=\"application\/ld+json\" class=\"yoast-schema-graph\">{\"@context\":\"https:\/\/schema.org\",\"@graph\":[{\"@type\":\"WebPage\",\"@id\":\"https:\/\/www.gintaresgeles.lt\/en\/puokste\/a-bouquet-of-sweets-snickers\/\",\"url\":\"https:\/\/www.gintaresgeles.lt\/en\/puokste\/a-bouquet-of-sweets-snickers\/\",\"name\":\"A bouquet of sweets \u201eSnickers\u201c | Ginatr\u0117s G\u0117l\u0117s\",\"isPartOf\":{\"@id\":\"https:\/\/www.gintaresgeles.lt\/en\/#website\"},\"primaryImageOfPage\":{\"@id\":\"https:\/\/www.gintaresgeles.lt\/en\/puokste\/a-bouquet-of-sweets-snickers\/#primaryimage\"},\"image\":{\"@id\":\"https:\/\/www.gintaresgeles.lt\/en\/puokste\/a-bouquet-of-sweets-snickers\/#primaryimage\"},\"thumbnailUrl\":\"https:\/\/www.gintaresgeles.lt\/wp-content\/uploads\/2022\/08\/valgomos-puokstes-snickers-batoneliai-dovana-draugei.jpg\",\"datePublished\":\"2022-08-03T12:51:37+00:00\",\"dateModified\":\"2025-01-31T09:18:14+00:00\",\"description\":\"This bouquet of Snickers chocolate bars is perfect for any occasion. It will be a unique gift and will surprise every recipient.\",\"breadcrumb\":{\"@id\":\"https:\/\/www.gintaresgeles.lt\/en\/puokste\/a-bouquet-of-sweets-snickers\/#breadcrumb\"},\"inLanguage\":\"en-US\",\"potentialAction\":[{\"@type\":\"ReadAction\",\"target\":[\"https:\/\/www.gintaresgeles.lt\/en\/puokste\/a-bouquet-of-sweets-snickers\/\"]}]},{\"@type\":\"ImageObject\",\"inLanguage\":\"en-US\",\"@id\":\"https:\/\/www.gintaresgeles.lt\/en\/puokste\/a-bouquet-of-sweets-snickers\/#primaryimage\",\"url\":\"https:\/\/www.gintaresgeles.lt\/wp-content\/uploads\/2022\/08\/valgomos-puokstes-snickers-batoneliai-dovana-draugei.jpg\",\"contentUrl\":\"https:\/\/www.gintaresgeles.lt\/wp-content\/uploads\/2022\/08\/valgomos-puokstes-snickers-batoneliai-dovana-draugei.jpg\",\"width\":1200,\"height\":1200,\"caption\":\"Valgoma puok\u0161t\u0117 i\u0161 saldaini\u0173 Snickers \u0161okoladai\"},{\"@type\":\"BreadcrumbList\",\"@id\":\"https:\/\/www.gintaresgeles.lt\/en\/puokste\/a-bouquet-of-sweets-snickers\/#breadcrumb\",\"itemListElement\":[{\"@type\":\"ListItem\",\"position\":1,\"name\":\"Prad\u017eia\",\"item\":\"https:\/\/www.gintaresgeles.lt\/en\/\"},{\"@type\":\"ListItem\",\"position\":2,\"name\":\"All flowers and other products\",\"item\":\"https:\/\/www.gintaresgeles.lt\/en\/all-flowers-and-other-products\/\"},{\"@type\":\"ListItem\",\"position\":3,\"name\":\"A bouquet of sweets \u201eSnickers\u201c\"}]},{\"@type\":\"WebSite\",\"@id\":\"https:\/\/www.gintaresgeles.lt\/en\/#website\",\"url\":\"https:\/\/www.gintaresgeles.lt\/en\/\",\"name\":\"gintaresgeles.lt\",\"description\":\"G\u0117li\u0173 parduotuv\u0117 internete\",\"potentialAction\":[{\"@type\":\"SearchAction\",\"target\":{\"@type\":\"EntryPoint\",\"urlTemplate\":\"https:\/\/www.gintaresgeles.lt\/en\/?s={search_term_string}\"},\"query-input\":{\"@type\":\"PropertyValueSpecification\",\"valueRequired\":true,\"valueName\":\"search_term_string\"}}],\"inLanguage\":\"en-US\"}]}<\/script>\n<!-- \/ Yoast SEO plugin. -->","yoast_head_json":{"title":"A bouquet of sweets \u201eSnickers\u201c | Ginatr\u0117s G\u0117l\u0117s","description":"This bouquet of Snickers chocolate bars is perfect for any occasion. It will be a unique gift and will surprise every recipient.","robots":{"index":"index","follow":"follow","max-snippet":"max-snippet:-1","max-image-preview":"max-image-preview:large","max-video-preview":"max-video-preview:-1"},"canonical":"https:\/\/www.gintaresgeles.lt\/en\/puokste\/a-bouquet-of-sweets-snickers\/","og_locale":"en_US","og_type":"article","og_title":"A bouquet of sweets \u201eSnickers\u201c | Ginatr\u0117s G\u0117l\u0117s","og_description":"This bouquet of Snickers chocolate bars is perfect for any occasion. It will be a unique gift and will surprise every recipient.","og_url":"https:\/\/www.gintaresgeles.lt\/en\/puokste\/a-bouquet-of-sweets-snickers\/","og_site_name":"gintaresgeles.lt","article_modified_time":"2025-01-31T09:18:14+00:00","og_image":[{"width":1200,"height":1200,"url":"https:\/\/www.gintaresgeles.lt\/wp-content\/uploads\/2022\/08\/valgomos-puokstes-snickers-batoneliai-dovana-draugei.jpg","type":"image\/jpeg"}],"twitter_card":"summary_large_image","schema":{"@context":"https:\/\/schema.org","@graph":[{"@type":"WebPage","@id":"https:\/\/www.gintaresgeles.lt\/en\/puokste\/a-bouquet-of-sweets-snickers\/","url":"https:\/\/www.gintaresgeles.lt\/en\/puokste\/a-bouquet-of-sweets-snickers\/","name":"A bouquet of sweets \u201eSnickers\u201c | Ginatr\u0117s G\u0117l\u0117s","isPartOf":{"@id":"https:\/\/www.gintaresgeles.lt\/en\/#website"},"primaryImageOfPage":{"@id":"https:\/\/www.gintaresgeles.lt\/en\/puokste\/a-bouquet-of-sweets-snickers\/#primaryimage"},"image":{"@id":"https:\/\/www.gintaresgeles.lt\/en\/puokste\/a-bouquet-of-sweets-snickers\/#primaryimage"},"thumbnailUrl":"https:\/\/www.gintaresgeles.lt\/wp-content\/uploads\/2022\/08\/valgomos-puokstes-snickers-batoneliai-dovana-draugei.jpg","datePublished":"2022-08-03T12:51:37+00:00","dateModified":"2025-01-31T09:18:14+00:00","description":"This bouquet of Snickers chocolate bars is perfect for any occasion. It will be a unique gift and will surprise every recipient.","breadcrumb":{"@id":"https:\/\/www.gintaresgeles.lt\/en\/puokste\/a-bouquet-of-sweets-snickers\/#breadcrumb"},"inLanguage":"en-US","potentialAction":[{"@type":"ReadAction","target":["https:\/\/www.gintaresgeles.lt\/en\/puokste\/a-bouquet-of-sweets-snickers\/"]}]},{"@type":"ImageObject","inLanguage":"en-US","@id":"https:\/\/www.gintaresgeles.lt\/en\/puokste\/a-bouquet-of-sweets-snickers\/#primaryimage","url":"https:\/\/www.gintaresgeles.lt\/wp-content\/uploads\/2022\/08\/valgomos-puokstes-snickers-batoneliai-dovana-draugei.jpg","contentUrl":"https:\/\/www.gintaresgeles.lt\/wp-content\/uploads\/2022\/08\/valgomos-puokstes-snickers-batoneliai-dovana-draugei.jpg","width":1200,"height":1200,"caption":"Valgoma puok\u0161t\u0117 i\u0161 saldaini\u0173 Snickers \u0161okoladai"},{"@type":"BreadcrumbList","@id":"https:\/\/www.gintaresgeles.lt\/en\/puokste\/a-bouquet-of-sweets-snickers\/#breadcrumb","itemListElement":[{"@type":"ListItem","position":1,"name":"Prad\u017eia","item":"https:\/\/www.gintaresgeles.lt\/en\/"},{"@type":"ListItem","position":2,"name":"All flowers and other products","item":"https:\/\/www.gintaresgeles.lt\/en\/all-flowers-and-other-products\/"},{"@type":"ListItem","position":3,"name":"A bouquet of sweets \u201eSnickers\u201c"}]},{"@type":"WebSite","@id":"https:\/\/www.gintaresgeles.lt\/en\/#website","url":"https:\/\/www.gintaresgeles.lt\/en\/","name":"gintaresgeles.lt","description":"G\u0117li\u0173 parduotuv\u0117 internete","potentialAction":[{"@type":"SearchAction","target":{"@type":"EntryPoint","urlTemplate":"https:\/\/www.gintaresgeles.lt\/en\/?s={search_term_string}"},"query-input":{"@type":"PropertyValueSpecification","valueRequired":true,"valueName":"search_term_string"}}],"inLanguage":"en-US"}]}},"_links":{"self":[{"href":"https:\/\/www.gintaresgeles.lt\/en\/wp-json\/wp\/v2\/product\/44390","targetHints":{"allow":["GET"]}}],"collection":[{"href":"https:\/\/www.gintaresgeles.lt\/en\/wp-json\/wp\/v2\/product"}],"about":[{"href":"https:\/\/www.gintaresgeles.lt\/en\/wp-json\/wp\/v2\/types\/product"}],"wp:featuredmedia":[{"embeddable":true,"href":"https:\/\/www.gintaresgeles.lt\/en\/wp-json\/wp\/v2\/media\/45958"}],"wp:attachment":[{"href":"https:\/\/www.gintaresgeles.lt\/en\/wp-json\/wp\/v2\/media?parent=44390"}],"wp:term":[{"taxonomy":"product_brand","embeddable":true,"href":"https:\/\/www.gintaresgeles.lt\/en\/wp-json\/wp\/v2\/product_brand?post=44390"},{"taxonomy":"product_cat","embeddable":true,"href":"https:\/\/www.gintaresgeles.lt\/en\/wp-json\/wp\/v2\/product_cat?post=44390"},{"taxonomy":"product_tag","embeddable":true,"href":"https:\/\/www.gintaresgeles.lt\/en\/wp-json\/wp\/v2\/product_tag?post=44390"}],"curies":[{"name":"wp","href":"https:\/\/api.w.org\/{rel}","templated":true}]}}