{"id":44392,"date":"2022-07-11T11:48:22","date_gmt":"2022-07-11T08:48:22","guid":{"rendered":"https:\/\/www.gintaresgeles.lt\/puokste\/a-bouquet-of-sweets-milka\/"},"modified":"2025-01-31T11:17:59","modified_gmt":"2025-01-31T09:17:59","slug":"a-bouquet-of-sweets-milka","status":"publish","type":"product","link":"https:\/\/www.gintaresgeles.lt\/en\/puokste\/a-bouquet-of-sweets-milka\/","title":{"rendered":"A bouquet of sweets \u201eMilka\u201c"},"content":{"rendered":"","protected":false},"excerpt":{"rendered":"<p>Give this bouquet of chocolate bars to a friend or loved one and let them enjoy the sweet moment wherever they are!<\/p>\n<p>The bouquet consists of:<\/p>\n<p>6 pcs. milk chocolate bar &#8220;Milka Oreo&#8221; 37g;<\/p>\n<p>2 pcs. chocolate bar &#8220;Milka Oreo&#8221; 100g;<\/p>\n<p>2 pcs. chocolate bar &#8220;Milka&#8221; with hazelnuts 100g;<\/p>\n<p>2 pcs. chocolate bar &#8220;Milka Happy Cow&#8221; 100g.<\/p>\n","protected":false},"featured_media":43934,"template":"","meta":[],"product_brand":[],"product_cat":[261,259,252,266,256,258,253,257,237,1967,1981],"product_tag":[],"class_list":{"0":"post-44392","1":"product","2":"type-product","3":"status-publish","4":"has-post-thumbnail","6":"product_cat-birthday-bouquets","7":"product_cat-flowers-by-occasion","8":"product_cat-flowers-by-recipient","9":"product_cat-flowers-by-style","10":"product_cat-flowers-for-girlfriend","11":"product_cat-flowers-for-men","12":"product_cat-flowers-for-mom","13":"product_cat-flowers-for-women","14":"product_cat-gifts","15":"product_cat-edible-bouquets","16":"product_cat-sweets","17":"tm-has-options","19":"first","20":"instock","21":"taxable","22":"shipping-taxable","23":"purchasable","24":"product-type-simple"},"yoast_head":"<!-- This site is optimized with the Yoast SEO plugin v25.3 - https:\/\/yoast.com\/wordpress\/plugins\/seo\/ -->\n<title>A bouquet of sweets \u201eMilka\u201c | Gintar\u0117s G\u0117l\u0117s<\/title>\n<meta name=\"description\" content=\"Make a friend or loved one happy by sending this sweet gift of Milka chocolate and bars directly to your home or workplace.\" \/>\n<meta name=\"robots\" content=\"index, follow, max-snippet:-1, max-image-preview:large, max-video-preview:-1\" \/>\n<link rel=\"canonical\" href=\"https:\/\/www.gintaresgeles.lt\/en\/puokste\/a-bouquet-of-sweets-milka\/\" \/>\n<meta property=\"og:locale\" content=\"en_US\" \/>\n<meta property=\"og:type\" content=\"article\" \/>\n<meta property=\"og:title\" content=\"A bouquet of sweets \u201eMilka\u201c | Gintar\u0117s G\u0117l\u0117s\" \/>\n<meta property=\"og:description\" content=\"Make a friend or loved one happy by sending this sweet gift of Milka chocolate and bars directly to your home or workplace.\" \/>\n<meta property=\"og:url\" content=\"https:\/\/www.gintaresgeles.lt\/en\/puokste\/a-bouquet-of-sweets-milka\/\" \/>\n<meta property=\"og:site_name\" content=\"gintaresgeles.lt\" \/>\n<meta property=\"article:modified_time\" content=\"2025-01-31T09:17:59+00:00\" \/>\n<meta property=\"og:image\" content=\"https:\/\/www.gintaresgeles.lt\/wp-content\/uploads\/2022\/07\/saldainiu-puokstes-milka-sokoladas-dovanos-smaliziams.jpg\" \/>\n\t<meta property=\"og:image:width\" content=\"1200\" \/>\n\t<meta property=\"og:image:height\" content=\"1200\" \/>\n\t<meta property=\"og:image:type\" content=\"image\/jpeg\" \/>\n<meta name=\"twitter:card\" content=\"summary_large_image\" \/>\n<script type=\"application\/ld+json\" class=\"yoast-schema-graph\">{\"@context\":\"https:\/\/schema.org\",\"@graph\":[{\"@type\":\"WebPage\",\"@id\":\"https:\/\/www.gintaresgeles.lt\/en\/puokste\/a-bouquet-of-sweets-milka\/\",\"url\":\"https:\/\/www.gintaresgeles.lt\/en\/puokste\/a-bouquet-of-sweets-milka\/\",\"name\":\"A bouquet of sweets \u201eMilka\u201c | Gintar\u0117s G\u0117l\u0117s\",\"isPartOf\":{\"@id\":\"https:\/\/www.gintaresgeles.lt\/en\/#website\"},\"primaryImageOfPage\":{\"@id\":\"https:\/\/www.gintaresgeles.lt\/en\/puokste\/a-bouquet-of-sweets-milka\/#primaryimage\"},\"image\":{\"@id\":\"https:\/\/www.gintaresgeles.lt\/en\/puokste\/a-bouquet-of-sweets-milka\/#primaryimage\"},\"thumbnailUrl\":\"https:\/\/www.gintaresgeles.lt\/wp-content\/uploads\/2022\/07\/saldainiu-puokstes-milka-sokoladas-dovanos-smaliziams.jpg\",\"datePublished\":\"2022-07-11T08:48:22+00:00\",\"dateModified\":\"2025-01-31T09:17:59+00:00\",\"description\":\"Make a friend or loved one happy by sending this sweet gift of Milka chocolate and bars directly to your home or workplace.\",\"breadcrumb\":{\"@id\":\"https:\/\/www.gintaresgeles.lt\/en\/puokste\/a-bouquet-of-sweets-milka\/#breadcrumb\"},\"inLanguage\":\"en-US\",\"potentialAction\":[{\"@type\":\"ReadAction\",\"target\":[\"https:\/\/www.gintaresgeles.lt\/en\/puokste\/a-bouquet-of-sweets-milka\/\"]}]},{\"@type\":\"ImageObject\",\"inLanguage\":\"en-US\",\"@id\":\"https:\/\/www.gintaresgeles.lt\/en\/puokste\/a-bouquet-of-sweets-milka\/#primaryimage\",\"url\":\"https:\/\/www.gintaresgeles.lt\/wp-content\/uploads\/2022\/07\/saldainiu-puokstes-milka-sokoladas-dovanos-smaliziams.jpg\",\"contentUrl\":\"https:\/\/www.gintaresgeles.lt\/wp-content\/uploads\/2022\/07\/saldainiu-puokstes-milka-sokoladas-dovanos-smaliziams.jpg\",\"width\":1200,\"height\":1200,\"caption\":\"Valgomos \u0161okoladini\u0173 saldaini\u0173 puok\u0161t\u0117s i\u0161 milkos plyteli\u0173 dovana draugei\"},{\"@type\":\"BreadcrumbList\",\"@id\":\"https:\/\/www.gintaresgeles.lt\/en\/puokste\/a-bouquet-of-sweets-milka\/#breadcrumb\",\"itemListElement\":[{\"@type\":\"ListItem\",\"position\":1,\"name\":\"Prad\u017eia\",\"item\":\"https:\/\/www.gintaresgeles.lt\/en\/\"},{\"@type\":\"ListItem\",\"position\":2,\"name\":\"All flowers and other products\",\"item\":\"https:\/\/www.gintaresgeles.lt\/en\/all-flowers-and-other-products\/\"},{\"@type\":\"ListItem\",\"position\":3,\"name\":\"A bouquet of sweets \u201eMilka\u201c\"}]},{\"@type\":\"WebSite\",\"@id\":\"https:\/\/www.gintaresgeles.lt\/en\/#website\",\"url\":\"https:\/\/www.gintaresgeles.lt\/en\/\",\"name\":\"gintaresgeles.lt\",\"description\":\"G\u0117li\u0173 parduotuv\u0117 internete\",\"potentialAction\":[{\"@type\":\"SearchAction\",\"target\":{\"@type\":\"EntryPoint\",\"urlTemplate\":\"https:\/\/www.gintaresgeles.lt\/en\/?s={search_term_string}\"},\"query-input\":{\"@type\":\"PropertyValueSpecification\",\"valueRequired\":true,\"valueName\":\"search_term_string\"}}],\"inLanguage\":\"en-US\"}]}<\/script>\n<!-- \/ Yoast SEO plugin. -->","yoast_head_json":{"title":"A bouquet of sweets \u201eMilka\u201c | Gintar\u0117s G\u0117l\u0117s","description":"Make a friend or loved one happy by sending this sweet gift of Milka chocolate and bars directly to your home or workplace.","robots":{"index":"index","follow":"follow","max-snippet":"max-snippet:-1","max-image-preview":"max-image-preview:large","max-video-preview":"max-video-preview:-1"},"canonical":"https:\/\/www.gintaresgeles.lt\/en\/puokste\/a-bouquet-of-sweets-milka\/","og_locale":"en_US","og_type":"article","og_title":"A bouquet of sweets \u201eMilka\u201c | Gintar\u0117s G\u0117l\u0117s","og_description":"Make a friend or loved one happy by sending this sweet gift of Milka chocolate and bars directly to your home or workplace.","og_url":"https:\/\/www.gintaresgeles.lt\/en\/puokste\/a-bouquet-of-sweets-milka\/","og_site_name":"gintaresgeles.lt","article_modified_time":"2025-01-31T09:17:59+00:00","og_image":[{"width":1200,"height":1200,"url":"https:\/\/www.gintaresgeles.lt\/wp-content\/uploads\/2022\/07\/saldainiu-puokstes-milka-sokoladas-dovanos-smaliziams.jpg","type":"image\/jpeg"}],"twitter_card":"summary_large_image","schema":{"@context":"https:\/\/schema.org","@graph":[{"@type":"WebPage","@id":"https:\/\/www.gintaresgeles.lt\/en\/puokste\/a-bouquet-of-sweets-milka\/","url":"https:\/\/www.gintaresgeles.lt\/en\/puokste\/a-bouquet-of-sweets-milka\/","name":"A bouquet of sweets \u201eMilka\u201c | Gintar\u0117s G\u0117l\u0117s","isPartOf":{"@id":"https:\/\/www.gintaresgeles.lt\/en\/#website"},"primaryImageOfPage":{"@id":"https:\/\/www.gintaresgeles.lt\/en\/puokste\/a-bouquet-of-sweets-milka\/#primaryimage"},"image":{"@id":"https:\/\/www.gintaresgeles.lt\/en\/puokste\/a-bouquet-of-sweets-milka\/#primaryimage"},"thumbnailUrl":"https:\/\/www.gintaresgeles.lt\/wp-content\/uploads\/2022\/07\/saldainiu-puokstes-milka-sokoladas-dovanos-smaliziams.jpg","datePublished":"2022-07-11T08:48:22+00:00","dateModified":"2025-01-31T09:17:59+00:00","description":"Make a friend or loved one happy by sending this sweet gift of Milka chocolate and bars directly to your home or workplace.","breadcrumb":{"@id":"https:\/\/www.gintaresgeles.lt\/en\/puokste\/a-bouquet-of-sweets-milka\/#breadcrumb"},"inLanguage":"en-US","potentialAction":[{"@type":"ReadAction","target":["https:\/\/www.gintaresgeles.lt\/en\/puokste\/a-bouquet-of-sweets-milka\/"]}]},{"@type":"ImageObject","inLanguage":"en-US","@id":"https:\/\/www.gintaresgeles.lt\/en\/puokste\/a-bouquet-of-sweets-milka\/#primaryimage","url":"https:\/\/www.gintaresgeles.lt\/wp-content\/uploads\/2022\/07\/saldainiu-puokstes-milka-sokoladas-dovanos-smaliziams.jpg","contentUrl":"https:\/\/www.gintaresgeles.lt\/wp-content\/uploads\/2022\/07\/saldainiu-puokstes-milka-sokoladas-dovanos-smaliziams.jpg","width":1200,"height":1200,"caption":"Valgomos \u0161okoladini\u0173 saldaini\u0173 puok\u0161t\u0117s i\u0161 milkos plyteli\u0173 dovana draugei"},{"@type":"BreadcrumbList","@id":"https:\/\/www.gintaresgeles.lt\/en\/puokste\/a-bouquet-of-sweets-milka\/#breadcrumb","itemListElement":[{"@type":"ListItem","position":1,"name":"Prad\u017eia","item":"https:\/\/www.gintaresgeles.lt\/en\/"},{"@type":"ListItem","position":2,"name":"All flowers and other products","item":"https:\/\/www.gintaresgeles.lt\/en\/all-flowers-and-other-products\/"},{"@type":"ListItem","position":3,"name":"A bouquet of sweets \u201eMilka\u201c"}]},{"@type":"WebSite","@id":"https:\/\/www.gintaresgeles.lt\/en\/#website","url":"https:\/\/www.gintaresgeles.lt\/en\/","name":"gintaresgeles.lt","description":"G\u0117li\u0173 parduotuv\u0117 internete","potentialAction":[{"@type":"SearchAction","target":{"@type":"EntryPoint","urlTemplate":"https:\/\/www.gintaresgeles.lt\/en\/?s={search_term_string}"},"query-input":{"@type":"PropertyValueSpecification","valueRequired":true,"valueName":"search_term_string"}}],"inLanguage":"en-US"}]}},"_links":{"self":[{"href":"https:\/\/www.gintaresgeles.lt\/en\/wp-json\/wp\/v2\/product\/44392","targetHints":{"allow":["GET"]}}],"collection":[{"href":"https:\/\/www.gintaresgeles.lt\/en\/wp-json\/wp\/v2\/product"}],"about":[{"href":"https:\/\/www.gintaresgeles.lt\/en\/wp-json\/wp\/v2\/types\/product"}],"wp:featuredmedia":[{"embeddable":true,"href":"https:\/\/www.gintaresgeles.lt\/en\/wp-json\/wp\/v2\/media\/43934"}],"wp:attachment":[{"href":"https:\/\/www.gintaresgeles.lt\/en\/wp-json\/wp\/v2\/media?parent=44392"}],"wp:term":[{"taxonomy":"product_brand","embeddable":true,"href":"https:\/\/www.gintaresgeles.lt\/en\/wp-json\/wp\/v2\/product_brand?post=44392"},{"taxonomy":"product_cat","embeddable":true,"href":"https:\/\/www.gintaresgeles.lt\/en\/wp-json\/wp\/v2\/product_cat?post=44392"},{"taxonomy":"product_tag","embeddable":true,"href":"https:\/\/www.gintaresgeles.lt\/en\/wp-json\/wp\/v2\/product_tag?post=44392"}],"curies":[{"name":"wp","href":"https:\/\/api.w.org\/{rel}","templated":true}]}}