{"id":44393,"date":"2022-07-08T21:59:40","date_gmt":"2022-07-08T18:59:40","guid":{"rendered":"https:\/\/www.gintaresgeles.lt\/puokste\/a-bouquet-of-sweets-chocolate-coconut\/"},"modified":"2025-01-31T11:18:47","modified_gmt":"2025-01-31T09:18:47","slug":"a-bouquet-of-sweets-chocolate-coconut","status":"publish","type":"product","link":"https:\/\/www.gintaresgeles.lt\/en\/puokste\/a-bouquet-of-sweets-chocolate-coconut\/","title":{"rendered":"A bouquet of sweets \u201eChocolate coconut\u201c"},"content":{"rendered":"","protected":false},"excerpt":{"rendered":"<p>Give this bouquet of chocolate bars to a loved one or someone close to you and let them enjoy the sweet moment wherever they are!<\/p>\n<p>The bouquet consists of:<\/p>\n<p>12 pcs. Bounty chocolate bars;<\/p>\n<p>3 pcs. RITTER SPORT milk chocolate bars.<\/p>\n","protected":false},"featured_media":43917,"template":"","meta":[],"product_brand":[],"product_cat":[261,260,259,252,266,256,258,253,257,237,428,262,263,264,1967,1981],"product_tag":[],"class_list":{"0":"post-44393","1":"product","2":"type-product","3":"status-publish","4":"has-post-thumbnail","6":"product_cat-birthday-bouquets","7":"product_cat-birthday-flowers","8":"product_cat-flowers-by-occasion","9":"product_cat-flowers-by-recipient","10":"product_cat-flowers-by-style","11":"product_cat-flowers-for-girlfriend","12":"product_cat-flowers-for-men","13":"product_cat-flowers-for-mom","14":"product_cat-flowers-for-women","15":"product_cat-gifts","16":"product_cat-jubilee-flowers","17":"product_cat-march8th-flowers","18":"product_cat-mothers-day-flowers","19":"product_cat-valentines-day-flowers","20":"product_cat-edible-bouquets","21":"product_cat-sweets","22":"tm-has-options","24":"first","25":"outofstock","26":"taxable","27":"shipping-taxable","28":"purchasable","29":"product-type-simple"},"yoast_head":"<!-- This site is optimized with the Yoast SEO plugin v25.3 - https:\/\/yoast.com\/wordpress\/plugins\/seo\/ -->\n<title>A bouquet of sweets \u201eChocolate coconut\u201c | Ginatr\u0117s G\u0117l\u0117s<\/title>\n<meta name=\"description\" content=\"Do you want to unexpectedly surprise and spoil a friend or relative with a sweet gift? This edible bouquet of chocolate bars is perfect for that.\" \/>\n<meta name=\"robots\" content=\"index, follow, max-snippet:-1, max-image-preview:large, max-video-preview:-1\" \/>\n<link rel=\"canonical\" href=\"https:\/\/www.gintaresgeles.lt\/en\/puokste\/a-bouquet-of-sweets-chocolate-coconut\/\" \/>\n<meta property=\"og:locale\" content=\"en_US\" \/>\n<meta property=\"og:type\" content=\"article\" \/>\n<meta property=\"og:title\" content=\"A bouquet of sweets \u201eChocolate coconut\u201c | Ginatr\u0117s G\u0117l\u0117s\" \/>\n<meta property=\"og:description\" content=\"Do you want to unexpectedly surprise and spoil a friend or relative with a sweet gift? This edible bouquet of chocolate bars is perfect for that.\" \/>\n<meta property=\"og:url\" content=\"https:\/\/www.gintaresgeles.lt\/en\/puokste\/a-bouquet-of-sweets-chocolate-coconut\/\" \/>\n<meta property=\"og:site_name\" content=\"gintaresgeles.lt\" \/>\n<meta property=\"article:modified_time\" content=\"2025-01-31T09:18:47+00:00\" \/>\n<meta property=\"og:image\" content=\"https:\/\/www.gintaresgeles.lt\/wp-content\/uploads\/2022\/07\/valgomos-puokstes-is-sokoladiniu-batoneliu-gimtadienio-proga.jpg\" \/>\n\t<meta property=\"og:image:width\" content=\"1200\" \/>\n\t<meta property=\"og:image:height\" content=\"1200\" \/>\n\t<meta property=\"og:image:type\" content=\"image\/jpeg\" \/>\n<meta name=\"twitter:card\" content=\"summary_large_image\" \/>\n<script type=\"application\/ld+json\" class=\"yoast-schema-graph\">{\"@context\":\"https:\/\/schema.org\",\"@graph\":[{\"@type\":\"WebPage\",\"@id\":\"https:\/\/www.gintaresgeles.lt\/en\/puokste\/a-bouquet-of-sweets-chocolate-coconut\/\",\"url\":\"https:\/\/www.gintaresgeles.lt\/en\/puokste\/a-bouquet-of-sweets-chocolate-coconut\/\",\"name\":\"A bouquet of sweets \u201eChocolate coconut\u201c | Ginatr\u0117s G\u0117l\u0117s\",\"isPartOf\":{\"@id\":\"https:\/\/www.gintaresgeles.lt\/en\/#website\"},\"primaryImageOfPage\":{\"@id\":\"https:\/\/www.gintaresgeles.lt\/en\/puokste\/a-bouquet-of-sweets-chocolate-coconut\/#primaryimage\"},\"image\":{\"@id\":\"https:\/\/www.gintaresgeles.lt\/en\/puokste\/a-bouquet-of-sweets-chocolate-coconut\/#primaryimage\"},\"thumbnailUrl\":\"https:\/\/www.gintaresgeles.lt\/wp-content\/uploads\/2022\/07\/valgomos-puokstes-is-sokoladiniu-batoneliu-gimtadienio-proga.jpg\",\"datePublished\":\"2022-07-08T18:59:40+00:00\",\"dateModified\":\"2025-01-31T09:18:47+00:00\",\"description\":\"Do you want to unexpectedly surprise and spoil a friend or relative with a sweet gift? This edible bouquet of chocolate bars is perfect for that.\",\"breadcrumb\":{\"@id\":\"https:\/\/www.gintaresgeles.lt\/en\/puokste\/a-bouquet-of-sweets-chocolate-coconut\/#breadcrumb\"},\"inLanguage\":\"en-US\",\"potentialAction\":[{\"@type\":\"ReadAction\",\"target\":[\"https:\/\/www.gintaresgeles.lt\/en\/puokste\/a-bouquet-of-sweets-chocolate-coconut\/\"]}]},{\"@type\":\"ImageObject\",\"inLanguage\":\"en-US\",\"@id\":\"https:\/\/www.gintaresgeles.lt\/en\/puokste\/a-bouquet-of-sweets-chocolate-coconut\/#primaryimage\",\"url\":\"https:\/\/www.gintaresgeles.lt\/wp-content\/uploads\/2022\/07\/valgomos-puokstes-is-sokoladiniu-batoneliu-gimtadienio-proga.jpg\",\"contentUrl\":\"https:\/\/www.gintaresgeles.lt\/wp-content\/uploads\/2022\/07\/valgomos-puokstes-is-sokoladiniu-batoneliu-gimtadienio-proga.jpg\",\"width\":1200,\"height\":1200,\"caption\":\"Valgomos \u0161okoladini\u0173 saldaini\u0173 puok\u0161t\u0117s\"},{\"@type\":\"BreadcrumbList\",\"@id\":\"https:\/\/www.gintaresgeles.lt\/en\/puokste\/a-bouquet-of-sweets-chocolate-coconut\/#breadcrumb\",\"itemListElement\":[{\"@type\":\"ListItem\",\"position\":1,\"name\":\"Prad\u017eia\",\"item\":\"https:\/\/www.gintaresgeles.lt\/en\/\"},{\"@type\":\"ListItem\",\"position\":2,\"name\":\"All flowers and other products\",\"item\":\"https:\/\/www.gintaresgeles.lt\/en\/all-flowers-and-other-products\/\"},{\"@type\":\"ListItem\",\"position\":3,\"name\":\"A bouquet of sweets \u201eChocolate coconut\u201c\"}]},{\"@type\":\"WebSite\",\"@id\":\"https:\/\/www.gintaresgeles.lt\/en\/#website\",\"url\":\"https:\/\/www.gintaresgeles.lt\/en\/\",\"name\":\"Gintares Geles\",\"description\":\"Flower delivery in Vilnius | Same-day delivery | Gintares geles\",\"potentialAction\":[{\"@type\":\"SearchAction\",\"target\":{\"@type\":\"EntryPoint\",\"urlTemplate\":\"https:\/\/www.gintaresgeles.lt\/en\/?s={search_term_string}\"},\"query-input\":{\"@type\":\"PropertyValueSpecification\",\"valueRequired\":true,\"valueName\":\"search_term_string\"}}],\"inLanguage\":\"en-US\"}]}<\/script>\n<!-- \/ Yoast SEO plugin. -->","yoast_head_json":{"title":"A bouquet of sweets \u201eChocolate coconut\u201c | Ginatr\u0117s G\u0117l\u0117s","description":"Do you want to unexpectedly surprise and spoil a friend or relative with a sweet gift? This edible bouquet of chocolate bars is perfect for that.","robots":{"index":"index","follow":"follow","max-snippet":"max-snippet:-1","max-image-preview":"max-image-preview:large","max-video-preview":"max-video-preview:-1"},"canonical":"https:\/\/www.gintaresgeles.lt\/en\/puokste\/a-bouquet-of-sweets-chocolate-coconut\/","og_locale":"en_US","og_type":"article","og_title":"A bouquet of sweets \u201eChocolate coconut\u201c | Ginatr\u0117s G\u0117l\u0117s","og_description":"Do you want to unexpectedly surprise and spoil a friend or relative with a sweet gift? This edible bouquet of chocolate bars is perfect for that.","og_url":"https:\/\/www.gintaresgeles.lt\/en\/puokste\/a-bouquet-of-sweets-chocolate-coconut\/","og_site_name":"gintaresgeles.lt","article_modified_time":"2025-01-31T09:18:47+00:00","og_image":[{"width":1200,"height":1200,"url":"https:\/\/www.gintaresgeles.lt\/wp-content\/uploads\/2022\/07\/valgomos-puokstes-is-sokoladiniu-batoneliu-gimtadienio-proga.jpg","type":"image\/jpeg"}],"twitter_card":"summary_large_image","schema":{"@context":"https:\/\/schema.org","@graph":[{"@type":"WebPage","@id":"https:\/\/www.gintaresgeles.lt\/en\/puokste\/a-bouquet-of-sweets-chocolate-coconut\/","url":"https:\/\/www.gintaresgeles.lt\/en\/puokste\/a-bouquet-of-sweets-chocolate-coconut\/","name":"A bouquet of sweets \u201eChocolate coconut\u201c | Ginatr\u0117s G\u0117l\u0117s","isPartOf":{"@id":"https:\/\/www.gintaresgeles.lt\/en\/#website"},"primaryImageOfPage":{"@id":"https:\/\/www.gintaresgeles.lt\/en\/puokste\/a-bouquet-of-sweets-chocolate-coconut\/#primaryimage"},"image":{"@id":"https:\/\/www.gintaresgeles.lt\/en\/puokste\/a-bouquet-of-sweets-chocolate-coconut\/#primaryimage"},"thumbnailUrl":"https:\/\/www.gintaresgeles.lt\/wp-content\/uploads\/2022\/07\/valgomos-puokstes-is-sokoladiniu-batoneliu-gimtadienio-proga.jpg","datePublished":"2022-07-08T18:59:40+00:00","dateModified":"2025-01-31T09:18:47+00:00","description":"Do you want to unexpectedly surprise and spoil a friend or relative with a sweet gift? This edible bouquet of chocolate bars is perfect for that.","breadcrumb":{"@id":"https:\/\/www.gintaresgeles.lt\/en\/puokste\/a-bouquet-of-sweets-chocolate-coconut\/#breadcrumb"},"inLanguage":"en-US","potentialAction":[{"@type":"ReadAction","target":["https:\/\/www.gintaresgeles.lt\/en\/puokste\/a-bouquet-of-sweets-chocolate-coconut\/"]}]},{"@type":"ImageObject","inLanguage":"en-US","@id":"https:\/\/www.gintaresgeles.lt\/en\/puokste\/a-bouquet-of-sweets-chocolate-coconut\/#primaryimage","url":"https:\/\/www.gintaresgeles.lt\/wp-content\/uploads\/2022\/07\/valgomos-puokstes-is-sokoladiniu-batoneliu-gimtadienio-proga.jpg","contentUrl":"https:\/\/www.gintaresgeles.lt\/wp-content\/uploads\/2022\/07\/valgomos-puokstes-is-sokoladiniu-batoneliu-gimtadienio-proga.jpg","width":1200,"height":1200,"caption":"Valgomos \u0161okoladini\u0173 saldaini\u0173 puok\u0161t\u0117s"},{"@type":"BreadcrumbList","@id":"https:\/\/www.gintaresgeles.lt\/en\/puokste\/a-bouquet-of-sweets-chocolate-coconut\/#breadcrumb","itemListElement":[{"@type":"ListItem","position":1,"name":"Prad\u017eia","item":"https:\/\/www.gintaresgeles.lt\/en\/"},{"@type":"ListItem","position":2,"name":"All flowers and other products","item":"https:\/\/www.gintaresgeles.lt\/en\/all-flowers-and-other-products\/"},{"@type":"ListItem","position":3,"name":"A bouquet of sweets \u201eChocolate coconut\u201c"}]},{"@type":"WebSite","@id":"https:\/\/www.gintaresgeles.lt\/en\/#website","url":"https:\/\/www.gintaresgeles.lt\/en\/","name":"Gintares Geles","description":"Flower delivery in Vilnius | Same-day delivery | Gintares geles","potentialAction":[{"@type":"SearchAction","target":{"@type":"EntryPoint","urlTemplate":"https:\/\/www.gintaresgeles.lt\/en\/?s={search_term_string}"},"query-input":{"@type":"PropertyValueSpecification","valueRequired":true,"valueName":"search_term_string"}}],"inLanguage":"en-US"}]}},"_links":{"self":[{"href":"https:\/\/www.gintaresgeles.lt\/en\/wp-json\/wp\/v2\/product\/44393","targetHints":{"allow":["GET"]}}],"collection":[{"href":"https:\/\/www.gintaresgeles.lt\/en\/wp-json\/wp\/v2\/product"}],"about":[{"href":"https:\/\/www.gintaresgeles.lt\/en\/wp-json\/wp\/v2\/types\/product"}],"wp:featuredmedia":[{"embeddable":true,"href":"https:\/\/www.gintaresgeles.lt\/en\/wp-json\/wp\/v2\/media\/43917"}],"wp:attachment":[{"href":"https:\/\/www.gintaresgeles.lt\/en\/wp-json\/wp\/v2\/media?parent=44393"}],"wp:term":[{"taxonomy":"product_brand","embeddable":true,"href":"https:\/\/www.gintaresgeles.lt\/en\/wp-json\/wp\/v2\/product_brand?post=44393"},{"taxonomy":"product_cat","embeddable":true,"href":"https:\/\/www.gintaresgeles.lt\/en\/wp-json\/wp\/v2\/product_cat?post=44393"},{"taxonomy":"product_tag","embeddable":true,"href":"https:\/\/www.gintaresgeles.lt\/en\/wp-json\/wp\/v2\/product_tag?post=44393"}],"curies":[{"name":"wp","href":"https:\/\/api.w.org\/{rel}","templated":true}]}}