{"id":44981,"date":"2022-08-18T20:57:32","date_gmt":"2022-08-18T17:57:32","guid":{"rendered":"https:\/\/www.gintaresgeles.lt\/puokste\/mourning-bouquet-of-white-chrysanthemums\/"},"modified":"2022-10-03T11:29:22","modified_gmt":"2022-10-03T08:29:22","slug":"mourning-bouquet-of-white-chrysanthemums","status":"publish","type":"product","link":"https:\/\/www.gintaresgeles.lt\/en\/puokste\/mourning-bouquet-of-white-chrysanthemums\/","title":{"rendered":"Mourning bouquet of white chrysanthemums"},"content":{"rendered":"","protected":false},"excerpt":{"rendered":"<p>A bouquet of white chrysanthemums is a traditional, classic and most common choice when choosing mourning flowers. You can choose a bouquet from different amounts of flowers.<\/p>\n","protected":false},"featured_media":44529,"template":"","meta":[],"product_brand":[],"product_cat":[259,266,265,1539,243,268],"product_tag":[],"class_list":{"0":"post-44981","1":"product","2":"type-product","3":"status-publish","4":"has-post-thumbnail","6":"product_cat-flowers-by-occasion","7":"product_cat-flowers-by-style","8":"product_cat-flowers-by-type","9":"product_cat-flowers-of-mourning","10":"product_cat-chrysanthemums","11":"product_cat-flower-bouquets","12":"tm-has-options","14":"first","15":"instock","16":"taxable","17":"shipping-taxable","18":"purchasable","19":"product-type-variable","20":"has-default-attributes"},"yoast_head":"<!-- This site is optimized with the Yoast SEO plugin v25.3 - https:\/\/yoast.com\/wordpress\/plugins\/seo\/ -->\n<title>Mourning bouquet of white chrysanthemums | Gintar\u0117sG\u0117l\u0117s<\/title>\n<meta name=\"description\" content=\"In a difficult time for you, we will create a beautiful bouquet of white chrysanthemums, which you can order with delivery to the place you need.\" \/>\n<meta name=\"robots\" content=\"index, follow, max-snippet:-1, max-image-preview:large, max-video-preview:-1\" \/>\n<link rel=\"canonical\" href=\"https:\/\/www.gintaresgeles.lt\/en\/puokste\/mourning-bouquet-of-white-chrysanthemums\/\" \/>\n<meta property=\"og:locale\" content=\"en_US\" \/>\n<meta property=\"og:type\" content=\"article\" \/>\n<meta property=\"og:title\" content=\"Mourning bouquet of white chrysanthemums | Gintar\u0117sG\u0117l\u0117s\" \/>\n<meta property=\"og:description\" content=\"In a difficult time for you, we will create a beautiful bouquet of white chrysanthemums, which you can order with delivery to the place you need.\" \/>\n<meta property=\"og:url\" content=\"https:\/\/www.gintaresgeles.lt\/en\/puokste\/mourning-bouquet-of-white-chrysanthemums\/\" \/>\n<meta property=\"og:site_name\" content=\"gintaresgeles.lt\" \/>\n<meta property=\"article:modified_time\" content=\"2022-10-03T08:29:22+00:00\" \/>\n<meta property=\"og:image\" content=\"https:\/\/www.gintaresgeles.lt\/wp-content\/uploads\/2022\/08\/puokstes-gedului-baltu-chrizantemu-puokste.jpg\" \/>\n\t<meta property=\"og:image:width\" content=\"1200\" \/>\n\t<meta property=\"og:image:height\" content=\"1200\" \/>\n\t<meta property=\"og:image:type\" content=\"image\/jpeg\" \/>\n<meta name=\"twitter:card\" content=\"summary_large_image\" \/>\n<script type=\"application\/ld+json\" class=\"yoast-schema-graph\">{\"@context\":\"https:\/\/schema.org\",\"@graph\":[{\"@type\":\"WebPage\",\"@id\":\"https:\/\/www.gintaresgeles.lt\/en\/puokste\/mourning-bouquet-of-white-chrysanthemums\/\",\"url\":\"https:\/\/www.gintaresgeles.lt\/en\/puokste\/mourning-bouquet-of-white-chrysanthemums\/\",\"name\":\"Mourning bouquet of white chrysanthemums | Gintar\u0117sG\u0117l\u0117s\",\"isPartOf\":{\"@id\":\"https:\/\/www.gintaresgeles.lt\/en\/#website\"},\"primaryImageOfPage\":{\"@id\":\"https:\/\/www.gintaresgeles.lt\/en\/puokste\/mourning-bouquet-of-white-chrysanthemums\/#primaryimage\"},\"image\":{\"@id\":\"https:\/\/www.gintaresgeles.lt\/en\/puokste\/mourning-bouquet-of-white-chrysanthemums\/#primaryimage\"},\"thumbnailUrl\":\"https:\/\/www.gintaresgeles.lt\/wp-content\/uploads\/2022\/08\/puokstes-gedului-baltu-chrizantemu-puokste.jpg\",\"datePublished\":\"2022-08-18T17:57:32+00:00\",\"dateModified\":\"2022-10-03T08:29:22+00:00\",\"description\":\"In a difficult time for you, we will create a beautiful bouquet of white chrysanthemums, which you can order with delivery to the place you need.\",\"breadcrumb\":{\"@id\":\"https:\/\/www.gintaresgeles.lt\/en\/puokste\/mourning-bouquet-of-white-chrysanthemums\/#breadcrumb\"},\"inLanguage\":\"en-US\",\"potentialAction\":[{\"@type\":\"ReadAction\",\"target\":[\"https:\/\/www.gintaresgeles.lt\/en\/puokste\/mourning-bouquet-of-white-chrysanthemums\/\"]}]},{\"@type\":\"ImageObject\",\"inLanguage\":\"en-US\",\"@id\":\"https:\/\/www.gintaresgeles.lt\/en\/puokste\/mourning-bouquet-of-white-chrysanthemums\/#primaryimage\",\"url\":\"https:\/\/www.gintaresgeles.lt\/wp-content\/uploads\/2022\/08\/puokstes-gedului-baltu-chrizantemu-puokste.jpg\",\"contentUrl\":\"https:\/\/www.gintaresgeles.lt\/wp-content\/uploads\/2022\/08\/puokstes-gedului-baltu-chrizantemu-puokste.jpg\",\"width\":1200,\"height\":1200,\"caption\":\"Baltos chrizantemos puok\u0161t\u0117je g\u0117l\u0117s gedului\"},{\"@type\":\"BreadcrumbList\",\"@id\":\"https:\/\/www.gintaresgeles.lt\/en\/puokste\/mourning-bouquet-of-white-chrysanthemums\/#breadcrumb\",\"itemListElement\":[{\"@type\":\"ListItem\",\"position\":1,\"name\":\"Prad\u017eia\",\"item\":\"https:\/\/www.gintaresgeles.lt\/en\/\"},{\"@type\":\"ListItem\",\"position\":2,\"name\":\"All flowers and other products\",\"item\":\"https:\/\/www.gintaresgeles.lt\/en\/all-flowers-and-other-products\/\"},{\"@type\":\"ListItem\",\"position\":3,\"name\":\"Mourning bouquet of white chrysanthemums\"}]},{\"@type\":\"WebSite\",\"@id\":\"https:\/\/www.gintaresgeles.lt\/en\/#website\",\"url\":\"https:\/\/www.gintaresgeles.lt\/en\/\",\"name\":\"Gintares Geles\",\"description\":\"Flower delivery in Vilnius | Same-day delivery | Gintares geles\",\"potentialAction\":[{\"@type\":\"SearchAction\",\"target\":{\"@type\":\"EntryPoint\",\"urlTemplate\":\"https:\/\/www.gintaresgeles.lt\/en\/?s={search_term_string}\"},\"query-input\":{\"@type\":\"PropertyValueSpecification\",\"valueRequired\":true,\"valueName\":\"search_term_string\"}}],\"inLanguage\":\"en-US\"}]}<\/script>\n<!-- \/ Yoast SEO plugin. -->","yoast_head_json":{"title":"Mourning bouquet of white chrysanthemums | Gintar\u0117sG\u0117l\u0117s","description":"In a difficult time for you, we will create a beautiful bouquet of white chrysanthemums, which you can order with delivery to the place you need.","robots":{"index":"index","follow":"follow","max-snippet":"max-snippet:-1","max-image-preview":"max-image-preview:large","max-video-preview":"max-video-preview:-1"},"canonical":"https:\/\/www.gintaresgeles.lt\/en\/puokste\/mourning-bouquet-of-white-chrysanthemums\/","og_locale":"en_US","og_type":"article","og_title":"Mourning bouquet of white chrysanthemums | Gintar\u0117sG\u0117l\u0117s","og_description":"In a difficult time for you, we will create a beautiful bouquet of white chrysanthemums, which you can order with delivery to the place you need.","og_url":"https:\/\/www.gintaresgeles.lt\/en\/puokste\/mourning-bouquet-of-white-chrysanthemums\/","og_site_name":"gintaresgeles.lt","article_modified_time":"2022-10-03T08:29:22+00:00","og_image":[{"width":1200,"height":1200,"url":"https:\/\/www.gintaresgeles.lt\/wp-content\/uploads\/2022\/08\/puokstes-gedului-baltu-chrizantemu-puokste.jpg","type":"image\/jpeg"}],"twitter_card":"summary_large_image","schema":{"@context":"https:\/\/schema.org","@graph":[{"@type":"WebPage","@id":"https:\/\/www.gintaresgeles.lt\/en\/puokste\/mourning-bouquet-of-white-chrysanthemums\/","url":"https:\/\/www.gintaresgeles.lt\/en\/puokste\/mourning-bouquet-of-white-chrysanthemums\/","name":"Mourning bouquet of white chrysanthemums | Gintar\u0117sG\u0117l\u0117s","isPartOf":{"@id":"https:\/\/www.gintaresgeles.lt\/en\/#website"},"primaryImageOfPage":{"@id":"https:\/\/www.gintaresgeles.lt\/en\/puokste\/mourning-bouquet-of-white-chrysanthemums\/#primaryimage"},"image":{"@id":"https:\/\/www.gintaresgeles.lt\/en\/puokste\/mourning-bouquet-of-white-chrysanthemums\/#primaryimage"},"thumbnailUrl":"https:\/\/www.gintaresgeles.lt\/wp-content\/uploads\/2022\/08\/puokstes-gedului-baltu-chrizantemu-puokste.jpg","datePublished":"2022-08-18T17:57:32+00:00","dateModified":"2022-10-03T08:29:22+00:00","description":"In a difficult time for you, we will create a beautiful bouquet of white chrysanthemums, which you can order with delivery to the place you need.","breadcrumb":{"@id":"https:\/\/www.gintaresgeles.lt\/en\/puokste\/mourning-bouquet-of-white-chrysanthemums\/#breadcrumb"},"inLanguage":"en-US","potentialAction":[{"@type":"ReadAction","target":["https:\/\/www.gintaresgeles.lt\/en\/puokste\/mourning-bouquet-of-white-chrysanthemums\/"]}]},{"@type":"ImageObject","inLanguage":"en-US","@id":"https:\/\/www.gintaresgeles.lt\/en\/puokste\/mourning-bouquet-of-white-chrysanthemums\/#primaryimage","url":"https:\/\/www.gintaresgeles.lt\/wp-content\/uploads\/2022\/08\/puokstes-gedului-baltu-chrizantemu-puokste.jpg","contentUrl":"https:\/\/www.gintaresgeles.lt\/wp-content\/uploads\/2022\/08\/puokstes-gedului-baltu-chrizantemu-puokste.jpg","width":1200,"height":1200,"caption":"Baltos chrizantemos puok\u0161t\u0117je g\u0117l\u0117s gedului"},{"@type":"BreadcrumbList","@id":"https:\/\/www.gintaresgeles.lt\/en\/puokste\/mourning-bouquet-of-white-chrysanthemums\/#breadcrumb","itemListElement":[{"@type":"ListItem","position":1,"name":"Prad\u017eia","item":"https:\/\/www.gintaresgeles.lt\/en\/"},{"@type":"ListItem","position":2,"name":"All flowers and other products","item":"https:\/\/www.gintaresgeles.lt\/en\/all-flowers-and-other-products\/"},{"@type":"ListItem","position":3,"name":"Mourning bouquet of white chrysanthemums"}]},{"@type":"WebSite","@id":"https:\/\/www.gintaresgeles.lt\/en\/#website","url":"https:\/\/www.gintaresgeles.lt\/en\/","name":"Gintares Geles","description":"Flower delivery in Vilnius | Same-day delivery | Gintares geles","potentialAction":[{"@type":"SearchAction","target":{"@type":"EntryPoint","urlTemplate":"https:\/\/www.gintaresgeles.lt\/en\/?s={search_term_string}"},"query-input":{"@type":"PropertyValueSpecification","valueRequired":true,"valueName":"search_term_string"}}],"inLanguage":"en-US"}]}},"_links":{"self":[{"href":"https:\/\/www.gintaresgeles.lt\/en\/wp-json\/wp\/v2\/product\/44981","targetHints":{"allow":["GET"]}}],"collection":[{"href":"https:\/\/www.gintaresgeles.lt\/en\/wp-json\/wp\/v2\/product"}],"about":[{"href":"https:\/\/www.gintaresgeles.lt\/en\/wp-json\/wp\/v2\/types\/product"}],"wp:featuredmedia":[{"embeddable":true,"href":"https:\/\/www.gintaresgeles.lt\/en\/wp-json\/wp\/v2\/media\/44529"}],"wp:attachment":[{"href":"https:\/\/www.gintaresgeles.lt\/en\/wp-json\/wp\/v2\/media?parent=44981"}],"wp:term":[{"taxonomy":"product_brand","embeddable":true,"href":"https:\/\/www.gintaresgeles.lt\/en\/wp-json\/wp\/v2\/product_brand?post=44981"},{"taxonomy":"product_cat","embeddable":true,"href":"https:\/\/www.gintaresgeles.lt\/en\/wp-json\/wp\/v2\/product_cat?post=44981"},{"taxonomy":"product_tag","embeddable":true,"href":"https:\/\/www.gintaresgeles.lt\/en\/wp-json\/wp\/v2\/product_tag?post=44981"}],"curies":[{"name":"wp","href":"https:\/\/api.w.org\/{rel}","templated":true}]}}