{"id":44994,"date":"2022-08-10T18:40:01","date_gmt":"2022-08-10T15:40:01","guid":{"rendered":"https:\/\/www.gintaresgeles.lt\/puokste\/whiskey-ballantines-12yo-40-0-7l\/"},"modified":"2023-12-21T10:56:59","modified_gmt":"2023-12-21T08:56:59","slug":"whiskey-ballantines-12yo-40-0-7l","status":"publish","type":"product","link":"https:\/\/www.gintaresgeles.lt\/en\/puokste\/whiskey-ballantines-12yo-40-0-7l\/","title":{"rendered":"Whiskey &#8220;Ballantine&#8217;s 12YO&#8221; 40% 0.7L"},"content":{"rendered":"","protected":false},"excerpt":{"rendered":"<p>Whiskey &#8220;Ballantine&#8217;s 12YO&#8221; 40% 0.7l has a long-lasting, sweet and refreshing aftertaste. This alcoholic drink is perfect for giving to men, when you want to give not only a bouquet of flowers, but also a symbolic gift.<\/p>\n<p>The drink is packed in a cardboard box.<\/p>\n","protected":false},"featured_media":44379,"template":"","meta":[],"product_brand":[],"product_cat":[237,1978],"product_tag":[],"class_list":{"0":"post-44994","1":"product","2":"type-product","3":"status-publish","4":"has-post-thumbnail","6":"product_cat-gifts","7":"product_cat-alcohol","8":"tm-has-options","10":"first","11":"outofstock","12":"taxable","13":"shipping-taxable","14":"purchasable","15":"product-type-simple"},"yoast_head":"<!-- This site is optimized with the Yoast SEO plugin v25.3 - https:\/\/yoast.com\/wordpress\/plugins\/seo\/ -->\n<title>Whiskey &quot;Ballantine&#039;s 12YO&quot; | Gintar\u0117s g\u0117l\u0117s<\/title>\n<meta name=\"description\" content=\"Make the perfect gift for your boss or best friend with a box of your choice of flowers and Ballantine&#039;s 12YO whiskey.\" \/>\n<meta name=\"robots\" content=\"index, follow, max-snippet:-1, max-image-preview:large, max-video-preview:-1\" \/>\n<link rel=\"canonical\" href=\"https:\/\/www.gintaresgeles.lt\/en\/puokste\/whiskey-ballantines-12yo-40-0-7l\/\" \/>\n<meta property=\"og:locale\" content=\"en_US\" \/>\n<meta property=\"og:type\" content=\"article\" \/>\n<meta property=\"og:title\" content=\"Whiskey &quot;Ballantine&#039;s 12YO&quot; | Gintar\u0117s g\u0117l\u0117s\" \/>\n<meta property=\"og:description\" content=\"Make the perfect gift for your boss or best friend with a box of your choice of flowers and Ballantine&#039;s 12YO whiskey.\" \/>\n<meta property=\"og:url\" content=\"https:\/\/www.gintaresgeles.lt\/en\/puokste\/whiskey-ballantines-12yo-40-0-7l\/\" \/>\n<meta property=\"og:site_name\" content=\"gintaresgeles.lt\" \/>\n<meta property=\"article:modified_time\" content=\"2023-12-21T08:56:59+00:00\" \/>\n<meta property=\"og:image\" content=\"https:\/\/www.gintaresgeles.lt\/wp-content\/uploads\/2022\/08\/viskis-ballantines-12yo-dovana-teciui.jpg\" \/>\n\t<meta property=\"og:image:width\" content=\"600\" \/>\n\t<meta property=\"og:image:height\" content=\"600\" \/>\n\t<meta property=\"og:image:type\" content=\"image\/jpeg\" \/>\n<meta name=\"twitter:card\" content=\"summary_large_image\" \/>\n<script type=\"application\/ld+json\" class=\"yoast-schema-graph\">{\"@context\":\"https:\/\/schema.org\",\"@graph\":[{\"@type\":\"WebPage\",\"@id\":\"https:\/\/www.gintaresgeles.lt\/en\/puokste\/whiskey-ballantines-12yo-40-0-7l\/\",\"url\":\"https:\/\/www.gintaresgeles.lt\/en\/puokste\/whiskey-ballantines-12yo-40-0-7l\/\",\"name\":\"Whiskey \\\"Ballantine's 12YO\\\" | Gintar\u0117s g\u0117l\u0117s\",\"isPartOf\":{\"@id\":\"https:\/\/www.gintaresgeles.lt\/en\/#website\"},\"primaryImageOfPage\":{\"@id\":\"https:\/\/www.gintaresgeles.lt\/en\/puokste\/whiskey-ballantines-12yo-40-0-7l\/#primaryimage\"},\"image\":{\"@id\":\"https:\/\/www.gintaresgeles.lt\/en\/puokste\/whiskey-ballantines-12yo-40-0-7l\/#primaryimage\"},\"thumbnailUrl\":\"https:\/\/www.gintaresgeles.lt\/wp-content\/uploads\/2022\/08\/viskis-ballantines-12yo-dovana-teciui.jpg\",\"datePublished\":\"2022-08-10T15:40:01+00:00\",\"dateModified\":\"2023-12-21T08:56:59+00:00\",\"description\":\"Make the perfect gift for your boss or best friend with a box of your choice of flowers and Ballantine's 12YO whiskey.\",\"breadcrumb\":{\"@id\":\"https:\/\/www.gintaresgeles.lt\/en\/puokste\/whiskey-ballantines-12yo-40-0-7l\/#breadcrumb\"},\"inLanguage\":\"en-US\",\"potentialAction\":[{\"@type\":\"ReadAction\",\"target\":[\"https:\/\/www.gintaresgeles.lt\/en\/puokste\/whiskey-ballantines-12yo-40-0-7l\/\"]}]},{\"@type\":\"ImageObject\",\"inLanguage\":\"en-US\",\"@id\":\"https:\/\/www.gintaresgeles.lt\/en\/puokste\/whiskey-ballantines-12yo-40-0-7l\/#primaryimage\",\"url\":\"https:\/\/www.gintaresgeles.lt\/wp-content\/uploads\/2022\/08\/viskis-ballantines-12yo-dovana-teciui.jpg\",\"contentUrl\":\"https:\/\/www.gintaresgeles.lt\/wp-content\/uploads\/2022\/08\/viskis-ballantines-12yo-dovana-teciui.jpg\",\"width\":600,\"height\":600,\"caption\":\"Dovana bosui viskis Ballantine's\"},{\"@type\":\"BreadcrumbList\",\"@id\":\"https:\/\/www.gintaresgeles.lt\/en\/puokste\/whiskey-ballantines-12yo-40-0-7l\/#breadcrumb\",\"itemListElement\":[{\"@type\":\"ListItem\",\"position\":1,\"name\":\"Prad\u017eia\",\"item\":\"https:\/\/www.gintaresgeles.lt\/en\/\"},{\"@type\":\"ListItem\",\"position\":2,\"name\":\"All flowers and other products\",\"item\":\"https:\/\/www.gintaresgeles.lt\/en\/all-flowers-and-other-products\/\"},{\"@type\":\"ListItem\",\"position\":3,\"name\":\"Whiskey &#8222;Ballantine&#8217;s 12YO&#8221; 40% 0.7L\"}]},{\"@type\":\"WebSite\",\"@id\":\"https:\/\/www.gintaresgeles.lt\/en\/#website\",\"url\":\"https:\/\/www.gintaresgeles.lt\/en\/\",\"name\":\"gintaresgeles.lt\",\"description\":\"G\u0117li\u0173 parduotuv\u0117 internete\",\"potentialAction\":[{\"@type\":\"SearchAction\",\"target\":{\"@type\":\"EntryPoint\",\"urlTemplate\":\"https:\/\/www.gintaresgeles.lt\/en\/?s={search_term_string}\"},\"query-input\":{\"@type\":\"PropertyValueSpecification\",\"valueRequired\":true,\"valueName\":\"search_term_string\"}}],\"inLanguage\":\"en-US\"}]}<\/script>\n<!-- \/ Yoast SEO plugin. -->","yoast_head_json":{"title":"Whiskey \"Ballantine's 12YO\" | Gintar\u0117s g\u0117l\u0117s","description":"Make the perfect gift for your boss or best friend with a box of your choice of flowers and Ballantine's 12YO whiskey.","robots":{"index":"index","follow":"follow","max-snippet":"max-snippet:-1","max-image-preview":"max-image-preview:large","max-video-preview":"max-video-preview:-1"},"canonical":"https:\/\/www.gintaresgeles.lt\/en\/puokste\/whiskey-ballantines-12yo-40-0-7l\/","og_locale":"en_US","og_type":"article","og_title":"Whiskey \"Ballantine's 12YO\" | Gintar\u0117s g\u0117l\u0117s","og_description":"Make the perfect gift for your boss or best friend with a box of your choice of flowers and Ballantine's 12YO whiskey.","og_url":"https:\/\/www.gintaresgeles.lt\/en\/puokste\/whiskey-ballantines-12yo-40-0-7l\/","og_site_name":"gintaresgeles.lt","article_modified_time":"2023-12-21T08:56:59+00:00","og_image":[{"width":600,"height":600,"url":"https:\/\/www.gintaresgeles.lt\/wp-content\/uploads\/2022\/08\/viskis-ballantines-12yo-dovana-teciui.jpg","type":"image\/jpeg"}],"twitter_card":"summary_large_image","schema":{"@context":"https:\/\/schema.org","@graph":[{"@type":"WebPage","@id":"https:\/\/www.gintaresgeles.lt\/en\/puokste\/whiskey-ballantines-12yo-40-0-7l\/","url":"https:\/\/www.gintaresgeles.lt\/en\/puokste\/whiskey-ballantines-12yo-40-0-7l\/","name":"Whiskey \"Ballantine's 12YO\" | Gintar\u0117s g\u0117l\u0117s","isPartOf":{"@id":"https:\/\/www.gintaresgeles.lt\/en\/#website"},"primaryImageOfPage":{"@id":"https:\/\/www.gintaresgeles.lt\/en\/puokste\/whiskey-ballantines-12yo-40-0-7l\/#primaryimage"},"image":{"@id":"https:\/\/www.gintaresgeles.lt\/en\/puokste\/whiskey-ballantines-12yo-40-0-7l\/#primaryimage"},"thumbnailUrl":"https:\/\/www.gintaresgeles.lt\/wp-content\/uploads\/2022\/08\/viskis-ballantines-12yo-dovana-teciui.jpg","datePublished":"2022-08-10T15:40:01+00:00","dateModified":"2023-12-21T08:56:59+00:00","description":"Make the perfect gift for your boss or best friend with a box of your choice of flowers and Ballantine's 12YO whiskey.","breadcrumb":{"@id":"https:\/\/www.gintaresgeles.lt\/en\/puokste\/whiskey-ballantines-12yo-40-0-7l\/#breadcrumb"},"inLanguage":"en-US","potentialAction":[{"@type":"ReadAction","target":["https:\/\/www.gintaresgeles.lt\/en\/puokste\/whiskey-ballantines-12yo-40-0-7l\/"]}]},{"@type":"ImageObject","inLanguage":"en-US","@id":"https:\/\/www.gintaresgeles.lt\/en\/puokste\/whiskey-ballantines-12yo-40-0-7l\/#primaryimage","url":"https:\/\/www.gintaresgeles.lt\/wp-content\/uploads\/2022\/08\/viskis-ballantines-12yo-dovana-teciui.jpg","contentUrl":"https:\/\/www.gintaresgeles.lt\/wp-content\/uploads\/2022\/08\/viskis-ballantines-12yo-dovana-teciui.jpg","width":600,"height":600,"caption":"Dovana bosui viskis Ballantine's"},{"@type":"BreadcrumbList","@id":"https:\/\/www.gintaresgeles.lt\/en\/puokste\/whiskey-ballantines-12yo-40-0-7l\/#breadcrumb","itemListElement":[{"@type":"ListItem","position":1,"name":"Prad\u017eia","item":"https:\/\/www.gintaresgeles.lt\/en\/"},{"@type":"ListItem","position":2,"name":"All flowers and other products","item":"https:\/\/www.gintaresgeles.lt\/en\/all-flowers-and-other-products\/"},{"@type":"ListItem","position":3,"name":"Whiskey &#8222;Ballantine&#8217;s 12YO&#8221; 40% 0.7L"}]},{"@type":"WebSite","@id":"https:\/\/www.gintaresgeles.lt\/en\/#website","url":"https:\/\/www.gintaresgeles.lt\/en\/","name":"gintaresgeles.lt","description":"G\u0117li\u0173 parduotuv\u0117 internete","potentialAction":[{"@type":"SearchAction","target":{"@type":"EntryPoint","urlTemplate":"https:\/\/www.gintaresgeles.lt\/en\/?s={search_term_string}"},"query-input":{"@type":"PropertyValueSpecification","valueRequired":true,"valueName":"search_term_string"}}],"inLanguage":"en-US"}]}},"_links":{"self":[{"href":"https:\/\/www.gintaresgeles.lt\/en\/wp-json\/wp\/v2\/product\/44994","targetHints":{"allow":["GET"]}}],"collection":[{"href":"https:\/\/www.gintaresgeles.lt\/en\/wp-json\/wp\/v2\/product"}],"about":[{"href":"https:\/\/www.gintaresgeles.lt\/en\/wp-json\/wp\/v2\/types\/product"}],"wp:featuredmedia":[{"embeddable":true,"href":"https:\/\/www.gintaresgeles.lt\/en\/wp-json\/wp\/v2\/media\/44379"}],"wp:attachment":[{"href":"https:\/\/www.gintaresgeles.lt\/en\/wp-json\/wp\/v2\/media?parent=44994"}],"wp:term":[{"taxonomy":"product_brand","embeddable":true,"href":"https:\/\/www.gintaresgeles.lt\/en\/wp-json\/wp\/v2\/product_brand?post=44994"},{"taxonomy":"product_cat","embeddable":true,"href":"https:\/\/www.gintaresgeles.lt\/en\/wp-json\/wp\/v2\/product_cat?post=44994"},{"taxonomy":"product_tag","embeddable":true,"href":"https:\/\/www.gintaresgeles.lt\/en\/wp-json\/wp\/v2\/product_tag?post=44994"}],"curies":[{"name":"wp","href":"https:\/\/api.w.org\/{rel}","templated":true}]}}