{"id":45000,"date":"2022-07-01T13:46:51","date_gmt":"2022-07-01T10:46:51","guid":{"rendered":"https:\/\/www.gintaresgeles.lt\/puokste\/dieffenbachia\/"},"modified":"2022-10-03T13:10:12","modified_gmt":"2022-10-03T10:10:12","slug":"dieffenbachia","status":"publish","type":"product","link":"https:\/\/www.gintaresgeles.lt\/en\/puokste\/dieffenbachia\/","title":{"rendered":"Dieffenbachia"},"content":{"rendered":"<p><strong>Watering and care<\/strong><\/p>\n<p>Water the plant thoroughly, but allow the soil to dry out slightly between waterings. Fallen leaves indicate that the plant is too dry. Water Dieffenbachia regularly with room temperature water and use a pot with drainage holes to keep its roots out of water.<\/p>\n<p><strong>Place<\/strong><\/p>\n<p>Dieffenbachia likes bright light, where there is no direct sunlight. Turn the plant a quarter turn every few days to get sunlight from all sides and encourage even growth.<\/p>\n<p><strong>Temperature<\/strong><\/p>\n<p>The ideal temperature is 18 &#8211; 24 degrees Celsius.<\/p>\n<p>Although this plant originates from the rainforests of South America, it tolerates moderate room humidity quite well and is easy to grow.<\/p>\n<p><strong>Transplantation<\/strong><\/p>\n<p>Dieffenbachia is recommended to be transplanted in spring or early summer, when the plant becomes too big for its pot. Always use a container with drainage holes to avoid waterlogging the soil.<\/p>\n<p>Pruning tip: Cut back Dieffenbachia if it gets too tall. Cut off the top of the plant with sharp pruning tools, leaving a few leaves. New leaves will sprout where the plant was cut.<\/p>\n<p><strong>Diseases and problems<\/strong><\/p>\n<p>Older Dieffenbachia leaves may turn yellow and fall, this is normal, but if new leaves fall, the plant is too cold. Keep it away from doors or windows where there may be cold drafts.<\/p>\n<p>The tips of the leaves may turn brown due to irregular watering. The plant should be watered regularly, but do not allow the soil to become soggy.<\/p>\n<p>Wrinkled, crispy leaf tips may indicate too much fertilizer. Wash the soil with clean water to wash away any accumulated fertilizer. Wait a month before feeding again.<\/p>\n<p>Leaves lose their variegation if they do not receive enough light. Give the plant bright light, but hide it from direct sunlight &#8211; they can burn the leaves of the plant (dry, brown spots appear).<\/p>\n","protected":false},"excerpt":{"rendered":"<p>Dieffenbachia is a popular indoor plant originating from Brazil. The plant&#8217;s beautiful, broad leaves are about 25 cm long and are striped or mottled in green and white.<\/p>\n<p><em>Dieffenbachia is sold with a decorative ceramic pot. Total height about 60cm.<\/em><\/p>\n","protected":false},"featured_media":43677,"template":"","meta":[],"product_brand":[],"product_cat":[260,1963],"product_tag":[],"class_list":{"0":"post-45000","1":"product","2":"type-product","3":"status-publish","4":"has-post-thumbnail","6":"product_cat-birthday-flowers","7":"product_cat-houseplants","8":"tm-has-options","10":"first","11":"outofstock","12":"taxable","13":"shipping-taxable","14":"purchasable","15":"product-type-simple"},"yoast_head":"<!-- This site is optimized with the Yoast SEO plugin v25.3 - https:\/\/yoast.com\/wordpress\/plugins\/seo\/ -->\n<title>Dieffenbachia | Indoor plants | Gintar\u0117s g\u0117l\u0117s<\/title>\n<meta name=\"description\" content=\"Dieffenbachia is a popular indoor plant left over from Brazil. The beautiful, wide, variegated leaves of the plant reach a length of about 25 cm.\" \/>\n<meta name=\"robots\" content=\"index, follow, max-snippet:-1, max-image-preview:large, max-video-preview:-1\" \/>\n<link rel=\"canonical\" href=\"https:\/\/www.gintaresgeles.lt\/en\/puokste\/dieffenbachia\/\" \/>\n<meta property=\"og:locale\" content=\"en_US\" \/>\n<meta property=\"og:type\" content=\"article\" \/>\n<meta property=\"og:title\" content=\"Dieffenbachia | Indoor plants | Gintar\u0117s g\u0117l\u0117s\" \/>\n<meta property=\"og:description\" content=\"Dieffenbachia is a popular indoor plant left over from Brazil. The beautiful, wide, variegated leaves of the plant reach a length of about 25 cm.\" \/>\n<meta property=\"og:url\" content=\"https:\/\/www.gintaresgeles.lt\/en\/puokste\/dieffenbachia\/\" \/>\n<meta property=\"og:site_name\" content=\"gintaresgeles.lt\" \/>\n<meta property=\"article:modified_time\" content=\"2022-10-03T10:10:12+00:00\" \/>\n<meta property=\"og:image\" content=\"https:\/\/www.gintaresgeles.lt\/wp-content\/uploads\/2022\/07\/kambariniai-augalai-Difenbachija.jpg\" \/>\n\t<meta property=\"og:image:width\" content=\"1200\" \/>\n\t<meta property=\"og:image:height\" content=\"1200\" \/>\n\t<meta property=\"og:image:type\" content=\"image\/jpeg\" \/>\n<meta name=\"twitter:card\" content=\"summary_large_image\" \/>\n<meta name=\"twitter:label1\" content=\"Est. reading time\" \/>\n\t<meta name=\"twitter:data1\" content=\"2 minutes\" \/>\n<script type=\"application\/ld+json\" class=\"yoast-schema-graph\">{\"@context\":\"https:\/\/schema.org\",\"@graph\":[{\"@type\":\"WebPage\",\"@id\":\"https:\/\/www.gintaresgeles.lt\/en\/puokste\/dieffenbachia\/\",\"url\":\"https:\/\/www.gintaresgeles.lt\/en\/puokste\/dieffenbachia\/\",\"name\":\"Dieffenbachia | Indoor plants | Gintar\u0117s g\u0117l\u0117s\",\"isPartOf\":{\"@id\":\"https:\/\/www.gintaresgeles.lt\/en\/#website\"},\"primaryImageOfPage\":{\"@id\":\"https:\/\/www.gintaresgeles.lt\/en\/puokste\/dieffenbachia\/#primaryimage\"},\"image\":{\"@id\":\"https:\/\/www.gintaresgeles.lt\/en\/puokste\/dieffenbachia\/#primaryimage\"},\"thumbnailUrl\":\"https:\/\/www.gintaresgeles.lt\/wp-content\/uploads\/2022\/07\/kambariniai-augalai-Difenbachija.jpg\",\"datePublished\":\"2022-07-01T10:46:51+00:00\",\"dateModified\":\"2022-10-03T10:10:12+00:00\",\"description\":\"Dieffenbachia is a popular indoor plant left over from Brazil. The beautiful, wide, variegated leaves of the plant reach a length of about 25 cm.\",\"breadcrumb\":{\"@id\":\"https:\/\/www.gintaresgeles.lt\/en\/puokste\/dieffenbachia\/#breadcrumb\"},\"inLanguage\":\"en-US\",\"potentialAction\":[{\"@type\":\"ReadAction\",\"target\":[\"https:\/\/www.gintaresgeles.lt\/en\/puokste\/dieffenbachia\/\"]}]},{\"@type\":\"ImageObject\",\"inLanguage\":\"en-US\",\"@id\":\"https:\/\/www.gintaresgeles.lt\/en\/puokste\/dieffenbachia\/#primaryimage\",\"url\":\"https:\/\/www.gintaresgeles.lt\/wp-content\/uploads\/2022\/07\/kambariniai-augalai-Difenbachija.jpg\",\"contentUrl\":\"https:\/\/www.gintaresgeles.lt\/wp-content\/uploads\/2022\/07\/kambariniai-augalai-Difenbachija.jpg\",\"width\":1200,\"height\":1200,\"caption\":\"Vazoniai augalai difenbachija su keramikiniu vazonu\"},{\"@type\":\"BreadcrumbList\",\"@id\":\"https:\/\/www.gintaresgeles.lt\/en\/puokste\/dieffenbachia\/#breadcrumb\",\"itemListElement\":[{\"@type\":\"ListItem\",\"position\":1,\"name\":\"Prad\u017eia\",\"item\":\"https:\/\/www.gintaresgeles.lt\/en\/\"},{\"@type\":\"ListItem\",\"position\":2,\"name\":\"All flowers and other products\",\"item\":\"https:\/\/www.gintaresgeles.lt\/en\/all-flowers-and-other-products\/\"},{\"@type\":\"ListItem\",\"position\":3,\"name\":\"Dieffenbachia\"}]},{\"@type\":\"WebSite\",\"@id\":\"https:\/\/www.gintaresgeles.lt\/en\/#website\",\"url\":\"https:\/\/www.gintaresgeles.lt\/en\/\",\"name\":\"gintaresgeles.lt\",\"description\":\"G\u0117li\u0173 parduotuv\u0117 internete\",\"potentialAction\":[{\"@type\":\"SearchAction\",\"target\":{\"@type\":\"EntryPoint\",\"urlTemplate\":\"https:\/\/www.gintaresgeles.lt\/en\/?s={search_term_string}\"},\"query-input\":{\"@type\":\"PropertyValueSpecification\",\"valueRequired\":true,\"valueName\":\"search_term_string\"}}],\"inLanguage\":\"en-US\"}]}<\/script>\n<!-- \/ Yoast SEO plugin. -->","yoast_head_json":{"title":"Dieffenbachia | Indoor plants | Gintar\u0117s g\u0117l\u0117s","description":"Dieffenbachia is a popular indoor plant left over from Brazil. The beautiful, wide, variegated leaves of the plant reach a length of about 25 cm.","robots":{"index":"index","follow":"follow","max-snippet":"max-snippet:-1","max-image-preview":"max-image-preview:large","max-video-preview":"max-video-preview:-1"},"canonical":"https:\/\/www.gintaresgeles.lt\/en\/puokste\/dieffenbachia\/","og_locale":"en_US","og_type":"article","og_title":"Dieffenbachia | Indoor plants | Gintar\u0117s g\u0117l\u0117s","og_description":"Dieffenbachia is a popular indoor plant left over from Brazil. The beautiful, wide, variegated leaves of the plant reach a length of about 25 cm.","og_url":"https:\/\/www.gintaresgeles.lt\/en\/puokste\/dieffenbachia\/","og_site_name":"gintaresgeles.lt","article_modified_time":"2022-10-03T10:10:12+00:00","og_image":[{"width":1200,"height":1200,"url":"https:\/\/www.gintaresgeles.lt\/wp-content\/uploads\/2022\/07\/kambariniai-augalai-Difenbachija.jpg","type":"image\/jpeg"}],"twitter_card":"summary_large_image","twitter_misc":{"Est. reading time":"2 minutes"},"schema":{"@context":"https:\/\/schema.org","@graph":[{"@type":"WebPage","@id":"https:\/\/www.gintaresgeles.lt\/en\/puokste\/dieffenbachia\/","url":"https:\/\/www.gintaresgeles.lt\/en\/puokste\/dieffenbachia\/","name":"Dieffenbachia | Indoor plants | Gintar\u0117s g\u0117l\u0117s","isPartOf":{"@id":"https:\/\/www.gintaresgeles.lt\/en\/#website"},"primaryImageOfPage":{"@id":"https:\/\/www.gintaresgeles.lt\/en\/puokste\/dieffenbachia\/#primaryimage"},"image":{"@id":"https:\/\/www.gintaresgeles.lt\/en\/puokste\/dieffenbachia\/#primaryimage"},"thumbnailUrl":"https:\/\/www.gintaresgeles.lt\/wp-content\/uploads\/2022\/07\/kambariniai-augalai-Difenbachija.jpg","datePublished":"2022-07-01T10:46:51+00:00","dateModified":"2022-10-03T10:10:12+00:00","description":"Dieffenbachia is a popular indoor plant left over from Brazil. The beautiful, wide, variegated leaves of the plant reach a length of about 25 cm.","breadcrumb":{"@id":"https:\/\/www.gintaresgeles.lt\/en\/puokste\/dieffenbachia\/#breadcrumb"},"inLanguage":"en-US","potentialAction":[{"@type":"ReadAction","target":["https:\/\/www.gintaresgeles.lt\/en\/puokste\/dieffenbachia\/"]}]},{"@type":"ImageObject","inLanguage":"en-US","@id":"https:\/\/www.gintaresgeles.lt\/en\/puokste\/dieffenbachia\/#primaryimage","url":"https:\/\/www.gintaresgeles.lt\/wp-content\/uploads\/2022\/07\/kambariniai-augalai-Difenbachija.jpg","contentUrl":"https:\/\/www.gintaresgeles.lt\/wp-content\/uploads\/2022\/07\/kambariniai-augalai-Difenbachija.jpg","width":1200,"height":1200,"caption":"Vazoniai augalai difenbachija su keramikiniu vazonu"},{"@type":"BreadcrumbList","@id":"https:\/\/www.gintaresgeles.lt\/en\/puokste\/dieffenbachia\/#breadcrumb","itemListElement":[{"@type":"ListItem","position":1,"name":"Prad\u017eia","item":"https:\/\/www.gintaresgeles.lt\/en\/"},{"@type":"ListItem","position":2,"name":"All flowers and other products","item":"https:\/\/www.gintaresgeles.lt\/en\/all-flowers-and-other-products\/"},{"@type":"ListItem","position":3,"name":"Dieffenbachia"}]},{"@type":"WebSite","@id":"https:\/\/www.gintaresgeles.lt\/en\/#website","url":"https:\/\/www.gintaresgeles.lt\/en\/","name":"gintaresgeles.lt","description":"G\u0117li\u0173 parduotuv\u0117 internete","potentialAction":[{"@type":"SearchAction","target":{"@type":"EntryPoint","urlTemplate":"https:\/\/www.gintaresgeles.lt\/en\/?s={search_term_string}"},"query-input":{"@type":"PropertyValueSpecification","valueRequired":true,"valueName":"search_term_string"}}],"inLanguage":"en-US"}]}},"_links":{"self":[{"href":"https:\/\/www.gintaresgeles.lt\/en\/wp-json\/wp\/v2\/product\/45000","targetHints":{"allow":["GET"]}}],"collection":[{"href":"https:\/\/www.gintaresgeles.lt\/en\/wp-json\/wp\/v2\/product"}],"about":[{"href":"https:\/\/www.gintaresgeles.lt\/en\/wp-json\/wp\/v2\/types\/product"}],"wp:featuredmedia":[{"embeddable":true,"href":"https:\/\/www.gintaresgeles.lt\/en\/wp-json\/wp\/v2\/media\/43677"}],"wp:attachment":[{"href":"https:\/\/www.gintaresgeles.lt\/en\/wp-json\/wp\/v2\/media?parent=45000"}],"wp:term":[{"taxonomy":"product_brand","embeddable":true,"href":"https:\/\/www.gintaresgeles.lt\/en\/wp-json\/wp\/v2\/product_brand?post=45000"},{"taxonomy":"product_cat","embeddable":true,"href":"https:\/\/www.gintaresgeles.lt\/en\/wp-json\/wp\/v2\/product_cat?post=45000"},{"taxonomy":"product_tag","embeddable":true,"href":"https:\/\/www.gintaresgeles.lt\/en\/wp-json\/wp\/v2\/product_tag?post=45000"}],"curies":[{"name":"wp","href":"https:\/\/api.w.org\/{rel}","templated":true}]}}