{"id":45060,"date":"2022-06-14T14:20:23","date_gmt":"2022-06-14T11:20:23","guid":{"rendered":"https:\/\/www.gintaresgeles.lt\/puokste\/foil-helium-balloon-underwater-world\/"},"modified":"2022-10-10T11:19:41","modified_gmt":"2022-10-10T08:19:41","slug":"foil-helium-balloon-underwater-world","status":"publish","type":"product","link":"https:\/\/www.gintaresgeles.lt\/en\/puokste\/foil-helium-balloon-underwater-world\/","title":{"rendered":"Foil helium balloon &#8220;Underwater World&#8221;"},"content":{"rendered":"","protected":false},"excerpt":{"rendered":"<p>Happy Birthday foil helium balloon makes a great birthday gift for kids or adults who are interested in the underwater world!<\/p>\n<p>The diameter of the inflated balloon is 46 cm.<\/p>\n","protected":false},"featured_media":42719,"template":"","meta":[],"product_brand":[],"product_cat":[270,1956,893,1959,894],"product_tag":[],"class_list":{"0":"post-45060","1":"product","2":"type-product","3":"status-publish","4":"has-post-thumbnail","6":"product_cat-helium-balloons","7":"product_cat-foil-helium-balloons","8":"product_cat-helium-balloons-for-birthday","9":"product_cat-helium-balloons-for-boys","10":"product_cat-helium-balloons-for-kids","11":"tm-has-options","13":"first","14":"instock","15":"taxable","16":"shipping-taxable","17":"purchasable","18":"product-type-simple"},"yoast_head":"<!-- This site is optimized with the Yoast SEO plugin v25.3 - https:\/\/yoast.com\/wordpress\/plugins\/seo\/ -->\n<title>Foil helium balloon &quot;Underwater World&quot; | Gintar\u0117s g\u0117l\u0117s<\/title>\n<meta name=\"description\" content=\"A foil birthday balloon with the depiction of ocean and sea inhabitants will certainly not leave you indifferent and will put a smile on everyone&#039;s face!\" \/>\n<meta name=\"robots\" content=\"index, follow, max-snippet:-1, max-image-preview:large, max-video-preview:-1\" \/>\n<link rel=\"canonical\" href=\"https:\/\/www.gintaresgeles.lt\/en\/puokste\/foil-helium-balloon-underwater-world\/\" \/>\n<meta property=\"og:locale\" content=\"en_US\" \/>\n<meta property=\"og:type\" content=\"article\" \/>\n<meta property=\"og:title\" content=\"Foil helium balloon &quot;Underwater World&quot; | Gintar\u0117s g\u0117l\u0117s\" \/>\n<meta property=\"og:description\" content=\"A foil birthday balloon with the depiction of ocean and sea inhabitants will certainly not leave you indifferent and will put a smile on everyone&#039;s face!\" \/>\n<meta property=\"og:url\" content=\"https:\/\/www.gintaresgeles.lt\/en\/puokste\/foil-helium-balloon-underwater-world\/\" \/>\n<meta property=\"og:site_name\" content=\"gintaresgeles.lt\" \/>\n<meta property=\"article:modified_time\" content=\"2022-10-10T08:19:41+00:00\" \/>\n<meta property=\"og:image\" content=\"https:\/\/www.gintaresgeles.lt\/wp-content\/uploads\/2022\/06\/folinis-helio-balionas-po-vandeniu.png\" \/>\n\t<meta property=\"og:image:width\" content=\"600\" \/>\n\t<meta property=\"og:image:height\" content=\"600\" \/>\n\t<meta property=\"og:image:type\" content=\"image\/png\" \/>\n<meta name=\"twitter:card\" content=\"summary_large_image\" \/>\n<script type=\"application\/ld+json\" class=\"yoast-schema-graph\">{\"@context\":\"https:\/\/schema.org\",\"@graph\":[{\"@type\":\"WebPage\",\"@id\":\"https:\/\/www.gintaresgeles.lt\/en\/puokste\/foil-helium-balloon-underwater-world\/\",\"url\":\"https:\/\/www.gintaresgeles.lt\/en\/puokste\/foil-helium-balloon-underwater-world\/\",\"name\":\"Foil helium balloon \\\"Underwater World\\\" | Gintar\u0117s g\u0117l\u0117s\",\"isPartOf\":{\"@id\":\"https:\/\/www.gintaresgeles.lt\/en\/#website\"},\"primaryImageOfPage\":{\"@id\":\"https:\/\/www.gintaresgeles.lt\/en\/puokste\/foil-helium-balloon-underwater-world\/#primaryimage\"},\"image\":{\"@id\":\"https:\/\/www.gintaresgeles.lt\/en\/puokste\/foil-helium-balloon-underwater-world\/#primaryimage\"},\"thumbnailUrl\":\"https:\/\/www.gintaresgeles.lt\/wp-content\/uploads\/2022\/06\/folinis-helio-balionas-po-vandeniu.png\",\"datePublished\":\"2022-06-14T11:20:23+00:00\",\"dateModified\":\"2022-10-10T08:19:41+00:00\",\"description\":\"A foil birthday balloon with the depiction of ocean and sea inhabitants will certainly not leave you indifferent and will put a smile on everyone's face!\",\"breadcrumb\":{\"@id\":\"https:\/\/www.gintaresgeles.lt\/en\/puokste\/foil-helium-balloon-underwater-world\/#breadcrumb\"},\"inLanguage\":\"en-US\",\"potentialAction\":[{\"@type\":\"ReadAction\",\"target\":[\"https:\/\/www.gintaresgeles.lt\/en\/puokste\/foil-helium-balloon-underwater-world\/\"]}]},{\"@type\":\"ImageObject\",\"inLanguage\":\"en-US\",\"@id\":\"https:\/\/www.gintaresgeles.lt\/en\/puokste\/foil-helium-balloon-underwater-world\/#primaryimage\",\"url\":\"https:\/\/www.gintaresgeles.lt\/wp-content\/uploads\/2022\/06\/folinis-helio-balionas-po-vandeniu.png\",\"contentUrl\":\"https:\/\/www.gintaresgeles.lt\/wp-content\/uploads\/2022\/06\/folinis-helio-balionas-po-vandeniu.png\",\"width\":600,\"height\":600,\"caption\":\"Folinis helio balionas\"},{\"@type\":\"BreadcrumbList\",\"@id\":\"https:\/\/www.gintaresgeles.lt\/en\/puokste\/foil-helium-balloon-underwater-world\/#breadcrumb\",\"itemListElement\":[{\"@type\":\"ListItem\",\"position\":1,\"name\":\"Prad\u017eia\",\"item\":\"https:\/\/www.gintaresgeles.lt\/en\/\"},{\"@type\":\"ListItem\",\"position\":2,\"name\":\"All flowers and other products\",\"item\":\"https:\/\/www.gintaresgeles.lt\/en\/all-flowers-and-other-products\/\"},{\"@type\":\"ListItem\",\"position\":3,\"name\":\"Foil helium balloon &#8222;Underwater World&#8221;\"}]},{\"@type\":\"WebSite\",\"@id\":\"https:\/\/www.gintaresgeles.lt\/en\/#website\",\"url\":\"https:\/\/www.gintaresgeles.lt\/en\/\",\"name\":\"gintaresgeles.lt\",\"description\":\"G\u0117li\u0173 parduotuv\u0117 internete\",\"potentialAction\":[{\"@type\":\"SearchAction\",\"target\":{\"@type\":\"EntryPoint\",\"urlTemplate\":\"https:\/\/www.gintaresgeles.lt\/en\/?s={search_term_string}\"},\"query-input\":{\"@type\":\"PropertyValueSpecification\",\"valueRequired\":true,\"valueName\":\"search_term_string\"}}],\"inLanguage\":\"en-US\"}]}<\/script>\n<!-- \/ Yoast SEO plugin. -->","yoast_head_json":{"title":"Foil helium balloon \"Underwater World\" | Gintar\u0117s g\u0117l\u0117s","description":"A foil birthday balloon with the depiction of ocean and sea inhabitants will certainly not leave you indifferent and will put a smile on everyone's face!","robots":{"index":"index","follow":"follow","max-snippet":"max-snippet:-1","max-image-preview":"max-image-preview:large","max-video-preview":"max-video-preview:-1"},"canonical":"https:\/\/www.gintaresgeles.lt\/en\/puokste\/foil-helium-balloon-underwater-world\/","og_locale":"en_US","og_type":"article","og_title":"Foil helium balloon \"Underwater World\" | Gintar\u0117s g\u0117l\u0117s","og_description":"A foil birthday balloon with the depiction of ocean and sea inhabitants will certainly not leave you indifferent and will put a smile on everyone's face!","og_url":"https:\/\/www.gintaresgeles.lt\/en\/puokste\/foil-helium-balloon-underwater-world\/","og_site_name":"gintaresgeles.lt","article_modified_time":"2022-10-10T08:19:41+00:00","og_image":[{"width":600,"height":600,"url":"https:\/\/www.gintaresgeles.lt\/wp-content\/uploads\/2022\/06\/folinis-helio-balionas-po-vandeniu.png","type":"image\/png"}],"twitter_card":"summary_large_image","schema":{"@context":"https:\/\/schema.org","@graph":[{"@type":"WebPage","@id":"https:\/\/www.gintaresgeles.lt\/en\/puokste\/foil-helium-balloon-underwater-world\/","url":"https:\/\/www.gintaresgeles.lt\/en\/puokste\/foil-helium-balloon-underwater-world\/","name":"Foil helium balloon \"Underwater World\" | Gintar\u0117s g\u0117l\u0117s","isPartOf":{"@id":"https:\/\/www.gintaresgeles.lt\/en\/#website"},"primaryImageOfPage":{"@id":"https:\/\/www.gintaresgeles.lt\/en\/puokste\/foil-helium-balloon-underwater-world\/#primaryimage"},"image":{"@id":"https:\/\/www.gintaresgeles.lt\/en\/puokste\/foil-helium-balloon-underwater-world\/#primaryimage"},"thumbnailUrl":"https:\/\/www.gintaresgeles.lt\/wp-content\/uploads\/2022\/06\/folinis-helio-balionas-po-vandeniu.png","datePublished":"2022-06-14T11:20:23+00:00","dateModified":"2022-10-10T08:19:41+00:00","description":"A foil birthday balloon with the depiction of ocean and sea inhabitants will certainly not leave you indifferent and will put a smile on everyone's face!","breadcrumb":{"@id":"https:\/\/www.gintaresgeles.lt\/en\/puokste\/foil-helium-balloon-underwater-world\/#breadcrumb"},"inLanguage":"en-US","potentialAction":[{"@type":"ReadAction","target":["https:\/\/www.gintaresgeles.lt\/en\/puokste\/foil-helium-balloon-underwater-world\/"]}]},{"@type":"ImageObject","inLanguage":"en-US","@id":"https:\/\/www.gintaresgeles.lt\/en\/puokste\/foil-helium-balloon-underwater-world\/#primaryimage","url":"https:\/\/www.gintaresgeles.lt\/wp-content\/uploads\/2022\/06\/folinis-helio-balionas-po-vandeniu.png","contentUrl":"https:\/\/www.gintaresgeles.lt\/wp-content\/uploads\/2022\/06\/folinis-helio-balionas-po-vandeniu.png","width":600,"height":600,"caption":"Folinis helio balionas"},{"@type":"BreadcrumbList","@id":"https:\/\/www.gintaresgeles.lt\/en\/puokste\/foil-helium-balloon-underwater-world\/#breadcrumb","itemListElement":[{"@type":"ListItem","position":1,"name":"Prad\u017eia","item":"https:\/\/www.gintaresgeles.lt\/en\/"},{"@type":"ListItem","position":2,"name":"All flowers and other products","item":"https:\/\/www.gintaresgeles.lt\/en\/all-flowers-and-other-products\/"},{"@type":"ListItem","position":3,"name":"Foil helium balloon &#8222;Underwater World&#8221;"}]},{"@type":"WebSite","@id":"https:\/\/www.gintaresgeles.lt\/en\/#website","url":"https:\/\/www.gintaresgeles.lt\/en\/","name":"gintaresgeles.lt","description":"G\u0117li\u0173 parduotuv\u0117 internete","potentialAction":[{"@type":"SearchAction","target":{"@type":"EntryPoint","urlTemplate":"https:\/\/www.gintaresgeles.lt\/en\/?s={search_term_string}"},"query-input":{"@type":"PropertyValueSpecification","valueRequired":true,"valueName":"search_term_string"}}],"inLanguage":"en-US"}]}},"_links":{"self":[{"href":"https:\/\/www.gintaresgeles.lt\/en\/wp-json\/wp\/v2\/product\/45060","targetHints":{"allow":["GET"]}}],"collection":[{"href":"https:\/\/www.gintaresgeles.lt\/en\/wp-json\/wp\/v2\/product"}],"about":[{"href":"https:\/\/www.gintaresgeles.lt\/en\/wp-json\/wp\/v2\/types\/product"}],"wp:featuredmedia":[{"embeddable":true,"href":"https:\/\/www.gintaresgeles.lt\/en\/wp-json\/wp\/v2\/media\/42719"}],"wp:attachment":[{"href":"https:\/\/www.gintaresgeles.lt\/en\/wp-json\/wp\/v2\/media?parent=45060"}],"wp:term":[{"taxonomy":"product_brand","embeddable":true,"href":"https:\/\/www.gintaresgeles.lt\/en\/wp-json\/wp\/v2\/product_brand?post=45060"},{"taxonomy":"product_cat","embeddable":true,"href":"https:\/\/www.gintaresgeles.lt\/en\/wp-json\/wp\/v2\/product_cat?post=45060"},{"taxonomy":"product_tag","embeddable":true,"href":"https:\/\/www.gintaresgeles.lt\/en\/wp-json\/wp\/v2\/product_tag?post=45060"}],"curies":[{"name":"wp","href":"https:\/\/api.w.org\/{rel}","templated":true}]}}