{"id":45282,"date":"2022-06-03T15:21:40","date_gmt":"2022-06-03T12:21:40","guid":{"rendered":"https:\/\/www.gintaresgeles.lt\/puokste\/foil-helium-balloon-gentle-butterflies\/"},"modified":"2022-10-24T11:02:21","modified_gmt":"2022-10-24T08:02:21","slug":"foil-helium-balloon-gentle-butterflies","status":"publish","type":"product","link":"https:\/\/www.gintaresgeles.lt\/en\/puokste\/foil-helium-balloon-gentle-butterflies\/","title":{"rendered":"Foil helium balloon \u201eGentle butterflies\u201c"},"content":{"rendered":"","protected":false},"excerpt":{"rendered":"<p>Soft multicolored foil round helium balloon &#8211; ready for the celebration! Suitable as a festive decoration or an accessory to a gift.<\/p>\n<p>The diameter of the balloon is about 46 cm.<\/p>\n","protected":false},"featured_media":37750,"template":"","meta":[],"product_brand":[],"product_cat":[270,1956,893,894],"product_tag":[],"class_list":{"0":"post-45282","1":"product","2":"type-product","3":"status-publish","4":"has-post-thumbnail","6":"product_cat-helium-balloons","7":"product_cat-foil-helium-balloons","8":"product_cat-helium-balloons-for-birthday","9":"product_cat-helium-balloons-for-kids","10":"tm-has-options","12":"first","13":"outofstock","14":"taxable","15":"shipping-taxable","16":"purchasable","17":"product-type-simple"},"yoast_head":"<!-- This site is optimized with the Yoast SEO plugin v25.3 - https:\/\/yoast.com\/wordpress\/plugins\/seo\/ -->\n<title>Foil helium balloon \u201eGentle butterflies\u201c | Gintar\u0117s g\u0117l\u0117s<\/title>\n<meta name=\"description\" content=\"Round foil helium balloon in pastel colors with butterflies and an elegant &quot;Happy birthday&quot; inscription. Decorate the holiday with soft colors.\" \/>\n<meta name=\"robots\" content=\"index, follow, max-snippet:-1, max-image-preview:large, max-video-preview:-1\" \/>\n<link rel=\"canonical\" href=\"https:\/\/www.gintaresgeles.lt\/en\/puokste\/foil-helium-balloon-gentle-butterflies\/\" \/>\n<meta property=\"og:locale\" content=\"en_US\" \/>\n<meta property=\"og:type\" content=\"article\" \/>\n<meta property=\"og:title\" content=\"Foil helium balloon \u201eGentle butterflies\u201c | Gintar\u0117s g\u0117l\u0117s\" \/>\n<meta property=\"og:description\" content=\"Round foil helium balloon in pastel colors with butterflies and an elegant &quot;Happy birthday&quot; inscription. Decorate the holiday with soft colors.\" \/>\n<meta property=\"og:url\" content=\"https:\/\/www.gintaresgeles.lt\/en\/puokste\/foil-helium-balloon-gentle-butterflies\/\" \/>\n<meta property=\"og:site_name\" content=\"gintaresgeles.lt\" \/>\n<meta property=\"article:modified_time\" content=\"2022-10-24T08:02:21+00:00\" \/>\n<meta property=\"og:image\" content=\"https:\/\/www.gintaresgeles.lt\/wp-content\/uploads\/2021\/08\/folinis-balionas-drugeliai.jpg\" \/>\n\t<meta property=\"og:image:width\" content=\"600\" \/>\n\t<meta property=\"og:image:height\" content=\"600\" \/>\n\t<meta property=\"og:image:type\" content=\"image\/jpeg\" \/>\n<meta name=\"twitter:card\" content=\"summary_large_image\" \/>\n<script type=\"application\/ld+json\" class=\"yoast-schema-graph\">{\"@context\":\"https:\/\/schema.org\",\"@graph\":[{\"@type\":\"WebPage\",\"@id\":\"https:\/\/www.gintaresgeles.lt\/en\/puokste\/foil-helium-balloon-gentle-butterflies\/\",\"url\":\"https:\/\/www.gintaresgeles.lt\/en\/puokste\/foil-helium-balloon-gentle-butterflies\/\",\"name\":\"Foil helium balloon \u201eGentle butterflies\u201c | Gintar\u0117s g\u0117l\u0117s\",\"isPartOf\":{\"@id\":\"https:\/\/www.gintaresgeles.lt\/en\/#website\"},\"primaryImageOfPage\":{\"@id\":\"https:\/\/www.gintaresgeles.lt\/en\/puokste\/foil-helium-balloon-gentle-butterflies\/#primaryimage\"},\"image\":{\"@id\":\"https:\/\/www.gintaresgeles.lt\/en\/puokste\/foil-helium-balloon-gentle-butterflies\/#primaryimage\"},\"thumbnailUrl\":\"https:\/\/www.gintaresgeles.lt\/wp-content\/uploads\/2021\/08\/folinis-balionas-drugeliai.jpg\",\"datePublished\":\"2022-06-03T12:21:40+00:00\",\"dateModified\":\"2022-10-24T08:02:21+00:00\",\"description\":\"Round foil helium balloon in pastel colors with butterflies and an elegant \\\"Happy birthday\\\" inscription. Decorate the holiday with soft colors.\",\"breadcrumb\":{\"@id\":\"https:\/\/www.gintaresgeles.lt\/en\/puokste\/foil-helium-balloon-gentle-butterflies\/#breadcrumb\"},\"inLanguage\":\"en-US\",\"potentialAction\":[{\"@type\":\"ReadAction\",\"target\":[\"https:\/\/www.gintaresgeles.lt\/en\/puokste\/foil-helium-balloon-gentle-butterflies\/\"]}]},{\"@type\":\"ImageObject\",\"inLanguage\":\"en-US\",\"@id\":\"https:\/\/www.gintaresgeles.lt\/en\/puokste\/foil-helium-balloon-gentle-butterflies\/#primaryimage\",\"url\":\"https:\/\/www.gintaresgeles.lt\/wp-content\/uploads\/2021\/08\/folinis-balionas-drugeliai.jpg\",\"contentUrl\":\"https:\/\/www.gintaresgeles.lt\/wp-content\/uploads\/2021\/08\/folinis-balionas-drugeliai.jpg\",\"width\":600,\"height\":600,\"caption\":\"Helio balionas pasteliniai drugeliai\"},{\"@type\":\"BreadcrumbList\",\"@id\":\"https:\/\/www.gintaresgeles.lt\/en\/puokste\/foil-helium-balloon-gentle-butterflies\/#breadcrumb\",\"itemListElement\":[{\"@type\":\"ListItem\",\"position\":1,\"name\":\"Prad\u017eia\",\"item\":\"https:\/\/www.gintaresgeles.lt\/en\/\"},{\"@type\":\"ListItem\",\"position\":2,\"name\":\"All flowers and other products\",\"item\":\"https:\/\/www.gintaresgeles.lt\/en\/all-flowers-and-other-products\/\"},{\"@type\":\"ListItem\",\"position\":3,\"name\":\"Foil helium balloon \u201eGentle butterflies\u201c\"}]},{\"@type\":\"WebSite\",\"@id\":\"https:\/\/www.gintaresgeles.lt\/en\/#website\",\"url\":\"https:\/\/www.gintaresgeles.lt\/en\/\",\"name\":\"gintaresgeles.lt\",\"description\":\"G\u0117li\u0173 parduotuv\u0117 internete\",\"potentialAction\":[{\"@type\":\"SearchAction\",\"target\":{\"@type\":\"EntryPoint\",\"urlTemplate\":\"https:\/\/www.gintaresgeles.lt\/en\/?s={search_term_string}\"},\"query-input\":{\"@type\":\"PropertyValueSpecification\",\"valueRequired\":true,\"valueName\":\"search_term_string\"}}],\"inLanguage\":\"en-US\"}]}<\/script>\n<!-- \/ Yoast SEO plugin. -->","yoast_head_json":{"title":"Foil helium balloon \u201eGentle butterflies\u201c | Gintar\u0117s g\u0117l\u0117s","description":"Round foil helium balloon in pastel colors with butterflies and an elegant \"Happy birthday\" inscription. Decorate the holiday with soft colors.","robots":{"index":"index","follow":"follow","max-snippet":"max-snippet:-1","max-image-preview":"max-image-preview:large","max-video-preview":"max-video-preview:-1"},"canonical":"https:\/\/www.gintaresgeles.lt\/en\/puokste\/foil-helium-balloon-gentle-butterflies\/","og_locale":"en_US","og_type":"article","og_title":"Foil helium balloon \u201eGentle butterflies\u201c | Gintar\u0117s g\u0117l\u0117s","og_description":"Round foil helium balloon in pastel colors with butterflies and an elegant \"Happy birthday\" inscription. Decorate the holiday with soft colors.","og_url":"https:\/\/www.gintaresgeles.lt\/en\/puokste\/foil-helium-balloon-gentle-butterflies\/","og_site_name":"gintaresgeles.lt","article_modified_time":"2022-10-24T08:02:21+00:00","og_image":[{"width":600,"height":600,"url":"https:\/\/www.gintaresgeles.lt\/wp-content\/uploads\/2021\/08\/folinis-balionas-drugeliai.jpg","type":"image\/jpeg"}],"twitter_card":"summary_large_image","schema":{"@context":"https:\/\/schema.org","@graph":[{"@type":"WebPage","@id":"https:\/\/www.gintaresgeles.lt\/en\/puokste\/foil-helium-balloon-gentle-butterflies\/","url":"https:\/\/www.gintaresgeles.lt\/en\/puokste\/foil-helium-balloon-gentle-butterflies\/","name":"Foil helium balloon \u201eGentle butterflies\u201c | Gintar\u0117s g\u0117l\u0117s","isPartOf":{"@id":"https:\/\/www.gintaresgeles.lt\/en\/#website"},"primaryImageOfPage":{"@id":"https:\/\/www.gintaresgeles.lt\/en\/puokste\/foil-helium-balloon-gentle-butterflies\/#primaryimage"},"image":{"@id":"https:\/\/www.gintaresgeles.lt\/en\/puokste\/foil-helium-balloon-gentle-butterflies\/#primaryimage"},"thumbnailUrl":"https:\/\/www.gintaresgeles.lt\/wp-content\/uploads\/2021\/08\/folinis-balionas-drugeliai.jpg","datePublished":"2022-06-03T12:21:40+00:00","dateModified":"2022-10-24T08:02:21+00:00","description":"Round foil helium balloon in pastel colors with butterflies and an elegant \"Happy birthday\" inscription. Decorate the holiday with soft colors.","breadcrumb":{"@id":"https:\/\/www.gintaresgeles.lt\/en\/puokste\/foil-helium-balloon-gentle-butterflies\/#breadcrumb"},"inLanguage":"en-US","potentialAction":[{"@type":"ReadAction","target":["https:\/\/www.gintaresgeles.lt\/en\/puokste\/foil-helium-balloon-gentle-butterflies\/"]}]},{"@type":"ImageObject","inLanguage":"en-US","@id":"https:\/\/www.gintaresgeles.lt\/en\/puokste\/foil-helium-balloon-gentle-butterflies\/#primaryimage","url":"https:\/\/www.gintaresgeles.lt\/wp-content\/uploads\/2021\/08\/folinis-balionas-drugeliai.jpg","contentUrl":"https:\/\/www.gintaresgeles.lt\/wp-content\/uploads\/2021\/08\/folinis-balionas-drugeliai.jpg","width":600,"height":600,"caption":"Helio balionas pasteliniai drugeliai"},{"@type":"BreadcrumbList","@id":"https:\/\/www.gintaresgeles.lt\/en\/puokste\/foil-helium-balloon-gentle-butterflies\/#breadcrumb","itemListElement":[{"@type":"ListItem","position":1,"name":"Prad\u017eia","item":"https:\/\/www.gintaresgeles.lt\/en\/"},{"@type":"ListItem","position":2,"name":"All flowers and other products","item":"https:\/\/www.gintaresgeles.lt\/en\/all-flowers-and-other-products\/"},{"@type":"ListItem","position":3,"name":"Foil helium balloon \u201eGentle butterflies\u201c"}]},{"@type":"WebSite","@id":"https:\/\/www.gintaresgeles.lt\/en\/#website","url":"https:\/\/www.gintaresgeles.lt\/en\/","name":"gintaresgeles.lt","description":"G\u0117li\u0173 parduotuv\u0117 internete","potentialAction":[{"@type":"SearchAction","target":{"@type":"EntryPoint","urlTemplate":"https:\/\/www.gintaresgeles.lt\/en\/?s={search_term_string}"},"query-input":{"@type":"PropertyValueSpecification","valueRequired":true,"valueName":"search_term_string"}}],"inLanguage":"en-US"}]}},"_links":{"self":[{"href":"https:\/\/www.gintaresgeles.lt\/en\/wp-json\/wp\/v2\/product\/45282","targetHints":{"allow":["GET"]}}],"collection":[{"href":"https:\/\/www.gintaresgeles.lt\/en\/wp-json\/wp\/v2\/product"}],"about":[{"href":"https:\/\/www.gintaresgeles.lt\/en\/wp-json\/wp\/v2\/types\/product"}],"wp:featuredmedia":[{"embeddable":true,"href":"https:\/\/www.gintaresgeles.lt\/en\/wp-json\/wp\/v2\/media\/37750"}],"wp:attachment":[{"href":"https:\/\/www.gintaresgeles.lt\/en\/wp-json\/wp\/v2\/media?parent=45282"}],"wp:term":[{"taxonomy":"product_brand","embeddable":true,"href":"https:\/\/www.gintaresgeles.lt\/en\/wp-json\/wp\/v2\/product_brand?post=45282"},{"taxonomy":"product_cat","embeddable":true,"href":"https:\/\/www.gintaresgeles.lt\/en\/wp-json\/wp\/v2\/product_cat?post=45282"},{"taxonomy":"product_tag","embeddable":true,"href":"https:\/\/www.gintaresgeles.lt\/en\/wp-json\/wp\/v2\/product_tag?post=45282"}],"curies":[{"name":"wp","href":"https:\/\/api.w.org\/{rel}","templated":true}]}}