{"id":45310,"date":"2022-05-27T15:00:05","date_gmt":"2022-05-27T12:00:05","guid":{"rendered":"https:\/\/www.gintaresgeles.lt\/puokste\/colored-foil-helium-balloon-happy-birthday\/"},"modified":"2022-10-25T19:20:03","modified_gmt":"2022-10-25T16:20:03","slug":"colored-foil-helium-balloon-happy-birthday","status":"publish","type":"product","link":"https:\/\/www.gintaresgeles.lt\/en\/puokste\/colored-foil-helium-balloon-happy-birthday\/","title":{"rendered":"Colored foil helium balloon \u201eHappy Birthday\u201c"},"content":{"rendered":"","protected":false},"excerpt":{"rendered":"<p>The hexagon-shaped colored helium balloon with the inscription &#8220;Happy Birthday&#8221; will be suitable as a gift for both adults and children on the occasion of their birthday!<\/p>\n<p>The diameter of the balloon is 55 cm<\/p>\n","protected":false},"featured_media":41872,"template":"","meta":[],"product_brand":[],"product_cat":[270,1956],"product_tag":[],"class_list":{"0":"post-45310","1":"product","2":"type-product","3":"status-publish","4":"has-post-thumbnail","6":"product_cat-helium-balloons","7":"product_cat-foil-helium-balloons","8":"tm-has-options","10":"first","11":"instock","12":"taxable","13":"shipping-taxable","14":"purchasable","15":"product-type-simple"},"yoast_head":"<!-- This site is optimized with the Yoast SEO plugin v25.3 - https:\/\/yoast.com\/wordpress\/plugins\/seo\/ -->\n<title>Colored foil helium balloon \u201eHappy Birthday\u201c | Gintar\u0117s G\u0117l\u0117s<\/title>\n<meta name=\"description\" content=\"A colorful hexagon-shaped balloon with the inscription &quot;Happy birthday&quot; will be suitable as a gift for both a girl or a boy, as well as a woman or a man.\" \/>\n<meta name=\"robots\" content=\"index, follow, max-snippet:-1, max-image-preview:large, max-video-preview:-1\" \/>\n<link rel=\"canonical\" href=\"https:\/\/www.gintaresgeles.lt\/en\/puokste\/colored-foil-helium-balloon-happy-birthday\/\" \/>\n<meta property=\"og:locale\" content=\"en_US\" \/>\n<meta property=\"og:type\" content=\"article\" \/>\n<meta property=\"og:title\" content=\"Colored foil helium balloon \u201eHappy Birthday\u201c | Gintar\u0117s G\u0117l\u0117s\" \/>\n<meta property=\"og:description\" content=\"A colorful hexagon-shaped balloon with the inscription &quot;Happy birthday&quot; will be suitable as a gift for both a girl or a boy, as well as a woman or a man.\" \/>\n<meta property=\"og:url\" content=\"https:\/\/www.gintaresgeles.lt\/en\/puokste\/colored-foil-helium-balloon-happy-birthday\/\" \/>\n<meta property=\"og:site_name\" content=\"gintaresgeles.lt\" \/>\n<meta property=\"article:modified_time\" content=\"2022-10-25T16:20:03+00:00\" \/>\n<meta property=\"og:image\" content=\"https:\/\/www.gintaresgeles.lt\/wp-content\/uploads\/2022\/05\/sesiakampis-gimtadienio-balionas-happy-birthday.jpg\" \/>\n\t<meta property=\"og:image:width\" content=\"600\" \/>\n\t<meta property=\"og:image:height\" content=\"600\" \/>\n\t<meta property=\"og:image:type\" content=\"image\/jpeg\" \/>\n<meta name=\"twitter:card\" content=\"summary_large_image\" \/>\n<script type=\"application\/ld+json\" class=\"yoast-schema-graph\">{\"@context\":\"https:\/\/schema.org\",\"@graph\":[{\"@type\":\"WebPage\",\"@id\":\"https:\/\/www.gintaresgeles.lt\/en\/puokste\/colored-foil-helium-balloon-happy-birthday\/\",\"url\":\"https:\/\/www.gintaresgeles.lt\/en\/puokste\/colored-foil-helium-balloon-happy-birthday\/\",\"name\":\"Colored foil helium balloon \u201eHappy Birthday\u201c | Gintar\u0117s G\u0117l\u0117s\",\"isPartOf\":{\"@id\":\"https:\/\/www.gintaresgeles.lt\/en\/#website\"},\"primaryImageOfPage\":{\"@id\":\"https:\/\/www.gintaresgeles.lt\/en\/puokste\/colored-foil-helium-balloon-happy-birthday\/#primaryimage\"},\"image\":{\"@id\":\"https:\/\/www.gintaresgeles.lt\/en\/puokste\/colored-foil-helium-balloon-happy-birthday\/#primaryimage\"},\"thumbnailUrl\":\"https:\/\/www.gintaresgeles.lt\/wp-content\/uploads\/2022\/05\/sesiakampis-gimtadienio-balionas-happy-birthday.jpg\",\"datePublished\":\"2022-05-27T12:00:05+00:00\",\"dateModified\":\"2022-10-25T16:20:03+00:00\",\"description\":\"A colorful hexagon-shaped balloon with the inscription \\\"Happy birthday\\\" will be suitable as a gift for both a girl or a boy, as well as a woman or a man.\",\"breadcrumb\":{\"@id\":\"https:\/\/www.gintaresgeles.lt\/en\/puokste\/colored-foil-helium-balloon-happy-birthday\/#breadcrumb\"},\"inLanguage\":\"en-US\",\"potentialAction\":[{\"@type\":\"ReadAction\",\"target\":[\"https:\/\/www.gintaresgeles.lt\/en\/puokste\/colored-foil-helium-balloon-happy-birthday\/\"]}]},{\"@type\":\"ImageObject\",\"inLanguage\":\"en-US\",\"@id\":\"https:\/\/www.gintaresgeles.lt\/en\/puokste\/colored-foil-helium-balloon-happy-birthday\/#primaryimage\",\"url\":\"https:\/\/www.gintaresgeles.lt\/wp-content\/uploads\/2022\/05\/sesiakampis-gimtadienio-balionas-happy-birthday.jpg\",\"contentUrl\":\"https:\/\/www.gintaresgeles.lt\/wp-content\/uploads\/2022\/05\/sesiakampis-gimtadienio-balionas-happy-birthday.jpg\",\"width\":600,\"height\":600,\"caption\":\"Folinis gimtadienio balionas \u201eHappy Birthday\\\"\"},{\"@type\":\"BreadcrumbList\",\"@id\":\"https:\/\/www.gintaresgeles.lt\/en\/puokste\/colored-foil-helium-balloon-happy-birthday\/#breadcrumb\",\"itemListElement\":[{\"@type\":\"ListItem\",\"position\":1,\"name\":\"Prad\u017eia\",\"item\":\"https:\/\/www.gintaresgeles.lt\/en\/\"},{\"@type\":\"ListItem\",\"position\":2,\"name\":\"All flowers and other products\",\"item\":\"https:\/\/www.gintaresgeles.lt\/en\/all-flowers-and-other-products\/\"},{\"@type\":\"ListItem\",\"position\":3,\"name\":\"Colored foil helium balloon \u201eHappy Birthday\u201c\"}]},{\"@type\":\"WebSite\",\"@id\":\"https:\/\/www.gintaresgeles.lt\/en\/#website\",\"url\":\"https:\/\/www.gintaresgeles.lt\/en\/\",\"name\":\"Gintares Geles\",\"description\":\"Flower delivery in Vilnius | Same-day delivery | Gintares geles\",\"potentialAction\":[{\"@type\":\"SearchAction\",\"target\":{\"@type\":\"EntryPoint\",\"urlTemplate\":\"https:\/\/www.gintaresgeles.lt\/en\/?s={search_term_string}\"},\"query-input\":{\"@type\":\"PropertyValueSpecification\",\"valueRequired\":true,\"valueName\":\"search_term_string\"}}],\"inLanguage\":\"en-US\"}]}<\/script>\n<!-- \/ Yoast SEO plugin. -->","yoast_head_json":{"title":"Colored foil helium balloon \u201eHappy Birthday\u201c | Gintar\u0117s G\u0117l\u0117s","description":"A colorful hexagon-shaped balloon with the inscription \"Happy birthday\" will be suitable as a gift for both a girl or a boy, as well as a woman or a man.","robots":{"index":"index","follow":"follow","max-snippet":"max-snippet:-1","max-image-preview":"max-image-preview:large","max-video-preview":"max-video-preview:-1"},"canonical":"https:\/\/www.gintaresgeles.lt\/en\/puokste\/colored-foil-helium-balloon-happy-birthday\/","og_locale":"en_US","og_type":"article","og_title":"Colored foil helium balloon \u201eHappy Birthday\u201c | Gintar\u0117s G\u0117l\u0117s","og_description":"A colorful hexagon-shaped balloon with the inscription \"Happy birthday\" will be suitable as a gift for both a girl or a boy, as well as a woman or a man.","og_url":"https:\/\/www.gintaresgeles.lt\/en\/puokste\/colored-foil-helium-balloon-happy-birthday\/","og_site_name":"gintaresgeles.lt","article_modified_time":"2022-10-25T16:20:03+00:00","og_image":[{"width":600,"height":600,"url":"https:\/\/www.gintaresgeles.lt\/wp-content\/uploads\/2022\/05\/sesiakampis-gimtadienio-balionas-happy-birthday.jpg","type":"image\/jpeg"}],"twitter_card":"summary_large_image","schema":{"@context":"https:\/\/schema.org","@graph":[{"@type":"WebPage","@id":"https:\/\/www.gintaresgeles.lt\/en\/puokste\/colored-foil-helium-balloon-happy-birthday\/","url":"https:\/\/www.gintaresgeles.lt\/en\/puokste\/colored-foil-helium-balloon-happy-birthday\/","name":"Colored foil helium balloon \u201eHappy Birthday\u201c | Gintar\u0117s G\u0117l\u0117s","isPartOf":{"@id":"https:\/\/www.gintaresgeles.lt\/en\/#website"},"primaryImageOfPage":{"@id":"https:\/\/www.gintaresgeles.lt\/en\/puokste\/colored-foil-helium-balloon-happy-birthday\/#primaryimage"},"image":{"@id":"https:\/\/www.gintaresgeles.lt\/en\/puokste\/colored-foil-helium-balloon-happy-birthday\/#primaryimage"},"thumbnailUrl":"https:\/\/www.gintaresgeles.lt\/wp-content\/uploads\/2022\/05\/sesiakampis-gimtadienio-balionas-happy-birthday.jpg","datePublished":"2022-05-27T12:00:05+00:00","dateModified":"2022-10-25T16:20:03+00:00","description":"A colorful hexagon-shaped balloon with the inscription \"Happy birthday\" will be suitable as a gift for both a girl or a boy, as well as a woman or a man.","breadcrumb":{"@id":"https:\/\/www.gintaresgeles.lt\/en\/puokste\/colored-foil-helium-balloon-happy-birthday\/#breadcrumb"},"inLanguage":"en-US","potentialAction":[{"@type":"ReadAction","target":["https:\/\/www.gintaresgeles.lt\/en\/puokste\/colored-foil-helium-balloon-happy-birthday\/"]}]},{"@type":"ImageObject","inLanguage":"en-US","@id":"https:\/\/www.gintaresgeles.lt\/en\/puokste\/colored-foil-helium-balloon-happy-birthday\/#primaryimage","url":"https:\/\/www.gintaresgeles.lt\/wp-content\/uploads\/2022\/05\/sesiakampis-gimtadienio-balionas-happy-birthday.jpg","contentUrl":"https:\/\/www.gintaresgeles.lt\/wp-content\/uploads\/2022\/05\/sesiakampis-gimtadienio-balionas-happy-birthday.jpg","width":600,"height":600,"caption":"Folinis gimtadienio balionas \u201eHappy Birthday\""},{"@type":"BreadcrumbList","@id":"https:\/\/www.gintaresgeles.lt\/en\/puokste\/colored-foil-helium-balloon-happy-birthday\/#breadcrumb","itemListElement":[{"@type":"ListItem","position":1,"name":"Prad\u017eia","item":"https:\/\/www.gintaresgeles.lt\/en\/"},{"@type":"ListItem","position":2,"name":"All flowers and other products","item":"https:\/\/www.gintaresgeles.lt\/en\/all-flowers-and-other-products\/"},{"@type":"ListItem","position":3,"name":"Colored foil helium balloon \u201eHappy Birthday\u201c"}]},{"@type":"WebSite","@id":"https:\/\/www.gintaresgeles.lt\/en\/#website","url":"https:\/\/www.gintaresgeles.lt\/en\/","name":"Gintares Geles","description":"Flower delivery in Vilnius | Same-day delivery | Gintares geles","potentialAction":[{"@type":"SearchAction","target":{"@type":"EntryPoint","urlTemplate":"https:\/\/www.gintaresgeles.lt\/en\/?s={search_term_string}"},"query-input":{"@type":"PropertyValueSpecification","valueRequired":true,"valueName":"search_term_string"}}],"inLanguage":"en-US"}]}},"_links":{"self":[{"href":"https:\/\/www.gintaresgeles.lt\/en\/wp-json\/wp\/v2\/product\/45310","targetHints":{"allow":["GET"]}}],"collection":[{"href":"https:\/\/www.gintaresgeles.lt\/en\/wp-json\/wp\/v2\/product"}],"about":[{"href":"https:\/\/www.gintaresgeles.lt\/en\/wp-json\/wp\/v2\/types\/product"}],"wp:featuredmedia":[{"embeddable":true,"href":"https:\/\/www.gintaresgeles.lt\/en\/wp-json\/wp\/v2\/media\/41872"}],"wp:attachment":[{"href":"https:\/\/www.gintaresgeles.lt\/en\/wp-json\/wp\/v2\/media?parent=45310"}],"wp:term":[{"taxonomy":"product_brand","embeddable":true,"href":"https:\/\/www.gintaresgeles.lt\/en\/wp-json\/wp\/v2\/product_brand?post=45310"},{"taxonomy":"product_cat","embeddable":true,"href":"https:\/\/www.gintaresgeles.lt\/en\/wp-json\/wp\/v2\/product_cat?post=45310"},{"taxonomy":"product_tag","embeddable":true,"href":"https:\/\/www.gintaresgeles.lt\/en\/wp-json\/wp\/v2\/product_tag?post=45310"}],"curies":[{"name":"wp","href":"https:\/\/api.w.org\/{rel}","templated":true}]}}