{"id":45311,"date":"2022-05-27T14:44:29","date_gmt":"2022-05-27T11:44:29","guid":{"rendered":"https:\/\/www.gintaresgeles.lt\/puokste\/round-foil-azure-balloon-its-a-boy\/"},"modified":"2022-10-25T19:26:14","modified_gmt":"2022-10-25T16:26:14","slug":"round-foil-azure-balloon-its-a-boy","status":"publish","type":"product","link":"https:\/\/www.gintaresgeles.lt\/en\/puokste\/round-foil-azure-balloon-its-a-boy\/","title":{"rendered":"Round foil azure balloon \u201eIt&#8217;s a boy\u201c"},"content":{"rendered":"","protected":false},"excerpt":{"rendered":"<p>A round azure helium balloon with the inscription &#8220;It&#8217;s a boy&#8221; will be a gift for parents who have recently had a boy.<\/p>\n<p>The diameter of the balloon is 46 cm<\/p>\n","protected":false},"featured_media":41818,"template":"","meta":[],"product_brand":[],"product_cat":[270,1956],"product_tag":[],"class_list":{"0":"post-45311","1":"product","2":"type-product","3":"status-publish","4":"has-post-thumbnail","6":"product_cat-helium-balloons","7":"product_cat-foil-helium-balloons","8":"tm-has-options","10":"first","11":"instock","12":"taxable","13":"shipping-taxable","14":"purchasable","15":"product-type-simple"},"yoast_head":"<!-- This site is optimized with the Yoast SEO plugin v25.3 - https:\/\/yoast.com\/wordpress\/plugins\/seo\/ -->\n<title>Round foil azure balloon \u201eIt&#039;s a boy\u201c | Helium balloons | Gintar\u0117s g\u0117l\u0117s<\/title>\n<meta name=\"description\" content=\"The blue foil balloon &quot;It&#039;s a boy&quot; is a really nice choice to congratulate the parents on the birth of a boy!\" \/>\n<meta name=\"robots\" content=\"index, follow, max-snippet:-1, max-image-preview:large, max-video-preview:-1\" \/>\n<link rel=\"canonical\" href=\"https:\/\/www.gintaresgeles.lt\/en\/puokste\/round-foil-azure-balloon-its-a-boy\/\" \/>\n<meta property=\"og:locale\" content=\"en_US\" \/>\n<meta property=\"og:type\" content=\"article\" \/>\n<meta property=\"og:title\" content=\"Round foil azure balloon \u201eIt&#039;s a boy\u201c | Helium balloons | Gintar\u0117s g\u0117l\u0117s\" \/>\n<meta property=\"og:description\" content=\"The blue foil balloon &quot;It&#039;s a boy&quot; is a really nice choice to congratulate the parents on the birth of a boy!\" \/>\n<meta property=\"og:url\" content=\"https:\/\/www.gintaresgeles.lt\/en\/puokste\/round-foil-azure-balloon-its-a-boy\/\" \/>\n<meta property=\"og:site_name\" content=\"gintaresgeles.lt\" \/>\n<meta property=\"article:modified_time\" content=\"2022-10-25T16:26:14+00:00\" \/>\n<meta property=\"og:image\" content=\"https:\/\/www.gintaresgeles.lt\/wp-content\/uploads\/2022\/05\/its-a-boy.png\" \/>\n\t<meta property=\"og:image:width\" content=\"600\" \/>\n\t<meta property=\"og:image:height\" content=\"600\" \/>\n\t<meta property=\"og:image:type\" content=\"image\/png\" \/>\n<meta name=\"twitter:card\" content=\"summary_large_image\" \/>\n<script type=\"application\/ld+json\" class=\"yoast-schema-graph\">{\"@context\":\"https:\/\/schema.org\",\"@graph\":[{\"@type\":\"WebPage\",\"@id\":\"https:\/\/www.gintaresgeles.lt\/en\/puokste\/round-foil-azure-balloon-its-a-boy\/\",\"url\":\"https:\/\/www.gintaresgeles.lt\/en\/puokste\/round-foil-azure-balloon-its-a-boy\/\",\"name\":\"Round foil azure balloon \u201eIt's a boy\u201c | Helium balloons | Gintar\u0117s g\u0117l\u0117s\",\"isPartOf\":{\"@id\":\"https:\/\/www.gintaresgeles.lt\/en\/#website\"},\"primaryImageOfPage\":{\"@id\":\"https:\/\/www.gintaresgeles.lt\/en\/puokste\/round-foil-azure-balloon-its-a-boy\/#primaryimage\"},\"image\":{\"@id\":\"https:\/\/www.gintaresgeles.lt\/en\/puokste\/round-foil-azure-balloon-its-a-boy\/#primaryimage\"},\"thumbnailUrl\":\"https:\/\/www.gintaresgeles.lt\/wp-content\/uploads\/2022\/05\/its-a-boy.png\",\"datePublished\":\"2022-05-27T11:44:29+00:00\",\"dateModified\":\"2022-10-25T16:26:14+00:00\",\"description\":\"The blue foil balloon \\\"It's a boy\\\" is a really nice choice to congratulate the parents on the birth of a boy!\",\"breadcrumb\":{\"@id\":\"https:\/\/www.gintaresgeles.lt\/en\/puokste\/round-foil-azure-balloon-its-a-boy\/#breadcrumb\"},\"inLanguage\":\"en-US\",\"potentialAction\":[{\"@type\":\"ReadAction\",\"target\":[\"https:\/\/www.gintaresgeles.lt\/en\/puokste\/round-foil-azure-balloon-its-a-boy\/\"]}]},{\"@type\":\"ImageObject\",\"inLanguage\":\"en-US\",\"@id\":\"https:\/\/www.gintaresgeles.lt\/en\/puokste\/round-foil-azure-balloon-its-a-boy\/#primaryimage\",\"url\":\"https:\/\/www.gintaresgeles.lt\/wp-content\/uploads\/2022\/05\/its-a-boy.png\",\"contentUrl\":\"https:\/\/www.gintaresgeles.lt\/wp-content\/uploads\/2022\/05\/its-a-boy.png\",\"width\":600,\"height\":600,\"caption\":\"Folinis apvalus \u017eydros spalvos balionas \u201eIt's a boy\\\"\"},{\"@type\":\"BreadcrumbList\",\"@id\":\"https:\/\/www.gintaresgeles.lt\/en\/puokste\/round-foil-azure-balloon-its-a-boy\/#breadcrumb\",\"itemListElement\":[{\"@type\":\"ListItem\",\"position\":1,\"name\":\"Prad\u017eia\",\"item\":\"https:\/\/www.gintaresgeles.lt\/en\/\"},{\"@type\":\"ListItem\",\"position\":2,\"name\":\"All flowers and other products\",\"item\":\"https:\/\/www.gintaresgeles.lt\/en\/all-flowers-and-other-products\/\"},{\"@type\":\"ListItem\",\"position\":3,\"name\":\"Round foil azure balloon \u201eIt&#8217;s a boy\u201c\"}]},{\"@type\":\"WebSite\",\"@id\":\"https:\/\/www.gintaresgeles.lt\/en\/#website\",\"url\":\"https:\/\/www.gintaresgeles.lt\/en\/\",\"name\":\"gintaresgeles.lt\",\"description\":\"G\u0117li\u0173 parduotuv\u0117 internete\",\"potentialAction\":[{\"@type\":\"SearchAction\",\"target\":{\"@type\":\"EntryPoint\",\"urlTemplate\":\"https:\/\/www.gintaresgeles.lt\/en\/?s={search_term_string}\"},\"query-input\":{\"@type\":\"PropertyValueSpecification\",\"valueRequired\":true,\"valueName\":\"search_term_string\"}}],\"inLanguage\":\"en-US\"}]}<\/script>\n<!-- \/ Yoast SEO plugin. -->","yoast_head_json":{"title":"Round foil azure balloon \u201eIt's a boy\u201c | Helium balloons | Gintar\u0117s g\u0117l\u0117s","description":"The blue foil balloon \"It's a boy\" is a really nice choice to congratulate the parents on the birth of a boy!","robots":{"index":"index","follow":"follow","max-snippet":"max-snippet:-1","max-image-preview":"max-image-preview:large","max-video-preview":"max-video-preview:-1"},"canonical":"https:\/\/www.gintaresgeles.lt\/en\/puokste\/round-foil-azure-balloon-its-a-boy\/","og_locale":"en_US","og_type":"article","og_title":"Round foil azure balloon \u201eIt's a boy\u201c | Helium balloons | Gintar\u0117s g\u0117l\u0117s","og_description":"The blue foil balloon \"It's a boy\" is a really nice choice to congratulate the parents on the birth of a boy!","og_url":"https:\/\/www.gintaresgeles.lt\/en\/puokste\/round-foil-azure-balloon-its-a-boy\/","og_site_name":"gintaresgeles.lt","article_modified_time":"2022-10-25T16:26:14+00:00","og_image":[{"width":600,"height":600,"url":"https:\/\/www.gintaresgeles.lt\/wp-content\/uploads\/2022\/05\/its-a-boy.png","type":"image\/png"}],"twitter_card":"summary_large_image","schema":{"@context":"https:\/\/schema.org","@graph":[{"@type":"WebPage","@id":"https:\/\/www.gintaresgeles.lt\/en\/puokste\/round-foil-azure-balloon-its-a-boy\/","url":"https:\/\/www.gintaresgeles.lt\/en\/puokste\/round-foil-azure-balloon-its-a-boy\/","name":"Round foil azure balloon \u201eIt's a boy\u201c | Helium balloons | Gintar\u0117s g\u0117l\u0117s","isPartOf":{"@id":"https:\/\/www.gintaresgeles.lt\/en\/#website"},"primaryImageOfPage":{"@id":"https:\/\/www.gintaresgeles.lt\/en\/puokste\/round-foil-azure-balloon-its-a-boy\/#primaryimage"},"image":{"@id":"https:\/\/www.gintaresgeles.lt\/en\/puokste\/round-foil-azure-balloon-its-a-boy\/#primaryimage"},"thumbnailUrl":"https:\/\/www.gintaresgeles.lt\/wp-content\/uploads\/2022\/05\/its-a-boy.png","datePublished":"2022-05-27T11:44:29+00:00","dateModified":"2022-10-25T16:26:14+00:00","description":"The blue foil balloon \"It's a boy\" is a really nice choice to congratulate the parents on the birth of a boy!","breadcrumb":{"@id":"https:\/\/www.gintaresgeles.lt\/en\/puokste\/round-foil-azure-balloon-its-a-boy\/#breadcrumb"},"inLanguage":"en-US","potentialAction":[{"@type":"ReadAction","target":["https:\/\/www.gintaresgeles.lt\/en\/puokste\/round-foil-azure-balloon-its-a-boy\/"]}]},{"@type":"ImageObject","inLanguage":"en-US","@id":"https:\/\/www.gintaresgeles.lt\/en\/puokste\/round-foil-azure-balloon-its-a-boy\/#primaryimage","url":"https:\/\/www.gintaresgeles.lt\/wp-content\/uploads\/2022\/05\/its-a-boy.png","contentUrl":"https:\/\/www.gintaresgeles.lt\/wp-content\/uploads\/2022\/05\/its-a-boy.png","width":600,"height":600,"caption":"Folinis apvalus \u017eydros spalvos balionas \u201eIt's a boy\""},{"@type":"BreadcrumbList","@id":"https:\/\/www.gintaresgeles.lt\/en\/puokste\/round-foil-azure-balloon-its-a-boy\/#breadcrumb","itemListElement":[{"@type":"ListItem","position":1,"name":"Prad\u017eia","item":"https:\/\/www.gintaresgeles.lt\/en\/"},{"@type":"ListItem","position":2,"name":"All flowers and other products","item":"https:\/\/www.gintaresgeles.lt\/en\/all-flowers-and-other-products\/"},{"@type":"ListItem","position":3,"name":"Round foil azure balloon \u201eIt&#8217;s a boy\u201c"}]},{"@type":"WebSite","@id":"https:\/\/www.gintaresgeles.lt\/en\/#website","url":"https:\/\/www.gintaresgeles.lt\/en\/","name":"gintaresgeles.lt","description":"G\u0117li\u0173 parduotuv\u0117 internete","potentialAction":[{"@type":"SearchAction","target":{"@type":"EntryPoint","urlTemplate":"https:\/\/www.gintaresgeles.lt\/en\/?s={search_term_string}"},"query-input":{"@type":"PropertyValueSpecification","valueRequired":true,"valueName":"search_term_string"}}],"inLanguage":"en-US"}]}},"_links":{"self":[{"href":"https:\/\/www.gintaresgeles.lt\/en\/wp-json\/wp\/v2\/product\/45311","targetHints":{"allow":["GET"]}}],"collection":[{"href":"https:\/\/www.gintaresgeles.lt\/en\/wp-json\/wp\/v2\/product"}],"about":[{"href":"https:\/\/www.gintaresgeles.lt\/en\/wp-json\/wp\/v2\/types\/product"}],"wp:featuredmedia":[{"embeddable":true,"href":"https:\/\/www.gintaresgeles.lt\/en\/wp-json\/wp\/v2\/media\/41818"}],"wp:attachment":[{"href":"https:\/\/www.gintaresgeles.lt\/en\/wp-json\/wp\/v2\/media?parent=45311"}],"wp:term":[{"taxonomy":"product_brand","embeddable":true,"href":"https:\/\/www.gintaresgeles.lt\/en\/wp-json\/wp\/v2\/product_brand?post=45311"},{"taxonomy":"product_cat","embeddable":true,"href":"https:\/\/www.gintaresgeles.lt\/en\/wp-json\/wp\/v2\/product_cat?post=45311"},{"taxonomy":"product_tag","embeddable":true,"href":"https:\/\/www.gintaresgeles.lt\/en\/wp-json\/wp\/v2\/product_tag?post=45311"}],"curies":[{"name":"wp","href":"https:\/\/api.w.org\/{rel}","templated":true}]}}