{"id":45312,"date":"2022-05-27T14:40:08","date_gmt":"2022-05-27T11:40:08","guid":{"rendered":"https:\/\/www.gintaresgeles.lt\/puokste\/round-foil-pink-helium-balloon-it-a-girl\/"},"modified":"2025-12-09T08:08:13","modified_gmt":"2025-12-09T06:08:13","slug":"round-foil-pink-helium-balloon-it-a-girl","status":"publish","type":"product","link":"https:\/\/www.gintaresgeles.lt\/en\/puokste\/round-foil-pink-helium-balloon-it-a-girl\/","title":{"rendered":"Round foil pink helium balloon \u201eIt&#8217;s a girl\u201c"},"content":{"rendered":"","protected":false},"excerpt":{"rendered":"<p>A round pink helium balloon with the inscription &#8220;It&#8217;s a girl&#8221; will be a gift for parents who have recently had a baby girl.<\/p>\n<p>The diameter of the balloon is 46 cm<\/p>\n","protected":false},"featured_media":41821,"template":"","meta":[],"product_brand":[],"product_cat":[270,1956],"product_tag":[],"class_list":{"0":"post-45312","1":"product","2":"type-product","3":"status-publish","4":"has-post-thumbnail","6":"product_cat-helium-balloons","7":"product_cat-foil-helium-balloons","8":"tm-has-options","10":"first","11":"instock","12":"taxable","13":"shipping-taxable","14":"purchasable","15":"product-type-simple"},"yoast_head":"<!-- This site is optimized with the Yoast SEO plugin v25.3 - https:\/\/yoast.com\/wordpress\/plugins\/seo\/ -->\n<title>Round foil pink helium balloon \u201eIt&#039;s a girl\u201c | Balloons in Vilnius | Gintar\u0117s G\u0117l\u0117s<\/title>\n<meta name=\"description\" content=\"The pink &quot;It&#039;s a girl&quot; foil balloon is a really nice choice to congratulate parents on the birth of a girl!\" \/>\n<meta name=\"robots\" content=\"index, follow, max-snippet:-1, max-image-preview:large, max-video-preview:-1\" \/>\n<link rel=\"canonical\" href=\"https:\/\/www.gintaresgeles.lt\/en\/puokste\/round-foil-pink-helium-balloon-it-a-girl\/\" \/>\n<meta property=\"og:locale\" content=\"en_US\" \/>\n<meta property=\"og:type\" content=\"article\" \/>\n<meta property=\"og:title\" content=\"Round foil pink helium balloon \u201eIt&#039;s a girl\u201c | Balloons in Vilnius | Gintar\u0117s G\u0117l\u0117s\" \/>\n<meta property=\"og:description\" content=\"The pink &quot;It&#039;s a girl&quot; foil balloon is a really nice choice to congratulate parents on the birth of a girl!\" \/>\n<meta property=\"og:url\" content=\"https:\/\/www.gintaresgeles.lt\/en\/puokste\/round-foil-pink-helium-balloon-it-a-girl\/\" \/>\n<meta property=\"og:site_name\" content=\"gintaresgeles.lt\" \/>\n<meta property=\"article:modified_time\" content=\"2025-12-09T06:08:13+00:00\" \/>\n<meta property=\"og:image\" content=\"https:\/\/www.gintaresgeles.lt\/wp-content\/uploads\/2022\/05\/its-a-girl.png\" \/>\n\t<meta property=\"og:image:width\" content=\"600\" \/>\n\t<meta property=\"og:image:height\" content=\"600\" \/>\n\t<meta property=\"og:image:type\" content=\"image\/png\" \/>\n<meta name=\"twitter:card\" content=\"summary_large_image\" \/>\n<script type=\"application\/ld+json\" class=\"yoast-schema-graph\">{\"@context\":\"https:\/\/schema.org\",\"@graph\":[{\"@type\":\"WebPage\",\"@id\":\"https:\/\/www.gintaresgeles.lt\/en\/puokste\/round-foil-pink-helium-balloon-it-a-girl\/\",\"url\":\"https:\/\/www.gintaresgeles.lt\/en\/puokste\/round-foil-pink-helium-balloon-it-a-girl\/\",\"name\":\"Round foil pink helium balloon \u201eIt's a girl\u201c | Balloons in Vilnius | Gintar\u0117s G\u0117l\u0117s\",\"isPartOf\":{\"@id\":\"https:\/\/www.gintaresgeles.lt\/en\/#website\"},\"primaryImageOfPage\":{\"@id\":\"https:\/\/www.gintaresgeles.lt\/en\/puokste\/round-foil-pink-helium-balloon-it-a-girl\/#primaryimage\"},\"image\":{\"@id\":\"https:\/\/www.gintaresgeles.lt\/en\/puokste\/round-foil-pink-helium-balloon-it-a-girl\/#primaryimage\"},\"thumbnailUrl\":\"https:\/\/www.gintaresgeles.lt\/wp-content\/uploads\/2022\/05\/its-a-girl.png\",\"datePublished\":\"2022-05-27T11:40:08+00:00\",\"dateModified\":\"2025-12-09T06:08:13+00:00\",\"description\":\"The pink \\\"It's a girl\\\" foil balloon is a really nice choice to congratulate parents on the birth of a girl!\",\"breadcrumb\":{\"@id\":\"https:\/\/www.gintaresgeles.lt\/en\/puokste\/round-foil-pink-helium-balloon-it-a-girl\/#breadcrumb\"},\"inLanguage\":\"en-US\",\"potentialAction\":[{\"@type\":\"ReadAction\",\"target\":[\"https:\/\/www.gintaresgeles.lt\/en\/puokste\/round-foil-pink-helium-balloon-it-a-girl\/\"]}]},{\"@type\":\"ImageObject\",\"inLanguage\":\"en-US\",\"@id\":\"https:\/\/www.gintaresgeles.lt\/en\/puokste\/round-foil-pink-helium-balloon-it-a-girl\/#primaryimage\",\"url\":\"https:\/\/www.gintaresgeles.lt\/wp-content\/uploads\/2022\/05\/its-a-girl.png\",\"contentUrl\":\"https:\/\/www.gintaresgeles.lt\/wp-content\/uploads\/2022\/05\/its-a-girl.png\",\"width\":600,\"height\":600,\"caption\":\"Apvalus ro\u017einis folinis balionas \u201eIt's a girl\\\"\"},{\"@type\":\"BreadcrumbList\",\"@id\":\"https:\/\/www.gintaresgeles.lt\/en\/puokste\/round-foil-pink-helium-balloon-it-a-girl\/#breadcrumb\",\"itemListElement\":[{\"@type\":\"ListItem\",\"position\":1,\"name\":\"Prad\u017eia\",\"item\":\"https:\/\/www.gintaresgeles.lt\/en\/\"},{\"@type\":\"ListItem\",\"position\":2,\"name\":\"All flowers and other products\",\"item\":\"https:\/\/www.gintaresgeles.lt\/en\/all-flowers-and-other-products\/\"},{\"@type\":\"ListItem\",\"position\":3,\"name\":\"Round foil pink helium balloon \u201eIt&#8217;s a girl\u201c\"}]},{\"@type\":\"WebSite\",\"@id\":\"https:\/\/www.gintaresgeles.lt\/en\/#website\",\"url\":\"https:\/\/www.gintaresgeles.lt\/en\/\",\"name\":\"gintaresgeles.lt\",\"description\":\"G\u0117li\u0173 parduotuv\u0117 internete\",\"potentialAction\":[{\"@type\":\"SearchAction\",\"target\":{\"@type\":\"EntryPoint\",\"urlTemplate\":\"https:\/\/www.gintaresgeles.lt\/en\/?s={search_term_string}\"},\"query-input\":{\"@type\":\"PropertyValueSpecification\",\"valueRequired\":true,\"valueName\":\"search_term_string\"}}],\"inLanguage\":\"en-US\"}]}<\/script>\n<!-- \/ Yoast SEO plugin. -->","yoast_head_json":{"title":"Round foil pink helium balloon \u201eIt's a girl\u201c | Balloons in Vilnius | Gintar\u0117s G\u0117l\u0117s","description":"The pink \"It's a girl\" foil balloon is a really nice choice to congratulate parents on the birth of a girl!","robots":{"index":"index","follow":"follow","max-snippet":"max-snippet:-1","max-image-preview":"max-image-preview:large","max-video-preview":"max-video-preview:-1"},"canonical":"https:\/\/www.gintaresgeles.lt\/en\/puokste\/round-foil-pink-helium-balloon-it-a-girl\/","og_locale":"en_US","og_type":"article","og_title":"Round foil pink helium balloon \u201eIt's a girl\u201c | Balloons in Vilnius | Gintar\u0117s G\u0117l\u0117s","og_description":"The pink \"It's a girl\" foil balloon is a really nice choice to congratulate parents on the birth of a girl!","og_url":"https:\/\/www.gintaresgeles.lt\/en\/puokste\/round-foil-pink-helium-balloon-it-a-girl\/","og_site_name":"gintaresgeles.lt","article_modified_time":"2025-12-09T06:08:13+00:00","og_image":[{"width":600,"height":600,"url":"https:\/\/www.gintaresgeles.lt\/wp-content\/uploads\/2022\/05\/its-a-girl.png","type":"image\/png"}],"twitter_card":"summary_large_image","schema":{"@context":"https:\/\/schema.org","@graph":[{"@type":"WebPage","@id":"https:\/\/www.gintaresgeles.lt\/en\/puokste\/round-foil-pink-helium-balloon-it-a-girl\/","url":"https:\/\/www.gintaresgeles.lt\/en\/puokste\/round-foil-pink-helium-balloon-it-a-girl\/","name":"Round foil pink helium balloon \u201eIt's a girl\u201c | Balloons in Vilnius | Gintar\u0117s G\u0117l\u0117s","isPartOf":{"@id":"https:\/\/www.gintaresgeles.lt\/en\/#website"},"primaryImageOfPage":{"@id":"https:\/\/www.gintaresgeles.lt\/en\/puokste\/round-foil-pink-helium-balloon-it-a-girl\/#primaryimage"},"image":{"@id":"https:\/\/www.gintaresgeles.lt\/en\/puokste\/round-foil-pink-helium-balloon-it-a-girl\/#primaryimage"},"thumbnailUrl":"https:\/\/www.gintaresgeles.lt\/wp-content\/uploads\/2022\/05\/its-a-girl.png","datePublished":"2022-05-27T11:40:08+00:00","dateModified":"2025-12-09T06:08:13+00:00","description":"The pink \"It's a girl\" foil balloon is a really nice choice to congratulate parents on the birth of a girl!","breadcrumb":{"@id":"https:\/\/www.gintaresgeles.lt\/en\/puokste\/round-foil-pink-helium-balloon-it-a-girl\/#breadcrumb"},"inLanguage":"en-US","potentialAction":[{"@type":"ReadAction","target":["https:\/\/www.gintaresgeles.lt\/en\/puokste\/round-foil-pink-helium-balloon-it-a-girl\/"]}]},{"@type":"ImageObject","inLanguage":"en-US","@id":"https:\/\/www.gintaresgeles.lt\/en\/puokste\/round-foil-pink-helium-balloon-it-a-girl\/#primaryimage","url":"https:\/\/www.gintaresgeles.lt\/wp-content\/uploads\/2022\/05\/its-a-girl.png","contentUrl":"https:\/\/www.gintaresgeles.lt\/wp-content\/uploads\/2022\/05\/its-a-girl.png","width":600,"height":600,"caption":"Apvalus ro\u017einis folinis balionas \u201eIt's a girl\""},{"@type":"BreadcrumbList","@id":"https:\/\/www.gintaresgeles.lt\/en\/puokste\/round-foil-pink-helium-balloon-it-a-girl\/#breadcrumb","itemListElement":[{"@type":"ListItem","position":1,"name":"Prad\u017eia","item":"https:\/\/www.gintaresgeles.lt\/en\/"},{"@type":"ListItem","position":2,"name":"All flowers and other products","item":"https:\/\/www.gintaresgeles.lt\/en\/all-flowers-and-other-products\/"},{"@type":"ListItem","position":3,"name":"Round foil pink helium balloon \u201eIt&#8217;s a girl\u201c"}]},{"@type":"WebSite","@id":"https:\/\/www.gintaresgeles.lt\/en\/#website","url":"https:\/\/www.gintaresgeles.lt\/en\/","name":"gintaresgeles.lt","description":"G\u0117li\u0173 parduotuv\u0117 internete","potentialAction":[{"@type":"SearchAction","target":{"@type":"EntryPoint","urlTemplate":"https:\/\/www.gintaresgeles.lt\/en\/?s={search_term_string}"},"query-input":{"@type":"PropertyValueSpecification","valueRequired":true,"valueName":"search_term_string"}}],"inLanguage":"en-US"}]}},"_links":{"self":[{"href":"https:\/\/www.gintaresgeles.lt\/en\/wp-json\/wp\/v2\/product\/45312","targetHints":{"allow":["GET"]}}],"collection":[{"href":"https:\/\/www.gintaresgeles.lt\/en\/wp-json\/wp\/v2\/product"}],"about":[{"href":"https:\/\/www.gintaresgeles.lt\/en\/wp-json\/wp\/v2\/types\/product"}],"wp:featuredmedia":[{"embeddable":true,"href":"https:\/\/www.gintaresgeles.lt\/en\/wp-json\/wp\/v2\/media\/41821"}],"wp:attachment":[{"href":"https:\/\/www.gintaresgeles.lt\/en\/wp-json\/wp\/v2\/media?parent=45312"}],"wp:term":[{"taxonomy":"product_brand","embeddable":true,"href":"https:\/\/www.gintaresgeles.lt\/en\/wp-json\/wp\/v2\/product_brand?post=45312"},{"taxonomy":"product_cat","embeddable":true,"href":"https:\/\/www.gintaresgeles.lt\/en\/wp-json\/wp\/v2\/product_cat?post=45312"},{"taxonomy":"product_tag","embeddable":true,"href":"https:\/\/www.gintaresgeles.lt\/en\/wp-json\/wp\/v2\/product_tag?post=45312"}],"curies":[{"name":"wp","href":"https:\/\/api.w.org\/{rel}","templated":true}]}}