{"id":45514,"date":"2022-02-11T13:08:37","date_gmt":"2022-02-11T11:08:37","guid":{"rendered":"https:\/\/www.gintaresgeles.lt\/puokste\/box-of-red-roses-sweet-moment\/"},"modified":"2025-05-29T02:00:25","modified_gmt":"2025-05-29T00:00:25","slug":"box-of-red-roses-sweet-moment","status":"publish","type":"product","link":"https:\/\/www.gintaresgeles.lt\/en\/puokste\/box-of-red-roses-sweet-moment\/","title":{"rendered":"Box of red roses \u201eSweet moment\u201c"},"content":{"rendered":"<p>The heart-shaped box consists of 21 pieces red roses, but depending on the spread of the roses, there may be a few more or less roses so that the box does not look empty or overcrowded. The edges of the box are also decorated with Ferrero Rocher candies.<\/p>\n","protected":false},"excerpt":{"rendered":"<p>The box of roses &#8220;Sweet moment&#8221; &#8211; charms not only with impressive rose flowers, but also with its sweet exterior. Surprise your beloved woman with this special surprise and let the sweet moments last forever. This flower box will not leave any woman indifferent!<\/p>\n","protected":false},"featured_media":39414,"template":"","meta":[],"product_brand":[],"product_cat":[260,259,252,266,265,256,253,257,428,262,263,891,650,264,267,238],"product_tag":[],"class_list":{"0":"post-45514","1":"product","2":"type-product","3":"status-publish","4":"has-post-thumbnail","6":"product_cat-birthday-flowers","7":"product_cat-flowers-by-occasion","8":"product_cat-flowers-by-recipient","9":"product_cat-flowers-by-style","10":"product_cat-flowers-by-type","11":"product_cat-flowers-for-girlfriend","12":"product_cat-flowers-for-mom","13":"product_cat-flowers-for-women","14":"product_cat-jubilee-flowers","15":"product_cat-march8th-flowers","16":"product_cat-mothers-day-flowers","17":"product_cat-red-roses","18":"product_cat-roses-in-a-box","19":"product_cat-valentines-day-flowers","20":"product_cat-flower-boxes","21":"product_cat-roses","22":"tm-has-options","24":"first","25":"instock","26":"taxable","27":"shipping-taxable","28":"purchasable","29":"product-type-simple"},"yoast_head":"<!-- This site is optimized with the Yoast SEO plugin v25.3 - https:\/\/yoast.com\/wordpress\/plugins\/seo\/ -->\n<title>Box of red roses \u201eSweet moment\u201c | Flowers delivery | Gintar\u0117s G\u0117l\u0117s<\/title>\n<meta name=\"description\" content=\"A touch of romance and a sweet detail is the perfect combination to make your beloved woman happy. Give gifts on the most diverse occasions!\" \/>\n<meta name=\"robots\" content=\"index, follow, max-snippet:-1, max-image-preview:large, max-video-preview:-1\" \/>\n<link rel=\"canonical\" href=\"https:\/\/www.gintaresgeles.lt\/en\/puokste\/box-of-red-roses-sweet-moment\/\" \/>\n<meta property=\"og:locale\" content=\"en_US\" \/>\n<meta property=\"og:type\" content=\"article\" \/>\n<meta property=\"og:title\" content=\"Box of red roses \u201eSweet moment\u201c | Flowers delivery | Gintar\u0117s G\u0117l\u0117s\" \/>\n<meta property=\"og:description\" content=\"A touch of romance and a sweet detail is the perfect combination to make your beloved woman happy. Give gifts on the most diverse occasions!\" \/>\n<meta property=\"og:url\" content=\"https:\/\/www.gintaresgeles.lt\/en\/puokste\/box-of-red-roses-sweet-moment\/\" \/>\n<meta property=\"og:site_name\" content=\"gintaresgeles.lt\" \/>\n<meta property=\"article:modified_time\" content=\"2025-05-29T00:00:25+00:00\" \/>\n<meta property=\"og:image\" content=\"https:\/\/www.gintaresgeles.lt\/wp-content\/uploads\/2021\/04\/sirdeles-formos-raudonu-roziu-dezute-su-saldainiais-scaled.jpg\" \/>\n\t<meta property=\"og:image:width\" content=\"2560\" \/>\n\t<meta property=\"og:image:height\" content=\"2560\" \/>\n\t<meta property=\"og:image:type\" content=\"image\/jpeg\" \/>\n<meta name=\"twitter:card\" content=\"summary_large_image\" \/>\n<script type=\"application\/ld+json\" class=\"yoast-schema-graph\">{\"@context\":\"https:\/\/schema.org\",\"@graph\":[{\"@type\":\"WebPage\",\"@id\":\"https:\/\/www.gintaresgeles.lt\/en\/puokste\/box-of-red-roses-sweet-moment\/\",\"url\":\"https:\/\/www.gintaresgeles.lt\/en\/puokste\/box-of-red-roses-sweet-moment\/\",\"name\":\"Box of red roses \u201eSweet moment\u201c | Flowers delivery | Gintar\u0117s G\u0117l\u0117s\",\"isPartOf\":{\"@id\":\"https:\/\/www.gintaresgeles.lt\/en\/#website\"},\"primaryImageOfPage\":{\"@id\":\"https:\/\/www.gintaresgeles.lt\/en\/puokste\/box-of-red-roses-sweet-moment\/#primaryimage\"},\"image\":{\"@id\":\"https:\/\/www.gintaresgeles.lt\/en\/puokste\/box-of-red-roses-sweet-moment\/#primaryimage\"},\"thumbnailUrl\":\"https:\/\/www.gintaresgeles.lt\/wp-content\/uploads\/2021\/04\/sirdeles-formos-raudonu-roziu-dezute-su-saldainiais-scaled.jpg\",\"datePublished\":\"2022-02-11T11:08:37+00:00\",\"dateModified\":\"2025-05-29T00:00:25+00:00\",\"description\":\"A touch of romance and a sweet detail is the perfect combination to make your beloved woman happy. Give gifts on the most diverse occasions!\",\"breadcrumb\":{\"@id\":\"https:\/\/www.gintaresgeles.lt\/en\/puokste\/box-of-red-roses-sweet-moment\/#breadcrumb\"},\"inLanguage\":\"en-US\",\"potentialAction\":[{\"@type\":\"ReadAction\",\"target\":[\"https:\/\/www.gintaresgeles.lt\/en\/puokste\/box-of-red-roses-sweet-moment\/\"]}]},{\"@type\":\"ImageObject\",\"inLanguage\":\"en-US\",\"@id\":\"https:\/\/www.gintaresgeles.lt\/en\/puokste\/box-of-red-roses-sweet-moment\/#primaryimage\",\"url\":\"https:\/\/www.gintaresgeles.lt\/wp-content\/uploads\/2021\/04\/sirdeles-formos-raudonu-roziu-dezute-su-saldainiais-scaled.jpg\",\"contentUrl\":\"https:\/\/www.gintaresgeles.lt\/wp-content\/uploads\/2021\/04\/sirdeles-formos-raudonu-roziu-dezute-su-saldainiais-scaled.jpg\",\"width\":2560,\"height\":2560,\"caption\":\"Raudonos ro\u017e\u0117s ir saldainiai d\u0117\u017eut\u0117je g\u0117l\u0117s merginai valentino dienai\"},{\"@type\":\"BreadcrumbList\",\"@id\":\"https:\/\/www.gintaresgeles.lt\/en\/puokste\/box-of-red-roses-sweet-moment\/#breadcrumb\",\"itemListElement\":[{\"@type\":\"ListItem\",\"position\":1,\"name\":\"Prad\u017eia\",\"item\":\"https:\/\/www.gintaresgeles.lt\/en\/\"},{\"@type\":\"ListItem\",\"position\":2,\"name\":\"All flowers and other products\",\"item\":\"https:\/\/www.gintaresgeles.lt\/en\/all-flowers-and-other-products\/\"},{\"@type\":\"ListItem\",\"position\":3,\"name\":\"Box of red roses \u201eSweet moment\u201c\"}]},{\"@type\":\"WebSite\",\"@id\":\"https:\/\/www.gintaresgeles.lt\/en\/#website\",\"url\":\"https:\/\/www.gintaresgeles.lt\/en\/\",\"name\":\"Gintares Geles\",\"description\":\"Flower delivery in Vilnius | Same-day delivery | Gintares geles\",\"potentialAction\":[{\"@type\":\"SearchAction\",\"target\":{\"@type\":\"EntryPoint\",\"urlTemplate\":\"https:\/\/www.gintaresgeles.lt\/en\/?s={search_term_string}\"},\"query-input\":{\"@type\":\"PropertyValueSpecification\",\"valueRequired\":true,\"valueName\":\"search_term_string\"}}],\"inLanguage\":\"en-US\"}]}<\/script>\n<!-- \/ Yoast SEO plugin. -->","yoast_head_json":{"title":"Box of red roses \u201eSweet moment\u201c | Flowers delivery | Gintar\u0117s G\u0117l\u0117s","description":"A touch of romance and a sweet detail is the perfect combination to make your beloved woman happy. Give gifts on the most diverse occasions!","robots":{"index":"index","follow":"follow","max-snippet":"max-snippet:-1","max-image-preview":"max-image-preview:large","max-video-preview":"max-video-preview:-1"},"canonical":"https:\/\/www.gintaresgeles.lt\/en\/puokste\/box-of-red-roses-sweet-moment\/","og_locale":"en_US","og_type":"article","og_title":"Box of red roses \u201eSweet moment\u201c | Flowers delivery | Gintar\u0117s G\u0117l\u0117s","og_description":"A touch of romance and a sweet detail is the perfect combination to make your beloved woman happy. Give gifts on the most diverse occasions!","og_url":"https:\/\/www.gintaresgeles.lt\/en\/puokste\/box-of-red-roses-sweet-moment\/","og_site_name":"gintaresgeles.lt","article_modified_time":"2025-05-29T00:00:25+00:00","og_image":[{"width":2560,"height":2560,"url":"https:\/\/www.gintaresgeles.lt\/wp-content\/uploads\/2021\/04\/sirdeles-formos-raudonu-roziu-dezute-su-saldainiais-scaled.jpg","type":"image\/jpeg"}],"twitter_card":"summary_large_image","schema":{"@context":"https:\/\/schema.org","@graph":[{"@type":"WebPage","@id":"https:\/\/www.gintaresgeles.lt\/en\/puokste\/box-of-red-roses-sweet-moment\/","url":"https:\/\/www.gintaresgeles.lt\/en\/puokste\/box-of-red-roses-sweet-moment\/","name":"Box of red roses \u201eSweet moment\u201c | Flowers delivery | Gintar\u0117s G\u0117l\u0117s","isPartOf":{"@id":"https:\/\/www.gintaresgeles.lt\/en\/#website"},"primaryImageOfPage":{"@id":"https:\/\/www.gintaresgeles.lt\/en\/puokste\/box-of-red-roses-sweet-moment\/#primaryimage"},"image":{"@id":"https:\/\/www.gintaresgeles.lt\/en\/puokste\/box-of-red-roses-sweet-moment\/#primaryimage"},"thumbnailUrl":"https:\/\/www.gintaresgeles.lt\/wp-content\/uploads\/2021\/04\/sirdeles-formos-raudonu-roziu-dezute-su-saldainiais-scaled.jpg","datePublished":"2022-02-11T11:08:37+00:00","dateModified":"2025-05-29T00:00:25+00:00","description":"A touch of romance and a sweet detail is the perfect combination to make your beloved woman happy. Give gifts on the most diverse occasions!","breadcrumb":{"@id":"https:\/\/www.gintaresgeles.lt\/en\/puokste\/box-of-red-roses-sweet-moment\/#breadcrumb"},"inLanguage":"en-US","potentialAction":[{"@type":"ReadAction","target":["https:\/\/www.gintaresgeles.lt\/en\/puokste\/box-of-red-roses-sweet-moment\/"]}]},{"@type":"ImageObject","inLanguage":"en-US","@id":"https:\/\/www.gintaresgeles.lt\/en\/puokste\/box-of-red-roses-sweet-moment\/#primaryimage","url":"https:\/\/www.gintaresgeles.lt\/wp-content\/uploads\/2021\/04\/sirdeles-formos-raudonu-roziu-dezute-su-saldainiais-scaled.jpg","contentUrl":"https:\/\/www.gintaresgeles.lt\/wp-content\/uploads\/2021\/04\/sirdeles-formos-raudonu-roziu-dezute-su-saldainiais-scaled.jpg","width":2560,"height":2560,"caption":"Raudonos ro\u017e\u0117s ir saldainiai d\u0117\u017eut\u0117je g\u0117l\u0117s merginai valentino dienai"},{"@type":"BreadcrumbList","@id":"https:\/\/www.gintaresgeles.lt\/en\/puokste\/box-of-red-roses-sweet-moment\/#breadcrumb","itemListElement":[{"@type":"ListItem","position":1,"name":"Prad\u017eia","item":"https:\/\/www.gintaresgeles.lt\/en\/"},{"@type":"ListItem","position":2,"name":"All flowers and other products","item":"https:\/\/www.gintaresgeles.lt\/en\/all-flowers-and-other-products\/"},{"@type":"ListItem","position":3,"name":"Box of red roses \u201eSweet moment\u201c"}]},{"@type":"WebSite","@id":"https:\/\/www.gintaresgeles.lt\/en\/#website","url":"https:\/\/www.gintaresgeles.lt\/en\/","name":"Gintares Geles","description":"Flower delivery in Vilnius | Same-day delivery | Gintares geles","potentialAction":[{"@type":"SearchAction","target":{"@type":"EntryPoint","urlTemplate":"https:\/\/www.gintaresgeles.lt\/en\/?s={search_term_string}"},"query-input":{"@type":"PropertyValueSpecification","valueRequired":true,"valueName":"search_term_string"}}],"inLanguage":"en-US"}]}},"_links":{"self":[{"href":"https:\/\/www.gintaresgeles.lt\/en\/wp-json\/wp\/v2\/product\/45514","targetHints":{"allow":["GET"]}}],"collection":[{"href":"https:\/\/www.gintaresgeles.lt\/en\/wp-json\/wp\/v2\/product"}],"about":[{"href":"https:\/\/www.gintaresgeles.lt\/en\/wp-json\/wp\/v2\/types\/product"}],"wp:featuredmedia":[{"embeddable":true,"href":"https:\/\/www.gintaresgeles.lt\/en\/wp-json\/wp\/v2\/media\/39414"}],"wp:attachment":[{"href":"https:\/\/www.gintaresgeles.lt\/en\/wp-json\/wp\/v2\/media?parent=45514"}],"wp:term":[{"taxonomy":"product_brand","embeddable":true,"href":"https:\/\/www.gintaresgeles.lt\/en\/wp-json\/wp\/v2\/product_brand?post=45514"},{"taxonomy":"product_cat","embeddable":true,"href":"https:\/\/www.gintaresgeles.lt\/en\/wp-json\/wp\/v2\/product_cat?post=45514"},{"taxonomy":"product_tag","embeddable":true,"href":"https:\/\/www.gintaresgeles.lt\/en\/wp-json\/wp\/v2\/product_tag?post=45514"}],"curies":[{"name":"wp","href":"https:\/\/api.w.org\/{rel}","templated":true}]}}