{"id":45582,"date":"2021-04-14T15:35:45","date_gmt":"2021-04-14T12:35:45","guid":{"rendered":"https:\/\/www.gintaresgeles.lt\/puokste\/round-foil-helium-balloon-orange-lollipop\/"},"modified":"2022-11-15T12:33:14","modified_gmt":"2022-11-15T09:33:14","slug":"round-foil-helium-balloon-orange-lollipop","status":"publish","type":"product","link":"https:\/\/www.gintaresgeles.lt\/en\/puokste\/round-foil-helium-balloon-orange-lollipop\/","title":{"rendered":"Round foil helium balloon \u201eOrange lollipop\u201c"},"content":{"rendered":"","protected":false},"excerpt":{"rendered":"<p>Foil Helium Balloon &#8220;Orange Lollipop&#8221;. The balloon is round in shape and resembles a lollipop. Therefore, it is perfect for those with a sweet tooth.<\/p>\n<p>The diameter of the balloon is 46 cm.<\/p>\n","protected":false},"featured_media":36161,"template":"","meta":[],"product_brand":[],"product_cat":[270,1956,893,894],"product_tag":[],"class_list":{"0":"post-45582","1":"product","2":"type-product","3":"status-publish","4":"has-post-thumbnail","6":"product_cat-helium-balloons","7":"product_cat-foil-helium-balloons","8":"product_cat-helium-balloons-for-birthday","9":"product_cat-helium-balloons-for-kids","10":"tm-has-options","12":"first","13":"outofstock","14":"taxable","15":"shipping-taxable","16":"purchasable","17":"product-type-simple"},"yoast_head":"<!-- This site is optimized with the Yoast SEO plugin v25.3 - https:\/\/yoast.com\/wordpress\/plugins\/seo\/ -->\n<title>Round foil helium balloon \u201eOrange lollipop\u201c | Balloons delivery | Gintar\u0117s G\u0117l\u0117s<\/title>\n<meta name=\"description\" content=\"Give a foil helium balloon &quot;Orange Lollipop&quot; as a gift. The balloon is similar to a lollipop, so it is perfect as a gift for those with a sweet tooth.\" \/>\n<meta name=\"robots\" content=\"index, follow, max-snippet:-1, max-image-preview:large, max-video-preview:-1\" \/>\n<link rel=\"canonical\" href=\"https:\/\/www.gintaresgeles.lt\/en\/puokste\/round-foil-helium-balloon-orange-lollipop\/\" \/>\n<meta property=\"og:locale\" content=\"en_US\" \/>\n<meta property=\"og:type\" content=\"article\" \/>\n<meta property=\"og:title\" content=\"Round foil helium balloon \u201eOrange lollipop\u201c | Balloons delivery | Gintar\u0117s G\u0117l\u0117s\" \/>\n<meta property=\"og:description\" content=\"Give a foil helium balloon &quot;Orange Lollipop&quot; as a gift. The balloon is similar to a lollipop, so it is perfect as a gift for those with a sweet tooth.\" \/>\n<meta property=\"og:url\" content=\"https:\/\/www.gintaresgeles.lt\/en\/puokste\/round-foil-helium-balloon-orange-lollipop\/\" \/>\n<meta property=\"og:site_name\" content=\"gintaresgeles.lt\" \/>\n<meta property=\"article:modified_time\" content=\"2022-11-15T09:33:14+00:00\" \/>\n<meta property=\"og:image\" content=\"https:\/\/www.gintaresgeles.lt\/wp-content\/uploads\/2021\/04\/Ledinuko-spalvos-apvalus-balionas.jpg\" \/>\n\t<meta property=\"og:image:width\" content=\"500\" \/>\n\t<meta property=\"og:image:height\" content=\"460\" \/>\n\t<meta property=\"og:image:type\" content=\"image\/jpeg\" \/>\n<meta name=\"twitter:card\" content=\"summary_large_image\" \/>\n<script type=\"application\/ld+json\" class=\"yoast-schema-graph\">{\"@context\":\"https:\/\/schema.org\",\"@graph\":[{\"@type\":\"WebPage\",\"@id\":\"https:\/\/www.gintaresgeles.lt\/en\/puokste\/round-foil-helium-balloon-orange-lollipop\/\",\"url\":\"https:\/\/www.gintaresgeles.lt\/en\/puokste\/round-foil-helium-balloon-orange-lollipop\/\",\"name\":\"Round foil helium balloon \u201eOrange lollipop\u201c | Balloons delivery | Gintar\u0117s G\u0117l\u0117s\",\"isPartOf\":{\"@id\":\"https:\/\/www.gintaresgeles.lt\/en\/#website\"},\"primaryImageOfPage\":{\"@id\":\"https:\/\/www.gintaresgeles.lt\/en\/puokste\/round-foil-helium-balloon-orange-lollipop\/#primaryimage\"},\"image\":{\"@id\":\"https:\/\/www.gintaresgeles.lt\/en\/puokste\/round-foil-helium-balloon-orange-lollipop\/#primaryimage\"},\"thumbnailUrl\":\"https:\/\/www.gintaresgeles.lt\/wp-content\/uploads\/2021\/04\/Ledinuko-spalvos-apvalus-balionas.jpg\",\"datePublished\":\"2021-04-14T12:35:45+00:00\",\"dateModified\":\"2022-11-15T09:33:14+00:00\",\"description\":\"Give a foil helium balloon \\\"Orange Lollipop\\\" as a gift. The balloon is similar to a lollipop, so it is perfect as a gift for those with a sweet tooth.\",\"breadcrumb\":{\"@id\":\"https:\/\/www.gintaresgeles.lt\/en\/puokste\/round-foil-helium-balloon-orange-lollipop\/#breadcrumb\"},\"inLanguage\":\"en-US\",\"potentialAction\":[{\"@type\":\"ReadAction\",\"target\":[\"https:\/\/www.gintaresgeles.lt\/en\/puokste\/round-foil-helium-balloon-orange-lollipop\/\"]}]},{\"@type\":\"ImageObject\",\"inLanguage\":\"en-US\",\"@id\":\"https:\/\/www.gintaresgeles.lt\/en\/puokste\/round-foil-helium-balloon-orange-lollipop\/#primaryimage\",\"url\":\"https:\/\/www.gintaresgeles.lt\/wp-content\/uploads\/2021\/04\/Ledinuko-spalvos-apvalus-balionas.jpg\",\"contentUrl\":\"https:\/\/www.gintaresgeles.lt\/wp-content\/uploads\/2021\/04\/Ledinuko-spalvos-apvalus-balionas.jpg\",\"width\":500,\"height\":460,\"caption\":\"ledinuko spalvos apvalus balionas\"},{\"@type\":\"BreadcrumbList\",\"@id\":\"https:\/\/www.gintaresgeles.lt\/en\/puokste\/round-foil-helium-balloon-orange-lollipop\/#breadcrumb\",\"itemListElement\":[{\"@type\":\"ListItem\",\"position\":1,\"name\":\"Prad\u017eia\",\"item\":\"https:\/\/www.gintaresgeles.lt\/en\/\"},{\"@type\":\"ListItem\",\"position\":2,\"name\":\"All flowers and other products\",\"item\":\"https:\/\/www.gintaresgeles.lt\/en\/all-flowers-and-other-products\/\"},{\"@type\":\"ListItem\",\"position\":3,\"name\":\"Round foil helium balloon \u201eOrange lollipop\u201c\"}]},{\"@type\":\"WebSite\",\"@id\":\"https:\/\/www.gintaresgeles.lt\/en\/#website\",\"url\":\"https:\/\/www.gintaresgeles.lt\/en\/\",\"name\":\"gintaresgeles.lt\",\"description\":\"G\u0117li\u0173 parduotuv\u0117 internete\",\"potentialAction\":[{\"@type\":\"SearchAction\",\"target\":{\"@type\":\"EntryPoint\",\"urlTemplate\":\"https:\/\/www.gintaresgeles.lt\/en\/?s={search_term_string}\"},\"query-input\":{\"@type\":\"PropertyValueSpecification\",\"valueRequired\":true,\"valueName\":\"search_term_string\"}}],\"inLanguage\":\"en-US\"}]}<\/script>\n<!-- \/ Yoast SEO plugin. -->","yoast_head_json":{"title":"Round foil helium balloon \u201eOrange lollipop\u201c | Balloons delivery | Gintar\u0117s G\u0117l\u0117s","description":"Give a foil helium balloon \"Orange Lollipop\" as a gift. The balloon is similar to a lollipop, so it is perfect as a gift for those with a sweet tooth.","robots":{"index":"index","follow":"follow","max-snippet":"max-snippet:-1","max-image-preview":"max-image-preview:large","max-video-preview":"max-video-preview:-1"},"canonical":"https:\/\/www.gintaresgeles.lt\/en\/puokste\/round-foil-helium-balloon-orange-lollipop\/","og_locale":"en_US","og_type":"article","og_title":"Round foil helium balloon \u201eOrange lollipop\u201c | Balloons delivery | Gintar\u0117s G\u0117l\u0117s","og_description":"Give a foil helium balloon \"Orange Lollipop\" as a gift. The balloon is similar to a lollipop, so it is perfect as a gift for those with a sweet tooth.","og_url":"https:\/\/www.gintaresgeles.lt\/en\/puokste\/round-foil-helium-balloon-orange-lollipop\/","og_site_name":"gintaresgeles.lt","article_modified_time":"2022-11-15T09:33:14+00:00","og_image":[{"width":500,"height":460,"url":"https:\/\/www.gintaresgeles.lt\/wp-content\/uploads\/2021\/04\/Ledinuko-spalvos-apvalus-balionas.jpg","type":"image\/jpeg"}],"twitter_card":"summary_large_image","schema":{"@context":"https:\/\/schema.org","@graph":[{"@type":"WebPage","@id":"https:\/\/www.gintaresgeles.lt\/en\/puokste\/round-foil-helium-balloon-orange-lollipop\/","url":"https:\/\/www.gintaresgeles.lt\/en\/puokste\/round-foil-helium-balloon-orange-lollipop\/","name":"Round foil helium balloon \u201eOrange lollipop\u201c | Balloons delivery | Gintar\u0117s G\u0117l\u0117s","isPartOf":{"@id":"https:\/\/www.gintaresgeles.lt\/en\/#website"},"primaryImageOfPage":{"@id":"https:\/\/www.gintaresgeles.lt\/en\/puokste\/round-foil-helium-balloon-orange-lollipop\/#primaryimage"},"image":{"@id":"https:\/\/www.gintaresgeles.lt\/en\/puokste\/round-foil-helium-balloon-orange-lollipop\/#primaryimage"},"thumbnailUrl":"https:\/\/www.gintaresgeles.lt\/wp-content\/uploads\/2021\/04\/Ledinuko-spalvos-apvalus-balionas.jpg","datePublished":"2021-04-14T12:35:45+00:00","dateModified":"2022-11-15T09:33:14+00:00","description":"Give a foil helium balloon \"Orange Lollipop\" as a gift. The balloon is similar to a lollipop, so it is perfect as a gift for those with a sweet tooth.","breadcrumb":{"@id":"https:\/\/www.gintaresgeles.lt\/en\/puokste\/round-foil-helium-balloon-orange-lollipop\/#breadcrumb"},"inLanguage":"en-US","potentialAction":[{"@type":"ReadAction","target":["https:\/\/www.gintaresgeles.lt\/en\/puokste\/round-foil-helium-balloon-orange-lollipop\/"]}]},{"@type":"ImageObject","inLanguage":"en-US","@id":"https:\/\/www.gintaresgeles.lt\/en\/puokste\/round-foil-helium-balloon-orange-lollipop\/#primaryimage","url":"https:\/\/www.gintaresgeles.lt\/wp-content\/uploads\/2021\/04\/Ledinuko-spalvos-apvalus-balionas.jpg","contentUrl":"https:\/\/www.gintaresgeles.lt\/wp-content\/uploads\/2021\/04\/Ledinuko-spalvos-apvalus-balionas.jpg","width":500,"height":460,"caption":"ledinuko spalvos apvalus balionas"},{"@type":"BreadcrumbList","@id":"https:\/\/www.gintaresgeles.lt\/en\/puokste\/round-foil-helium-balloon-orange-lollipop\/#breadcrumb","itemListElement":[{"@type":"ListItem","position":1,"name":"Prad\u017eia","item":"https:\/\/www.gintaresgeles.lt\/en\/"},{"@type":"ListItem","position":2,"name":"All flowers and other products","item":"https:\/\/www.gintaresgeles.lt\/en\/all-flowers-and-other-products\/"},{"@type":"ListItem","position":3,"name":"Round foil helium balloon \u201eOrange lollipop\u201c"}]},{"@type":"WebSite","@id":"https:\/\/www.gintaresgeles.lt\/en\/#website","url":"https:\/\/www.gintaresgeles.lt\/en\/","name":"gintaresgeles.lt","description":"G\u0117li\u0173 parduotuv\u0117 internete","potentialAction":[{"@type":"SearchAction","target":{"@type":"EntryPoint","urlTemplate":"https:\/\/www.gintaresgeles.lt\/en\/?s={search_term_string}"},"query-input":{"@type":"PropertyValueSpecification","valueRequired":true,"valueName":"search_term_string"}}],"inLanguage":"en-US"}]}},"_links":{"self":[{"href":"https:\/\/www.gintaresgeles.lt\/en\/wp-json\/wp\/v2\/product\/45582","targetHints":{"allow":["GET"]}}],"collection":[{"href":"https:\/\/www.gintaresgeles.lt\/en\/wp-json\/wp\/v2\/product"}],"about":[{"href":"https:\/\/www.gintaresgeles.lt\/en\/wp-json\/wp\/v2\/types\/product"}],"wp:featuredmedia":[{"embeddable":true,"href":"https:\/\/www.gintaresgeles.lt\/en\/wp-json\/wp\/v2\/media\/36161"}],"wp:attachment":[{"href":"https:\/\/www.gintaresgeles.lt\/en\/wp-json\/wp\/v2\/media?parent=45582"}],"wp:term":[{"taxonomy":"product_brand","embeddable":true,"href":"https:\/\/www.gintaresgeles.lt\/en\/wp-json\/wp\/v2\/product_brand?post=45582"},{"taxonomy":"product_cat","embeddable":true,"href":"https:\/\/www.gintaresgeles.lt\/en\/wp-json\/wp\/v2\/product_cat?post=45582"},{"taxonomy":"product_tag","embeddable":true,"href":"https:\/\/www.gintaresgeles.lt\/en\/wp-json\/wp\/v2\/product_tag?post=45582"}],"curies":[{"name":"wp","href":"https:\/\/api.w.org\/{rel}","templated":true}]}}