{"id":45603,"date":"2022-06-08T10:24:48","date_gmt":"2022-06-08T07:24:48","guid":{"rendered":"https:\/\/www.gintaresgeles.lt\/puokste\/advent-wreath-coziness\/"},"modified":"2022-11-17T12:39:46","modified_gmt":"2022-11-17T09:39:46","slug":"advent-wreath-coziness","status":"publish","type":"product","link":"https:\/\/www.gintaresgeles.lt\/en\/puokste\/advent-wreath-coziness\/","title":{"rendered":"Advent wreath &#8220;Coziness&#8221;"},"content":{"rendered":"","protected":false},"excerpt":{"rendered":"<p>A handmade advent wreath made of pine branches, decorated with pine cones, cinnamon sticks, dried lemons and orange slices, red berries and festive ribbon &#8211; creates a cozy Christmas atmosphere.<\/p>\n","protected":false},"featured_media":42267,"template":"","meta":[],"product_brand":[],"product_cat":[1964],"product_tag":[],"class_list":{"0":"post-45603","1":"product","2":"type-product","3":"status-publish","4":"has-post-thumbnail","6":"product_cat-christmas-wreaths","7":"tm-has-options","9":"first","10":"outofstock","11":"taxable","12":"shipping-taxable","13":"purchasable","14":"product-type-simple"},"yoast_head":"<!-- This site is optimized with the Yoast SEO plugin v25.3 - https:\/\/yoast.com\/wordpress\/plugins\/seo\/ -->\n<title>Advent wreath &quot;Coziness&quot; | Christmas wreaths | Gintar\u0117s G\u0117l\u0117s<\/title>\n<meta name=\"description\" content=\"Dress up, decorate your home during the festive season with this pleasant-smelling pine branch wreath with various decor details.\" \/>\n<meta name=\"robots\" content=\"index, follow, max-snippet:-1, max-image-preview:large, max-video-preview:-1\" \/>\n<link rel=\"canonical\" href=\"https:\/\/www.gintaresgeles.lt\/en\/puokste\/advent-wreath-coziness\/\" \/>\n<meta property=\"og:locale\" content=\"en_US\" \/>\n<meta property=\"og:type\" content=\"article\" \/>\n<meta property=\"og:title\" content=\"Advent wreath &quot;Coziness&quot; | Christmas wreaths | Gintar\u0117s G\u0117l\u0117s\" \/>\n<meta property=\"og:description\" content=\"Dress up, decorate your home during the festive season with this pleasant-smelling pine branch wreath with various decor details.\" \/>\n<meta property=\"og:url\" content=\"https:\/\/www.gintaresgeles.lt\/en\/puokste\/advent-wreath-coziness\/\" \/>\n<meta property=\"og:site_name\" content=\"gintaresgeles.lt\" \/>\n<meta property=\"article:modified_time\" content=\"2022-11-17T09:39:46+00:00\" \/>\n<meta property=\"og:image\" content=\"https:\/\/www.gintaresgeles.lt\/wp-content\/uploads\/2022\/06\/kenio-saku-advento-vainikas-su-papuosimais.jpg\" \/>\n\t<meta property=\"og:image:width\" content=\"1200\" \/>\n\t<meta property=\"og:image:height\" content=\"1200\" \/>\n\t<meta property=\"og:image:type\" content=\"image\/jpeg\" \/>\n<meta name=\"twitter:card\" content=\"summary_large_image\" \/>\n<script type=\"application\/ld+json\" class=\"yoast-schema-graph\">{\"@context\":\"https:\/\/schema.org\",\"@graph\":[{\"@type\":\"WebPage\",\"@id\":\"https:\/\/www.gintaresgeles.lt\/en\/puokste\/advent-wreath-coziness\/\",\"url\":\"https:\/\/www.gintaresgeles.lt\/en\/puokste\/advent-wreath-coziness\/\",\"name\":\"Advent wreath \\\"Coziness\\\" | Christmas wreaths | Gintar\u0117s G\u0117l\u0117s\",\"isPartOf\":{\"@id\":\"https:\/\/www.gintaresgeles.lt\/en\/#website\"},\"primaryImageOfPage\":{\"@id\":\"https:\/\/www.gintaresgeles.lt\/en\/puokste\/advent-wreath-coziness\/#primaryimage\"},\"image\":{\"@id\":\"https:\/\/www.gintaresgeles.lt\/en\/puokste\/advent-wreath-coziness\/#primaryimage\"},\"thumbnailUrl\":\"https:\/\/www.gintaresgeles.lt\/wp-content\/uploads\/2022\/06\/kenio-saku-advento-vainikas-su-papuosimais.jpg\",\"datePublished\":\"2022-06-08T07:24:48+00:00\",\"dateModified\":\"2022-11-17T09:39:46+00:00\",\"description\":\"Dress up, decorate your home during the festive season with this pleasant-smelling pine branch wreath with various decor details.\",\"breadcrumb\":{\"@id\":\"https:\/\/www.gintaresgeles.lt\/en\/puokste\/advent-wreath-coziness\/#breadcrumb\"},\"inLanguage\":\"en-US\",\"potentialAction\":[{\"@type\":\"ReadAction\",\"target\":[\"https:\/\/www.gintaresgeles.lt\/en\/puokste\/advent-wreath-coziness\/\"]}]},{\"@type\":\"ImageObject\",\"inLanguage\":\"en-US\",\"@id\":\"https:\/\/www.gintaresgeles.lt\/en\/puokste\/advent-wreath-coziness\/#primaryimage\",\"url\":\"https:\/\/www.gintaresgeles.lt\/wp-content\/uploads\/2022\/06\/kenio-saku-advento-vainikas-su-papuosimais.jpg\",\"contentUrl\":\"https:\/\/www.gintaresgeles.lt\/wp-content\/uploads\/2022\/06\/kenio-saku-advento-vainikas-su-papuosimais.jpg\",\"width\":1200,\"height\":1200,\"caption\":\"\u0160ventin\u0117s dekoracijos kal\u0117d\u0173 vainikas\"},{\"@type\":\"BreadcrumbList\",\"@id\":\"https:\/\/www.gintaresgeles.lt\/en\/puokste\/advent-wreath-coziness\/#breadcrumb\",\"itemListElement\":[{\"@type\":\"ListItem\",\"position\":1,\"name\":\"Prad\u017eia\",\"item\":\"https:\/\/www.gintaresgeles.lt\/en\/\"},{\"@type\":\"ListItem\",\"position\":2,\"name\":\"All flowers and other products\",\"item\":\"https:\/\/www.gintaresgeles.lt\/en\/all-flowers-and-other-products\/\"},{\"@type\":\"ListItem\",\"position\":3,\"name\":\"Advent wreath &#8222;Coziness&#8221;\"}]},{\"@type\":\"WebSite\",\"@id\":\"https:\/\/www.gintaresgeles.lt\/en\/#website\",\"url\":\"https:\/\/www.gintaresgeles.lt\/en\/\",\"name\":\"gintaresgeles.lt\",\"description\":\"G\u0117li\u0173 parduotuv\u0117 internete\",\"potentialAction\":[{\"@type\":\"SearchAction\",\"target\":{\"@type\":\"EntryPoint\",\"urlTemplate\":\"https:\/\/www.gintaresgeles.lt\/en\/?s={search_term_string}\"},\"query-input\":{\"@type\":\"PropertyValueSpecification\",\"valueRequired\":true,\"valueName\":\"search_term_string\"}}],\"inLanguage\":\"en-US\"}]}<\/script>\n<!-- \/ Yoast SEO plugin. -->","yoast_head_json":{"title":"Advent wreath \"Coziness\" | Christmas wreaths | Gintar\u0117s G\u0117l\u0117s","description":"Dress up, decorate your home during the festive season with this pleasant-smelling pine branch wreath with various decor details.","robots":{"index":"index","follow":"follow","max-snippet":"max-snippet:-1","max-image-preview":"max-image-preview:large","max-video-preview":"max-video-preview:-1"},"canonical":"https:\/\/www.gintaresgeles.lt\/en\/puokste\/advent-wreath-coziness\/","og_locale":"en_US","og_type":"article","og_title":"Advent wreath \"Coziness\" | Christmas wreaths | Gintar\u0117s G\u0117l\u0117s","og_description":"Dress up, decorate your home during the festive season with this pleasant-smelling pine branch wreath with various decor details.","og_url":"https:\/\/www.gintaresgeles.lt\/en\/puokste\/advent-wreath-coziness\/","og_site_name":"gintaresgeles.lt","article_modified_time":"2022-11-17T09:39:46+00:00","og_image":[{"width":1200,"height":1200,"url":"https:\/\/www.gintaresgeles.lt\/wp-content\/uploads\/2022\/06\/kenio-saku-advento-vainikas-su-papuosimais.jpg","type":"image\/jpeg"}],"twitter_card":"summary_large_image","schema":{"@context":"https:\/\/schema.org","@graph":[{"@type":"WebPage","@id":"https:\/\/www.gintaresgeles.lt\/en\/puokste\/advent-wreath-coziness\/","url":"https:\/\/www.gintaresgeles.lt\/en\/puokste\/advent-wreath-coziness\/","name":"Advent wreath \"Coziness\" | Christmas wreaths | Gintar\u0117s G\u0117l\u0117s","isPartOf":{"@id":"https:\/\/www.gintaresgeles.lt\/en\/#website"},"primaryImageOfPage":{"@id":"https:\/\/www.gintaresgeles.lt\/en\/puokste\/advent-wreath-coziness\/#primaryimage"},"image":{"@id":"https:\/\/www.gintaresgeles.lt\/en\/puokste\/advent-wreath-coziness\/#primaryimage"},"thumbnailUrl":"https:\/\/www.gintaresgeles.lt\/wp-content\/uploads\/2022\/06\/kenio-saku-advento-vainikas-su-papuosimais.jpg","datePublished":"2022-06-08T07:24:48+00:00","dateModified":"2022-11-17T09:39:46+00:00","description":"Dress up, decorate your home during the festive season with this pleasant-smelling pine branch wreath with various decor details.","breadcrumb":{"@id":"https:\/\/www.gintaresgeles.lt\/en\/puokste\/advent-wreath-coziness\/#breadcrumb"},"inLanguage":"en-US","potentialAction":[{"@type":"ReadAction","target":["https:\/\/www.gintaresgeles.lt\/en\/puokste\/advent-wreath-coziness\/"]}]},{"@type":"ImageObject","inLanguage":"en-US","@id":"https:\/\/www.gintaresgeles.lt\/en\/puokste\/advent-wreath-coziness\/#primaryimage","url":"https:\/\/www.gintaresgeles.lt\/wp-content\/uploads\/2022\/06\/kenio-saku-advento-vainikas-su-papuosimais.jpg","contentUrl":"https:\/\/www.gintaresgeles.lt\/wp-content\/uploads\/2022\/06\/kenio-saku-advento-vainikas-su-papuosimais.jpg","width":1200,"height":1200,"caption":"\u0160ventin\u0117s dekoracijos kal\u0117d\u0173 vainikas"},{"@type":"BreadcrumbList","@id":"https:\/\/www.gintaresgeles.lt\/en\/puokste\/advent-wreath-coziness\/#breadcrumb","itemListElement":[{"@type":"ListItem","position":1,"name":"Prad\u017eia","item":"https:\/\/www.gintaresgeles.lt\/en\/"},{"@type":"ListItem","position":2,"name":"All flowers and other products","item":"https:\/\/www.gintaresgeles.lt\/en\/all-flowers-and-other-products\/"},{"@type":"ListItem","position":3,"name":"Advent wreath &#8222;Coziness&#8221;"}]},{"@type":"WebSite","@id":"https:\/\/www.gintaresgeles.lt\/en\/#website","url":"https:\/\/www.gintaresgeles.lt\/en\/","name":"gintaresgeles.lt","description":"G\u0117li\u0173 parduotuv\u0117 internete","potentialAction":[{"@type":"SearchAction","target":{"@type":"EntryPoint","urlTemplate":"https:\/\/www.gintaresgeles.lt\/en\/?s={search_term_string}"},"query-input":{"@type":"PropertyValueSpecification","valueRequired":true,"valueName":"search_term_string"}}],"inLanguage":"en-US"}]}},"_links":{"self":[{"href":"https:\/\/www.gintaresgeles.lt\/en\/wp-json\/wp\/v2\/product\/45603","targetHints":{"allow":["GET"]}}],"collection":[{"href":"https:\/\/www.gintaresgeles.lt\/en\/wp-json\/wp\/v2\/product"}],"about":[{"href":"https:\/\/www.gintaresgeles.lt\/en\/wp-json\/wp\/v2\/types\/product"}],"wp:featuredmedia":[{"embeddable":true,"href":"https:\/\/www.gintaresgeles.lt\/en\/wp-json\/wp\/v2\/media\/42267"}],"wp:attachment":[{"href":"https:\/\/www.gintaresgeles.lt\/en\/wp-json\/wp\/v2\/media?parent=45603"}],"wp:term":[{"taxonomy":"product_brand","embeddable":true,"href":"https:\/\/www.gintaresgeles.lt\/en\/wp-json\/wp\/v2\/product_brand?post=45603"},{"taxonomy":"product_cat","embeddable":true,"href":"https:\/\/www.gintaresgeles.lt\/en\/wp-json\/wp\/v2\/product_cat?post=45603"},{"taxonomy":"product_tag","embeddable":true,"href":"https:\/\/www.gintaresgeles.lt\/en\/wp-json\/wp\/v2\/product_tag?post=45603"}],"curies":[{"name":"wp","href":"https:\/\/api.w.org\/{rel}","templated":true}]}}