{"id":45608,"date":"2022-05-26T15:24:41","date_gmt":"2022-05-26T12:24:41","guid":{"rendered":"https:\/\/www.gintaresgeles.lt\/puokste\/soap-flowers-light-pink-peonies\/"},"modified":"2022-11-17T12:52:16","modified_gmt":"2022-11-17T09:52:16","slug":"soap-flowers-light-pink-peonies","status":"publish","type":"product","link":"https:\/\/www.gintaresgeles.lt\/en\/puokste\/soap-flowers-light-pink-peonies\/","title":{"rendered":"Soap flowers \u201eLight pink peonies\u201c"},"content":{"rendered":"","protected":false},"excerpt":{"rendered":"<p>Make your beloved mother, sister, friend happy with an original and more interesting gift. Realistic-looking fragrant light pink peonies made of soap will become a great interior detail.<\/p>\n","protected":false},"featured_media":41764,"template":"","meta":[],"product_brand":[],"product_cat":[260,259,252,266,256,253,257,428,262,263,264,1926],"product_tag":[],"class_list":{"0":"post-45608","1":"product","2":"type-product","3":"status-publish","4":"has-post-thumbnail","6":"product_cat-birthday-flowers","7":"product_cat-flowers-by-occasion","8":"product_cat-flowers-by-recipient","9":"product_cat-flowers-by-style","10":"product_cat-flowers-for-girlfriend","11":"product_cat-flowers-for-mom","12":"product_cat-flowers-for-women","13":"product_cat-jubilee-flowers","14":"product_cat-march8th-flowers","15":"product_cat-mothers-day-flowers","16":"product_cat-valentines-day-flowers","17":"product_cat-soap-flowers","18":"tm-no-options","20":"first","21":"outofstock","22":"taxable","23":"shipping-taxable","24":"purchasable","25":"product-type-variable","26":"has-default-attributes"},"yoast_head":"<!-- This site is optimized with the Yoast SEO plugin v25.3 - https:\/\/yoast.com\/wordpress\/plugins\/seo\/ -->\n<title>Soap flowers \u201eLight pink peonies\u201c | Fragrant flowers | Gintar\u0117s G\u0117l\u0117s<\/title>\n<meta name=\"description\" content=\"Soap flowers &quot;Light pink peonies&quot; - enjoy a long-lasting interior decoration. Attention make every loved one smile.\" \/>\n<meta name=\"robots\" content=\"index, follow, max-snippet:-1, max-image-preview:large, max-video-preview:-1\" \/>\n<link rel=\"canonical\" href=\"https:\/\/www.gintaresgeles.lt\/en\/puokste\/soap-flowers-light-pink-peonies\/\" \/>\n<meta property=\"og:locale\" content=\"en_US\" \/>\n<meta property=\"og:type\" content=\"article\" \/>\n<meta property=\"og:title\" content=\"Soap flowers \u201eLight pink peonies\u201c | Fragrant flowers | Gintar\u0117s G\u0117l\u0117s\" \/>\n<meta property=\"og:description\" content=\"Soap flowers &quot;Light pink peonies&quot; - enjoy a long-lasting interior decoration. Attention make every loved one smile.\" \/>\n<meta property=\"og:url\" content=\"https:\/\/www.gintaresgeles.lt\/en\/puokste\/soap-flowers-light-pink-peonies\/\" \/>\n<meta property=\"og:site_name\" content=\"gintaresgeles.lt\" \/>\n<meta property=\"article:modified_time\" content=\"2022-11-17T09:52:16+00:00\" \/>\n<meta property=\"og:image\" content=\"https:\/\/www.gintaresgeles.lt\/wp-content\/uploads\/2022\/05\/muilo-geles-sviesiai-rozines-spalvos-bijunai.jpg\" \/>\n\t<meta property=\"og:image:width\" content=\"1200\" \/>\n\t<meta property=\"og:image:height\" content=\"1200\" \/>\n\t<meta property=\"og:image:type\" content=\"image\/jpeg\" \/>\n<meta name=\"twitter:card\" content=\"summary_large_image\" \/>\n<script type=\"application\/ld+json\" class=\"yoast-schema-graph\">{\"@context\":\"https:\/\/schema.org\",\"@graph\":[{\"@type\":\"WebPage\",\"@id\":\"https:\/\/www.gintaresgeles.lt\/en\/puokste\/soap-flowers-light-pink-peonies\/\",\"url\":\"https:\/\/www.gintaresgeles.lt\/en\/puokste\/soap-flowers-light-pink-peonies\/\",\"name\":\"Soap flowers \u201eLight pink peonies\u201c | Fragrant flowers | Gintar\u0117s G\u0117l\u0117s\",\"isPartOf\":{\"@id\":\"https:\/\/www.gintaresgeles.lt\/en\/#website\"},\"primaryImageOfPage\":{\"@id\":\"https:\/\/www.gintaresgeles.lt\/en\/puokste\/soap-flowers-light-pink-peonies\/#primaryimage\"},\"image\":{\"@id\":\"https:\/\/www.gintaresgeles.lt\/en\/puokste\/soap-flowers-light-pink-peonies\/#primaryimage\"},\"thumbnailUrl\":\"https:\/\/www.gintaresgeles.lt\/wp-content\/uploads\/2022\/05\/muilo-geles-sviesiai-rozines-spalvos-bijunai.jpg\",\"datePublished\":\"2022-05-26T12:24:41+00:00\",\"dateModified\":\"2022-11-17T09:52:16+00:00\",\"description\":\"Soap flowers \\\"Light pink peonies\\\" - enjoy a long-lasting interior decoration. Attention make every loved one smile.\",\"breadcrumb\":{\"@id\":\"https:\/\/www.gintaresgeles.lt\/en\/puokste\/soap-flowers-light-pink-peonies\/#breadcrumb\"},\"inLanguage\":\"en-US\",\"potentialAction\":[{\"@type\":\"ReadAction\",\"target\":[\"https:\/\/www.gintaresgeles.lt\/en\/puokste\/soap-flowers-light-pink-peonies\/\"]}]},{\"@type\":\"ImageObject\",\"inLanguage\":\"en-US\",\"@id\":\"https:\/\/www.gintaresgeles.lt\/en\/puokste\/soap-flowers-light-pink-peonies\/#primaryimage\",\"url\":\"https:\/\/www.gintaresgeles.lt\/wp-content\/uploads\/2022\/05\/muilo-geles-sviesiai-rozines-spalvos-bijunai.jpg\",\"contentUrl\":\"https:\/\/www.gintaresgeles.lt\/wp-content\/uploads\/2022\/05\/muilo-geles-sviesiai-rozines-spalvos-bijunai.jpg\",\"width\":1200,\"height\":1200,\"caption\":\"Kvepian\u010dios muilo g\u0117l\u0117s Balti bij\u016bnai\"},{\"@type\":\"BreadcrumbList\",\"@id\":\"https:\/\/www.gintaresgeles.lt\/en\/puokste\/soap-flowers-light-pink-peonies\/#breadcrumb\",\"itemListElement\":[{\"@type\":\"ListItem\",\"position\":1,\"name\":\"Prad\u017eia\",\"item\":\"https:\/\/www.gintaresgeles.lt\/en\/\"},{\"@type\":\"ListItem\",\"position\":2,\"name\":\"All flowers and other products\",\"item\":\"https:\/\/www.gintaresgeles.lt\/en\/all-flowers-and-other-products\/\"},{\"@type\":\"ListItem\",\"position\":3,\"name\":\"Soap flowers \u201eLight pink peonies\u201c\"}]},{\"@type\":\"WebSite\",\"@id\":\"https:\/\/www.gintaresgeles.lt\/en\/#website\",\"url\":\"https:\/\/www.gintaresgeles.lt\/en\/\",\"name\":\"gintaresgeles.lt\",\"description\":\"G\u0117li\u0173 parduotuv\u0117 internete\",\"potentialAction\":[{\"@type\":\"SearchAction\",\"target\":{\"@type\":\"EntryPoint\",\"urlTemplate\":\"https:\/\/www.gintaresgeles.lt\/en\/?s={search_term_string}\"},\"query-input\":{\"@type\":\"PropertyValueSpecification\",\"valueRequired\":true,\"valueName\":\"search_term_string\"}}],\"inLanguage\":\"en-US\"}]}<\/script>\n<!-- \/ Yoast SEO plugin. -->","yoast_head_json":{"title":"Soap flowers \u201eLight pink peonies\u201c | Fragrant flowers | Gintar\u0117s G\u0117l\u0117s","description":"Soap flowers \"Light pink peonies\" - enjoy a long-lasting interior decoration. Attention make every loved one smile.","robots":{"index":"index","follow":"follow","max-snippet":"max-snippet:-1","max-image-preview":"max-image-preview:large","max-video-preview":"max-video-preview:-1"},"canonical":"https:\/\/www.gintaresgeles.lt\/en\/puokste\/soap-flowers-light-pink-peonies\/","og_locale":"en_US","og_type":"article","og_title":"Soap flowers \u201eLight pink peonies\u201c | Fragrant flowers | Gintar\u0117s G\u0117l\u0117s","og_description":"Soap flowers \"Light pink peonies\" - enjoy a long-lasting interior decoration. Attention make every loved one smile.","og_url":"https:\/\/www.gintaresgeles.lt\/en\/puokste\/soap-flowers-light-pink-peonies\/","og_site_name":"gintaresgeles.lt","article_modified_time":"2022-11-17T09:52:16+00:00","og_image":[{"width":1200,"height":1200,"url":"https:\/\/www.gintaresgeles.lt\/wp-content\/uploads\/2022\/05\/muilo-geles-sviesiai-rozines-spalvos-bijunai.jpg","type":"image\/jpeg"}],"twitter_card":"summary_large_image","schema":{"@context":"https:\/\/schema.org","@graph":[{"@type":"WebPage","@id":"https:\/\/www.gintaresgeles.lt\/en\/puokste\/soap-flowers-light-pink-peonies\/","url":"https:\/\/www.gintaresgeles.lt\/en\/puokste\/soap-flowers-light-pink-peonies\/","name":"Soap flowers \u201eLight pink peonies\u201c | Fragrant flowers | Gintar\u0117s G\u0117l\u0117s","isPartOf":{"@id":"https:\/\/www.gintaresgeles.lt\/en\/#website"},"primaryImageOfPage":{"@id":"https:\/\/www.gintaresgeles.lt\/en\/puokste\/soap-flowers-light-pink-peonies\/#primaryimage"},"image":{"@id":"https:\/\/www.gintaresgeles.lt\/en\/puokste\/soap-flowers-light-pink-peonies\/#primaryimage"},"thumbnailUrl":"https:\/\/www.gintaresgeles.lt\/wp-content\/uploads\/2022\/05\/muilo-geles-sviesiai-rozines-spalvos-bijunai.jpg","datePublished":"2022-05-26T12:24:41+00:00","dateModified":"2022-11-17T09:52:16+00:00","description":"Soap flowers \"Light pink peonies\" - enjoy a long-lasting interior decoration. Attention make every loved one smile.","breadcrumb":{"@id":"https:\/\/www.gintaresgeles.lt\/en\/puokste\/soap-flowers-light-pink-peonies\/#breadcrumb"},"inLanguage":"en-US","potentialAction":[{"@type":"ReadAction","target":["https:\/\/www.gintaresgeles.lt\/en\/puokste\/soap-flowers-light-pink-peonies\/"]}]},{"@type":"ImageObject","inLanguage":"en-US","@id":"https:\/\/www.gintaresgeles.lt\/en\/puokste\/soap-flowers-light-pink-peonies\/#primaryimage","url":"https:\/\/www.gintaresgeles.lt\/wp-content\/uploads\/2022\/05\/muilo-geles-sviesiai-rozines-spalvos-bijunai.jpg","contentUrl":"https:\/\/www.gintaresgeles.lt\/wp-content\/uploads\/2022\/05\/muilo-geles-sviesiai-rozines-spalvos-bijunai.jpg","width":1200,"height":1200,"caption":"Kvepian\u010dios muilo g\u0117l\u0117s Balti bij\u016bnai"},{"@type":"BreadcrumbList","@id":"https:\/\/www.gintaresgeles.lt\/en\/puokste\/soap-flowers-light-pink-peonies\/#breadcrumb","itemListElement":[{"@type":"ListItem","position":1,"name":"Prad\u017eia","item":"https:\/\/www.gintaresgeles.lt\/en\/"},{"@type":"ListItem","position":2,"name":"All flowers and other products","item":"https:\/\/www.gintaresgeles.lt\/en\/all-flowers-and-other-products\/"},{"@type":"ListItem","position":3,"name":"Soap flowers \u201eLight pink peonies\u201c"}]},{"@type":"WebSite","@id":"https:\/\/www.gintaresgeles.lt\/en\/#website","url":"https:\/\/www.gintaresgeles.lt\/en\/","name":"gintaresgeles.lt","description":"G\u0117li\u0173 parduotuv\u0117 internete","potentialAction":[{"@type":"SearchAction","target":{"@type":"EntryPoint","urlTemplate":"https:\/\/www.gintaresgeles.lt\/en\/?s={search_term_string}"},"query-input":{"@type":"PropertyValueSpecification","valueRequired":true,"valueName":"search_term_string"}}],"inLanguage":"en-US"}]}},"_links":{"self":[{"href":"https:\/\/www.gintaresgeles.lt\/en\/wp-json\/wp\/v2\/product\/45608","targetHints":{"allow":["GET"]}}],"collection":[{"href":"https:\/\/www.gintaresgeles.lt\/en\/wp-json\/wp\/v2\/product"}],"about":[{"href":"https:\/\/www.gintaresgeles.lt\/en\/wp-json\/wp\/v2\/types\/product"}],"wp:featuredmedia":[{"embeddable":true,"href":"https:\/\/www.gintaresgeles.lt\/en\/wp-json\/wp\/v2\/media\/41764"}],"wp:attachment":[{"href":"https:\/\/www.gintaresgeles.lt\/en\/wp-json\/wp\/v2\/media?parent=45608"}],"wp:term":[{"taxonomy":"product_brand","embeddable":true,"href":"https:\/\/www.gintaresgeles.lt\/en\/wp-json\/wp\/v2\/product_brand?post=45608"},{"taxonomy":"product_cat","embeddable":true,"href":"https:\/\/www.gintaresgeles.lt\/en\/wp-json\/wp\/v2\/product_cat?post=45608"},{"taxonomy":"product_tag","embeddable":true,"href":"https:\/\/www.gintaresgeles.lt\/en\/wp-json\/wp\/v2\/product_tag?post=45608"}],"curies":[{"name":"wp","href":"https:\/\/api.w.org\/{rel}","templated":true}]}}