{"id":45682,"date":"2022-11-18T23:03:34","date_gmt":"2022-11-18T20:03:34","guid":{"rendered":"https:\/\/www.gintaresgeles.lt\/puokste\/a-bouquet-of-kitkat-and-mars-chocolates\/"},"modified":"2025-01-31T11:15:30","modified_gmt":"2025-01-31T09:15:30","slug":"a-bouquet-of-kitkat-and-mars-chocolates","status":"publish","type":"product","link":"https:\/\/www.gintaresgeles.lt\/en\/puokste\/a-bouquet-of-kitkat-and-mars-chocolates\/","title":{"rendered":"A bouquet of \u201eKitKat\u201c and \u201eMars\u201c chocolates"},"content":{"rendered":"","protected":false},"excerpt":{"rendered":"<p>A bouquet of KitKat and Mars chocolate bars is a great alternative to a bouquet of live flowers when you want something special. What&#8217;s more, this bouquet is great because the recipient will be able to eat it! The bouquet consists of 10 pcs. Kitkat bars and 9 pcs. Mars bars.<\/p>\n","protected":false},"featured_media":45541,"template":"","meta":[],"product_brand":[],"product_cat":[261,260,259,252,266,256,258,253,257,237,428,262,264,1967,1981],"product_tag":[],"class_list":{"0":"post-45682","1":"product","2":"type-product","3":"status-publish","4":"has-post-thumbnail","6":"product_cat-birthday-bouquets","7":"product_cat-birthday-flowers","8":"product_cat-flowers-by-occasion","9":"product_cat-flowers-by-recipient","10":"product_cat-flowers-by-style","11":"product_cat-flowers-for-girlfriend","12":"product_cat-flowers-for-men","13":"product_cat-flowers-for-mom","14":"product_cat-flowers-for-women","15":"product_cat-gifts","16":"product_cat-jubilee-flowers","17":"product_cat-march8th-flowers","18":"product_cat-valentines-day-flowers","19":"product_cat-edible-bouquets","20":"product_cat-sweets","21":"tm-has-options","23":"first","24":"instock","25":"taxable","26":"shipping-taxable","27":"purchasable","28":"product-type-simple"},"yoast_head":"<!-- This site is optimized with the Yoast SEO plugin v25.3 - https:\/\/yoast.com\/wordpress\/plugins\/seo\/ -->\n<title>A bouquet of \u201eKitKat\u201c and \u201eMars\u201c chocolates | Gintar\u0117s G\u0117l\u0117s<\/title>\n<meta name=\"description\" content=\"A sweet and unique bouquet of KitKat and Mars chocolate bars will make a perfect gift for all holidays and for all recipients.\" \/>\n<meta name=\"robots\" content=\"index, follow, max-snippet:-1, max-image-preview:large, max-video-preview:-1\" \/>\n<link rel=\"canonical\" href=\"https:\/\/www.gintaresgeles.lt\/en\/puokste\/a-bouquet-of-kitkat-and-mars-chocolates\/\" \/>\n<meta property=\"og:locale\" content=\"en_US\" \/>\n<meta property=\"og:type\" content=\"article\" \/>\n<meta property=\"og:title\" content=\"A bouquet of \u201eKitKat\u201c and \u201eMars\u201c chocolates | Gintar\u0117s G\u0117l\u0117s\" \/>\n<meta property=\"og:description\" content=\"A sweet and unique bouquet of KitKat and Mars chocolate bars will make a perfect gift for all holidays and for all recipients.\" \/>\n<meta property=\"og:url\" content=\"https:\/\/www.gintaresgeles.lt\/en\/puokste\/a-bouquet-of-kitkat-and-mars-chocolates\/\" \/>\n<meta property=\"og:site_name\" content=\"gintaresgeles.lt\" \/>\n<meta property=\"article:modified_time\" content=\"2025-01-31T09:15:30+00:00\" \/>\n<meta property=\"og:image\" content=\"https:\/\/www.gintaresgeles.lt\/wp-content\/uploads\/2022\/11\/KitKat-ir-Mars-batoneliu-puokste-dovana-draugei.jpg\" \/>\n\t<meta property=\"og:image:width\" content=\"600\" \/>\n\t<meta property=\"og:image:height\" content=\"600\" \/>\n\t<meta property=\"og:image:type\" content=\"image\/jpeg\" \/>\n<meta name=\"twitter:card\" content=\"summary_large_image\" \/>\n<script type=\"application\/ld+json\" class=\"yoast-schema-graph\">{\"@context\":\"https:\/\/schema.org\",\"@graph\":[{\"@type\":\"WebPage\",\"@id\":\"https:\/\/www.gintaresgeles.lt\/en\/puokste\/a-bouquet-of-kitkat-and-mars-chocolates\/\",\"url\":\"https:\/\/www.gintaresgeles.lt\/en\/puokste\/a-bouquet-of-kitkat-and-mars-chocolates\/\",\"name\":\"A bouquet of \u201eKitKat\u201c and \u201eMars\u201c chocolates | Gintar\u0117s G\u0117l\u0117s\",\"isPartOf\":{\"@id\":\"https:\/\/www.gintaresgeles.lt\/en\/#website\"},\"primaryImageOfPage\":{\"@id\":\"https:\/\/www.gintaresgeles.lt\/en\/puokste\/a-bouquet-of-kitkat-and-mars-chocolates\/#primaryimage\"},\"image\":{\"@id\":\"https:\/\/www.gintaresgeles.lt\/en\/puokste\/a-bouquet-of-kitkat-and-mars-chocolates\/#primaryimage\"},\"thumbnailUrl\":\"https:\/\/www.gintaresgeles.lt\/wp-content\/uploads\/2022\/11\/KitKat-ir-Mars-batoneliu-puokste-dovana-draugei.jpg\",\"datePublished\":\"2022-11-18T20:03:34+00:00\",\"dateModified\":\"2025-01-31T09:15:30+00:00\",\"description\":\"A sweet and unique bouquet of KitKat and Mars chocolate bars will make a perfect gift for all holidays and for all recipients.\",\"breadcrumb\":{\"@id\":\"https:\/\/www.gintaresgeles.lt\/en\/puokste\/a-bouquet-of-kitkat-and-mars-chocolates\/#breadcrumb\"},\"inLanguage\":\"en-US\",\"potentialAction\":[{\"@type\":\"ReadAction\",\"target\":[\"https:\/\/www.gintaresgeles.lt\/en\/puokste\/a-bouquet-of-kitkat-and-mars-chocolates\/\"]}]},{\"@type\":\"ImageObject\",\"inLanguage\":\"en-US\",\"@id\":\"https:\/\/www.gintaresgeles.lt\/en\/puokste\/a-bouquet-of-kitkat-and-mars-chocolates\/#primaryimage\",\"url\":\"https:\/\/www.gintaresgeles.lt\/wp-content\/uploads\/2022\/11\/KitKat-ir-Mars-batoneliu-puokste-dovana-draugei.jpg\",\"contentUrl\":\"https:\/\/www.gintaresgeles.lt\/wp-content\/uploads\/2022\/11\/KitKat-ir-Mars-batoneliu-puokste-dovana-draugei.jpg\",\"width\":600,\"height\":600,\"caption\":\"Puok\u0161t\u0117 i\u0161 \u0161okoladini\u0173 saldaini\u0173 dovana draugui\"},{\"@type\":\"BreadcrumbList\",\"@id\":\"https:\/\/www.gintaresgeles.lt\/en\/puokste\/a-bouquet-of-kitkat-and-mars-chocolates\/#breadcrumb\",\"itemListElement\":[{\"@type\":\"ListItem\",\"position\":1,\"name\":\"Prad\u017eia\",\"item\":\"https:\/\/www.gintaresgeles.lt\/en\/\"},{\"@type\":\"ListItem\",\"position\":2,\"name\":\"All flowers and other products\",\"item\":\"https:\/\/www.gintaresgeles.lt\/en\/all-flowers-and-other-products\/\"},{\"@type\":\"ListItem\",\"position\":3,\"name\":\"A bouquet of \u201eKitKat\u201c and \u201eMars\u201c chocolates\"}]},{\"@type\":\"WebSite\",\"@id\":\"https:\/\/www.gintaresgeles.lt\/en\/#website\",\"url\":\"https:\/\/www.gintaresgeles.lt\/en\/\",\"name\":\"Gintares Geles\",\"description\":\"Flower delivery in Vilnius | Same-day delivery | Gintares geles\",\"potentialAction\":[{\"@type\":\"SearchAction\",\"target\":{\"@type\":\"EntryPoint\",\"urlTemplate\":\"https:\/\/www.gintaresgeles.lt\/en\/?s={search_term_string}\"},\"query-input\":{\"@type\":\"PropertyValueSpecification\",\"valueRequired\":true,\"valueName\":\"search_term_string\"}}],\"inLanguage\":\"en-US\"}]}<\/script>\n<!-- \/ Yoast SEO plugin. -->","yoast_head_json":{"title":"A bouquet of \u201eKitKat\u201c and \u201eMars\u201c chocolates | Gintar\u0117s G\u0117l\u0117s","description":"A sweet and unique bouquet of KitKat and Mars chocolate bars will make a perfect gift for all holidays and for all recipients.","robots":{"index":"index","follow":"follow","max-snippet":"max-snippet:-1","max-image-preview":"max-image-preview:large","max-video-preview":"max-video-preview:-1"},"canonical":"https:\/\/www.gintaresgeles.lt\/en\/puokste\/a-bouquet-of-kitkat-and-mars-chocolates\/","og_locale":"en_US","og_type":"article","og_title":"A bouquet of \u201eKitKat\u201c and \u201eMars\u201c chocolates | Gintar\u0117s G\u0117l\u0117s","og_description":"A sweet and unique bouquet of KitKat and Mars chocolate bars will make a perfect gift for all holidays and for all recipients.","og_url":"https:\/\/www.gintaresgeles.lt\/en\/puokste\/a-bouquet-of-kitkat-and-mars-chocolates\/","og_site_name":"gintaresgeles.lt","article_modified_time":"2025-01-31T09:15:30+00:00","og_image":[{"width":600,"height":600,"url":"https:\/\/www.gintaresgeles.lt\/wp-content\/uploads\/2022\/11\/KitKat-ir-Mars-batoneliu-puokste-dovana-draugei.jpg","type":"image\/jpeg"}],"twitter_card":"summary_large_image","schema":{"@context":"https:\/\/schema.org","@graph":[{"@type":"WebPage","@id":"https:\/\/www.gintaresgeles.lt\/en\/puokste\/a-bouquet-of-kitkat-and-mars-chocolates\/","url":"https:\/\/www.gintaresgeles.lt\/en\/puokste\/a-bouquet-of-kitkat-and-mars-chocolates\/","name":"A bouquet of \u201eKitKat\u201c and \u201eMars\u201c chocolates | Gintar\u0117s G\u0117l\u0117s","isPartOf":{"@id":"https:\/\/www.gintaresgeles.lt\/en\/#website"},"primaryImageOfPage":{"@id":"https:\/\/www.gintaresgeles.lt\/en\/puokste\/a-bouquet-of-kitkat-and-mars-chocolates\/#primaryimage"},"image":{"@id":"https:\/\/www.gintaresgeles.lt\/en\/puokste\/a-bouquet-of-kitkat-and-mars-chocolates\/#primaryimage"},"thumbnailUrl":"https:\/\/www.gintaresgeles.lt\/wp-content\/uploads\/2022\/11\/KitKat-ir-Mars-batoneliu-puokste-dovana-draugei.jpg","datePublished":"2022-11-18T20:03:34+00:00","dateModified":"2025-01-31T09:15:30+00:00","description":"A sweet and unique bouquet of KitKat and Mars chocolate bars will make a perfect gift for all holidays and for all recipients.","breadcrumb":{"@id":"https:\/\/www.gintaresgeles.lt\/en\/puokste\/a-bouquet-of-kitkat-and-mars-chocolates\/#breadcrumb"},"inLanguage":"en-US","potentialAction":[{"@type":"ReadAction","target":["https:\/\/www.gintaresgeles.lt\/en\/puokste\/a-bouquet-of-kitkat-and-mars-chocolates\/"]}]},{"@type":"ImageObject","inLanguage":"en-US","@id":"https:\/\/www.gintaresgeles.lt\/en\/puokste\/a-bouquet-of-kitkat-and-mars-chocolates\/#primaryimage","url":"https:\/\/www.gintaresgeles.lt\/wp-content\/uploads\/2022\/11\/KitKat-ir-Mars-batoneliu-puokste-dovana-draugei.jpg","contentUrl":"https:\/\/www.gintaresgeles.lt\/wp-content\/uploads\/2022\/11\/KitKat-ir-Mars-batoneliu-puokste-dovana-draugei.jpg","width":600,"height":600,"caption":"Puok\u0161t\u0117 i\u0161 \u0161okoladini\u0173 saldaini\u0173 dovana draugui"},{"@type":"BreadcrumbList","@id":"https:\/\/www.gintaresgeles.lt\/en\/puokste\/a-bouquet-of-kitkat-and-mars-chocolates\/#breadcrumb","itemListElement":[{"@type":"ListItem","position":1,"name":"Prad\u017eia","item":"https:\/\/www.gintaresgeles.lt\/en\/"},{"@type":"ListItem","position":2,"name":"All flowers and other products","item":"https:\/\/www.gintaresgeles.lt\/en\/all-flowers-and-other-products\/"},{"@type":"ListItem","position":3,"name":"A bouquet of \u201eKitKat\u201c and \u201eMars\u201c chocolates"}]},{"@type":"WebSite","@id":"https:\/\/www.gintaresgeles.lt\/en\/#website","url":"https:\/\/www.gintaresgeles.lt\/en\/","name":"Gintares Geles","description":"Flower delivery in Vilnius | Same-day delivery | Gintares geles","potentialAction":[{"@type":"SearchAction","target":{"@type":"EntryPoint","urlTemplate":"https:\/\/www.gintaresgeles.lt\/en\/?s={search_term_string}"},"query-input":{"@type":"PropertyValueSpecification","valueRequired":true,"valueName":"search_term_string"}}],"inLanguage":"en-US"}]}},"_links":{"self":[{"href":"https:\/\/www.gintaresgeles.lt\/en\/wp-json\/wp\/v2\/product\/45682","targetHints":{"allow":["GET"]}}],"collection":[{"href":"https:\/\/www.gintaresgeles.lt\/en\/wp-json\/wp\/v2\/product"}],"about":[{"href":"https:\/\/www.gintaresgeles.lt\/en\/wp-json\/wp\/v2\/types\/product"}],"wp:featuredmedia":[{"embeddable":true,"href":"https:\/\/www.gintaresgeles.lt\/en\/wp-json\/wp\/v2\/media\/45541"}],"wp:attachment":[{"href":"https:\/\/www.gintaresgeles.lt\/en\/wp-json\/wp\/v2\/media?parent=45682"}],"wp:term":[{"taxonomy":"product_brand","embeddable":true,"href":"https:\/\/www.gintaresgeles.lt\/en\/wp-json\/wp\/v2\/product_brand?post=45682"},{"taxonomy":"product_cat","embeddable":true,"href":"https:\/\/www.gintaresgeles.lt\/en\/wp-json\/wp\/v2\/product_cat?post=45682"},{"taxonomy":"product_tag","embeddable":true,"href":"https:\/\/www.gintaresgeles.lt\/en\/wp-json\/wp\/v2\/product_tag?post=45682"}],"curies":[{"name":"wp","href":"https:\/\/api.w.org\/{rel}","templated":true}]}}