{"id":45875,"date":"2022-12-16T18:25:24","date_gmt":"2022-12-16T15:25:24","guid":{"rendered":"https:\/\/www.gintaresgeles.lt\/?post_type=product&#038;p=45875"},"modified":"2025-05-29T01:59:24","modified_gmt":"2025-05-28T23:59:24","slug":"one-sided-christmas-wreath-christmas-spirit","status":"publish","type":"product","link":"https:\/\/www.gintaresgeles.lt\/en\/puokste\/one-sided-christmas-wreath-christmas-spirit\/","title":{"rendered":"One sided Christmas wreath &#8220;Christmas Spirit&#8221;"},"content":{"rendered":"<p>The diameter of the wreath is 30 cm.<\/p>\n","protected":false},"excerpt":{"rendered":"<p>A handmade Advent wreath made of pine branches, decorated with round toys of various sizes, pine cones, cinnamon and a red ribbon &#8211; creates a cozy Christmas atmosphere.<\/p>\n","protected":false},"featured_media":45871,"template":"","meta":[],"product_brand":[],"product_cat":[2193,1964],"product_tag":[],"class_list":{"0":"post-45875","1":"product","2":"type-product","3":"status-publish","4":"has-post-thumbnail","6":"product_cat-christmas-compositions","7":"product_cat-christmas-wreaths","8":"tm-has-options","10":"first","11":"outofstock","12":"taxable","13":"shipping-taxable","14":"purchasable","15":"product-type-simple"},"yoast_head":"<!-- This site is optimized with the Yoast SEO plugin v25.3 - https:\/\/yoast.com\/wordpress\/plugins\/seo\/ -->\n<title>One sided Christmas wreath &quot;Christmas Spirit&quot; | Gintar\u0117s G\u0117l\u0117s<\/title>\n<meta name=\"description\" content=\"Decorate your home for the festive season with this Christmas wreath with a red and gold trim.\" \/>\n<meta name=\"robots\" content=\"index, follow, max-snippet:-1, max-image-preview:large, max-video-preview:-1\" \/>\n<link rel=\"canonical\" href=\"https:\/\/www.gintaresgeles.lt\/en\/puokste\/one-sided-christmas-wreath-christmas-spirit\/\" \/>\n<meta property=\"og:locale\" content=\"en_US\" \/>\n<meta property=\"og:type\" content=\"article\" \/>\n<meta property=\"og:title\" content=\"One sided Christmas wreath &quot;Christmas Spirit&quot; | Gintar\u0117s G\u0117l\u0117s\" \/>\n<meta property=\"og:description\" content=\"Decorate your home for the festive season with this Christmas wreath with a red and gold trim.\" \/>\n<meta property=\"og:url\" content=\"https:\/\/www.gintaresgeles.lt\/en\/puokste\/one-sided-christmas-wreath-christmas-spirit\/\" \/>\n<meta property=\"og:site_name\" content=\"gintaresgeles.lt\" \/>\n<meta property=\"article:modified_time\" content=\"2025-05-28T23:59:24+00:00\" \/>\n<meta property=\"og:image\" content=\"https:\/\/www.gintaresgeles.lt\/wp-content\/uploads\/2022\/12\/adventos-vainikai-su-cinamonu-dovanos-seimai.jpg\" \/>\n\t<meta property=\"og:image:width\" content=\"1200\" \/>\n\t<meta property=\"og:image:height\" content=\"1200\" \/>\n\t<meta property=\"og:image:type\" content=\"image\/jpeg\" \/>\n<meta name=\"twitter:card\" content=\"summary_large_image\" \/>\n<script type=\"application\/ld+json\" class=\"yoast-schema-graph\">{\"@context\":\"https:\/\/schema.org\",\"@graph\":[{\"@type\":\"WebPage\",\"@id\":\"https:\/\/www.gintaresgeles.lt\/en\/puokste\/one-sided-christmas-wreath-christmas-spirit\/\",\"url\":\"https:\/\/www.gintaresgeles.lt\/en\/puokste\/one-sided-christmas-wreath-christmas-spirit\/\",\"name\":\"One sided Christmas wreath \\\"Christmas Spirit\\\" | Gintar\u0117s G\u0117l\u0117s\",\"isPartOf\":{\"@id\":\"https:\/\/www.gintaresgeles.lt\/en\/#website\"},\"primaryImageOfPage\":{\"@id\":\"https:\/\/www.gintaresgeles.lt\/en\/puokste\/one-sided-christmas-wreath-christmas-spirit\/#primaryimage\"},\"image\":{\"@id\":\"https:\/\/www.gintaresgeles.lt\/en\/puokste\/one-sided-christmas-wreath-christmas-spirit\/#primaryimage\"},\"thumbnailUrl\":\"https:\/\/www.gintaresgeles.lt\/wp-content\/uploads\/2022\/12\/adventos-vainikai-su-cinamonu-dovanos-seimai.jpg\",\"datePublished\":\"2022-12-16T15:25:24+00:00\",\"dateModified\":\"2025-05-28T23:59:24+00:00\",\"description\":\"Decorate your home for the festive season with this Christmas wreath with a red and gold trim.\",\"breadcrumb\":{\"@id\":\"https:\/\/www.gintaresgeles.lt\/en\/puokste\/one-sided-christmas-wreath-christmas-spirit\/#breadcrumb\"},\"inLanguage\":\"en-US\",\"potentialAction\":[{\"@type\":\"ReadAction\",\"target\":[\"https:\/\/www.gintaresgeles.lt\/en\/puokste\/one-sided-christmas-wreath-christmas-spirit\/\"]}]},{\"@type\":\"ImageObject\",\"inLanguage\":\"en-US\",\"@id\":\"https:\/\/www.gintaresgeles.lt\/en\/puokste\/one-sided-christmas-wreath-christmas-spirit\/#primaryimage\",\"url\":\"https:\/\/www.gintaresgeles.lt\/wp-content\/uploads\/2022\/12\/adventos-vainikai-su-cinamonu-dovanos-seimai.jpg\",\"contentUrl\":\"https:\/\/www.gintaresgeles.lt\/wp-content\/uploads\/2022\/12\/adventos-vainikai-su-cinamonu-dovanos-seimai.jpg\",\"width\":1200,\"height\":1200,\"caption\":\"Kal\u0117diniai vainikai\"},{\"@type\":\"BreadcrumbList\",\"@id\":\"https:\/\/www.gintaresgeles.lt\/en\/puokste\/one-sided-christmas-wreath-christmas-spirit\/#breadcrumb\",\"itemListElement\":[{\"@type\":\"ListItem\",\"position\":1,\"name\":\"Prad\u017eia\",\"item\":\"https:\/\/www.gintaresgeles.lt\/en\/\"},{\"@type\":\"ListItem\",\"position\":2,\"name\":\"All flowers and other products\",\"item\":\"https:\/\/www.gintaresgeles.lt\/en\/all-flowers-and-other-products\/\"},{\"@type\":\"ListItem\",\"position\":3,\"name\":\"One sided Christmas wreath &#8222;Christmas Spirit&#8221;\"}]},{\"@type\":\"WebSite\",\"@id\":\"https:\/\/www.gintaresgeles.lt\/en\/#website\",\"url\":\"https:\/\/www.gintaresgeles.lt\/en\/\",\"name\":\"gintaresgeles.lt\",\"description\":\"G\u0117li\u0173 parduotuv\u0117 internete\",\"potentialAction\":[{\"@type\":\"SearchAction\",\"target\":{\"@type\":\"EntryPoint\",\"urlTemplate\":\"https:\/\/www.gintaresgeles.lt\/en\/?s={search_term_string}\"},\"query-input\":{\"@type\":\"PropertyValueSpecification\",\"valueRequired\":true,\"valueName\":\"search_term_string\"}}],\"inLanguage\":\"en-US\"}]}<\/script>\n<!-- \/ Yoast SEO plugin. -->","yoast_head_json":{"title":"One sided Christmas wreath \"Christmas Spirit\" | Gintar\u0117s G\u0117l\u0117s","description":"Decorate your home for the festive season with this Christmas wreath with a red and gold trim.","robots":{"index":"index","follow":"follow","max-snippet":"max-snippet:-1","max-image-preview":"max-image-preview:large","max-video-preview":"max-video-preview:-1"},"canonical":"https:\/\/www.gintaresgeles.lt\/en\/puokste\/one-sided-christmas-wreath-christmas-spirit\/","og_locale":"en_US","og_type":"article","og_title":"One sided Christmas wreath \"Christmas Spirit\" | Gintar\u0117s G\u0117l\u0117s","og_description":"Decorate your home for the festive season with this Christmas wreath with a red and gold trim.","og_url":"https:\/\/www.gintaresgeles.lt\/en\/puokste\/one-sided-christmas-wreath-christmas-spirit\/","og_site_name":"gintaresgeles.lt","article_modified_time":"2025-05-28T23:59:24+00:00","og_image":[{"width":1200,"height":1200,"url":"https:\/\/www.gintaresgeles.lt\/wp-content\/uploads\/2022\/12\/adventos-vainikai-su-cinamonu-dovanos-seimai.jpg","type":"image\/jpeg"}],"twitter_card":"summary_large_image","schema":{"@context":"https:\/\/schema.org","@graph":[{"@type":"WebPage","@id":"https:\/\/www.gintaresgeles.lt\/en\/puokste\/one-sided-christmas-wreath-christmas-spirit\/","url":"https:\/\/www.gintaresgeles.lt\/en\/puokste\/one-sided-christmas-wreath-christmas-spirit\/","name":"One sided Christmas wreath \"Christmas Spirit\" | Gintar\u0117s G\u0117l\u0117s","isPartOf":{"@id":"https:\/\/www.gintaresgeles.lt\/en\/#website"},"primaryImageOfPage":{"@id":"https:\/\/www.gintaresgeles.lt\/en\/puokste\/one-sided-christmas-wreath-christmas-spirit\/#primaryimage"},"image":{"@id":"https:\/\/www.gintaresgeles.lt\/en\/puokste\/one-sided-christmas-wreath-christmas-spirit\/#primaryimage"},"thumbnailUrl":"https:\/\/www.gintaresgeles.lt\/wp-content\/uploads\/2022\/12\/adventos-vainikai-su-cinamonu-dovanos-seimai.jpg","datePublished":"2022-12-16T15:25:24+00:00","dateModified":"2025-05-28T23:59:24+00:00","description":"Decorate your home for the festive season with this Christmas wreath with a red and gold trim.","breadcrumb":{"@id":"https:\/\/www.gintaresgeles.lt\/en\/puokste\/one-sided-christmas-wreath-christmas-spirit\/#breadcrumb"},"inLanguage":"en-US","potentialAction":[{"@type":"ReadAction","target":["https:\/\/www.gintaresgeles.lt\/en\/puokste\/one-sided-christmas-wreath-christmas-spirit\/"]}]},{"@type":"ImageObject","inLanguage":"en-US","@id":"https:\/\/www.gintaresgeles.lt\/en\/puokste\/one-sided-christmas-wreath-christmas-spirit\/#primaryimage","url":"https:\/\/www.gintaresgeles.lt\/wp-content\/uploads\/2022\/12\/adventos-vainikai-su-cinamonu-dovanos-seimai.jpg","contentUrl":"https:\/\/www.gintaresgeles.lt\/wp-content\/uploads\/2022\/12\/adventos-vainikai-su-cinamonu-dovanos-seimai.jpg","width":1200,"height":1200,"caption":"Kal\u0117diniai vainikai"},{"@type":"BreadcrumbList","@id":"https:\/\/www.gintaresgeles.lt\/en\/puokste\/one-sided-christmas-wreath-christmas-spirit\/#breadcrumb","itemListElement":[{"@type":"ListItem","position":1,"name":"Prad\u017eia","item":"https:\/\/www.gintaresgeles.lt\/en\/"},{"@type":"ListItem","position":2,"name":"All flowers and other products","item":"https:\/\/www.gintaresgeles.lt\/en\/all-flowers-and-other-products\/"},{"@type":"ListItem","position":3,"name":"One sided Christmas wreath &#8222;Christmas Spirit&#8221;"}]},{"@type":"WebSite","@id":"https:\/\/www.gintaresgeles.lt\/en\/#website","url":"https:\/\/www.gintaresgeles.lt\/en\/","name":"gintaresgeles.lt","description":"G\u0117li\u0173 parduotuv\u0117 internete","potentialAction":[{"@type":"SearchAction","target":{"@type":"EntryPoint","urlTemplate":"https:\/\/www.gintaresgeles.lt\/en\/?s={search_term_string}"},"query-input":{"@type":"PropertyValueSpecification","valueRequired":true,"valueName":"search_term_string"}}],"inLanguage":"en-US"}]}},"_links":{"self":[{"href":"https:\/\/www.gintaresgeles.lt\/en\/wp-json\/wp\/v2\/product\/45875","targetHints":{"allow":["GET"]}}],"collection":[{"href":"https:\/\/www.gintaresgeles.lt\/en\/wp-json\/wp\/v2\/product"}],"about":[{"href":"https:\/\/www.gintaresgeles.lt\/en\/wp-json\/wp\/v2\/types\/product"}],"wp:featuredmedia":[{"embeddable":true,"href":"https:\/\/www.gintaresgeles.lt\/en\/wp-json\/wp\/v2\/media\/45871"}],"wp:attachment":[{"href":"https:\/\/www.gintaresgeles.lt\/en\/wp-json\/wp\/v2\/media?parent=45875"}],"wp:term":[{"taxonomy":"product_brand","embeddable":true,"href":"https:\/\/www.gintaresgeles.lt\/en\/wp-json\/wp\/v2\/product_brand?post=45875"},{"taxonomy":"product_cat","embeddable":true,"href":"https:\/\/www.gintaresgeles.lt\/en\/wp-json\/wp\/v2\/product_cat?post=45875"},{"taxonomy":"product_tag","embeddable":true,"href":"https:\/\/www.gintaresgeles.lt\/en\/wp-json\/wp\/v2\/product_tag?post=45875"}],"curies":[{"name":"wp","href":"https:\/\/api.w.org\/{rel}","templated":true}]}}