{"id":46343,"date":"2023-01-27T11:41:19","date_gmt":"2023-01-27T08:41:19","guid":{"rendered":"https:\/\/www.gintaresgeles.lt\/?post_type=product&#038;p=46343"},"modified":"2025-05-29T01:59:22","modified_gmt":"2025-05-28T23:59:22","slug":"xxl-purple-helium-balloon-bunny","status":"publish","type":"product","link":"https:\/\/www.gintaresgeles.lt\/en\/puokste\/xxl-purple-helium-balloon-bunny\/","title":{"rendered":"XXL purple helium balloon &#8220;Bunny\u201c"},"content":{"rendered":"<p>Due to its size and fun appearance, this bunny is one of the most popular helium balloons suitable for all celebrations.<\/p>\n","protected":false},"excerpt":{"rendered":"<p>A giant bunny will surprise not only a child, but also an adult. Send an XXL purple bunny to a loved one or friend and brighten his or her mood for the whole day!<\/p>\n","protected":false},"featured_media":46346,"template":"","meta":[],"product_brand":[],"product_cat":[270,1956,893,1959,1961,894],"product_tag":[],"class_list":{"0":"post-46343","1":"product","2":"type-product","3":"status-publish","4":"has-post-thumbnail","6":"product_cat-helium-balloons","7":"product_cat-foil-helium-balloons","8":"product_cat-helium-balloons-for-birthday","9":"product_cat-helium-balloons-for-boys","10":"product_cat-helium-balloons-for-girls","11":"product_cat-helium-balloons-for-kids","12":"tm-has-options","14":"first","15":"instock","16":"taxable","17":"shipping-taxable","18":"purchasable","19":"product-type-simple"},"yoast_head":"<!-- This site is optimized with the Yoast SEO plugin v25.3 - https:\/\/yoast.com\/wordpress\/plugins\/seo\/ -->\n<title>XXL purple helium balloon &quot;Bunny\u201c | Helium Balloon Delivery | Gintar\u0117sG\u0117l\u0117s<\/title>\n<meta name=\"description\" content=\"Send a large and adorable &quot;Purple Bunny&quot; helium balloon to a loved one who will surely be surprised with a fun gift!\" \/>\n<meta name=\"robots\" content=\"index, follow, max-snippet:-1, max-image-preview:large, max-video-preview:-1\" \/>\n<link rel=\"canonical\" href=\"https:\/\/www.gintaresgeles.lt\/en\/puokste\/xxl-purple-helium-balloon-bunny\/\" \/>\n<meta property=\"og:locale\" content=\"en_US\" \/>\n<meta property=\"og:type\" content=\"article\" \/>\n<meta property=\"og:title\" content=\"XXL purple helium balloon &quot;Bunny\u201c | Helium Balloon Delivery | Gintar\u0117sG\u0117l\u0117s\" \/>\n<meta property=\"og:description\" content=\"Send a large and adorable &quot;Purple Bunny&quot; helium balloon to a loved one who will surely be surprised with a fun gift!\" \/>\n<meta property=\"og:url\" content=\"https:\/\/www.gintaresgeles.lt\/en\/puokste\/xxl-purple-helium-balloon-bunny\/\" \/>\n<meta property=\"og:site_name\" content=\"gintaresgeles.lt\" \/>\n<meta property=\"article:modified_time\" content=\"2025-05-28T23:59:22+00:00\" \/>\n<meta property=\"og:image\" content=\"https:\/\/www.gintaresgeles.lt\/wp-content\/uploads\/2023\/01\/folinis-balionas-violetinis-zuikis-balionai-vaikams.jpg\" \/>\n\t<meta property=\"og:image:width\" content=\"700\" \/>\n\t<meta property=\"og:image:height\" content=\"700\" \/>\n\t<meta property=\"og:image:type\" content=\"image\/jpeg\" \/>\n<meta name=\"twitter:card\" content=\"summary_large_image\" \/>\n<script type=\"application\/ld+json\" class=\"yoast-schema-graph\">{\"@context\":\"https:\/\/schema.org\",\"@graph\":[{\"@type\":\"WebPage\",\"@id\":\"https:\/\/www.gintaresgeles.lt\/en\/puokste\/xxl-purple-helium-balloon-bunny\/\",\"url\":\"https:\/\/www.gintaresgeles.lt\/en\/puokste\/xxl-purple-helium-balloon-bunny\/\",\"name\":\"XXL purple helium balloon \\\"Bunny\u201c | Helium Balloon Delivery | Gintar\u0117sG\u0117l\u0117s\",\"isPartOf\":{\"@id\":\"https:\/\/www.gintaresgeles.lt\/en\/#website\"},\"primaryImageOfPage\":{\"@id\":\"https:\/\/www.gintaresgeles.lt\/en\/puokste\/xxl-purple-helium-balloon-bunny\/#primaryimage\"},\"image\":{\"@id\":\"https:\/\/www.gintaresgeles.lt\/en\/puokste\/xxl-purple-helium-balloon-bunny\/#primaryimage\"},\"thumbnailUrl\":\"https:\/\/www.gintaresgeles.lt\/wp-content\/uploads\/2023\/01\/folinis-balionas-violetinis-zuikis-balionai-vaikams.jpg\",\"datePublished\":\"2023-01-27T08:41:19+00:00\",\"dateModified\":\"2025-05-28T23:59:22+00:00\",\"description\":\"Send a large and adorable \\\"Purple Bunny\\\" helium balloon to a loved one who will surely be surprised with a fun gift!\",\"breadcrumb\":{\"@id\":\"https:\/\/www.gintaresgeles.lt\/en\/puokste\/xxl-purple-helium-balloon-bunny\/#breadcrumb\"},\"inLanguage\":\"en-US\",\"potentialAction\":[{\"@type\":\"ReadAction\",\"target\":[\"https:\/\/www.gintaresgeles.lt\/en\/puokste\/xxl-purple-helium-balloon-bunny\/\"]}]},{\"@type\":\"ImageObject\",\"inLanguage\":\"en-US\",\"@id\":\"https:\/\/www.gintaresgeles.lt\/en\/puokste\/xxl-purple-helium-balloon-bunny\/#primaryimage\",\"url\":\"https:\/\/www.gintaresgeles.lt\/wp-content\/uploads\/2023\/01\/folinis-balionas-violetinis-zuikis-balionai-vaikams.jpg\",\"contentUrl\":\"https:\/\/www.gintaresgeles.lt\/wp-content\/uploads\/2023\/01\/folinis-balionas-violetinis-zuikis-balionai-vaikams.jpg\",\"width\":700,\"height\":700,\"caption\":\"XXL violetinis folinis zuikis balionai sventems\"},{\"@type\":\"BreadcrumbList\",\"@id\":\"https:\/\/www.gintaresgeles.lt\/en\/puokste\/xxl-purple-helium-balloon-bunny\/#breadcrumb\",\"itemListElement\":[{\"@type\":\"ListItem\",\"position\":1,\"name\":\"Prad\u017eia\",\"item\":\"https:\/\/www.gintaresgeles.lt\/en\/\"},{\"@type\":\"ListItem\",\"position\":2,\"name\":\"All flowers and other products\",\"item\":\"https:\/\/www.gintaresgeles.lt\/en\/all-flowers-and-other-products\/\"},{\"@type\":\"ListItem\",\"position\":3,\"name\":\"XXL purple helium balloon &#8222;Bunny\u201c\"}]},{\"@type\":\"WebSite\",\"@id\":\"https:\/\/www.gintaresgeles.lt\/en\/#website\",\"url\":\"https:\/\/www.gintaresgeles.lt\/en\/\",\"name\":\"Gintares Geles\",\"description\":\"Flower delivery in Vilnius | Same-day delivery | Gintares geles\",\"potentialAction\":[{\"@type\":\"SearchAction\",\"target\":{\"@type\":\"EntryPoint\",\"urlTemplate\":\"https:\/\/www.gintaresgeles.lt\/en\/?s={search_term_string}\"},\"query-input\":{\"@type\":\"PropertyValueSpecification\",\"valueRequired\":true,\"valueName\":\"search_term_string\"}}],\"inLanguage\":\"en-US\"}]}<\/script>\n<!-- \/ Yoast SEO plugin. -->","yoast_head_json":{"title":"XXL purple helium balloon \"Bunny\u201c | Helium Balloon Delivery | Gintar\u0117sG\u0117l\u0117s","description":"Send a large and adorable \"Purple Bunny\" helium balloon to a loved one who will surely be surprised with a fun gift!","robots":{"index":"index","follow":"follow","max-snippet":"max-snippet:-1","max-image-preview":"max-image-preview:large","max-video-preview":"max-video-preview:-1"},"canonical":"https:\/\/www.gintaresgeles.lt\/en\/puokste\/xxl-purple-helium-balloon-bunny\/","og_locale":"en_US","og_type":"article","og_title":"XXL purple helium balloon \"Bunny\u201c | Helium Balloon Delivery | Gintar\u0117sG\u0117l\u0117s","og_description":"Send a large and adorable \"Purple Bunny\" helium balloon to a loved one who will surely be surprised with a fun gift!","og_url":"https:\/\/www.gintaresgeles.lt\/en\/puokste\/xxl-purple-helium-balloon-bunny\/","og_site_name":"gintaresgeles.lt","article_modified_time":"2025-05-28T23:59:22+00:00","og_image":[{"width":700,"height":700,"url":"https:\/\/www.gintaresgeles.lt\/wp-content\/uploads\/2023\/01\/folinis-balionas-violetinis-zuikis-balionai-vaikams.jpg","type":"image\/jpeg"}],"twitter_card":"summary_large_image","schema":{"@context":"https:\/\/schema.org","@graph":[{"@type":"WebPage","@id":"https:\/\/www.gintaresgeles.lt\/en\/puokste\/xxl-purple-helium-balloon-bunny\/","url":"https:\/\/www.gintaresgeles.lt\/en\/puokste\/xxl-purple-helium-balloon-bunny\/","name":"XXL purple helium balloon \"Bunny\u201c | Helium Balloon Delivery | Gintar\u0117sG\u0117l\u0117s","isPartOf":{"@id":"https:\/\/www.gintaresgeles.lt\/en\/#website"},"primaryImageOfPage":{"@id":"https:\/\/www.gintaresgeles.lt\/en\/puokste\/xxl-purple-helium-balloon-bunny\/#primaryimage"},"image":{"@id":"https:\/\/www.gintaresgeles.lt\/en\/puokste\/xxl-purple-helium-balloon-bunny\/#primaryimage"},"thumbnailUrl":"https:\/\/www.gintaresgeles.lt\/wp-content\/uploads\/2023\/01\/folinis-balionas-violetinis-zuikis-balionai-vaikams.jpg","datePublished":"2023-01-27T08:41:19+00:00","dateModified":"2025-05-28T23:59:22+00:00","description":"Send a large and adorable \"Purple Bunny\" helium balloon to a loved one who will surely be surprised with a fun gift!","breadcrumb":{"@id":"https:\/\/www.gintaresgeles.lt\/en\/puokste\/xxl-purple-helium-balloon-bunny\/#breadcrumb"},"inLanguage":"en-US","potentialAction":[{"@type":"ReadAction","target":["https:\/\/www.gintaresgeles.lt\/en\/puokste\/xxl-purple-helium-balloon-bunny\/"]}]},{"@type":"ImageObject","inLanguage":"en-US","@id":"https:\/\/www.gintaresgeles.lt\/en\/puokste\/xxl-purple-helium-balloon-bunny\/#primaryimage","url":"https:\/\/www.gintaresgeles.lt\/wp-content\/uploads\/2023\/01\/folinis-balionas-violetinis-zuikis-balionai-vaikams.jpg","contentUrl":"https:\/\/www.gintaresgeles.lt\/wp-content\/uploads\/2023\/01\/folinis-balionas-violetinis-zuikis-balionai-vaikams.jpg","width":700,"height":700,"caption":"XXL violetinis folinis zuikis balionai sventems"},{"@type":"BreadcrumbList","@id":"https:\/\/www.gintaresgeles.lt\/en\/puokste\/xxl-purple-helium-balloon-bunny\/#breadcrumb","itemListElement":[{"@type":"ListItem","position":1,"name":"Prad\u017eia","item":"https:\/\/www.gintaresgeles.lt\/en\/"},{"@type":"ListItem","position":2,"name":"All flowers and other products","item":"https:\/\/www.gintaresgeles.lt\/en\/all-flowers-and-other-products\/"},{"@type":"ListItem","position":3,"name":"XXL purple helium balloon &#8222;Bunny\u201c"}]},{"@type":"WebSite","@id":"https:\/\/www.gintaresgeles.lt\/en\/#website","url":"https:\/\/www.gintaresgeles.lt\/en\/","name":"Gintares Geles","description":"Flower delivery in Vilnius | Same-day delivery | Gintares geles","potentialAction":[{"@type":"SearchAction","target":{"@type":"EntryPoint","urlTemplate":"https:\/\/www.gintaresgeles.lt\/en\/?s={search_term_string}"},"query-input":{"@type":"PropertyValueSpecification","valueRequired":true,"valueName":"search_term_string"}}],"inLanguage":"en-US"}]}},"_links":{"self":[{"href":"https:\/\/www.gintaresgeles.lt\/en\/wp-json\/wp\/v2\/product\/46343","targetHints":{"allow":["GET"]}}],"collection":[{"href":"https:\/\/www.gintaresgeles.lt\/en\/wp-json\/wp\/v2\/product"}],"about":[{"href":"https:\/\/www.gintaresgeles.lt\/en\/wp-json\/wp\/v2\/types\/product"}],"wp:featuredmedia":[{"embeddable":true,"href":"https:\/\/www.gintaresgeles.lt\/en\/wp-json\/wp\/v2\/media\/46346"}],"wp:attachment":[{"href":"https:\/\/www.gintaresgeles.lt\/en\/wp-json\/wp\/v2\/media?parent=46343"}],"wp:term":[{"taxonomy":"product_brand","embeddable":true,"href":"https:\/\/www.gintaresgeles.lt\/en\/wp-json\/wp\/v2\/product_brand?post=46343"},{"taxonomy":"product_cat","embeddable":true,"href":"https:\/\/www.gintaresgeles.lt\/en\/wp-json\/wp\/v2\/product_cat?post=46343"},{"taxonomy":"product_tag","embeddable":true,"href":"https:\/\/www.gintaresgeles.lt\/en\/wp-json\/wp\/v2\/product_tag?post=46343"}],"curies":[{"name":"wp","href":"https:\/\/api.w.org\/{rel}","templated":true}]}}