{"id":46885,"date":"2023-02-27T21:25:43","date_gmt":"2023-02-27T19:25:43","guid":{"rendered":"https:\/\/www.gintaresgeles.lt\/?post_type=product&#038;p=46885"},"modified":"2025-05-29T01:59:22","modified_gmt":"2025-05-28T23:59:22","slug":"bouquet-of-red-and-purple-tulips","status":"publish","type":"product","link":"https:\/\/www.gintaresgeles.lt\/en\/puokste\/bouquet-of-red-and-purple-tulips\/","title":{"rendered":"Bouquet of red and purple tulips"},"content":{"rendered":"<p>Tulips are the truest symbol of female care and sensitivity. These flowers are special in that they are usually given to women on various important and even not so important occasions. The rich purple color creates not only a beautiful, but also a mesmerizing image. This is a solid bouquet for both girls and ladies, which will become a great gift on the occasion of Women&#8217;s or Valentine&#8217;s Day, as well as for various personal celebrations.<\/p>\n","protected":false},"excerpt":{"rendered":"<p>Although women like all kinds of flowers and practically all flowers are suitable as gifts for women, tulips are especially feminine, sensitive and pure. That is why, traditionally, on women&#8217;s day, not any other flower, but a bright-flowered tulip, is given as a gift.<\/p>\n","protected":false},"featured_media":46908,"template":"","meta":[],"product_brand":[],"product_cat":[261,260,259,252,266,265,256,253,257,262,263,264,268,1966,239],"product_tag":[],"class_list":{"0":"post-46885","1":"product","2":"type-product","3":"status-publish","4":"has-post-thumbnail","6":"product_cat-birthday-bouquets","7":"product_cat-birthday-flowers","8":"product_cat-flowers-by-occasion","9":"product_cat-flowers-by-recipient","10":"product_cat-flowers-by-style","11":"product_cat-flowers-by-type","12":"product_cat-flowers-for-girlfriend","13":"product_cat-flowers-for-mom","14":"product_cat-flowers-for-women","15":"product_cat-march8th-flowers","16":"product_cat-mothers-day-flowers","17":"product_cat-valentines-day-flowers","18":"product_cat-flower-bouquets","19":"product_cat-flowers-wrapped-in-paper","20":"product_cat-tulips","21":"tm-has-options","23":"first","24":"outofstock","25":"taxable","26":"shipping-taxable","27":"purchasable","28":"product-type-variable","29":"has-default-attributes"},"yoast_head":"<!-- This site is optimized with the Yoast SEO plugin v25.3 - https:\/\/yoast.com\/wordpress\/plugins\/seo\/ -->\n<title>Bouquet of red and purple tulips | Gintar\u0117sG\u0117l\u0117s<\/title>\n<meta name=\"description\" content=\"Women&#039;s day is unimaginable without red and purple tulips. These flowers radiate spring and femininity.\" \/>\n<meta name=\"robots\" content=\"index, follow, max-snippet:-1, max-image-preview:large, max-video-preview:-1\" \/>\n<link rel=\"canonical\" href=\"https:\/\/www.gintaresgeles.lt\/en\/puokste\/bouquet-of-red-and-purple-tulips\/\" \/>\n<meta property=\"og:locale\" content=\"en_US\" \/>\n<meta property=\"og:type\" content=\"article\" \/>\n<meta property=\"og:title\" content=\"Bouquet of red and purple tulips | Gintar\u0117sG\u0117l\u0117s\" \/>\n<meta property=\"og:description\" content=\"Women&#039;s day is unimaginable without red and purple tulips. These flowers radiate spring and femininity.\" \/>\n<meta property=\"og:url\" content=\"https:\/\/www.gintaresgeles.lt\/en\/puokste\/bouquet-of-red-and-purple-tulips\/\" \/>\n<meta property=\"og:site_name\" content=\"gintaresgeles.lt\" \/>\n<meta property=\"article:modified_time\" content=\"2025-05-28T23:59:22+00:00\" \/>\n<meta property=\"og:image\" content=\"https:\/\/www.gintaresgeles.lt\/wp-content\/uploads\/2023\/02\/raudonos-ir-violetines-tulpes-puoksteje-geles-moters-dienai.jpg\" \/>\n\t<meta property=\"og:image:width\" content=\"1200\" \/>\n\t<meta property=\"og:image:height\" content=\"1200\" \/>\n\t<meta property=\"og:image:type\" content=\"image\/jpeg\" \/>\n<meta name=\"twitter:card\" content=\"summary_large_image\" \/>\n<script type=\"application\/ld+json\" class=\"yoast-schema-graph\">{\"@context\":\"https:\/\/schema.org\",\"@graph\":[{\"@type\":\"WebPage\",\"@id\":\"https:\/\/www.gintaresgeles.lt\/en\/puokste\/bouquet-of-red-and-purple-tulips\/\",\"url\":\"https:\/\/www.gintaresgeles.lt\/en\/puokste\/bouquet-of-red-and-purple-tulips\/\",\"name\":\"Bouquet of red and purple tulips | Gintar\u0117sG\u0117l\u0117s\",\"isPartOf\":{\"@id\":\"https:\/\/www.gintaresgeles.lt\/en\/#website\"},\"primaryImageOfPage\":{\"@id\":\"https:\/\/www.gintaresgeles.lt\/en\/puokste\/bouquet-of-red-and-purple-tulips\/#primaryimage\"},\"image\":{\"@id\":\"https:\/\/www.gintaresgeles.lt\/en\/puokste\/bouquet-of-red-and-purple-tulips\/#primaryimage\"},\"thumbnailUrl\":\"https:\/\/www.gintaresgeles.lt\/wp-content\/uploads\/2023\/02\/raudonos-ir-violetines-tulpes-puoksteje-geles-moters-dienai.jpg\",\"datePublished\":\"2023-02-27T19:25:43+00:00\",\"dateModified\":\"2025-05-28T23:59:22+00:00\",\"description\":\"Women's day is unimaginable without red and purple tulips. These flowers radiate spring and femininity.\",\"breadcrumb\":{\"@id\":\"https:\/\/www.gintaresgeles.lt\/en\/puokste\/bouquet-of-red-and-purple-tulips\/#breadcrumb\"},\"inLanguage\":\"en-US\",\"potentialAction\":[{\"@type\":\"ReadAction\",\"target\":[\"https:\/\/www.gintaresgeles.lt\/en\/puokste\/bouquet-of-red-and-purple-tulips\/\"]}]},{\"@type\":\"ImageObject\",\"inLanguage\":\"en-US\",\"@id\":\"https:\/\/www.gintaresgeles.lt\/en\/puokste\/bouquet-of-red-and-purple-tulips\/#primaryimage\",\"url\":\"https:\/\/www.gintaresgeles.lt\/wp-content\/uploads\/2023\/02\/raudonos-ir-violetines-tulpes-puoksteje-geles-moters-dienai.jpg\",\"contentUrl\":\"https:\/\/www.gintaresgeles.lt\/wp-content\/uploads\/2023\/02\/raudonos-ir-violetines-tulpes-puoksteje-geles-moters-dienai.jpg\",\"width\":1200,\"height\":1200,\"caption\":\"Violetini\u0173 ir raudon\u0173 tulpi\u0173 puok\u0161t\u0117 moters dienos g\u0117l\u0117s\"},{\"@type\":\"BreadcrumbList\",\"@id\":\"https:\/\/www.gintaresgeles.lt\/en\/puokste\/bouquet-of-red-and-purple-tulips\/#breadcrumb\",\"itemListElement\":[{\"@type\":\"ListItem\",\"position\":1,\"name\":\"Prad\u017eia\",\"item\":\"https:\/\/www.gintaresgeles.lt\/en\/\"},{\"@type\":\"ListItem\",\"position\":2,\"name\":\"All flowers and other products\",\"item\":\"https:\/\/www.gintaresgeles.lt\/en\/all-flowers-and-other-products\/\"},{\"@type\":\"ListItem\",\"position\":3,\"name\":\"Bouquet of red and purple tulips\"}]},{\"@type\":\"WebSite\",\"@id\":\"https:\/\/www.gintaresgeles.lt\/en\/#website\",\"url\":\"https:\/\/www.gintaresgeles.lt\/en\/\",\"name\":\"Gintares Geles\",\"description\":\"Flower delivery in Vilnius | Same-day delivery | Gintares geles\",\"potentialAction\":[{\"@type\":\"SearchAction\",\"target\":{\"@type\":\"EntryPoint\",\"urlTemplate\":\"https:\/\/www.gintaresgeles.lt\/en\/?s={search_term_string}\"},\"query-input\":{\"@type\":\"PropertyValueSpecification\",\"valueRequired\":true,\"valueName\":\"search_term_string\"}}],\"inLanguage\":\"en-US\"}]}<\/script>\n<!-- \/ Yoast SEO plugin. -->","yoast_head_json":{"title":"Bouquet of red and purple tulips | Gintar\u0117sG\u0117l\u0117s","description":"Women's day is unimaginable without red and purple tulips. These flowers radiate spring and femininity.","robots":{"index":"index","follow":"follow","max-snippet":"max-snippet:-1","max-image-preview":"max-image-preview:large","max-video-preview":"max-video-preview:-1"},"canonical":"https:\/\/www.gintaresgeles.lt\/en\/puokste\/bouquet-of-red-and-purple-tulips\/","og_locale":"en_US","og_type":"article","og_title":"Bouquet of red and purple tulips | Gintar\u0117sG\u0117l\u0117s","og_description":"Women's day is unimaginable without red and purple tulips. These flowers radiate spring and femininity.","og_url":"https:\/\/www.gintaresgeles.lt\/en\/puokste\/bouquet-of-red-and-purple-tulips\/","og_site_name":"gintaresgeles.lt","article_modified_time":"2025-05-28T23:59:22+00:00","og_image":[{"width":1200,"height":1200,"url":"https:\/\/www.gintaresgeles.lt\/wp-content\/uploads\/2023\/02\/raudonos-ir-violetines-tulpes-puoksteje-geles-moters-dienai.jpg","type":"image\/jpeg"}],"twitter_card":"summary_large_image","schema":{"@context":"https:\/\/schema.org","@graph":[{"@type":"WebPage","@id":"https:\/\/www.gintaresgeles.lt\/en\/puokste\/bouquet-of-red-and-purple-tulips\/","url":"https:\/\/www.gintaresgeles.lt\/en\/puokste\/bouquet-of-red-and-purple-tulips\/","name":"Bouquet of red and purple tulips | Gintar\u0117sG\u0117l\u0117s","isPartOf":{"@id":"https:\/\/www.gintaresgeles.lt\/en\/#website"},"primaryImageOfPage":{"@id":"https:\/\/www.gintaresgeles.lt\/en\/puokste\/bouquet-of-red-and-purple-tulips\/#primaryimage"},"image":{"@id":"https:\/\/www.gintaresgeles.lt\/en\/puokste\/bouquet-of-red-and-purple-tulips\/#primaryimage"},"thumbnailUrl":"https:\/\/www.gintaresgeles.lt\/wp-content\/uploads\/2023\/02\/raudonos-ir-violetines-tulpes-puoksteje-geles-moters-dienai.jpg","datePublished":"2023-02-27T19:25:43+00:00","dateModified":"2025-05-28T23:59:22+00:00","description":"Women's day is unimaginable without red and purple tulips. These flowers radiate spring and femininity.","breadcrumb":{"@id":"https:\/\/www.gintaresgeles.lt\/en\/puokste\/bouquet-of-red-and-purple-tulips\/#breadcrumb"},"inLanguage":"en-US","potentialAction":[{"@type":"ReadAction","target":["https:\/\/www.gintaresgeles.lt\/en\/puokste\/bouquet-of-red-and-purple-tulips\/"]}]},{"@type":"ImageObject","inLanguage":"en-US","@id":"https:\/\/www.gintaresgeles.lt\/en\/puokste\/bouquet-of-red-and-purple-tulips\/#primaryimage","url":"https:\/\/www.gintaresgeles.lt\/wp-content\/uploads\/2023\/02\/raudonos-ir-violetines-tulpes-puoksteje-geles-moters-dienai.jpg","contentUrl":"https:\/\/www.gintaresgeles.lt\/wp-content\/uploads\/2023\/02\/raudonos-ir-violetines-tulpes-puoksteje-geles-moters-dienai.jpg","width":1200,"height":1200,"caption":"Violetini\u0173 ir raudon\u0173 tulpi\u0173 puok\u0161t\u0117 moters dienos g\u0117l\u0117s"},{"@type":"BreadcrumbList","@id":"https:\/\/www.gintaresgeles.lt\/en\/puokste\/bouquet-of-red-and-purple-tulips\/#breadcrumb","itemListElement":[{"@type":"ListItem","position":1,"name":"Prad\u017eia","item":"https:\/\/www.gintaresgeles.lt\/en\/"},{"@type":"ListItem","position":2,"name":"All flowers and other products","item":"https:\/\/www.gintaresgeles.lt\/en\/all-flowers-and-other-products\/"},{"@type":"ListItem","position":3,"name":"Bouquet of red and purple tulips"}]},{"@type":"WebSite","@id":"https:\/\/www.gintaresgeles.lt\/en\/#website","url":"https:\/\/www.gintaresgeles.lt\/en\/","name":"Gintares Geles","description":"Flower delivery in Vilnius | Same-day delivery | Gintares geles","potentialAction":[{"@type":"SearchAction","target":{"@type":"EntryPoint","urlTemplate":"https:\/\/www.gintaresgeles.lt\/en\/?s={search_term_string}"},"query-input":{"@type":"PropertyValueSpecification","valueRequired":true,"valueName":"search_term_string"}}],"inLanguage":"en-US"}]}},"_links":{"self":[{"href":"https:\/\/www.gintaresgeles.lt\/en\/wp-json\/wp\/v2\/product\/46885","targetHints":{"allow":["GET"]}}],"collection":[{"href":"https:\/\/www.gintaresgeles.lt\/en\/wp-json\/wp\/v2\/product"}],"about":[{"href":"https:\/\/www.gintaresgeles.lt\/en\/wp-json\/wp\/v2\/types\/product"}],"wp:featuredmedia":[{"embeddable":true,"href":"https:\/\/www.gintaresgeles.lt\/en\/wp-json\/wp\/v2\/media\/46908"}],"wp:attachment":[{"href":"https:\/\/www.gintaresgeles.lt\/en\/wp-json\/wp\/v2\/media?parent=46885"}],"wp:term":[{"taxonomy":"product_brand","embeddable":true,"href":"https:\/\/www.gintaresgeles.lt\/en\/wp-json\/wp\/v2\/product_brand?post=46885"},{"taxonomy":"product_cat","embeddable":true,"href":"https:\/\/www.gintaresgeles.lt\/en\/wp-json\/wp\/v2\/product_cat?post=46885"},{"taxonomy":"product_tag","embeddable":true,"href":"https:\/\/www.gintaresgeles.lt\/en\/wp-json\/wp\/v2\/product_tag?post=46885"}],"curies":[{"name":"wp","href":"https:\/\/api.w.org\/{rel}","templated":true}]}}