{"id":47006,"date":"2023-03-02T18:54:17","date_gmt":"2023-03-02T16:54:17","guid":{"rendered":"https:\/\/www.gintaresgeles.lt\/?post_type=product&#038;p=47006"},"modified":"2025-01-22T10:07:28","modified_gmt":"2025-01-22T08:07:28","slug":"medium-burgundy-sleeping-rose","status":"publish","type":"product","link":"https:\/\/www.gintaresgeles.lt\/en\/puokste\/medium-burgundy-sleeping-rose\/","title":{"rendered":"Medium burgundy sleeping rose"},"content":{"rendered":"","protected":false},"excerpt":{"rendered":"<p>Red medium-sized (dome ~20cm high, flower diameter 8-9.5cm) sleeping roses under a glass dome can become one of the most memorable home details, and sometimes one of the most beautiful gifts on any beautiful occasion. Since the rose is stabilized, it will not lose its appearance even for several years, so it will be not only a beautiful, but also a practical gift.<\/p>\n","protected":false},"featured_media":47010,"template":"","meta":[],"product_brand":[],"product_cat":[260,259,428,262,892,264],"product_tag":[],"class_list":{"0":"post-47006","1":"product","2":"type-product","3":"status-publish","4":"has-post-thumbnail","6":"product_cat-birthday-flowers","7":"product_cat-flowers-by-occasion","8":"product_cat-jubilee-flowers","9":"product_cat-march8th-flowers","10":"product_cat-sleeping-roses-en-flowers-by-type","11":"product_cat-valentines-day-flowers","12":"tm-has-options","14":"first","15":"instock","16":"taxable","17":"shipping-taxable","18":"purchasable","19":"product-type-simple"},"yoast_head":"<!-- This site is optimized with the Yoast SEO plugin v25.3 - https:\/\/yoast.com\/wordpress\/plugins\/seo\/ -->\n<title>Medium burgundy sleeping rose | Gintar\u0117s g\u0117l\u0117s<\/title>\n<meta name=\"description\" content=\"For those who are looking for a unique and special looking gift, this burgundy medium-sized sleeping rose will be the perfect solution.\" \/>\n<meta name=\"robots\" content=\"index, follow, max-snippet:-1, max-image-preview:large, max-video-preview:-1\" \/>\n<link rel=\"canonical\" href=\"https:\/\/www.gintaresgeles.lt\/en\/puokste\/medium-burgundy-sleeping-rose\/\" \/>\n<meta property=\"og:locale\" content=\"en_US\" \/>\n<meta property=\"og:type\" content=\"article\" \/>\n<meta property=\"og:title\" content=\"Medium burgundy sleeping rose | Gintar\u0117s g\u0117l\u0117s\" \/>\n<meta property=\"og:description\" content=\"For those who are looking for a unique and special looking gift, this burgundy medium-sized sleeping rose will be the perfect solution.\" \/>\n<meta property=\"og:url\" content=\"https:\/\/www.gintaresgeles.lt\/en\/puokste\/medium-burgundy-sleeping-rose\/\" \/>\n<meta property=\"og:site_name\" content=\"gintaresgeles.lt\" \/>\n<meta property=\"article:modified_time\" content=\"2025-01-22T08:07:28+00:00\" \/>\n<meta property=\"og:image\" content=\"https:\/\/www.gintaresgeles.lt\/wp-content\/uploads\/2023\/03\/vidutine-mieganti-roze-tamsiai-raudonos-spalvos.jpg\" \/>\n\t<meta property=\"og:image:width\" content=\"1200\" \/>\n\t<meta property=\"og:image:height\" content=\"1200\" \/>\n\t<meta property=\"og:image:type\" content=\"image\/jpeg\" \/>\n<meta name=\"twitter:card\" content=\"summary_large_image\" \/>\n<script type=\"application\/ld+json\" class=\"yoast-schema-graph\">{\"@context\":\"https:\/\/schema.org\",\"@graph\":[{\"@type\":\"WebPage\",\"@id\":\"https:\/\/www.gintaresgeles.lt\/en\/puokste\/medium-burgundy-sleeping-rose\/\",\"url\":\"https:\/\/www.gintaresgeles.lt\/en\/puokste\/medium-burgundy-sleeping-rose\/\",\"name\":\"Medium burgundy sleeping rose | Gintar\u0117s g\u0117l\u0117s\",\"isPartOf\":{\"@id\":\"https:\/\/www.gintaresgeles.lt\/en\/#website\"},\"primaryImageOfPage\":{\"@id\":\"https:\/\/www.gintaresgeles.lt\/en\/puokste\/medium-burgundy-sleeping-rose\/#primaryimage\"},\"image\":{\"@id\":\"https:\/\/www.gintaresgeles.lt\/en\/puokste\/medium-burgundy-sleeping-rose\/#primaryimage\"},\"thumbnailUrl\":\"https:\/\/www.gintaresgeles.lt\/wp-content\/uploads\/2023\/03\/vidutine-mieganti-roze-tamsiai-raudonos-spalvos.jpg\",\"datePublished\":\"2023-03-02T16:54:17+00:00\",\"dateModified\":\"2025-01-22T08:07:28+00:00\",\"description\":\"For those who are looking for a unique and special looking gift, this burgundy medium-sized sleeping rose will be the perfect solution.\",\"breadcrumb\":{\"@id\":\"https:\/\/www.gintaresgeles.lt\/en\/puokste\/medium-burgundy-sleeping-rose\/#breadcrumb\"},\"inLanguage\":\"en-US\",\"potentialAction\":[{\"@type\":\"ReadAction\",\"target\":[\"https:\/\/www.gintaresgeles.lt\/en\/puokste\/medium-burgundy-sleeping-rose\/\"]}]},{\"@type\":\"ImageObject\",\"inLanguage\":\"en-US\",\"@id\":\"https:\/\/www.gintaresgeles.lt\/en\/puokste\/medium-burgundy-sleeping-rose\/#primaryimage\",\"url\":\"https:\/\/www.gintaresgeles.lt\/wp-content\/uploads\/2023\/03\/vidutine-mieganti-roze-tamsiai-raudonos-spalvos.jpg\",\"contentUrl\":\"https:\/\/www.gintaresgeles.lt\/wp-content\/uploads\/2023\/03\/vidutine-mieganti-roze-tamsiai-raudonos-spalvos.jpg\",\"width\":1200,\"height\":1200,\"caption\":\"Mieganti ro\u017e\u0117 po stiklu bordo spalvos vidutinio dyd\u017eio\"},{\"@type\":\"BreadcrumbList\",\"@id\":\"https:\/\/www.gintaresgeles.lt\/en\/puokste\/medium-burgundy-sleeping-rose\/#breadcrumb\",\"itemListElement\":[{\"@type\":\"ListItem\",\"position\":1,\"name\":\"Prad\u017eia\",\"item\":\"https:\/\/www.gintaresgeles.lt\/en\/\"},{\"@type\":\"ListItem\",\"position\":2,\"name\":\"All flowers and other products\",\"item\":\"https:\/\/www.gintaresgeles.lt\/en\/all-flowers-and-other-products\/\"},{\"@type\":\"ListItem\",\"position\":3,\"name\":\"Medium burgundy sleeping rose\"}]},{\"@type\":\"WebSite\",\"@id\":\"https:\/\/www.gintaresgeles.lt\/en\/#website\",\"url\":\"https:\/\/www.gintaresgeles.lt\/en\/\",\"name\":\"Gintares Geles\",\"description\":\"Flower delivery in Vilnius | Same-day delivery | Gintares geles\",\"potentialAction\":[{\"@type\":\"SearchAction\",\"target\":{\"@type\":\"EntryPoint\",\"urlTemplate\":\"https:\/\/www.gintaresgeles.lt\/en\/?s={search_term_string}\"},\"query-input\":{\"@type\":\"PropertyValueSpecification\",\"valueRequired\":true,\"valueName\":\"search_term_string\"}}],\"inLanguage\":\"en-US\"}]}<\/script>\n<!-- \/ Yoast SEO plugin. -->","yoast_head_json":{"title":"Medium burgundy sleeping rose | Gintar\u0117s g\u0117l\u0117s","description":"For those who are looking for a unique and special looking gift, this burgundy medium-sized sleeping rose will be the perfect solution.","robots":{"index":"index","follow":"follow","max-snippet":"max-snippet:-1","max-image-preview":"max-image-preview:large","max-video-preview":"max-video-preview:-1"},"canonical":"https:\/\/www.gintaresgeles.lt\/en\/puokste\/medium-burgundy-sleeping-rose\/","og_locale":"en_US","og_type":"article","og_title":"Medium burgundy sleeping rose | Gintar\u0117s g\u0117l\u0117s","og_description":"For those who are looking for a unique and special looking gift, this burgundy medium-sized sleeping rose will be the perfect solution.","og_url":"https:\/\/www.gintaresgeles.lt\/en\/puokste\/medium-burgundy-sleeping-rose\/","og_site_name":"gintaresgeles.lt","article_modified_time":"2025-01-22T08:07:28+00:00","og_image":[{"width":1200,"height":1200,"url":"https:\/\/www.gintaresgeles.lt\/wp-content\/uploads\/2023\/03\/vidutine-mieganti-roze-tamsiai-raudonos-spalvos.jpg","type":"image\/jpeg"}],"twitter_card":"summary_large_image","schema":{"@context":"https:\/\/schema.org","@graph":[{"@type":"WebPage","@id":"https:\/\/www.gintaresgeles.lt\/en\/puokste\/medium-burgundy-sleeping-rose\/","url":"https:\/\/www.gintaresgeles.lt\/en\/puokste\/medium-burgundy-sleeping-rose\/","name":"Medium burgundy sleeping rose | Gintar\u0117s g\u0117l\u0117s","isPartOf":{"@id":"https:\/\/www.gintaresgeles.lt\/en\/#website"},"primaryImageOfPage":{"@id":"https:\/\/www.gintaresgeles.lt\/en\/puokste\/medium-burgundy-sleeping-rose\/#primaryimage"},"image":{"@id":"https:\/\/www.gintaresgeles.lt\/en\/puokste\/medium-burgundy-sleeping-rose\/#primaryimage"},"thumbnailUrl":"https:\/\/www.gintaresgeles.lt\/wp-content\/uploads\/2023\/03\/vidutine-mieganti-roze-tamsiai-raudonos-spalvos.jpg","datePublished":"2023-03-02T16:54:17+00:00","dateModified":"2025-01-22T08:07:28+00:00","description":"For those who are looking for a unique and special looking gift, this burgundy medium-sized sleeping rose will be the perfect solution.","breadcrumb":{"@id":"https:\/\/www.gintaresgeles.lt\/en\/puokste\/medium-burgundy-sleeping-rose\/#breadcrumb"},"inLanguage":"en-US","potentialAction":[{"@type":"ReadAction","target":["https:\/\/www.gintaresgeles.lt\/en\/puokste\/medium-burgundy-sleeping-rose\/"]}]},{"@type":"ImageObject","inLanguage":"en-US","@id":"https:\/\/www.gintaresgeles.lt\/en\/puokste\/medium-burgundy-sleeping-rose\/#primaryimage","url":"https:\/\/www.gintaresgeles.lt\/wp-content\/uploads\/2023\/03\/vidutine-mieganti-roze-tamsiai-raudonos-spalvos.jpg","contentUrl":"https:\/\/www.gintaresgeles.lt\/wp-content\/uploads\/2023\/03\/vidutine-mieganti-roze-tamsiai-raudonos-spalvos.jpg","width":1200,"height":1200,"caption":"Mieganti ro\u017e\u0117 po stiklu bordo spalvos vidutinio dyd\u017eio"},{"@type":"BreadcrumbList","@id":"https:\/\/www.gintaresgeles.lt\/en\/puokste\/medium-burgundy-sleeping-rose\/#breadcrumb","itemListElement":[{"@type":"ListItem","position":1,"name":"Prad\u017eia","item":"https:\/\/www.gintaresgeles.lt\/en\/"},{"@type":"ListItem","position":2,"name":"All flowers and other products","item":"https:\/\/www.gintaresgeles.lt\/en\/all-flowers-and-other-products\/"},{"@type":"ListItem","position":3,"name":"Medium burgundy sleeping rose"}]},{"@type":"WebSite","@id":"https:\/\/www.gintaresgeles.lt\/en\/#website","url":"https:\/\/www.gintaresgeles.lt\/en\/","name":"Gintares Geles","description":"Flower delivery in Vilnius | Same-day delivery | Gintares geles","potentialAction":[{"@type":"SearchAction","target":{"@type":"EntryPoint","urlTemplate":"https:\/\/www.gintaresgeles.lt\/en\/?s={search_term_string}"},"query-input":{"@type":"PropertyValueSpecification","valueRequired":true,"valueName":"search_term_string"}}],"inLanguage":"en-US"}]}},"_links":{"self":[{"href":"https:\/\/www.gintaresgeles.lt\/en\/wp-json\/wp\/v2\/product\/47006","targetHints":{"allow":["GET"]}}],"collection":[{"href":"https:\/\/www.gintaresgeles.lt\/en\/wp-json\/wp\/v2\/product"}],"about":[{"href":"https:\/\/www.gintaresgeles.lt\/en\/wp-json\/wp\/v2\/types\/product"}],"wp:featuredmedia":[{"embeddable":true,"href":"https:\/\/www.gintaresgeles.lt\/en\/wp-json\/wp\/v2\/media\/47010"}],"wp:attachment":[{"href":"https:\/\/www.gintaresgeles.lt\/en\/wp-json\/wp\/v2\/media?parent=47006"}],"wp:term":[{"taxonomy":"product_brand","embeddable":true,"href":"https:\/\/www.gintaresgeles.lt\/en\/wp-json\/wp\/v2\/product_brand?post=47006"},{"taxonomy":"product_cat","embeddable":true,"href":"https:\/\/www.gintaresgeles.lt\/en\/wp-json\/wp\/v2\/product_cat?post=47006"},{"taxonomy":"product_tag","embeddable":true,"href":"https:\/\/www.gintaresgeles.lt\/en\/wp-json\/wp\/v2\/product_tag?post=47006"}],"curies":[{"name":"wp","href":"https:\/\/api.w.org\/{rel}","templated":true}]}}