{"id":47818,"date":"2023-03-19T09:11:56","date_gmt":"2023-03-19T07:11:56","guid":{"rendered":"https:\/\/www.gintaresgeles.lt\/puokste\/succulent-happiness\/"},"modified":"2023-11-23T18:01:55","modified_gmt":"2023-11-23T16:01:55","slug":"succulent-happiness","status":"publish","type":"product","link":"https:\/\/www.gintaresgeles.lt\/en\/puokste\/succulent-happiness\/","title":{"rendered":"Succulent \u201eHappiness\u201c"},"content":{"rendered":"","protected":false},"excerpt":{"rendered":"<p>Gasteria is not only an eye-catching accent of the room, but also extremely easy to care for.<\/p>\n<p>Place the plant in a sunny location. Its thick, juicy leaves retain water, so it needs to be watered infrequently and sparingly.<\/p>\n<p>Pot height ~7cm; diameter ~7cm.<\/p>\n","protected":false},"featured_media":47630,"template":"","meta":[],"product_brand":[],"product_cat":[266,1963],"product_tag":[],"class_list":{"0":"post-47818","1":"product","2":"type-product","3":"status-publish","4":"has-post-thumbnail","6":"product_cat-flowers-by-style","7":"product_cat-houseplants","8":"tm-has-options","10":"first","11":"outofstock","12":"taxable","13":"shipping-taxable","14":"purchasable","15":"product-type-simple"},"yoast_head":"<!-- This site is optimized with the Yoast SEO plugin v25.3 - https:\/\/yoast.com\/wordpress\/plugins\/seo\/ -->\n<title>Succulent \u201eHappiness\u201c | Houseplants | Gintar\u0117s G\u0117l\u0117s<\/title>\n<meta name=\"description\" content=\"Gasteria - the leaves are thick, with rounded ends, the surface of some varieties is smooth, others have the texture of pebbles.\" \/>\n<meta name=\"robots\" content=\"index, follow, max-snippet:-1, max-image-preview:large, max-video-preview:-1\" \/>\n<link rel=\"canonical\" href=\"https:\/\/www.gintaresgeles.lt\/en\/puokste\/succulent-happiness\/\" \/>\n<meta property=\"og:locale\" content=\"en_US\" \/>\n<meta property=\"og:type\" content=\"article\" \/>\n<meta property=\"og:title\" content=\"Succulent \u201eHappiness\u201c | Houseplants | Gintar\u0117s G\u0117l\u0117s\" \/>\n<meta property=\"og:description\" content=\"Gasteria - the leaves are thick, with rounded ends, the surface of some varieties is smooth, others have the texture of pebbles.\" \/>\n<meta property=\"og:url\" content=\"https:\/\/www.gintaresgeles.lt\/en\/puokste\/succulent-happiness\/\" \/>\n<meta property=\"og:site_name\" content=\"gintaresgeles.lt\" \/>\n<meta property=\"article:modified_time\" content=\"2023-11-23T16:01:55+00:00\" \/>\n<meta property=\"og:image\" content=\"https:\/\/www.gintaresgeles.lt\/wp-content\/uploads\/2023\/03\/mini-sukulentai-vazonelyje-dovanos-merginai.jpg\" \/>\n\t<meta property=\"og:image:width\" content=\"1200\" \/>\n\t<meta property=\"og:image:height\" content=\"1200\" \/>\n\t<meta property=\"og:image:type\" content=\"image\/jpeg\" \/>\n<meta name=\"twitter:card\" content=\"summary_large_image\" \/>\n<script type=\"application\/ld+json\" class=\"yoast-schema-graph\">{\"@context\":\"https:\/\/schema.org\",\"@graph\":[{\"@type\":\"WebPage\",\"@id\":\"https:\/\/www.gintaresgeles.lt\/en\/puokste\/succulent-happiness\/\",\"url\":\"https:\/\/www.gintaresgeles.lt\/en\/puokste\/succulent-happiness\/\",\"name\":\"Succulent \u201eHappiness\u201c | Houseplants | Gintar\u0117s G\u0117l\u0117s\",\"isPartOf\":{\"@id\":\"https:\/\/www.gintaresgeles.lt\/en\/#website\"},\"primaryImageOfPage\":{\"@id\":\"https:\/\/www.gintaresgeles.lt\/en\/puokste\/succulent-happiness\/#primaryimage\"},\"image\":{\"@id\":\"https:\/\/www.gintaresgeles.lt\/en\/puokste\/succulent-happiness\/#primaryimage\"},\"thumbnailUrl\":\"https:\/\/www.gintaresgeles.lt\/wp-content\/uploads\/2023\/03\/mini-sukulentai-vazonelyje-dovanos-merginai.jpg\",\"datePublished\":\"2023-03-19T07:11:56+00:00\",\"dateModified\":\"2023-11-23T16:01:55+00:00\",\"description\":\"Gasteria - the leaves are thick, with rounded ends, the surface of some varieties is smooth, others have the texture of pebbles.\",\"breadcrumb\":{\"@id\":\"https:\/\/www.gintaresgeles.lt\/en\/puokste\/succulent-happiness\/#breadcrumb\"},\"inLanguage\":\"en-US\",\"potentialAction\":[{\"@type\":\"ReadAction\",\"target\":[\"https:\/\/www.gintaresgeles.lt\/en\/puokste\/succulent-happiness\/\"]}]},{\"@type\":\"ImageObject\",\"inLanguage\":\"en-US\",\"@id\":\"https:\/\/www.gintaresgeles.lt\/en\/puokste\/succulent-happiness\/#primaryimage\",\"url\":\"https:\/\/www.gintaresgeles.lt\/wp-content\/uploads\/2023\/03\/mini-sukulentai-vazonelyje-dovanos-merginai.jpg\",\"contentUrl\":\"https:\/\/www.gintaresgeles.lt\/wp-content\/uploads\/2023\/03\/mini-sukulentai-vazonelyje-dovanos-merginai.jpg\",\"width\":1200,\"height\":1200,\"caption\":\"Sukulentas Gasterija kambariniai vazonai\"},{\"@type\":\"BreadcrumbList\",\"@id\":\"https:\/\/www.gintaresgeles.lt\/en\/puokste\/succulent-happiness\/#breadcrumb\",\"itemListElement\":[{\"@type\":\"ListItem\",\"position\":1,\"name\":\"Prad\u017eia\",\"item\":\"https:\/\/www.gintaresgeles.lt\/en\/\"},{\"@type\":\"ListItem\",\"position\":2,\"name\":\"All flowers and other products\",\"item\":\"https:\/\/www.gintaresgeles.lt\/en\/all-flowers-and-other-products\/\"},{\"@type\":\"ListItem\",\"position\":3,\"name\":\"Succulent \u201eHappiness\u201c\"}]},{\"@type\":\"WebSite\",\"@id\":\"https:\/\/www.gintaresgeles.lt\/en\/#website\",\"url\":\"https:\/\/www.gintaresgeles.lt\/en\/\",\"name\":\"gintaresgeles.lt\",\"description\":\"G\u0117li\u0173 parduotuv\u0117 internete\",\"potentialAction\":[{\"@type\":\"SearchAction\",\"target\":{\"@type\":\"EntryPoint\",\"urlTemplate\":\"https:\/\/www.gintaresgeles.lt\/en\/?s={search_term_string}\"},\"query-input\":{\"@type\":\"PropertyValueSpecification\",\"valueRequired\":true,\"valueName\":\"search_term_string\"}}],\"inLanguage\":\"en-US\"}]}<\/script>\n<!-- \/ Yoast SEO plugin. -->","yoast_head_json":{"title":"Succulent \u201eHappiness\u201c | Houseplants | Gintar\u0117s G\u0117l\u0117s","description":"Gasteria - the leaves are thick, with rounded ends, the surface of some varieties is smooth, others have the texture of pebbles.","robots":{"index":"index","follow":"follow","max-snippet":"max-snippet:-1","max-image-preview":"max-image-preview:large","max-video-preview":"max-video-preview:-1"},"canonical":"https:\/\/www.gintaresgeles.lt\/en\/puokste\/succulent-happiness\/","og_locale":"en_US","og_type":"article","og_title":"Succulent \u201eHappiness\u201c | Houseplants | Gintar\u0117s G\u0117l\u0117s","og_description":"Gasteria - the leaves are thick, with rounded ends, the surface of some varieties is smooth, others have the texture of pebbles.","og_url":"https:\/\/www.gintaresgeles.lt\/en\/puokste\/succulent-happiness\/","og_site_name":"gintaresgeles.lt","article_modified_time":"2023-11-23T16:01:55+00:00","og_image":[{"width":1200,"height":1200,"url":"https:\/\/www.gintaresgeles.lt\/wp-content\/uploads\/2023\/03\/mini-sukulentai-vazonelyje-dovanos-merginai.jpg","type":"image\/jpeg"}],"twitter_card":"summary_large_image","schema":{"@context":"https:\/\/schema.org","@graph":[{"@type":"WebPage","@id":"https:\/\/www.gintaresgeles.lt\/en\/puokste\/succulent-happiness\/","url":"https:\/\/www.gintaresgeles.lt\/en\/puokste\/succulent-happiness\/","name":"Succulent \u201eHappiness\u201c | Houseplants | Gintar\u0117s G\u0117l\u0117s","isPartOf":{"@id":"https:\/\/www.gintaresgeles.lt\/en\/#website"},"primaryImageOfPage":{"@id":"https:\/\/www.gintaresgeles.lt\/en\/puokste\/succulent-happiness\/#primaryimage"},"image":{"@id":"https:\/\/www.gintaresgeles.lt\/en\/puokste\/succulent-happiness\/#primaryimage"},"thumbnailUrl":"https:\/\/www.gintaresgeles.lt\/wp-content\/uploads\/2023\/03\/mini-sukulentai-vazonelyje-dovanos-merginai.jpg","datePublished":"2023-03-19T07:11:56+00:00","dateModified":"2023-11-23T16:01:55+00:00","description":"Gasteria - the leaves are thick, with rounded ends, the surface of some varieties is smooth, others have the texture of pebbles.","breadcrumb":{"@id":"https:\/\/www.gintaresgeles.lt\/en\/puokste\/succulent-happiness\/#breadcrumb"},"inLanguage":"en-US","potentialAction":[{"@type":"ReadAction","target":["https:\/\/www.gintaresgeles.lt\/en\/puokste\/succulent-happiness\/"]}]},{"@type":"ImageObject","inLanguage":"en-US","@id":"https:\/\/www.gintaresgeles.lt\/en\/puokste\/succulent-happiness\/#primaryimage","url":"https:\/\/www.gintaresgeles.lt\/wp-content\/uploads\/2023\/03\/mini-sukulentai-vazonelyje-dovanos-merginai.jpg","contentUrl":"https:\/\/www.gintaresgeles.lt\/wp-content\/uploads\/2023\/03\/mini-sukulentai-vazonelyje-dovanos-merginai.jpg","width":1200,"height":1200,"caption":"Sukulentas Gasterija kambariniai vazonai"},{"@type":"BreadcrumbList","@id":"https:\/\/www.gintaresgeles.lt\/en\/puokste\/succulent-happiness\/#breadcrumb","itemListElement":[{"@type":"ListItem","position":1,"name":"Prad\u017eia","item":"https:\/\/www.gintaresgeles.lt\/en\/"},{"@type":"ListItem","position":2,"name":"All flowers and other products","item":"https:\/\/www.gintaresgeles.lt\/en\/all-flowers-and-other-products\/"},{"@type":"ListItem","position":3,"name":"Succulent \u201eHappiness\u201c"}]},{"@type":"WebSite","@id":"https:\/\/www.gintaresgeles.lt\/en\/#website","url":"https:\/\/www.gintaresgeles.lt\/en\/","name":"gintaresgeles.lt","description":"G\u0117li\u0173 parduotuv\u0117 internete","potentialAction":[{"@type":"SearchAction","target":{"@type":"EntryPoint","urlTemplate":"https:\/\/www.gintaresgeles.lt\/en\/?s={search_term_string}"},"query-input":{"@type":"PropertyValueSpecification","valueRequired":true,"valueName":"search_term_string"}}],"inLanguage":"en-US"}]}},"_links":{"self":[{"href":"https:\/\/www.gintaresgeles.lt\/en\/wp-json\/wp\/v2\/product\/47818","targetHints":{"allow":["GET"]}}],"collection":[{"href":"https:\/\/www.gintaresgeles.lt\/en\/wp-json\/wp\/v2\/product"}],"about":[{"href":"https:\/\/www.gintaresgeles.lt\/en\/wp-json\/wp\/v2\/types\/product"}],"wp:featuredmedia":[{"embeddable":true,"href":"https:\/\/www.gintaresgeles.lt\/en\/wp-json\/wp\/v2\/media\/47630"}],"wp:attachment":[{"href":"https:\/\/www.gintaresgeles.lt\/en\/wp-json\/wp\/v2\/media?parent=47818"}],"wp:term":[{"taxonomy":"product_brand","embeddable":true,"href":"https:\/\/www.gintaresgeles.lt\/en\/wp-json\/wp\/v2\/product_brand?post=47818"},{"taxonomy":"product_cat","embeddable":true,"href":"https:\/\/www.gintaresgeles.lt\/en\/wp-json\/wp\/v2\/product_cat?post=47818"},{"taxonomy":"product_tag","embeddable":true,"href":"https:\/\/www.gintaresgeles.lt\/en\/wp-json\/wp\/v2\/product_tag?post=47818"}],"curies":[{"name":"wp","href":"https:\/\/api.w.org\/{rel}","templated":true}]}}